{"id":28925,"date":"2024-08-22T14:12:40","date_gmt":"2024-08-22T13:12:40","guid":{"rendered":"https:\/\/www.topo-gps.com\/sistemas-de-coordenadas-compatibles\/"},"modified":"2024-08-22T14:23:07","modified_gmt":"2024-08-22T13:23:07","slug":"sistemas-de-coordenadas-compatibles","status":"publish","type":"page","link":"https:\/\/www.topo-gps.com\/es\/sistemas-de-coordenadas-compatibles\/","title":{"rendered":"Sistemas de coordenadas compatibles"},"content":{"rendered":"<p>La aplicaci\u00f3n Topo GPS admite muchos sistemas de coordenadas diferentes. Puede <a href=\"https:\/\/www.topo-gps.com\/ios\/en\/manual\/html\/coordinates\/coordinates.html\">ver, ingresar, compartir y escanear coordenadas<\/a> en los sistemas de coordenadas que se enumeran a continuaci\u00f3n. Tambi\u00e9n es posible agregar capas de cuadr\u00edcula de los sistemas de coordenadas al mapa. Si falta un sistema de coordenadas espec\u00edfico, puede <a href=\"https:\/\/www.topo-gps.com\/contact\">comunicarse con nosotros<\/a> y podemos considerar agregarlo.     <\/p>\n<h2>Mundo<\/h2>\n<p>  WGS84 Decimal WGS84 Grados minutos WGS84 Grados minutos segundos UTM MGRS GEOREF GARS QTH Maidenhead  <\/p>\n<h2>Europa<\/h2>\n<p>  Zonas UTM ETRS89  <\/p>\n<h2>Am\u00e9rica del norte<\/h2>\n<p>  Zonas UTM NAD83  <\/p>\n<h2>Albania<\/h2>\n<p>  Cajero autom\u00e1tico &#8211; <a href=\"https:\/\/www.epsg.io\/6870\">EPSG:6870<\/a> ALCC &#8211;   <a href=\"https:\/\/www.epsg.io\/6962\">EPSG:6962<\/a><\/p>\n<h2>Australia<\/h2>\n<p>  SA Lambert &#8211; GDA2020 &#8211; <a href=\"https:\/\/www.epsg.io\/8059\">EPSG:8059<\/a> Vicgrid &#8211; GDA2020 &#8211; <a href=\"https:\/\/www.epsg.io\/7899\">EPSG:7899<\/a> NSW Lambert &#8211; GDA2020 &#8211; <a href=\"https:\/\/www.epsg.io\/8058\">EPSG:8058<\/a> MGA zona &#8211; GDA2020 GA LCC &#8211; GDA2020 &#8211; <a href=\"https:\/\/www.epsg.io\/7845\">EPSG:7845<\/a> SA Lambert &#8211; GDA94 &#8211; <a href=\"https:\/\/www.epsg.io\/3107\">EPSG:3107<\/a> Vicgrid &#8211; GDA94 &#8211; <a href=\"https:\/\/www.epsg.io\/3111\">EPSG:3111<\/a> NSW Lambert &#8211; GDA94 &#8211; <a href=\"https:\/\/www.epsg.io\/3308\">EPSG:3308<\/a> GA LCC &#8211; GDA94 &#8211; <a href=\"https:\/\/www.epsg.io\/3112\">EPSG:3112<\/a> Zona MGA &#8211; GDA94          <\/p>\n<h2>B\u00e9lgica<\/h2>\n<p>  Lambert 2008 &#8211; <a href=\"https:\/\/www.epsg.io\/27573\">EPSG:3812<\/a> Lambert 1972 &#8211;   <a href=\"https:\/\/www.epsg.io\/31370\">EPSG:31370<\/a><\/p>\n<h2>Bulgaria<\/h2>\n<p>  CSC-  <a href=\"https:\/\/www.epsg.io\/7801\">EPSG:7801<\/a><\/p>\n<h2>Croacia<\/h2>\n<p>  HRTM-  <a href=\"https:\/\/www.epsg.io\/3765\">EPSG:3765<\/a><\/p>\n<h2>Rep\u00fablica Checa\/Eslovaquia<\/h2>\n<p>  SJTSK-  <a href=\"https:\/\/www.epsg.io\/5514\">EPSG:5514<\/a><\/p>\n<h2>Estonia<\/h2>\n<p>  Estonia 1997 &#8211;  <a href=\"https:\/\/www.epsg.io\/3301\">EPSG:3301<\/a><\/p>\n<h2>Islas Feroe<\/h2>\n<p>  FeroeTM &#8211;  <a href=\"https:\/\/www.epsg.io\/5316\">EPSG:5316<\/a><\/p>\n<h2>Finlandia<\/h2>\n<p>  TM35FIN-  <a href=\"https:\/\/www.epsg.io\/5048\">EPSG:5048<\/a><\/p>\n<h2>Francia<\/h2>\n<p>  Lambert 93 &#8211; <a href=\"https:\/\/www.epsg.io\/7794\">EPSG:9794<\/a> Lambert CC42 &#8211; <a href=\"https:\/\/www.epsg.io\/6707\">EPSG:9842<\/a> Lambert CC43 &#8211; <a href=\"https:\/\/www.epsg.io\/6708\">EPSG:9843<\/a> Lambert CC44 &#8211; <a href=\"https:\/\/www.epsg.io\/6709\">EPSG:9844<\/a> Lambert CC45 &#8211; <a href=\"https:\/\/www.epsg.io\/6876\">EPSG:9845<\/a> Lambert CC46 &#8211; <a href=\"https:\/\/www.epsg.io\/7791\">EPSG:9846<\/a> Lambert CC47 &#8211; <a href=\"https:\/\/www.epsg.io\/7792\">EPSG:9847<\/a> Lambert CC48 &#8211; <a href=\"https:\/\/www.epsg.io\/7793\">EPSG:9848<\/a> Lambert CC49 &#8211; <a href=\"https:\/\/www.epsg.io\/7795\">EPSG:9849<\/a> Lambert CC50 &#8211; <a href=\"\">EPSG:9850<\/a> Zona Lambert I (Norte) &#8211; <a href=\"\">EPSG:27561<\/a> Zona Lambert II (Centro) &#8211; <a href=\"\">EPSG:27562<\/a> Zona Lambert III (Sur) &#8211; <a href=\"\">EPSG:27563<\/a> Zona Lambert IV (C\u00f3rcega) &#8211; <a href=\"\">EPSG:27564<\/a> Lambert I Carto (Norte) &#8211; <a href=\"\">EPSG:27571<\/a> Lambert II Carto (\u00c9tendue) &#8211;                 <a href=\"https:\/\/www.epsg.io\/27572\">EPSG:27572<\/a>  Lambert III Carto (Sur) &#8211;  <a href=\"https:\/\/www.epsg.io\/27573\">EPSG:27573<\/a>  Lambert IV Carto (C\u00f3rcega) &#8211;  <a href=\"https:\/\/www.epsg.io\/27574\">EPSG:27574<\/a><\/p>\n<h2>Alemania<\/h2>\n<p>  Gauss-Kr\u00fcger 3  <\/p>\n<h2>Gran Breta\u00f1a<\/h2>\n<p>  Red Nacional del Sistema Operativo. &#8211;    <a href=\"https:\/\/www.epsg.io\/27700\">EPSG:27700<\/a><\/p>\n<h2>Grecia<\/h2>\n<p>  \u0395\u0393\u03a3\u039187 &#8211;  <a href=\"https:\/\/www.epsg.io\/2100\">EPSG:2100<\/a><\/p>\n<h2>Islandia<\/h2>\n<p>  ISN 93 &#8211;  <a href=\"https:\/\/www.epsg.io\/3057\">EPSG:3057<\/a><\/p>\n<h2>Irlanda<\/h2>\n<p>  yo-  <a href=\"https:\/\/www.epsg.io\/2157\">EPSG:2157<\/a><\/p>\n<h2>Italia<\/h2>\n<p>  Fuso Italia &#8211; RDN2008 &#8211; NE &#8211; <a href=\"https:\/\/www.epsg.io\/6686\">EPSG:6875<\/a> Fuso Italia &#8211; RDN2008 &#8211; EN &#8211; <a href=\"https:\/\/www.epsg.io\/6687\">EPSG:7794<\/a> RDN2008 &#8211; Zona UTM 32 NE &#8211; <a href=\"https:\/\/www.epsg.io\/6688\">EPSG:6707<\/a> RDN2008 &#8211; Zona UTM 33 NE &#8211; <a href=\"https:\/\/www.epsg.io\/6689\">EPSG:6708<\/a> RDN2008 &#8211; Zona UTM 34 NE &#8211; <a href=\"https:\/\/www.epsg.io\/6690\">EPSG:6709<\/a> Fuso 12 &#8211; RDN2008 &#8211; NE &#8211; <a href=\"https:\/\/www.epsg.io\/6691\">EPSG:6876<\/a> RDN2008 &#8211; Zona UTM 32 EN &#8211; <a href=\"https:\/\/www.epsg.io\/6692\">EPSG:7791<\/a> RDN2008 &#8211; Zona UTM 33 EN &#8211; <a href=\"\">EPSG:7792<\/a> RDN2008 &#8211; Zona UTM 34 EN &#8211; <a href=\"\">EPSG:7793<\/a> Fuso 12 &#8211; RDN2008 &#8211; EN &#8211;           <a href=\"https:\/\/www.epsg.io\/7795\">EPSG:7795<\/a><\/p>\n<h2>Jap\u00f3n<\/h2>\n<p>  CS I &#8211; <a href=\"https:\/\/www.epsg.io\/2169\">EPSG:6669<\/a> CS II &#8211; <a href=\"\">EPSG:6670<\/a> CS III &#8211; <a href=\"\">EPSG:6671<\/a> CS IV &#8211; <a href=\"\">EPSG:6672<\/a> CS V &#8211; <a href=\"\">EPSG:6673<\/a> CS VI &#8211; <a href=\"\">EPSG:6674<\/a> CS VII &#8211; <a href=\"https:\/\/www.epsg.io\/28992\">EPSG:6675<\/a> CS VIII &#8211; <a href=\"\">EPSG:6676<\/a> CS IX &#8211; <a href=\"\">EPSG:6677<\/a> CS X &#8211; <a href=\"\">EPSG:6678<\/a> CS XI &#8211; <a href=\"https:\/\/www.epsg.io\/2180\">EPSG:6679<\/a> CS XII &#8211; <a href=\"\">EPSG:6680<\/a> CS XIII &#8211; <a href=\"\">EPSG:6681<\/a> CS XIV &#8211; <a href=\"https:\/\/www.epsg.io\/3414\">EPSG:6682<\/a> CS XV &#8211; <a href=\"\">EPSG:6683<\/a> CS XVI &#8211;                 <a href=\"https:\/\/www.epsg.io\/6684\">EPSG:6684<\/a> CS XVII &#8211; <a href=\"https:\/\/www.epsg.io\/6685\">EPSG:6685<\/a> CS XVIII &#8211; <a href=\"https:\/\/www.epsg.io\/6686\">EPSG:6686<\/a> CS XIX &#8211; <a href=\"https:\/\/www.epsg.io\/6687\">EPSG:6687<\/a> JGD2011 UTM 51 &#8211; <a href=\"https:\/\/www.epsg.io\/6688\">EPSG:6688<\/a> JGD2011 UTM 52 &#8211; <a href=\"https:\/\/www.epsg.io\/6689\">EPSG:6689<\/a> JGD2011 UTM 53 &#8211; <a href=\"https:\/\/www.epsg.io\/6690\">EPSG:6690<\/a> JGD2011 UTM 54 &#8211; <a href=\"https:\/\/www.epsg.io\/6691\">EPSG:6691<\/a> JGD2011 UTM 55 &#8211;         <a href=\"https:\/\/www.epsg.io\/6692\">EPSG:6692<\/a><\/p>\n<h2>Letonia<\/h2>\n<p>  LaTM-  <a href=\"https:\/\/www.epsg.io\/10306\">EPSG:10306<\/a><\/p>\n<h2>Lituania<\/h2>\n<p>  LiTM-  <a href=\"https:\/\/www.epsg.io\/3346\">EPSG:3346<\/a><\/p>\n<h2>Luxemburgo<\/h2>\n<p>  LU30 &#8211;  <a href=\"https:\/\/www.epsg.io\/2169\">EPSG:2169<\/a><\/p>\n<h2>Malasia<\/h2>\n<p>  RSO &#8211; GDM2000 &#8211; <a href=\"\">EPSG:3375<\/a> BRSO &#8211; GDM2000 &#8211; <a href=\"\">EPSG:3376<\/a> BRSO &#8211; Timbalai &#8211; <a href=\"\">EPSG:29873<\/a> RSO &#8211; Kertau &#8211;     <a href=\"https:\/\/www.epsg.io\/3168\">EPSG:3168<\/a><\/p>\n<h2>Pa\u00edses Bajos<\/h2>\n<p>  RD-  <a href=\"https:\/\/www.epsg.io\/28992\">EPSG:28992<\/a><\/p>\n<h2>Nueva Zelanda<\/h2>\n<p>  NZTM 2000 NE &#8211; <a href=\"\">EPSG:2193<\/a> NZTM 2000 EN MSLC2000 &#8211;   <a href=\"https:\/\/www.epsg.io\/5479\">EPSG:5479<\/a><\/p>\n<h2>Polonia<\/h2>\n<p>  PL 92 &#8211;  <a href=\"https:\/\/www.epsg.io\/2180\">EPSG:2180<\/a><\/p>\n<h2>Rumania<\/h2>\n<p>  Es &#8211;  <a href=\"https:\/\/www.epsg.io\/3844\">EPSG:3844<\/a><\/p>\n<h2>Singapur<\/h2>\n<p>  STM-  <a href=\"https:\/\/www.epsg.io\/3414\">EPSG:3414<\/a><\/p>\n<h2>Eslovenia<\/h2>\n<p>  Eslovenia 1996 &#8211;  <a href=\"https:\/\/www.epsg.io\/3794\">EPSG:3794<\/a><\/p>\n<h2>Corea del Sur<\/h2>\n<p>  UCS &#8211; KGD2002 &#8211; <a href=\"\">EPSG:5179<\/a> UCS &#8211; 1985 &#8211;   <a href=\"https:\/\/www.epsg.io\/5178\">EPSG:5178<\/a><\/p>\n<h2>Espa\u00f1a<\/h2>\n<p>  SOC ED50 &#8211; Zona UTM 29 ED50 &#8211; Zona UTM 30 ED50 &#8211; Zona UTM 31 ED50 &#8211; Zona UTM 29 ED50 &#8211; Zona UTM 30  <\/p>\n<h2>Suecia<\/h2>\n<p>  SWEREF99TM &#8211; <a href=\"\">EPSG:3006<\/a> RT 90 7,5 gon V &#8211; <a href=\"\">EPSG:3019<\/a> RT 90 5 gon V &#8211; <a href=\"\">EPSG:3020<\/a> RT 90 2,5 gon V &#8211; <a href=\"\">EPSG:3021<\/a> RT 90 0 gon &#8211; <a href=\"\">EPSG:3022<\/a> RT 90 2,5 gon O &#8211; <a href=\"\">EPSG:3023<\/a> RT 90 5 gon O &#8211;        <a href=\"https:\/\/www.epsg.io\/3024\">EPSG:3024<\/a><\/p>\n<h2>Suiza<\/h2>\n<p>  LV95 &#8211; <a href=\"https:\/\/www.epsg.io\/2056\">EPSG:2056<\/a> LV03 &#8211;   <a href=\"https:\/\/www.epsg.io\/21781\">EPSG:21781<\/a><\/p>\n<h2>Ucrania<\/h2>\n<p>  Gauss-Kr\u00fcger-UCS2000<\/p>\n","protected":false},"excerpt":{"rendered":"<p>La aplicaci\u00f3n Topo GPS admite muchos sistemas de coordenadas diferentes. Puede ver, ingresar, compartir y escanear coordenadas en los sistemas de coordenadas que se enumeran a continuaci\u00f3n. Tambi\u00e9n es posible agregar capas de cuadr\u00edcula de los sistemas de coordenadas al mapa. Si falta un sistema de coordenadas espec\u00edfico, puede comunicarse con nosotros y podemos considerar agregarlo. Mundo WGS84 Decimal WGS84 Grados minutos WGS84 Grados minutos segundos UTM MGRS GEOREF GARS QTH Maidenhead Europa Zonas UTM ETRS89 Am\u00e9rica del norte Zonas UTM NAD83 Albania Cajero autom\u00e1tico &#8211; EPSG:6870 ALCC &#8211; EPSG:6962 Australia SA Lambert &#8211; GDA2020 &#8211; EPSG:8059 Vicgrid &#8211; GDA2020&#8230;<\/p>\n","protected":false},"author":1,"featured_media":0,"parent":0,"menu_order":0,"comment_status":"closed","ping_status":"closed","template":"","meta":{"footnotes":""},"class_list":["post-28925","page","type-page","status-publish","hentry","no-post-thumbnail"],"yoast_head":"<!-- This site is optimized with the Yoast SEO plugin v27.4 - https:\/\/yoast.com\/product\/yoast-seo-wordpress\/ -->\n<title>Sistemas de coordenadas compatibles - Topo GPS<\/title>\n<meta name=\"robots\" content=\"index, follow, max-snippet:-1, max-image-preview:large, max-video-preview:-1\" \/>\n<link rel=\"canonical\" href=\"https:\/\/www.topo-gps.com\/es\/sistemas-de-coordenadas-compatibles\/\" \/>\n<meta property=\"og:locale\" content=\"es_ES\" \/>\n<meta property=\"og:type\" content=\"article\" \/>\n<meta property=\"og:title\" content=\"Sistemas de coordenadas compatibles - Topo GPS\" \/>\n<meta property=\"og:description\" content=\"La aplicaci\u00f3n Topo GPS admite muchos sistemas de coordenadas diferentes. Puede ver, ingresar, compartir y escanear coordenadas en los sistemas de coordenadas que se enumeran a continuaci\u00f3n. Tambi\u00e9n es posible agregar capas de cuadr\u00edcula de los sistemas de coordenadas al mapa. Si falta un sistema de coordenadas espec\u00edfico, puede comunicarse con nosotros y podemos considerar agregarlo. Mundo WGS84 Decimal WGS84 Grados minutos WGS84 Grados minutos segundos UTM MGRS GEOREF GARS QTH Maidenhead Europa Zonas UTM ETRS89 Am\u00e9rica del norte Zonas UTM NAD83 Albania Cajero autom\u00e1tico &#8211; EPSG:6870 ALCC &#8211; EPSG:6962 Australia SA Lambert &#8211; GDA2020 &#8211; EPSG:8059 Vicgrid &#8211; GDA2020...\" \/>\n<meta property=\"og:url\" content=\"https:\/\/www.topo-gps.com\/es\/sistemas-de-coordenadas-compatibles\/\" \/>\n<meta property=\"og:site_name\" content=\"Topo GPS\" \/>\n<meta property=\"article:modified_time\" content=\"2024-08-22T13:23:07+00:00\" \/>\n<meta name=\"twitter:card\" content=\"summary_large_image\" \/>\n<meta name=\"twitter:label1\" content=\"Tiempo de lectura\" \/>\n\t<meta name=\"twitter:data1\" content=\"3 minutos\" \/>\n<script type=\"application\/ld+json\" class=\"yoast-schema-graph\">{\"@context\":\"https:\\\/\\\/schema.org\",\"@graph\":[{\"@type\":\"WebPage\",\"@id\":\"https:\\\/\\\/www.topo-gps.com\\\/es\\\/sistemas-de-coordenadas-compatibles\\\/\",\"url\":\"https:\\\/\\\/www.topo-gps.com\\\/es\\\/sistemas-de-coordenadas-compatibles\\\/\",\"name\":\"Sistemas de coordenadas compatibles - Topo GPS\",\"isPartOf\":{\"@id\":\"https:\\\/\\\/www.topo-gps.com\\\/es\\\/#website\"},\"datePublished\":\"2024-08-22T13:12:40+00:00\",\"dateModified\":\"2024-08-22T13:23:07+00:00\",\"breadcrumb\":{\"@id\":\"https:\\\/\\\/www.topo-gps.com\\\/es\\\/sistemas-de-coordenadas-compatibles\\\/#breadcrumb\"},\"inLanguage\":\"es\",\"potentialAction\":[{\"@type\":\"ReadAction\",\"target\":[\"https:\\\/\\\/www.topo-gps.com\\\/es\\\/sistemas-de-coordenadas-compatibles\\\/\"]}]},{\"@type\":\"BreadcrumbList\",\"@id\":\"https:\\\/\\\/www.topo-gps.com\\\/es\\\/sistemas-de-coordenadas-compatibles\\\/#breadcrumb\",\"itemListElement\":[{\"@type\":\"ListItem\",\"position\":1,\"name\":\"Home\",\"item\":\"https:\\\/\\\/www.topo-gps.com\\\/es\\\/gps-topografico\\\/\"},{\"@type\":\"ListItem\",\"position\":2,\"name\":\"Sistemas de coordenadas compatibles\"}]},{\"@type\":\"WebSite\",\"@id\":\"https:\\\/\\\/www.topo-gps.com\\\/es\\\/#website\",\"url\":\"https:\\\/\\\/www.topo-gps.com\\\/es\\\/\",\"name\":\"Topo GPS\",\"description\":\"Topographic maps GPS for iPhone, Android, iPad and Apple Watch\",\"potentialAction\":[{\"@type\":\"SearchAction\",\"target\":{\"@type\":\"EntryPoint\",\"urlTemplate\":\"https:\\\/\\\/www.topo-gps.com\\\/es\\\/?s={search_term_string}\"},\"query-input\":{\"@type\":\"PropertyValueSpecification\",\"valueRequired\":true,\"valueName\":\"search_term_string\"}}],\"inLanguage\":\"es\"}]}<\/script>\n<!-- \/ Yoast SEO plugin. -->","yoast_head_json":{"title":"Sistemas de coordenadas compatibles - Topo GPS","robots":{"index":"index","follow":"follow","max-snippet":"max-snippet:-1","max-image-preview":"max-image-preview:large","max-video-preview":"max-video-preview:-1"},"canonical":"https:\/\/www.topo-gps.com\/es\/sistemas-de-coordenadas-compatibles\/","og_locale":"es_ES","og_type":"article","og_title":"Sistemas de coordenadas compatibles - Topo GPS","og_description":"La aplicaci\u00f3n Topo GPS admite muchos sistemas de coordenadas diferentes. Puede ver, ingresar, compartir y escanear coordenadas en los sistemas de coordenadas que se enumeran a continuaci\u00f3n. Tambi\u00e9n es posible agregar capas de cuadr\u00edcula de los sistemas de coordenadas al mapa. Si falta un sistema de coordenadas espec\u00edfico, puede comunicarse con nosotros y podemos considerar agregarlo. Mundo WGS84 Decimal WGS84 Grados minutos WGS84 Grados minutos segundos UTM MGRS GEOREF GARS QTH Maidenhead Europa Zonas UTM ETRS89 Am\u00e9rica del norte Zonas UTM NAD83 Albania Cajero autom\u00e1tico &#8211; EPSG:6870 ALCC &#8211; EPSG:6962 Australia SA Lambert &#8211; GDA2020 &#8211; EPSG:8059 Vicgrid &#8211; GDA2020...","og_url":"https:\/\/www.topo-gps.com\/es\/sistemas-de-coordenadas-compatibles\/","og_site_name":"Topo GPS","article_modified_time":"2024-08-22T13:23:07+00:00","twitter_card":"summary_large_image","twitter_misc":{"Tiempo de lectura":"3 minutos"},"schema":{"@context":"https:\/\/schema.org","@graph":[{"@type":"WebPage","@id":"https:\/\/www.topo-gps.com\/es\/sistemas-de-coordenadas-compatibles\/","url":"https:\/\/www.topo-gps.com\/es\/sistemas-de-coordenadas-compatibles\/","name":"Sistemas de coordenadas compatibles - Topo GPS","isPartOf":{"@id":"https:\/\/www.topo-gps.com\/es\/#website"},"datePublished":"2024-08-22T13:12:40+00:00","dateModified":"2024-08-22T13:23:07+00:00","breadcrumb":{"@id":"https:\/\/www.topo-gps.com\/es\/sistemas-de-coordenadas-compatibles\/#breadcrumb"},"inLanguage":"es","potentialAction":[{"@type":"ReadAction","target":["https:\/\/www.topo-gps.com\/es\/sistemas-de-coordenadas-compatibles\/"]}]},{"@type":"BreadcrumbList","@id":"https:\/\/www.topo-gps.com\/es\/sistemas-de-coordenadas-compatibles\/#breadcrumb","itemListElement":[{"@type":"ListItem","position":1,"name":"Home","item":"https:\/\/www.topo-gps.com\/es\/gps-topografico\/"},{"@type":"ListItem","position":2,"name":"Sistemas de coordenadas compatibles"}]},{"@type":"WebSite","@id":"https:\/\/www.topo-gps.com\/es\/#website","url":"https:\/\/www.topo-gps.com\/es\/","name":"Topo GPS","description":"Topographic maps GPS for iPhone, Android, iPad and Apple Watch","potentialAction":[{"@type":"SearchAction","target":{"@type":"EntryPoint","urlTemplate":"https:\/\/www.topo-gps.com\/es\/?s={search_term_string}"},"query-input":{"@type":"PropertyValueSpecification","valueRequired":true,"valueName":"search_term_string"}}],"inLanguage":"es"}]}},"_links":{"self":[{"href":"https:\/\/www.topo-gps.com\/es\/wp-json\/wp\/v2\/pages\/28925","targetHints":{"allow":["GET"]}}],"collection":[{"href":"https:\/\/www.topo-gps.com\/es\/wp-json\/wp\/v2\/pages"}],"about":[{"href":"https:\/\/www.topo-gps.com\/es\/wp-json\/wp\/v2\/types\/page"}],"author":[{"embeddable":true,"href":"https:\/\/www.topo-gps.com\/es\/wp-json\/wp\/v2\/users\/1"}],"replies":[{"embeddable":true,"href":"https:\/\/www.topo-gps.com\/es\/wp-json\/wp\/v2\/comments?post=28925"}],"version-history":[{"count":0,"href":"https:\/\/www.topo-gps.com\/es\/wp-json\/wp\/v2\/pages\/28925\/revisions"}],"wp:attachment":[{"href":"https:\/\/www.topo-gps.com\/es\/wp-json\/wp\/v2\/media?parent=28925"}],"curies":[{"name":"wp","href":"https:\/\/api.w.org\/{rel}","templated":true}]}}