{"id":26322,"date":"2023-06-16T15:54:59","date_gmt":"2023-06-16T14:54:59","guid":{"rendered":"https:\/\/www.topo-gps.com\/mapas\/capa-de-rutas-de-mountainbike\/"},"modified":"2023-06-16T16:40:58","modified_gmt":"2023-06-16T15:40:58","slug":"capa-de-rutas-de-mountainbike","status":"publish","type":"page","link":"https:\/\/www.topo-gps.com\/es\/mapas\/capa-de-rutas-de-mountainbike\/","title":{"rendered":"Capa de rutas de mountainbike"},"content":{"rendered":"<div class=\"wpb-content-wrapper\"><p>[vc_section enable_inner=&#8221;yes&#8221; section_type=&#8221;hero&#8221; inner_margin_top=&#8221;mt-100&#8243; parallax_image_attachment=&#8221;inherit&#8221; padding_class=&#8221;wide-100&#8243; css=&#8221;.vc_custom_1686928143911{background-image: url(https:\/\/www.topo-gps.com\/wp-content\/uploads\/2023\/06\/sipke_mountainbiker_on_a_path_photo_realistic_6c31544d-3751-4033-bae7-d807088a510e.png?id=26307) !important;background-position: center !important;background-repeat: no-repeat !important;background-size: cover !important;}&#8221;][vc_row parallax_image_attachment=&#8221;inherit&#8221; css=&#8221;.vc_custom_1639602296513{padding-top: 20px !important;padding-bottom: 20px !important;}&#8221;][vc_column width=&#8221;1\/2&#8243; css=&#8221;.vc_custom_1639603345318{margin-bottom: 20px !important;}&#8221;]\r\n        <div class=\"vc_custom_1686926621397  hero-txt\"> \r\n            \r\n                     \r\n            <h3 class=\"white-color h3-sm none  wow perch-fadeInUp fadeInUp\" style=\"font-weight: bold;\" data-wow-delay=\"300ms\" data-wow-duration=\"1200ms\">Rutas en bicicleta de monta\u00f1a directamente mostradas en los mapas topogr\u00e1ficos<\/h3>\r\n             \r\n            \r\n                        \r\n                        \r\n            \r\n                        \r\n                        \r\n                  \r\n        <\/div>[\/vc_column][vc_column width=&#8221;1\/2&#8243; css=&#8221;.vc_custom_1639603183972{padding-top: 40px !important;padding-bottom: 40px !important;}&#8221;]\r\n        <div class=\"hero-img  wow perch-fadeInUp fadeInUp\" data-wow-delay=\"300ms\" data-wow-duration=\"1200ms\"> \r\n        <img loading=\"lazy\" decoding=\"async\" class=\"vc_single_image-img img-fluid\" width=\"560\" height=\"604\"  src=\"https:\/\/www.topo-gps.com\/wp-content\/uploads\/2022\/04\/at-map1.png\" alt=\"External image\" \/>\r\n        <\/div>[\/vc_column][\/vc_row][\/vc_section][vc_section][vc_row][vc_column]\r\n        <div class=\"section-title  wow perch-fadeInUp fadeInUp text-center\" data-wow-delay=\"300ms\" data-wow-duration=\"1200ms\">\r\n            <h2 class=\"h2-sm\">Los mejores mapas al aire libre para Austria<\/h2>\r\n            <p class=\"p-lg\">Los mapas topogr\u00e1ficos oficiales son los mejores mapas al aire libre de Austria.<\/p>         \r\n        <\/div>[vc_column_text]Tener una amplia gama de rutas de bicicleta de monta\u00f1a europeas accesibles en su tel\u00e9fono ofrece numerosos beneficios para los ciclistas de monta\u00f1a. Permite a los ciclistas explorar nuevos senderos en los Pa\u00edses Bajos, Alemania, Francia y otros pa\u00edses europeos sin la preocupaci\u00f3n de perderse, brindando una experiencia de conducci\u00f3n perfecta y agradable. Con mapas detallados y perfiles de elevaci\u00f3n, las rutas de bicicleta de monta\u00f1a garantizan una experiencia al aire libre desafiante pero gratificante en todo momento.<\/p>\n<p>Con esta valiosa informaci\u00f3n al alcance de la mano, los ciclistas pueden aventurarse con confianza en \u00e1reas desconocidas mientras se mantienen conectados y seguros. En general, tener rutas de bicicleta de monta\u00f1a en su tel\u00e9fono revoluciona la forma en que los ciclistas abordan sus aventuras, maximizando su tiempo en los senderos y garantizando una sensaci\u00f3n de seguridad y exploraci\u00f3n.[\/vc_column_text][\/vc_column][\/vc_row][vc_row][vc_column width=&#8221;1\/2&#8243;][vc_single_image custom_src=&#8221;https:\/\/www.topo-gps.com\/wp-content\/uploads\/2022\/04\/at-map2.jpg&#8221; external_img_size=&#8221;391&#215;600&#8243; alignment=&#8221;center&#8221;][\/vc_column][vc_column width=&#8221;1\/2&#8243;][vc_row_inner][vc_column_inner width=&#8221;1\/2&#8243;]\r\n        <div class=\"wow perch-fadeInUp fadeInUp fbox\" data-wow-delay=\"300ms\" data-wow-duration=\"1200ms\"> \r\n            <div class=\"fbox grey-color-box\">\r\n                <div class=\"grey-color-icon b-icon box-icon-md\"><span class=\" grey-color\"><\/span><\/div>  \r\n                <div class=\"fbox-txt\">    \r\n                    <h5 class=\"h5-sm\">Integral<\/h5>\r\n                    <p class=\"grey-color\">Conjunto de rutas de mountainbike por toda Europa. Se pueden visualizar f\u00e1cilmente en el mapa topogr\u00e1fico o Open Streetmap de los pa\u00edses.<\/p>\r\n                    \r\n                <\/div> \r\n            <\/div>        \r\n        <\/div>\r\n        <div class=\"wow perch-fadeInUp fadeInUp fbox\" data-wow-delay=\"300ms\" data-wow-duration=\"1200ms\"> \r\n            <div class=\"fbox grey-color-box\">\r\n                <div class=\"grey-color-icon b-icon box-icon-md\"><span class=\" grey-color\"><\/span><\/div>  \r\n                <div class=\"fbox-txt\">    \r\n                    <h5 class=\"h5-sm\">Colores<\/h5>\r\n                    <p class=\"grey-color\">Los colores de la ruta coinciden con los signos en la ruta cuando se conocen. Muchos senderos usan los cl\u00e1sicos signos de un tri\u00e1ngulo y dos puntos como marcadores para los caminos.  <\/p>\r\n                    \r\n                <\/div> \r\n            <\/div>        \r\n        <\/div>\r\n        <div class=\"wow perch-fadeInUp fadeInUp fbox\" data-wow-delay=\"300ms\" data-wow-duration=\"1200ms\"> \r\n            <div class=\"fbox grey-color-box\">\r\n                <div class=\"grey-color-icon b-icon box-icon-md\"><span class=\" grey-color\"><\/span><\/div>  \r\n                <div class=\"fbox-txt\">    \r\n                    <h5 class=\"h5-sm\">Direcci\u00f3n del sendero<\/h5>\r\n                    <p class=\"grey-color\">Muchas pistas individuales tienen una direcci\u00f3n de conducci\u00f3n de un solo sentido. La aplicaci\u00f3n muestra esas direcciones para que sepas qu\u00e9 camino tomar.  <\/p>\r\n                    \r\n                <\/div> \r\n            <\/div>        \r\n        <\/div>[\/vc_column_inner][vc_column_inner width=&#8221;1\/2&#8243;]\r\n        <div class=\"wow perch-fadeInUp fadeInUp fbox\" data-wow-delay=\"300ms\" data-wow-duration=\"1200ms\"> \r\n            <div class=\"fbox grey-color-box\">\r\n                <div class=\"grey-color-icon b-icon box-icon-md\"><span class=\" grey-color\"><\/span><\/div>  \r\n                <div class=\"fbox-txt\">    \r\n                    <h5 class=\"h5-sm\">mapas sin conexi\u00f3n<\/h5>\r\n                    <p class=\"grey-color\">Puede hacer que los mapas topogr\u00e1ficos y senderos est\u00e9n disponibles sin conexi\u00f3n. De esta manera, est\u00e1 seguro de que los mapas que necesita est\u00e1n siempre accesibles.<\/p>\r\n                    \r\n                <\/div> \r\n            <\/div>        \r\n        <\/div>\r\n        <div class=\"wow perch-fadeInUp fadeInUp fbox\" data-wow-delay=\"300ms\" data-wow-duration=\"1200ms\"> \r\n            <div class=\"fbox grey-color-box\">\r\n                <div class=\"grey-color-icon b-icon box-icon-md\"><span class=\" grey-color\"><\/span><\/div>  \r\n                <div class=\"fbox-txt\">    \r\n                    <h5 class=\"h5-sm\">Informaci\u00f3n de la ruta<\/h5>\r\n                    <p class=\"grey-color\">Cuando est\u00e1 disponible, se proporciona una descripci\u00f3n de la ruta, as\u00ed como informaci\u00f3n b\u00e1sica sobre la longitud y las conexiones con otras pistas.  <\/p>\r\n                    \r\n                <\/div> \r\n            <\/div>        \r\n        <\/div>\r\n        <div class=\"wow perch-fadeInUp fadeInUp fbox\" data-wow-delay=\"300ms\" data-wow-duration=\"1200ms\"> \r\n            <div class=\"fbox grey-color-box\">\r\n                <div class=\"grey-color-icon b-icon box-icon-md\"><span class=\" grey-color\"><\/span><\/div>  \r\n                <div class=\"fbox-txt\">    \r\n                    <h5 class=\"h5-sm\">Caracter\u00edsticas del GPS topogr\u00e1fico<\/h5>\r\n                    <p class=\"grey-color\">La aplicaci\u00f3n Topo GPS ofrece muchas funciones \u00fatiles adicionales al mapa topogr\u00e1fico. Como navegar, cargar, planificar y seguir rutas y a\u00f1adir puntos al mapa. Topo GPS contiene todas las funciones de un dispositivo GPS normal.<\/p>\r\n                    \r\n                <\/div> \r\n            <\/div>        \r\n        <\/div>[\/vc_column_inner][\/vc_row_inner][\/vc_column][\/vc_row][\/vc_section][vc_section][vc_row][vc_column]\r\n        <div class=\"section-title  wow perch-fadeInUp fadeInUp text-center\" data-wow-delay=\"300ms\" data-wow-duration=\"1200ms\">\r\n            <h2 class=\"h2-sm\">\u00bfQu\u00e9 mapa preferir\u00edas para explorar al aire libre?<\/h2>\r\n            <p class=\"p-lg\">Comp\u00e1rate a ti mismo<\/p>         \r\n        <\/div>[vc_row_inner][vc_column_inner width=&#8221;1\/3&#8243;][vc_column_text]<\/p>\n<h3 style=\"text-align: center;\">Mapas de Google<\/h3>\n<p>[\/vc_column_text][vc_single_image custom_src=&#8221;https:\/\/www.topo-gps.com\/wp-content\/uploads\/2022\/04\/at-gm.jpg&#8221; external_img_size=&#8221;277&#215;560&#8243; alignment=&#8221;center&#8221;][\/vc_column_inner][vc_column_inner width=&#8221;1\/3&#8243;][vc_column_text]<\/p>\n<h3 style=\"text-align: center;\">OpenStreetMap<\/h3>\n<p>[\/vc_column_text][vc_single_image custom_src=&#8221;https:\/\/www.topo-gps.com\/wp-content\/uploads\/2022\/04\/at-osm.jpg&#8221; external_img_size=&#8221;277&#215;560&#8243; alignment=&#8221;center&#8221;][\/vc_column_inner][vc_column_inner width=&#8221;1\/3&#8243;][vc_column_text]<\/p>\n<h3 style=\"text-align: center;\">Mapa topogr\u00e1fico<\/h3>\n<p>[\/vc_column_text][vc_single_image custom_src=&#8221;https:\/\/www.topo-gps.com\/wp-content\/uploads\/2022\/04\/at-tg.jpg&#8221; external_img_size=&#8221;277&#215;560&#8243; alignment=&#8221;center&#8221;][\/vc_column_inner][\/vc_row_inner][\/vc_column][\/vc_row][\/vc_section]<\/p>\n<\/div>","protected":false},"excerpt":{"rendered":"<p>[vc_section enable_inner=&#8221;yes&#8221; section_type=&#8221;hero&#8221; inner_margin_top=&#8221;mt-100&#8243; parallax_image_attachment=&#8221;inherit&#8221; padding_class=&#8221;wide-100&#8243; css=&#8221;.vc_custom_1686928143911{background-image: url(https:\/\/www.topo-gps.com\/wp-content\/uploads\/2023\/06\/sipke_mountainbiker_on_a_path_photo_realistic_6c31544d-3751-4033-bae7-d807088a510e.png?id=26307) !important;background-position: center !important;background-repeat: no-repeat !important;background-size: cover !important;}&#8221;][vc_row parallax_image_attachment=&#8221;inherit&#8221; css=&#8221;.vc_custom_1639602296513{padding-top: 20px !important;padding-bottom: 20px !important;}&#8221;][vc_column width=&#8221;1\/2&#8243; css=&#8221;.vc_custom_1639603345318{margin-bottom: 20px !important;}&#8221;][\/vc_column][vc_column width=&#8221;1\/2&#8243; css=&#8221;.vc_custom_1639603183972{padding-top: 40px !important;padding-bottom: 40px !important;}&#8221;][\/vc_column][\/vc_row][\/vc_section][vc_section][vc_row][vc_column][vc_column_text]Tener una amplia gama de rutas de bicicleta de monta\u00f1a europeas accesibles en su tel\u00e9fono ofrece numerosos beneficios para los ciclistas de monta\u00f1a. Permite a los ciclistas explorar nuevos senderos en los Pa\u00edses Bajos, Alemania, Francia y otros pa\u00edses europeos sin la preocupaci\u00f3n de perderse, brindando una experiencia de conducci\u00f3n perfecta y agradable. Con mapas detallados y perfiles de elevaci\u00f3n, las rutas de bicicleta de monta\u00f1a garantizan una experiencia al&#8230;<\/p>\n","protected":false},"author":1,"featured_media":0,"parent":6165,"menu_order":0,"comment_status":"closed","ping_status":"closed","template":"","meta":{"footnotes":""},"class_list":["post-26322","page","type-page","status-publish","hentry","no-post-thumbnail"],"yoast_head":"<!-- This site is optimized with the Yoast SEO plugin v27.3 - https:\/\/yoast.com\/product\/yoast-seo-wordpress\/ -->\n<title>Capa de rutas de mountainbike - Topo GPS<\/title>\n<meta name=\"description\" content=\"Topo GPS tiene una capa adicional que le permite mostrar rutas, senderos y pistas de bicicleta de monta\u00f1a en un mapa topogr\u00e1fico\" \/>\n<meta name=\"robots\" content=\"index, follow, max-snippet:-1, max-image-preview:large, max-video-preview:-1\" \/>\n<link rel=\"canonical\" href=\"https:\/\/www.topo-gps.com\/es\/mapas\/capa-de-rutas-de-mountainbike\/\" \/>\n<meta property=\"og:locale\" content=\"es_ES\" \/>\n<meta property=\"og:type\" content=\"article\" \/>\n<meta property=\"og:title\" content=\"Capa de rutas de mountainbike - Topo GPS\" \/>\n<meta property=\"og:description\" content=\"Topo GPS tiene una capa adicional que le permite mostrar rutas, senderos y pistas de bicicleta de monta\u00f1a en un mapa topogr\u00e1fico\" \/>\n<meta property=\"og:url\" content=\"https:\/\/www.topo-gps.com\/es\/mapas\/capa-de-rutas-de-mountainbike\/\" \/>\n<meta property=\"og:site_name\" content=\"Topo GPS\" \/>\n<meta property=\"article:modified_time\" content=\"2023-06-16T15:40:58+00:00\" \/>\n<meta name=\"twitter:card\" content=\"summary_large_image\" \/>\n<meta name=\"twitter:label1\" content=\"Tiempo de lectura\" \/>\n\t<meta name=\"twitter:data1\" content=\"4 minutos\" \/>\n<script type=\"application\/ld+json\" class=\"yoast-schema-graph\">{\"@context\":\"https:\\\/\\\/schema.org\",\"@graph\":[{\"@type\":\"WebPage\",\"@id\":\"https:\\\/\\\/www.topo-gps.com\\\/es\\\/mapas\\\/capa-de-rutas-de-mountainbike\\\/\",\"url\":\"https:\\\/\\\/www.topo-gps.com\\\/es\\\/mapas\\\/capa-de-rutas-de-mountainbike\\\/\",\"name\":\"Capa de rutas de mountainbike - Topo GPS\",\"isPartOf\":{\"@id\":\"https:\\\/\\\/www.topo-gps.com\\\/es\\\/#website\"},\"datePublished\":\"2023-06-16T14:54:59+00:00\",\"dateModified\":\"2023-06-16T15:40:58+00:00\",\"description\":\"Topo GPS tiene una capa adicional que le permite mostrar rutas, senderos y pistas de bicicleta de monta\u00f1a en un mapa topogr\u00e1fico\",\"breadcrumb\":{\"@id\":\"https:\\\/\\\/www.topo-gps.com\\\/es\\\/mapas\\\/capa-de-rutas-de-mountainbike\\\/#breadcrumb\"},\"inLanguage\":\"es\",\"potentialAction\":[{\"@type\":\"ReadAction\",\"target\":[\"https:\\\/\\\/www.topo-gps.com\\\/es\\\/mapas\\\/capa-de-rutas-de-mountainbike\\\/\"]}]},{\"@type\":\"BreadcrumbList\",\"@id\":\"https:\\\/\\\/www.topo-gps.com\\\/es\\\/mapas\\\/capa-de-rutas-de-mountainbike\\\/#breadcrumb\",\"itemListElement\":[{\"@type\":\"ListItem\",\"position\":1,\"name\":\"Home\",\"item\":\"https:\\\/\\\/www.topo-gps.com\\\/es\\\/gps-topografico\\\/\"},{\"@type\":\"ListItem\",\"position\":2,\"name\":\"Mapas\",\"item\":\"https:\\\/\\\/www.topo-gps.com\\\/es\\\/mapas\\\/\"},{\"@type\":\"ListItem\",\"position\":3,\"name\":\"Capa de rutas de mountainbike\"}]},{\"@type\":\"WebSite\",\"@id\":\"https:\\\/\\\/www.topo-gps.com\\\/es\\\/#website\",\"url\":\"https:\\\/\\\/www.topo-gps.com\\\/es\\\/\",\"name\":\"Topo GPS\",\"description\":\"Topographic maps GPS for iPhone, Android, iPad and Apple Watch\",\"potentialAction\":[{\"@type\":\"SearchAction\",\"target\":{\"@type\":\"EntryPoint\",\"urlTemplate\":\"https:\\\/\\\/www.topo-gps.com\\\/es\\\/?s={search_term_string}\"},\"query-input\":{\"@type\":\"PropertyValueSpecification\",\"valueRequired\":true,\"valueName\":\"search_term_string\"}}],\"inLanguage\":\"es\"}]}<\/script>\n<!-- \/ Yoast SEO plugin. -->","yoast_head_json":{"title":"Capa de rutas de mountainbike - Topo GPS","description":"Topo GPS tiene una capa adicional que le permite mostrar rutas, senderos y pistas de bicicleta de monta\u00f1a en un mapa topogr\u00e1fico","robots":{"index":"index","follow":"follow","max-snippet":"max-snippet:-1","max-image-preview":"max-image-preview:large","max-video-preview":"max-video-preview:-1"},"canonical":"https:\/\/www.topo-gps.com\/es\/mapas\/capa-de-rutas-de-mountainbike\/","og_locale":"es_ES","og_type":"article","og_title":"Capa de rutas de mountainbike - Topo GPS","og_description":"Topo GPS tiene una capa adicional que le permite mostrar rutas, senderos y pistas de bicicleta de monta\u00f1a en un mapa topogr\u00e1fico","og_url":"https:\/\/www.topo-gps.com\/es\/mapas\/capa-de-rutas-de-mountainbike\/","og_site_name":"Topo GPS","article_modified_time":"2023-06-16T15:40:58+00:00","twitter_card":"summary_large_image","twitter_misc":{"Tiempo de lectura":"4 minutos"},"schema":{"@context":"https:\/\/schema.org","@graph":[{"@type":"WebPage","@id":"https:\/\/www.topo-gps.com\/es\/mapas\/capa-de-rutas-de-mountainbike\/","url":"https:\/\/www.topo-gps.com\/es\/mapas\/capa-de-rutas-de-mountainbike\/","name":"Capa de rutas de mountainbike - Topo GPS","isPartOf":{"@id":"https:\/\/www.topo-gps.com\/es\/#website"},"datePublished":"2023-06-16T14:54:59+00:00","dateModified":"2023-06-16T15:40:58+00:00","description":"Topo GPS tiene una capa adicional que le permite mostrar rutas, senderos y pistas de bicicleta de monta\u00f1a en un mapa topogr\u00e1fico","breadcrumb":{"@id":"https:\/\/www.topo-gps.com\/es\/mapas\/capa-de-rutas-de-mountainbike\/#breadcrumb"},"inLanguage":"es","potentialAction":[{"@type":"ReadAction","target":["https:\/\/www.topo-gps.com\/es\/mapas\/capa-de-rutas-de-mountainbike\/"]}]},{"@type":"BreadcrumbList","@id":"https:\/\/www.topo-gps.com\/es\/mapas\/capa-de-rutas-de-mountainbike\/#breadcrumb","itemListElement":[{"@type":"ListItem","position":1,"name":"Home","item":"https:\/\/www.topo-gps.com\/es\/gps-topografico\/"},{"@type":"ListItem","position":2,"name":"Mapas","item":"https:\/\/www.topo-gps.com\/es\/mapas\/"},{"@type":"ListItem","position":3,"name":"Capa de rutas de mountainbike"}]},{"@type":"WebSite","@id":"https:\/\/www.topo-gps.com\/es\/#website","url":"https:\/\/www.topo-gps.com\/es\/","name":"Topo GPS","description":"Topographic maps GPS for iPhone, Android, iPad and Apple Watch","potentialAction":[{"@type":"SearchAction","target":{"@type":"EntryPoint","urlTemplate":"https:\/\/www.topo-gps.com\/es\/?s={search_term_string}"},"query-input":{"@type":"PropertyValueSpecification","valueRequired":true,"valueName":"search_term_string"}}],"inLanguage":"es"}]}},"_links":{"self":[{"href":"https:\/\/www.topo-gps.com\/es\/wp-json\/wp\/v2\/pages\/26322","targetHints":{"allow":["GET"]}}],"collection":[{"href":"https:\/\/www.topo-gps.com\/es\/wp-json\/wp\/v2\/pages"}],"about":[{"href":"https:\/\/www.topo-gps.com\/es\/wp-json\/wp\/v2\/types\/page"}],"author":[{"embeddable":true,"href":"https:\/\/www.topo-gps.com\/es\/wp-json\/wp\/v2\/users\/1"}],"replies":[{"embeddable":true,"href":"https:\/\/www.topo-gps.com\/es\/wp-json\/wp\/v2\/comments?post=26322"}],"version-history":[{"count":0,"href":"https:\/\/www.topo-gps.com\/es\/wp-json\/wp\/v2\/pages\/26322\/revisions"}],"up":[{"embeddable":true,"href":"https:\/\/www.topo-gps.com\/es\/wp-json\/wp\/v2\/pages\/6165"}],"wp:attachment":[{"href":"https:\/\/www.topo-gps.com\/es\/wp-json\/wp\/v2\/media?parent=26322"}],"curies":[{"name":"wp","href":"https:\/\/api.w.org\/{rel}","templated":true}]}}