{"id":17635,"date":"2022-04-07T12:21:02","date_gmt":"2022-04-07T11:21:02","guid":{"rendered":"https:\/\/www.topo-gps.com\/mapa-topografico-de-japon\/"},"modified":"2023-03-17T21:40:58","modified_gmt":"2023-03-17T20:40:58","slug":"mapa-topografico-de-japon","status":"publish","type":"page","link":"https:\/\/www.topo-gps.com\/es\/mapa-topografico-de-japon\/","title":{"rendered":"Mapa topogr\u00e1fico de Jap\u00f3n"},"content":{"rendered":"<div class=\"wpb-content-wrapper\"><p>[vc_section enable_inner=&#8221;yes&#8221; section_type=&#8221;hero&#8221; inner_margin_top=&#8221;mt-100&#8243; parallax_image_attachment=&#8221;inherit&#8221; padding_class=&#8221;wide-100&#8243; css=&#8221;.vc_custom_1649336008642{background-image: url(https:\/\/www.topo-gps.com\/wp-content\/uploads\/2022\/04\/jp-cropped.jpg?id=18330) !important;background-position: center !important;background-repeat: no-repeat !important;background-size: cover !important;}&#8221;][vc_row parallax_image_attachment=&#8221;inherit&#8221; css=&#8221;.vc_custom_1639602296513{padding-top: 20px !important;padding-bottom: 20px !important;}&#8221;][vc_column width=&#8221;1\/2&#8243; css=&#8221;.vc_custom_1639603345318{margin-bottom: 20px !important;}&#8221;]\r\n        <div class=\"vc_custom_1649335483016  hero-txt\"> \r\n            \r\n                     \r\n            <h3 class=\"white-color h3-sm none  wow perch-fadeInUp fadeInUp\" style=\"font-weight: bold;\" data-wow-delay=\"300ms\" data-wow-duration=\"1200ms\">Mapa topogr\u00e1fico de Jap\u00f3n en tu iPhone, tel\u00e9fono Android y Apple Watch<\/h3>\r\n             \r\n            \r\n                        \r\n                        \r\n            \r\n                        \r\n                        \r\n                  \r\n        <\/div>[vc_row_inner][vc_column_inner width=&#8221;1\/2&#8243; css=&#8221;.vc_custom_1639605647058{padding-top: 10px !important;padding-bottom: 10px !important;}&#8221;]\r\n        <div class=\"hero-img  wow perch-fadeInUp fadeInUp text-center\" data-wow-delay=\"300ms\" data-wow-duration=\"1200ms\"> \r\n        <a href=\"https:\/\/apps.apple.com\/gb\/app\/topo-gps\/id578960575\" target=\"_self\" class=\"vc_single_image-wrapper  \"><img loading=\"lazy\" decoding=\"async\" class=\"vc_single_image-img img-fluid\" width=\"160\" height=\"50\"  src=\"https:\/\/www.topo-gps.com\/wp-content\/themes\/appset\/images\/appstore.png\" alt=\"External image\" \/><\/a>\r\n        <\/div>[\/vc_column_inner][vc_column_inner width=&#8221;1\/2&#8243; css=&#8221;.vc_custom_1639605658368{padding-top: 10px !important;padding-bottom: 10px !important;}&#8221;]\r\n        <div class=\"hero-img  wow perch-fadeInUp fadeInUp text-center\" data-wow-delay=\"300ms\" data-wow-duration=\"1200ms\"> \r\n        <a href=\"https:\/\/play.google.com\/store\/apps\/details?id=uk.rdzl.topo.gps&amp;hl=en\" target=\"_self\" class=\"vc_single_image-wrapper  \"><img loading=\"lazy\" decoding=\"async\" class=\"vc_single_image-img img-fluid\" width=\"171\" height=\"50\"  src=\"https:\/\/www.topo-gps.com\/wp-content\/themes\/appset\/images\/googleplay.png\" alt=\"External image\" \/><\/a>\r\n        <\/div>[\/vc_column_inner][\/vc_row_inner][\/vc_column][vc_column width=&#8221;1\/2&#8243; css=&#8221;.vc_custom_1639603183972{padding-top: 40px !important;padding-bottom: 40px !important;}&#8221;]\r\n        <div class=\"hero-img  wow perch-fadeInUp fadeInUp\" data-wow-delay=\"300ms\" data-wow-duration=\"1200ms\"> \r\n        <img loading=\"lazy\" decoding=\"async\" class=\"vc_single_image-img img-fluid\" width=\"560\" height=\"604\"  src=\"https:\/\/www.topo-gps.com\/wp-content\/uploads\/2022\/04\/jp-map1.png\" alt=\"External image\" \/>\r\n        <\/div>[\/vc_column][\/vc_row][\/vc_section][vc_section][vc_row][vc_column]\r\n        <div class=\"section-title  wow perch-fadeInUp fadeInUp text-center\" data-wow-delay=\"300ms\" data-wow-duration=\"1200ms\">\r\n            <h2 class=\"h2-sm\">Los mejores mapas al aire libre de Jap\u00f3n<\/h2>\r\n            <p class=\"p-lg\">Los mapas topogr\u00e1ficos oficiales son los mejores mapas al aire libre de Jap\u00f3n.<\/p>         \r\n        <\/div>[vc_column_text]Jap\u00f3n es un pa\u00eds de impresionante belleza natural, que ofrece a los visitantes una amplia gama de actividades al aire libre para disfrutar durante todo el a\u00f1o. Desde senderismo y esqu\u00ed hasta surf y kayak, siempre hay algo que hacer en el aire libre de Jap\u00f3n.<\/p>\n<p>El senderismo es una actividad popular en Jap\u00f3n, con numerosos senderos bien mantenidos que llevan a los visitantes a trav\u00e9s de algunos de los paisajes m\u00e1s bellos del pa\u00eds. El Kumano Kodo, por ejemplo, es un popular destino de senderismo que ofrece impresionantes vistas de los bosques, r\u00edos y monta\u00f1as de la pen\u00ednsula de Kii. Otros destinos de senderismo populares incluyen el monte Fuji, los Alpes japoneses y la campi\u00f1a de Hokkaido.<\/p>\n<p>El esqu\u00ed y el snowboard tambi\u00e9n son actividades populares en Jap\u00f3n, con numerosas estaciones de esqu\u00ed de clase mundial ubicadas en todo el pa\u00eds. La estaci\u00f3n de esqu\u00ed de Niseko, por ejemplo, es un destino popular para esquiadores y practicantes de snowboard de todo el mundo, que ofrece algunas de las mejores nieves polvo del mundo. Otras estaciones de esqu\u00ed populares incluyen Hakuba, Shiga Kogen y Nozawa Onsen.<\/p>\n<p>En el verano, la impresionante costa de Jap\u00f3n ofrece muchas oportunidades para practicar deportes acu\u00e1ticos como el surf, el kayak y el surf de remo. Las playas de Okinawa, por ejemplo, son un destino popular para el surf, con algunas de las mejores olas del pa\u00eds. Otros destinos populares para practicar deportes acu\u00e1ticos incluyen la pen\u00ednsula de Izu y el mar interior de Seto.<\/p>\n<p>En general, los diversos paisajes, la rica historia y la infraestructura bien desarrollada de Jap\u00f3n lo convierten en un destino de visita obligada para los entusiastas del aire libre. Ya sea senderismo, esqu\u00ed, surf o kayak, siempre hay algo que hacer al aire libre en Jap\u00f3n.[\/vc_column_text][\/vc_column][\/vc_row][vc_row][vc_column width=&#8221;1\/2&#8243;][vc_single_image custom_src=&#8221;https:\/\/www.topo-gps.com\/wp-content\/uploads\/2022\/04\/jp-map2.jpg&#8221; external_img_size=&#8221;391&#215;600&#8243; alignment=&#8221;center&#8221;][\/vc_column][vc_column width=&#8221;1\/2&#8243;][vc_row_inner][vc_column_inner width=&#8221;1\/2&#8243;]\r\n        <div class=\"wow perch-fadeInUp fadeInUp fbox\" data-wow-delay=\"300ms\" data-wow-duration=\"1200ms\"> \r\n            <div class=\"fbox grey-color-box\">\r\n                <div class=\"grey-color-icon b-icon box-icon-md\"><span class=\" grey-color\"><\/span><\/div>  \r\n                <div class=\"fbox-txt\">    \r\n                    <h5 class=\"h5-sm\">Mapa topogr\u00e1fico<\/h5>\r\n                    <p class=\"grey-color\">Un mapa topogr\u00e1fico contiene muchos detalles como contornos de altura, caminos peque\u00f1os y uso de la tierra y, por lo tanto, es ideal para navegar al aire libre.<\/p>\r\n                    \r\n                <\/div> \r\n            <\/div>        \r\n        <\/div>\r\n        <div class=\"wow perch-fadeInUp fadeInUp fbox\" data-wow-delay=\"300ms\" data-wow-duration=\"1200ms\"> \r\n            <div class=\"fbox grey-color-box\">\r\n                <div class=\"grey-color-icon b-icon box-icon-md\"><span class=\" grey-color\"><\/span><\/div>  \r\n                <div class=\"fbox-txt\">    \r\n                    <h5 class=\"h5-sm\">GSI<\/h5>\r\n                    <p class=\"grey-color\">En la aplicaci\u00f3n Topo GPS puedes comprar el acceso al mapa topogr\u00e1fico oficial de Jap\u00f3n. Este mapa es producido por la Autoridad de Informaci\u00f3n Geoespacial de Jap\u00f3n (GSI).<\/p>\r\n                    \r\n                <\/div> \r\n            <\/div>        \r\n        <\/div>\r\n        <div class=\"wow perch-fadeInUp fadeInUp fbox\" data-wow-delay=\"300ms\" data-wow-duration=\"1200ms\"> \r\n            <div class=\"fbox grey-color-box\">\r\n                <div class=\"grey-color-icon b-icon box-icon-md\"><span class=\" grey-color\"><\/span><\/div>  \r\n                <div class=\"fbox-txt\">    \r\n                    <h5 class=\"h5-sm\">Precios<\/h5>\r\n                    <p class=\"grey-color\">El acceso total al mapa topogr\u00e1fico completo de Jap\u00f3n en Topo GPS cuesta 3,99\u20ac. Esta es una compra \u00fanica e incluye futuras actualizaciones gratuitas. Se puede acceder al mapa en todos los dispositivos que usan la misma ID de Apple o cuenta de Google Play.<\/p>\r\n                    \r\n                <\/div> \r\n            <\/div>        \r\n        <\/div>[\/vc_column_inner][vc_column_inner width=&#8221;1\/2&#8243;]\r\n        <div class=\"wow perch-fadeInUp fadeInUp fbox\" data-wow-delay=\"300ms\" data-wow-duration=\"1200ms\"> \r\n            <div class=\"fbox grey-color-box\">\r\n                <div class=\"grey-color-icon b-icon box-icon-md\"><span class=\" grey-color\"><\/span><\/div>  \r\n                <div class=\"fbox-txt\">    \r\n                    <h5 class=\"h5-sm\">mapas sin conexi\u00f3n<\/h5>\r\n                    <p class=\"grey-color\">Puede hacer que los mapas topogr\u00e1ficos est\u00e9n disponibles sin conexi\u00f3n. De esta manera, est\u00e1 seguro de que los mapas que necesita est\u00e1n siempre accesibles.<\/p>\r\n                    \r\n                <\/div> \r\n            <\/div>        \r\n        <\/div>\r\n        <div class=\"wow perch-fadeInUp fadeInUp fbox\" data-wow-delay=\"300ms\" data-wow-duration=\"1200ms\"> \r\n            <div class=\"fbox grey-color-box\">\r\n                <div class=\"grey-color-icon b-icon box-icon-md\"><span class=\" grey-color\"><\/span><\/div>  \r\n                <div class=\"fbox-txt\">    \r\n                    <h5 class=\"h5-sm\">Borrar leyenda<\/h5>\r\n                    <p class=\"grey-color\">El mapa topogr\u00e1fico tiene una leyenda clara con explicaciones de todos los s\u00edmbolos.<\/p>\r\n                    \r\n                <\/div> \r\n            <\/div>        \r\n        <\/div>\r\n        <div class=\"wow perch-fadeInUp fadeInUp fbox\" data-wow-delay=\"300ms\" data-wow-duration=\"1200ms\"> \r\n            <div class=\"fbox grey-color-box\">\r\n                <div class=\"grey-color-icon b-icon box-icon-md\"><span class=\" grey-color\"><\/span><\/div>  \r\n                <div class=\"fbox-txt\">    \r\n                    <h5 class=\"h5-sm\">Aplicaci\u00f3n Topo GPS<\/h5>\r\n                    <p class=\"grey-color\">La aplicaci\u00f3n Topo GPS ofrece muchas funciones \u00fatiles adicionales al mapa topogr\u00e1fico. Como navegar, cargar, planificar y seguir rutas y a\u00f1adir puntos al mapa. Topo GPS contiene todas las funciones de un dispositivo GPS normal.<\/p>\r\n                    \r\n                <\/div> \r\n            <\/div>        \r\n        <\/div>[\/vc_column_inner][\/vc_row_inner][\/vc_column][\/vc_row][\/vc_section][vc_section][vc_row][vc_column]\r\n        <div class=\"section-title  wow perch-fadeInUp fadeInUp text-center\" data-wow-delay=\"300ms\" data-wow-duration=\"1200ms\">\r\n            <h2 class=\"h2-sm\">\u00bfQu\u00e9 mapa preferir\u00edas para explorar al aire libre?<\/h2>\r\n            <p class=\"p-lg\">Comp\u00e1rate a ti mismo<\/p>         \r\n        <\/div>[vc_row_inner][vc_column_inner width=&#8221;1\/3&#8243;][vc_column_text]<\/p>\n<h3 style=\"text-align: center;\">Mapas de Google<\/h3>\n<p>[\/vc_column_text][vc_single_image custom_src=&#8221;https:\/\/www.topo-gps.com\/wp-content\/uploads\/2022\/04\/jp-gm.jpg&#8221; external_img_size=&#8221;277&#215;560&#8243; alignment=&#8221;center&#8221;][\/vc_column_inner][vc_column_inner width=&#8221;1\/3&#8243;][vc_column_text]<\/p>\n<h3 style=\"text-align: center;\">OpenStreetMap<\/h3>\n<p>[\/vc_column_text][vc_single_image custom_src=&#8221;https:\/\/www.topo-gps.com\/wp-content\/uploads\/2022\/04\/jp-osm.jpg&#8221; external_img_size=&#8221;277&#215;560&#8243; alignment=&#8221;center&#8221;][\/vc_column_inner][vc_column_inner width=&#8221;1\/3&#8243;][vc_column_text]<\/p>\n<h3 style=\"text-align: center;\">Mapa topogr\u00e1fico<\/h3>\n<p>[\/vc_column_text][vc_single_image custom_src=&#8221;https:\/\/www.topo-gps.com\/wp-content\/uploads\/2022\/04\/jp-tg.jpg&#8221; external_img_size=&#8221;277&#215;560&#8243; alignment=&#8221;center&#8221;][\/vc_column_inner][\/vc_row_inner][\/vc_column][\/vc_row][\/vc_section][vc_section section_type=&#8221;hero&#8221; hero_type=&#8221;1&#8243; parallax_image_attachment=&#8221;fixed&#8221; padding_class=&#8221;&#8221;][vc_row content_placement=&#8221;&#8221; parallax_image_attachment=&#8221;inherit&#8221;][vc_column width=&#8221;1\/2&#8243; column_inner_style=&#8221;hero-txt&#8221; hero_txt_type=&#8221;1&#8243;]\r\n        <div class=\"hero-txt\"> \r\n            \r\n            <h2 class=\" wow perch-fadeInUp fadeInUp\" data-wow-delay=\"300ms\" data-wow-duration=\"1200ms\">Topo GPS<\/h2>         \r\n            <h3 class=\"h3-sm  wow perch-fadeInUp fadeInUp\" data-wow-delay=\"400ms\" data-wow-duration=\"1200ms\">Convierta su iPhone, tel\u00e9fono o tableta Android en un dispositivo GPS completo con mapas topogr\u00e1ficos disponibles sin conexi\u00f3n.<\/h3>\r\n             \r\n            \r\n                        \r\n                        \r\n            \r\n                        \r\n                        \r\n                  \r\n        <\/div>[vc_row_inner][vc_column_inner width=&#8221;1\/2&#8243; css=&#8221;.vc_custom_1639605647058{padding-top: 10px !important;padding-bottom: 10px !important;}&#8221;]\r\n        <div class=\"hero-img  wow perch-fadeInUp fadeInUp text-center\" data-wow-delay=\"300ms\" data-wow-duration=\"1200ms\"> \r\n        <a href=\"https:\/\/apps.apple.com\/gb\/app\/topo-gps\/id578960575\" target=\"_self\" class=\"vc_single_image-wrapper  \"><img loading=\"lazy\" decoding=\"async\" class=\"vc_single_image-img img-fluid\" width=\"160\" height=\"50\"  src=\"https:\/\/www.topo-gps.com\/wp-content\/themes\/appset\/images\/appstore.png\" alt=\"External image\" \/><\/a>\r\n        <\/div>[\/vc_column_inner][vc_column_inner width=&#8221;1\/2&#8243; css=&#8221;.vc_custom_1639605658368{padding-top: 10px !important;padding-bottom: 10px !important;}&#8221;]\r\n        <div class=\"hero-img  wow perch-fadeInUp fadeInUp text-center\" data-wow-delay=\"300ms\" data-wow-duration=\"1200ms\"> \r\n        <a href=\"https:\/\/play.google.com\/store\/apps\/details?id=uk.rdzl.topo.gps&amp;hl=en\" target=\"_self\" class=\"vc_single_image-wrapper  \"><img loading=\"lazy\" decoding=\"async\" class=\"vc_single_image-img img-fluid\" width=\"171\" height=\"50\"  src=\"https:\/\/www.topo-gps.com\/wp-content\/themes\/appset\/images\/googleplay.png\" alt=\"External image\" \/><\/a>\r\n        <\/div>[\/vc_column_inner][\/vc_row_inner][\/vc_column][vc_column width=&#8221;1\/2&#8243;]\r\n        <div class=\"wow perch-fadeInRight fadeInRight hero-1-img\" data-wow-delay=\"300ms\" data-wow-duration=\"1200ms\"> \r\n        <img decoding=\"async\" class=\"vc_single_image-img img-fluid\"  src=\"https:\/\/www.topo-gps.com\/wp-content\/uploads\/2022\/04\/jp-main1.png\" alt=\"External image\" \/>\r\n        <\/div>[\/vc_column][\/vc_row][\/vc_section]<\/p>\n<\/div>","protected":false},"excerpt":{"rendered":"<p>[vc_section enable_inner=&#8221;yes&#8221; section_type=&#8221;hero&#8221; inner_margin_top=&#8221;mt-100&#8243; parallax_image_attachment=&#8221;inherit&#8221; padding_class=&#8221;wide-100&#8243; css=&#8221;.vc_custom_1649336008642{background-image: url(https:\/\/www.topo-gps.com\/wp-content\/uploads\/2022\/04\/jp-cropped.jpg?id=18330) !important;background-position: center !important;background-repeat: no-repeat !important;background-size: cover !important;}&#8221;][vc_row parallax_image_attachment=&#8221;inherit&#8221; css=&#8221;.vc_custom_1639602296513{padding-top: 20px !important;padding-bottom: 20px !important;}&#8221;][vc_column width=&#8221;1\/2&#8243; css=&#8221;.vc_custom_1639603345318{margin-bottom: 20px !important;}&#8221;][vc_row_inner][vc_column_inner width=&#8221;1\/2&#8243; css=&#8221;.vc_custom_1639605647058{padding-top: 10px !important;padding-bottom: 10px !important;}&#8221;][\/vc_column_inner][vc_column_inner width=&#8221;1\/2&#8243; css=&#8221;.vc_custom_1639605658368{padding-top: 10px !important;padding-bottom: 10px !important;}&#8221;][\/vc_column_inner][\/vc_row_inner][\/vc_column][vc_column width=&#8221;1\/2&#8243; css=&#8221;.vc_custom_1639603183972{padding-top: 40px !important;padding-bottom: 40px !important;}&#8221;][\/vc_column][\/vc_row][\/vc_section][vc_section][vc_row][vc_column][vc_column_text]Jap\u00f3n es un pa\u00eds de impresionante belleza natural, que ofrece a los visitantes una amplia gama de actividades al aire libre para disfrutar durante todo el a\u00f1o. Desde senderismo y esqu\u00ed hasta surf y kayak, siempre hay algo que hacer en el aire libre de Jap\u00f3n. El senderismo es una actividad popular en Jap\u00f3n, con numerosos senderos bien&#8230;<\/p>\n","protected":false},"author":1,"featured_media":0,"parent":0,"menu_order":0,"comment_status":"closed","ping_status":"closed","template":"","meta":{"footnotes":""},"class_list":["post-17635","page","type-page","status-publish","hentry","no-post-thumbnail"],"yoast_head":"<!-- This site is optimized with the Yoast SEO plugin v27.5 - https:\/\/yoast.com\/product\/yoast-seo-wordpress\/ -->\n<title>Mapa topogr\u00e1fico de Jap\u00f3n - Topo GPS<\/title>\n<meta name=\"robots\" content=\"index, follow, max-snippet:-1, max-image-preview:large, max-video-preview:-1\" \/>\n<link rel=\"canonical\" href=\"https:\/\/www.topo-gps.com\/es\/mapa-topografico-de-japon\/\" \/>\n<meta property=\"og:locale\" content=\"es_ES\" \/>\n<meta property=\"og:type\" content=\"article\" \/>\n<meta property=\"og:title\" content=\"Mapa topogr\u00e1fico de Jap\u00f3n - Topo GPS\" \/>\n<meta property=\"og:description\" content=\"[vc_section enable_inner=&#8221;yes&#8221; section_type=&#8221;hero&#8221; inner_margin_top=&#8221;mt-100&#8243; parallax_image_attachment=&#8221;inherit&#8221; padding_class=&#8221;wide-100&#8243; css=&#8221;.vc_custom_1649336008642{background-image: url(https:\/\/www.topo-gps.com\/wp-content\/uploads\/2022\/04\/jp-cropped.jpg?id=18330) !important;background-position: center !important;background-repeat: no-repeat !important;background-size: cover !important;}&#8221;][vc_row parallax_image_attachment=&#8221;inherit&#8221; css=&#8221;.vc_custom_1639602296513{padding-top: 20px !important;padding-bottom: 20px !important;}&#8221;][vc_column width=&#8221;1\/2&#8243; css=&#8221;.vc_custom_1639603345318{margin-bottom: 20px !important;}&#8221;][vc_row_inner][vc_column_inner width=&#8221;1\/2&#8243; css=&#8221;.vc_custom_1639605647058{padding-top: 10px !important;padding-bottom: 10px !important;}&#8221;][\/vc_column_inner][vc_column_inner width=&#8221;1\/2&#8243; css=&#8221;.vc_custom_1639605658368{padding-top: 10px !important;padding-bottom: 10px !important;}&#8221;][\/vc_column_inner][\/vc_row_inner][\/vc_column][vc_column width=&#8221;1\/2&#8243; css=&#8221;.vc_custom_1639603183972{padding-top: 40px !important;padding-bottom: 40px !important;}&#8221;][\/vc_column][\/vc_row][\/vc_section][vc_section][vc_row][vc_column][vc_column_text]Jap\u00f3n es un pa\u00eds de impresionante belleza natural, que ofrece a los visitantes una amplia gama de actividades al aire libre para disfrutar durante todo el a\u00f1o. Desde senderismo y esqu\u00ed hasta surf y kayak, siempre hay algo que hacer en el aire libre de Jap\u00f3n. El senderismo es una actividad popular en Jap\u00f3n, con numerosos senderos bien...\" \/>\n<meta property=\"og:url\" content=\"https:\/\/www.topo-gps.com\/es\/mapa-topografico-de-japon\/\" \/>\n<meta property=\"og:site_name\" content=\"Topo GPS\" \/>\n<meta property=\"article:modified_time\" content=\"2023-03-17T20:40:58+00:00\" \/>\n<meta name=\"twitter:card\" content=\"summary_large_image\" \/>\n<meta name=\"twitter:label1\" content=\"Tiempo de lectura\" \/>\n\t<meta name=\"twitter:data1\" content=\"7 minutos\" \/>\n<script type=\"application\/ld+json\" class=\"yoast-schema-graph\">{\"@context\":\"https:\\\/\\\/schema.org\",\"@graph\":[{\"@type\":\"WebPage\",\"@id\":\"https:\\\/\\\/www.topo-gps.com\\\/es\\\/mapa-topografico-de-japon\\\/\",\"url\":\"https:\\\/\\\/www.topo-gps.com\\\/es\\\/mapa-topografico-de-japon\\\/\",\"name\":\"Mapa topogr\u00e1fico de Jap\u00f3n - Topo GPS\",\"isPartOf\":{\"@id\":\"https:\\\/\\\/www.topo-gps.com\\\/es\\\/#website\"},\"datePublished\":\"2022-04-07T11:21:02+00:00\",\"dateModified\":\"2023-03-17T20:40:58+00:00\",\"breadcrumb\":{\"@id\":\"https:\\\/\\\/www.topo-gps.com\\\/es\\\/mapa-topografico-de-japon\\\/#breadcrumb\"},\"inLanguage\":\"es\",\"potentialAction\":[{\"@type\":\"ReadAction\",\"target\":[\"https:\\\/\\\/www.topo-gps.com\\\/es\\\/mapa-topografico-de-japon\\\/\"]}]},{\"@type\":\"BreadcrumbList\",\"@id\":\"https:\\\/\\\/www.topo-gps.com\\\/es\\\/mapa-topografico-de-japon\\\/#breadcrumb\",\"itemListElement\":[{\"@type\":\"ListItem\",\"position\":1,\"name\":\"Home\",\"item\":\"https:\\\/\\\/www.topo-gps.com\\\/es\\\/gps-topografico\\\/\"},{\"@type\":\"ListItem\",\"position\":2,\"name\":\"Mapa topogr\u00e1fico de Jap\u00f3n\"}]},{\"@type\":\"WebSite\",\"@id\":\"https:\\\/\\\/www.topo-gps.com\\\/es\\\/#website\",\"url\":\"https:\\\/\\\/www.topo-gps.com\\\/es\\\/\",\"name\":\"Topo GPS\",\"description\":\"Topographic maps GPS for iPhone, Android, iPad and Apple Watch\",\"potentialAction\":[{\"@type\":\"SearchAction\",\"target\":{\"@type\":\"EntryPoint\",\"urlTemplate\":\"https:\\\/\\\/www.topo-gps.com\\\/es\\\/?s={search_term_string}\"},\"query-input\":{\"@type\":\"PropertyValueSpecification\",\"valueRequired\":true,\"valueName\":\"search_term_string\"}}],\"inLanguage\":\"es\"}]}<\/script>\n<!-- \/ Yoast SEO plugin. -->","yoast_head_json":{"title":"Mapa topogr\u00e1fico de Jap\u00f3n - Topo GPS","robots":{"index":"index","follow":"follow","max-snippet":"max-snippet:-1","max-image-preview":"max-image-preview:large","max-video-preview":"max-video-preview:-1"},"canonical":"https:\/\/www.topo-gps.com\/es\/mapa-topografico-de-japon\/","og_locale":"es_ES","og_type":"article","og_title":"Mapa topogr\u00e1fico de Jap\u00f3n - Topo GPS","og_description":"[vc_section enable_inner=&#8221;yes&#8221; section_type=&#8221;hero&#8221; inner_margin_top=&#8221;mt-100&#8243; parallax_image_attachment=&#8221;inherit&#8221; padding_class=&#8221;wide-100&#8243; css=&#8221;.vc_custom_1649336008642{background-image: url(https:\/\/www.topo-gps.com\/wp-content\/uploads\/2022\/04\/jp-cropped.jpg?id=18330) !important;background-position: center !important;background-repeat: no-repeat !important;background-size: cover !important;}&#8221;][vc_row parallax_image_attachment=&#8221;inherit&#8221; css=&#8221;.vc_custom_1639602296513{padding-top: 20px !important;padding-bottom: 20px !important;}&#8221;][vc_column width=&#8221;1\/2&#8243; css=&#8221;.vc_custom_1639603345318{margin-bottom: 20px !important;}&#8221;][vc_row_inner][vc_column_inner width=&#8221;1\/2&#8243; css=&#8221;.vc_custom_1639605647058{padding-top: 10px !important;padding-bottom: 10px !important;}&#8221;][\/vc_column_inner][vc_column_inner width=&#8221;1\/2&#8243; css=&#8221;.vc_custom_1639605658368{padding-top: 10px !important;padding-bottom: 10px !important;}&#8221;][\/vc_column_inner][\/vc_row_inner][\/vc_column][vc_column width=&#8221;1\/2&#8243; css=&#8221;.vc_custom_1639603183972{padding-top: 40px !important;padding-bottom: 40px !important;}&#8221;][\/vc_column][\/vc_row][\/vc_section][vc_section][vc_row][vc_column][vc_column_text]Jap\u00f3n es un pa\u00eds de impresionante belleza natural, que ofrece a los visitantes una amplia gama de actividades al aire libre para disfrutar durante todo el a\u00f1o. Desde senderismo y esqu\u00ed hasta surf y kayak, siempre hay algo que hacer en el aire libre de Jap\u00f3n. El senderismo es una actividad popular en Jap\u00f3n, con numerosos senderos bien...","og_url":"https:\/\/www.topo-gps.com\/es\/mapa-topografico-de-japon\/","og_site_name":"Topo GPS","article_modified_time":"2023-03-17T20:40:58+00:00","twitter_card":"summary_large_image","twitter_misc":{"Tiempo de lectura":"7 minutos"},"schema":{"@context":"https:\/\/schema.org","@graph":[{"@type":"WebPage","@id":"https:\/\/www.topo-gps.com\/es\/mapa-topografico-de-japon\/","url":"https:\/\/www.topo-gps.com\/es\/mapa-topografico-de-japon\/","name":"Mapa topogr\u00e1fico de Jap\u00f3n - Topo GPS","isPartOf":{"@id":"https:\/\/www.topo-gps.com\/es\/#website"},"datePublished":"2022-04-07T11:21:02+00:00","dateModified":"2023-03-17T20:40:58+00:00","breadcrumb":{"@id":"https:\/\/www.topo-gps.com\/es\/mapa-topografico-de-japon\/#breadcrumb"},"inLanguage":"es","potentialAction":[{"@type":"ReadAction","target":["https:\/\/www.topo-gps.com\/es\/mapa-topografico-de-japon\/"]}]},{"@type":"BreadcrumbList","@id":"https:\/\/www.topo-gps.com\/es\/mapa-topografico-de-japon\/#breadcrumb","itemListElement":[{"@type":"ListItem","position":1,"name":"Home","item":"https:\/\/www.topo-gps.com\/es\/gps-topografico\/"},{"@type":"ListItem","position":2,"name":"Mapa topogr\u00e1fico de Jap\u00f3n"}]},{"@type":"WebSite","@id":"https:\/\/www.topo-gps.com\/es\/#website","url":"https:\/\/www.topo-gps.com\/es\/","name":"Topo GPS","description":"Topographic maps GPS for iPhone, Android, iPad and Apple Watch","potentialAction":[{"@type":"SearchAction","target":{"@type":"EntryPoint","urlTemplate":"https:\/\/www.topo-gps.com\/es\/?s={search_term_string}"},"query-input":{"@type":"PropertyValueSpecification","valueRequired":true,"valueName":"search_term_string"}}],"inLanguage":"es"}]}},"_links":{"self":[{"href":"https:\/\/www.topo-gps.com\/es\/wp-json\/wp\/v2\/pages\/17635","targetHints":{"allow":["GET"]}}],"collection":[{"href":"https:\/\/www.topo-gps.com\/es\/wp-json\/wp\/v2\/pages"}],"about":[{"href":"https:\/\/www.topo-gps.com\/es\/wp-json\/wp\/v2\/types\/page"}],"author":[{"embeddable":true,"href":"https:\/\/www.topo-gps.com\/es\/wp-json\/wp\/v2\/users\/1"}],"replies":[{"embeddable":true,"href":"https:\/\/www.topo-gps.com\/es\/wp-json\/wp\/v2\/comments?post=17635"}],"version-history":[{"count":0,"href":"https:\/\/www.topo-gps.com\/es\/wp-json\/wp\/v2\/pages\/17635\/revisions"}],"wp:attachment":[{"href":"https:\/\/www.topo-gps.com\/es\/wp-json\/wp\/v2\/media?parent=17635"}],"curies":[{"name":"wp","href":"https:\/\/api.w.org\/{rel}","templated":true}]}}