{"id":17542,"date":"2022-04-07T12:19:45","date_gmt":"2022-04-07T11:19:45","guid":{"rendered":"https:\/\/www.topo-gps.com\/mapa-topografico-de-eslovenia\/"},"modified":"2023-03-19T20:56:01","modified_gmt":"2023-03-19T19:56:01","slug":"mapa-topografico-de-eslovenia","status":"publish","type":"page","link":"https:\/\/www.topo-gps.com\/es\/mapa-topografico-de-eslovenia\/","title":{"rendered":"Mapa topogr\u00e1fico de Eslovenia"},"content":{"rendered":"<div class=\"wpb-content-wrapper\"><p>[vc_section enable_inner=&#8221;yes&#8221; section_type=&#8221;hero&#8221; inner_margin_top=&#8221;mt-100&#8243; parallax_image_attachment=&#8221;inherit&#8221; padding_class=&#8221;wide-100&#8243; css=&#8221;.vc_custom_1649338415956{background-image: url(https:\/\/www.topo-gps.com\/wp-content\/uploads\/2022\/04\/68WBpTT8yutv.jpg?id=18507) !important;background-position: center !important;background-repeat: no-repeat !important;background-size: cover !important;}&#8221;][vc_row parallax_image_attachment=&#8221;inherit&#8221; css=&#8221;.vc_custom_1639602296513{padding-top: 20px !important;padding-bottom: 20px !important;}&#8221;][vc_column width=&#8221;1\/2&#8243; css=&#8221;.vc_custom_1639603345318{margin-bottom: 20px !important;}&#8221;]\r\n        <div class=\"vc_custom_1649336855315  hero-txt\"> \r\n            \r\n                     \r\n            <h3 class=\"white-color h3-sm none  wow perch-fadeInUp fadeInUp\" style=\"font-weight: bold;\" data-wow-delay=\"300ms\" data-wow-duration=\"1200ms\">Mapa topogr\u00e1fico de Eslovenia en tu iPhone, tel\u00e9fono Android y Apple Watch<\/h3>\r\n             \r\n            \r\n                        \r\n                        \r\n            \r\n                        \r\n                        \r\n                  \r\n        <\/div>[vc_row_inner][vc_column_inner width=&#8221;1\/2&#8243; css=&#8221;.vc_custom_1639605647058{padding-top: 10px !important;padding-bottom: 10px !important;}&#8221;]\r\n        <div class=\"hero-img  wow perch-fadeInUp fadeInUp text-center\" data-wow-delay=\"300ms\" data-wow-duration=\"1200ms\"> \r\n        <a href=\"https:\/\/apps.apple.com\/gb\/app\/topo-gps\/id578960575\" target=\"_self\" class=\"vc_single_image-wrapper  \"><img loading=\"lazy\" decoding=\"async\" class=\"vc_single_image-img img-fluid\" width=\"160\" height=\"50\"  src=\"https:\/\/www.topo-gps.com\/wp-content\/themes\/appset\/images\/appstore.png\" alt=\"External image\" \/><\/a>\r\n        <\/div>[\/vc_column_inner][vc_column_inner width=&#8221;1\/2&#8243; css=&#8221;.vc_custom_1639605658368{padding-top: 10px !important;padding-bottom: 10px !important;}&#8221;]\r\n        <div class=\"hero-img  wow perch-fadeInUp fadeInUp text-center\" data-wow-delay=\"300ms\" data-wow-duration=\"1200ms\"> \r\n        <a href=\"https:\/\/play.google.com\/store\/apps\/details?id=uk.rdzl.topo.gps&amp;hl=en\" target=\"_self\" class=\"vc_single_image-wrapper  \"><img loading=\"lazy\" decoding=\"async\" class=\"vc_single_image-img img-fluid\" width=\"171\" height=\"50\"  src=\"https:\/\/www.topo-gps.com\/wp-content\/themes\/appset\/images\/googleplay.png\" alt=\"External image\" \/><\/a>\r\n        <\/div>[\/vc_column_inner][\/vc_row_inner][\/vc_column][vc_column width=&#8221;1\/2&#8243; css=&#8221;.vc_custom_1639603183972{padding-top: 40px !important;padding-bottom: 40px !important;}&#8221;]\r\n        <div class=\"hero-img  wow perch-fadeInUp fadeInUp\" data-wow-delay=\"300ms\" data-wow-duration=\"1200ms\"> \r\n        <img loading=\"lazy\" decoding=\"async\" class=\"vc_single_image-img img-fluid\" width=\"560\" height=\"604\"  src=\"https:\/\/www.topo-gps.com\/wp-content\/uploads\/2022\/04\/si-map1.png\" alt=\"External image\" \/>\r\n        <\/div>[\/vc_column][\/vc_row][\/vc_section][vc_section][vc_row][vc_column]\r\n        <div class=\"section-title  wow perch-fadeInUp fadeInUp text-center\" data-wow-delay=\"300ms\" data-wow-duration=\"1200ms\">\r\n            <h2 class=\"h2-sm\">Los mejores mapas al aire libre de Eslovenia<\/h2>\r\n            <p class=\"p-lg\">Los mapas topogr\u00e1ficos oficiales son los mejores mapas al aire libre de Eslovenia.<\/p>         \r\n        <\/div>[vc_column_text]Eslovenia es un pa\u00eds peque\u00f1o con abundante belleza natural, lo que lo convierte en un destino popular para los entusiastas del aire libre. Desde senderismo y esqu\u00ed hasta rafting y escalada, siempre hay algo que hacer en el aire libre de Eslovenia.<\/p>\n<p>El senderismo es una actividad popular en Eslovenia, con numerosos senderos bien se\u00f1alizados que llevan a los visitantes a trav\u00e9s de algunos de los paisajes m\u00e1s impresionantes del pa\u00eds. Los Alpes Julianos, por ejemplo, ofrecen numerosas rutas de senderismo que ofrecen impresionantes vistas de las monta\u00f1as y los valles circundantes. Otros destinos populares para hacer senderismo incluyen el Parque Nacional de Triglav, el valle de So\u010da y la regi\u00f3n de Karst.<\/p>\n<p>El esqu\u00ed y el snowboard tambi\u00e9n son actividades populares en Eslovenia, con varias estaciones de esqu\u00ed ubicadas en todo el pa\u00eds. La estaci\u00f3n de esqu\u00ed de Kranjska Gora, por ejemplo, es un destino popular para esquiadores y practicantes de snowboard, que ofrece impresionantes vistas de los Alpes Julianos. Otras estaciones de esqu\u00ed populares incluyen Vogel, Krvavec y Rogla.<\/p>\n<p>En el verano, los r\u00edos de Eslovenia ofrecen muchas oportunidades para practicar deportes acu\u00e1ticos como rafting, kayak y barranquismo. El r\u00edo So\u010da, por ejemplo, es un destino popular para el rafting y el kayak, que ofrece impresionantes vistas de las monta\u00f1as circundantes y aguas cristalinas. Otros destinos populares para deportes acu\u00e1ticos incluyen el r\u00edo Kolpa, el r\u00edo Savinja y el r\u00edo Drava.<\/p>\n<p>Para aquellos que buscan un desaf\u00edo, la escalada en roca y la v\u00eda ferrata tambi\u00e9n son actividades populares en Eslovenia. El Parque Nacional Triglav, por ejemplo, ofrece numerosas rutas de escalada tanto para principiantes como para escaladores experimentados. Otros destinos populares para escalar incluyen los Alpes Kamnik-Savinja, las colinas \u0160kofja Loka y el Parque Nacional Paklenica en la vecina Croacia.<\/p>\n<p>En general, el impresionante paisaje natural de Eslovenia, la amabilidad de sus lugare\u00f1os y la infraestructura al aire libre bien desarrollada lo convierten en un destino de visita obligada para los entusiastas del aire libre. Ya sea senderismo, esqu\u00ed, rafting o escalada, siempre hay algo que hacer en el aire libre de Eslovenia.[\/vc_column_text][\/vc_column][\/vc_row][vc_row][vc_column width=&#8221;1\/2&#8243;][vc_single_image custom_src=&#8221;https:\/\/www.topo-gps.com\/wp-content\/uploads\/2022\/04\/si-map2.jpg&#8221; external_img_size=&#8221;391&#215;600&#8243; alignment=&#8221;center&#8221;][\/vc_column][vc_column width=&#8221;1\/2&#8243;][vc_row_inner][vc_column_inner width=&#8221;1\/2&#8243;]\r\n        <div class=\"wow perch-fadeInUp fadeInUp fbox\" data-wow-delay=\"300ms\" data-wow-duration=\"1200ms\"> \r\n            <div class=\"fbox grey-color-box\">\r\n                <div class=\"grey-color-icon b-icon box-icon-md\"><span class=\" grey-color\"><\/span><\/div>  \r\n                <div class=\"fbox-txt\">    \r\n                    <h5 class=\"h5-sm\">Mapa topogr\u00e1fico<\/h5>\r\n                    <p class=\"grey-color\">Un mapa topogr\u00e1fico contiene muchos detalles como contornos de altura, caminos peque\u00f1os y uso de la tierra y, por lo tanto, es ideal para navegar al aire libre.<\/p>\r\n                    \r\n                <\/div> \r\n            <\/div>        \r\n        <\/div>\r\n        <div class=\"wow perch-fadeInUp fadeInUp fbox\" data-wow-delay=\"300ms\" data-wow-duration=\"1200ms\"> \r\n            <div class=\"fbox grey-color-box\">\r\n                <div class=\"grey-color-icon b-icon box-icon-md\"><span class=\" grey-color\"><\/span><\/div>  \r\n                <div class=\"fbox-txt\">    \r\n                    <h5 class=\"h5-sm\">DTK 50<\/h5>\r\n                    <p class=\"grey-color\">En Topo GPS puedes adquirir el mejor mapa topogr\u00e1fico de Eslovenia, el DTK 50 (escala 1:50.000). El DTK 50 es producido por la Autoridad de Topograf\u00eda y Cartograf\u00eda de la Rep\u00fablica de Eslovenia.<\/p>\r\n                    \r\n                <\/div> \r\n            <\/div>        \r\n        <\/div>\r\n        <div class=\"wow perch-fadeInUp fadeInUp fbox\" data-wow-delay=\"300ms\" data-wow-duration=\"1200ms\"> \r\n            <div class=\"fbox grey-color-box\">\r\n                <div class=\"grey-color-icon b-icon box-icon-md\"><span class=\" grey-color\"><\/span><\/div>  \r\n                <div class=\"fbox-txt\">    \r\n                    <h5 class=\"h5-sm\">Precios<\/h5>\r\n                    <p class=\"grey-color\">El acceso total al mapa topogr\u00e1fico DTK 50 completo cuesta 3,99 \u20ac en Topo GPS. Se incluyen futuras actualizaciones gratuitas. El mapa est\u00e1 disponible en todos los dispositivos que usan la misma ID de Apple o cuenta de Google Play.<\/p>\r\n                    \r\n                <\/div> \r\n            <\/div>        \r\n        <\/div>[\/vc_column_inner][vc_column_inner width=&#8221;1\/2&#8243;]\r\n        <div class=\"wow perch-fadeInUp fadeInUp fbox\" data-wow-delay=\"300ms\" data-wow-duration=\"1200ms\"> \r\n            <div class=\"fbox grey-color-box\">\r\n                <div class=\"grey-color-icon b-icon box-icon-md\"><span class=\" grey-color\"><\/span><\/div>  \r\n                <div class=\"fbox-txt\">    \r\n                    <h5 class=\"h5-sm\">mapas sin conexi\u00f3n<\/h5>\r\n                    <p class=\"grey-color\">Puede hacer que los mapas topogr\u00e1ficos est\u00e9n disponibles sin conexi\u00f3n. De esta manera, est\u00e1 seguro de que los mapas que necesita est\u00e1n siempre accesibles.<\/p>\r\n                    \r\n                <\/div> \r\n            <\/div>        \r\n        <\/div>\r\n        <div class=\"wow perch-fadeInUp fadeInUp fbox\" data-wow-delay=\"300ms\" data-wow-duration=\"1200ms\"> \r\n            <div class=\"fbox grey-color-box\">\r\n                <div class=\"grey-color-icon b-icon box-icon-md\"><span class=\" grey-color\"><\/span><\/div>  \r\n                <div class=\"fbox-txt\">    \r\n                    <h5 class=\"h5-sm\">Borrar leyenda<\/h5>\r\n                    <p class=\"grey-color\">El mapa topogr\u00e1fico tiene una leyenda clara con explicaciones de todos los s\u00edmbolos.<\/p>\r\n                    \r\n                <\/div> \r\n            <\/div>        \r\n        <\/div>\r\n        <div class=\"wow perch-fadeInUp fadeInUp fbox\" data-wow-delay=\"300ms\" data-wow-duration=\"1200ms\"> \r\n            <div class=\"fbox grey-color-box\">\r\n                <div class=\"grey-color-icon b-icon box-icon-md\"><span class=\" grey-color\"><\/span><\/div>  \r\n                <div class=\"fbox-txt\">    \r\n                    <h5 class=\"h5-sm\">Aplicaci\u00f3n Topo GPS<\/h5>\r\n                    <p class=\"grey-color\">La aplicaci\u00f3n Topo GPS ofrece muchas funciones \u00fatiles adicionales al mapa topogr\u00e1fico. Como navegar, cargar, planificar y seguir rutas y a\u00f1adir puntos al mapa. Topo GPS contiene todas las funciones de un dispositivo GPS normal.<\/p>\r\n                    \r\n                <\/div> \r\n            <\/div>        \r\n        <\/div>[\/vc_column_inner][\/vc_row_inner][\/vc_column][\/vc_row][\/vc_section][vc_section][vc_row][vc_column]\r\n        <div class=\"section-title  wow perch-fadeInUp fadeInUp text-center\" data-wow-delay=\"300ms\" data-wow-duration=\"1200ms\">\r\n            <h2 class=\"h2-sm\">\u00bfQu\u00e9 mapa preferir\u00edas para explorar al aire libre?<\/h2>\r\n            <p class=\"p-lg\">Comp\u00e1rate a ti mismo<\/p>         \r\n        <\/div>[vc_row_inner][vc_column_inner width=&#8221;1\/3&#8243;][vc_column_text]<\/p>\n<h3 style=\"text-align: center;\">Mapas de Google<\/h3>\n<p>[\/vc_column_text][vc_single_image custom_src=&#8221;https:\/\/www.topo-gps.com\/wp-content\/uploads\/2022\/04\/si-gm.jpg&#8221; external_img_size=&#8221;277&#215;560&#8243; alignment=&#8221;center&#8221;][\/vc_column_inner][vc_column_inner width=&#8221;1\/3&#8243;][vc_column_text]<\/p>\n<h3 style=\"text-align: center;\">OpenStreetMap<\/h3>\n<p>[\/vc_column_text][vc_single_image custom_src=&#8221;https:\/\/www.topo-gps.com\/wp-content\/uploads\/2022\/04\/si-osm.jpg&#8221; external_img_size=&#8221;277&#215;560&#8243; alignment=&#8221;center&#8221;][\/vc_column_inner][vc_column_inner width=&#8221;1\/3&#8243;][vc_column_text]<\/p>\n<h3 style=\"text-align: center;\">Mapa topogr\u00e1fico<\/h3>\n<p>[\/vc_column_text][vc_single_image custom_src=&#8221;https:\/\/www.topo-gps.com\/wp-content\/uploads\/2022\/04\/si-tg.jpg&#8221; external_img_size=&#8221;277&#215;560&#8243; alignment=&#8221;center&#8221;][\/vc_column_inner][\/vc_row_inner][\/vc_column][\/vc_row][\/vc_section][vc_section section_type=&#8221;hero&#8221; hero_type=&#8221;1&#8243; parallax_image_attachment=&#8221;fixed&#8221; padding_class=&#8221;&#8221;][vc_row content_placement=&#8221;&#8221; parallax_image_attachment=&#8221;inherit&#8221;][vc_column width=&#8221;1\/2&#8243; column_inner_style=&#8221;hero-txt&#8221; hero_txt_type=&#8221;1&#8243;]\r\n        <div class=\"hero-txt\"> \r\n            \r\n            <h2 class=\" wow perch-fadeInUp fadeInUp\" data-wow-delay=\"300ms\" data-wow-duration=\"1200ms\">Topo GPS<\/h2>         \r\n            <h3 class=\"h3-sm  wow perch-fadeInUp fadeInUp\" data-wow-delay=\"400ms\" data-wow-duration=\"1200ms\">Convierta su iPhone, tel\u00e9fono o tableta Android en un dispositivo GPS completo con mapas topogr\u00e1ficos disponibles sin conexi\u00f3n.<\/h3>\r\n             \r\n            \r\n                        \r\n                        \r\n            \r\n                        \r\n                        \r\n                  \r\n        <\/div>[vc_row_inner][vc_column_inner width=&#8221;1\/2&#8243; css=&#8221;.vc_custom_1639605647058{padding-top: 10px !important;padding-bottom: 10px !important;}&#8221;]\r\n        <div class=\"hero-img  wow perch-fadeInUp fadeInUp text-center\" data-wow-delay=\"300ms\" data-wow-duration=\"1200ms\"> \r\n        <a href=\"https:\/\/apps.apple.com\/gb\/app\/topo-gps\/id578960575\" target=\"_self\" class=\"vc_single_image-wrapper  \"><img loading=\"lazy\" decoding=\"async\" class=\"vc_single_image-img img-fluid\" width=\"160\" height=\"50\"  src=\"https:\/\/www.topo-gps.com\/wp-content\/themes\/appset\/images\/appstore.png\" alt=\"External image\" \/><\/a>\r\n        <\/div>[\/vc_column_inner][vc_column_inner width=&#8221;1\/2&#8243; css=&#8221;.vc_custom_1639605658368{padding-top: 10px !important;padding-bottom: 10px !important;}&#8221;]\r\n        <div class=\"hero-img  wow perch-fadeInUp fadeInUp text-center\" data-wow-delay=\"300ms\" data-wow-duration=\"1200ms\"> \r\n        <a href=\"https:\/\/play.google.com\/store\/apps\/details?id=uk.rdzl.topo.gps&amp;hl=en\" target=\"_self\" class=\"vc_single_image-wrapper  \"><img loading=\"lazy\" decoding=\"async\" class=\"vc_single_image-img img-fluid\" width=\"171\" height=\"50\"  src=\"https:\/\/www.topo-gps.com\/wp-content\/themes\/appset\/images\/googleplay.png\" alt=\"External image\" \/><\/a>\r\n        <\/div>[\/vc_column_inner][\/vc_row_inner][\/vc_column][vc_column width=&#8221;1\/2&#8243;]\r\n        <div class=\"wow perch-fadeInRight fadeInRight hero-1-img\" data-wow-delay=\"300ms\" data-wow-duration=\"1200ms\"> \r\n        <img decoding=\"async\" class=\"vc_single_image-img img-fluid\"  src=\"https:\/\/www.topo-gps.com\/wp-content\/uploads\/2022\/04\/si-main1.png\" alt=\"External image\" \/>\r\n        <\/div>[\/vc_column][\/vc_row][\/vc_section]<\/p>\n<\/div>","protected":false},"excerpt":{"rendered":"<p>[vc_section enable_inner=&#8221;yes&#8221; section_type=&#8221;hero&#8221; inner_margin_top=&#8221;mt-100&#8243; parallax_image_attachment=&#8221;inherit&#8221; padding_class=&#8221;wide-100&#8243; css=&#8221;.vc_custom_1649338415956{background-image: url(https:\/\/www.topo-gps.com\/wp-content\/uploads\/2022\/04\/68WBpTT8yutv.jpg?id=18507) !important;background-position: center !important;background-repeat: no-repeat !important;background-size: cover !important;}&#8221;][vc_row parallax_image_attachment=&#8221;inherit&#8221; css=&#8221;.vc_custom_1639602296513{padding-top: 20px !important;padding-bottom: 20px !important;}&#8221;][vc_column width=&#8221;1\/2&#8243; css=&#8221;.vc_custom_1639603345318{margin-bottom: 20px !important;}&#8221;][vc_row_inner][vc_column_inner width=&#8221;1\/2&#8243; css=&#8221;.vc_custom_1639605647058{padding-top: 10px !important;padding-bottom: 10px !important;}&#8221;][\/vc_column_inner][vc_column_inner width=&#8221;1\/2&#8243; css=&#8221;.vc_custom_1639605658368{padding-top: 10px !important;padding-bottom: 10px !important;}&#8221;][\/vc_column_inner][\/vc_row_inner][\/vc_column][vc_column width=&#8221;1\/2&#8243; css=&#8221;.vc_custom_1639603183972{padding-top: 40px !important;padding-bottom: 40px !important;}&#8221;][\/vc_column][\/vc_row][\/vc_section][vc_section][vc_row][vc_column][vc_column_text]Eslovenia es un pa\u00eds peque\u00f1o con abundante belleza natural, lo que lo convierte en un destino popular para los entusiastas del aire libre. Desde senderismo y esqu\u00ed hasta rafting y escalada, siempre hay algo que hacer en el aire libre de Eslovenia. El senderismo es una actividad popular en Eslovenia, con numerosos senderos bien se\u00f1alizados que llevan a&#8230;<\/p>\n","protected":false},"author":1,"featured_media":0,"parent":0,"menu_order":0,"comment_status":"closed","ping_status":"closed","template":"","meta":{"footnotes":""},"class_list":["post-17542","page","type-page","status-publish","hentry","no-post-thumbnail"],"yoast_head":"<!-- This site is optimized with the Yoast SEO plugin v27.4 - https:\/\/yoast.com\/product\/yoast-seo-wordpress\/ -->\n<title>Mapa topogr\u00e1fico de Eslovenia - Topo GPS<\/title>\n<meta name=\"robots\" content=\"index, follow, max-snippet:-1, max-image-preview:large, max-video-preview:-1\" \/>\n<link rel=\"canonical\" href=\"https:\/\/www.topo-gps.com\/es\/mapa-topografico-de-eslovenia\/\" \/>\n<meta property=\"og:locale\" content=\"es_ES\" \/>\n<meta property=\"og:type\" content=\"article\" \/>\n<meta property=\"og:title\" content=\"Mapa topogr\u00e1fico de Eslovenia - Topo GPS\" \/>\n<meta property=\"og:description\" content=\"[vc_section enable_inner=&#8221;yes&#8221; section_type=&#8221;hero&#8221; inner_margin_top=&#8221;mt-100&#8243; parallax_image_attachment=&#8221;inherit&#8221; padding_class=&#8221;wide-100&#8243; css=&#8221;.vc_custom_1649338415956{background-image: url(https:\/\/www.topo-gps.com\/wp-content\/uploads\/2022\/04\/68WBpTT8yutv.jpg?id=18507) !important;background-position: center !important;background-repeat: no-repeat !important;background-size: cover !important;}&#8221;][vc_row parallax_image_attachment=&#8221;inherit&#8221; css=&#8221;.vc_custom_1639602296513{padding-top: 20px !important;padding-bottom: 20px !important;}&#8221;][vc_column width=&#8221;1\/2&#8243; css=&#8221;.vc_custom_1639603345318{margin-bottom: 20px !important;}&#8221;][vc_row_inner][vc_column_inner width=&#8221;1\/2&#8243; css=&#8221;.vc_custom_1639605647058{padding-top: 10px !important;padding-bottom: 10px !important;}&#8221;][\/vc_column_inner][vc_column_inner width=&#8221;1\/2&#8243; css=&#8221;.vc_custom_1639605658368{padding-top: 10px !important;padding-bottom: 10px !important;}&#8221;][\/vc_column_inner][\/vc_row_inner][\/vc_column][vc_column width=&#8221;1\/2&#8243; css=&#8221;.vc_custom_1639603183972{padding-top: 40px !important;padding-bottom: 40px !important;}&#8221;][\/vc_column][\/vc_row][\/vc_section][vc_section][vc_row][vc_column][vc_column_text]Eslovenia es un pa\u00eds peque\u00f1o con abundante belleza natural, lo que lo convierte en un destino popular para los entusiastas del aire libre. Desde senderismo y esqu\u00ed hasta rafting y escalada, siempre hay algo que hacer en el aire libre de Eslovenia. El senderismo es una actividad popular en Eslovenia, con numerosos senderos bien se\u00f1alizados que llevan a...\" \/>\n<meta property=\"og:url\" content=\"https:\/\/www.topo-gps.com\/es\/mapa-topografico-de-eslovenia\/\" \/>\n<meta property=\"og:site_name\" content=\"Topo GPS\" \/>\n<meta property=\"article:modified_time\" content=\"2023-03-19T19:56:01+00:00\" \/>\n<meta name=\"twitter:card\" content=\"summary_large_image\" \/>\n<meta name=\"twitter:label1\" content=\"Tiempo de lectura\" \/>\n\t<meta name=\"twitter:data1\" content=\"7 minutos\" \/>\n<script type=\"application\/ld+json\" class=\"yoast-schema-graph\">{\"@context\":\"https:\\\/\\\/schema.org\",\"@graph\":[{\"@type\":\"WebPage\",\"@id\":\"https:\\\/\\\/www.topo-gps.com\\\/es\\\/mapa-topografico-de-eslovenia\\\/\",\"url\":\"https:\\\/\\\/www.topo-gps.com\\\/es\\\/mapa-topografico-de-eslovenia\\\/\",\"name\":\"Mapa topogr\u00e1fico de Eslovenia - Topo GPS\",\"isPartOf\":{\"@id\":\"https:\\\/\\\/www.topo-gps.com\\\/es\\\/#website\"},\"datePublished\":\"2022-04-07T11:19:45+00:00\",\"dateModified\":\"2023-03-19T19:56:01+00:00\",\"breadcrumb\":{\"@id\":\"https:\\\/\\\/www.topo-gps.com\\\/es\\\/mapa-topografico-de-eslovenia\\\/#breadcrumb\"},\"inLanguage\":\"es\",\"potentialAction\":[{\"@type\":\"ReadAction\",\"target\":[\"https:\\\/\\\/www.topo-gps.com\\\/es\\\/mapa-topografico-de-eslovenia\\\/\"]}]},{\"@type\":\"BreadcrumbList\",\"@id\":\"https:\\\/\\\/www.topo-gps.com\\\/es\\\/mapa-topografico-de-eslovenia\\\/#breadcrumb\",\"itemListElement\":[{\"@type\":\"ListItem\",\"position\":1,\"name\":\"Home\",\"item\":\"https:\\\/\\\/www.topo-gps.com\\\/es\\\/gps-topografico\\\/\"},{\"@type\":\"ListItem\",\"position\":2,\"name\":\"Mapa topogr\u00e1fico de Eslovenia\"}]},{\"@type\":\"WebSite\",\"@id\":\"https:\\\/\\\/www.topo-gps.com\\\/es\\\/#website\",\"url\":\"https:\\\/\\\/www.topo-gps.com\\\/es\\\/\",\"name\":\"Topo GPS\",\"description\":\"Topographic maps GPS for iPhone, Android, iPad and Apple Watch\",\"potentialAction\":[{\"@type\":\"SearchAction\",\"target\":{\"@type\":\"EntryPoint\",\"urlTemplate\":\"https:\\\/\\\/www.topo-gps.com\\\/es\\\/?s={search_term_string}\"},\"query-input\":{\"@type\":\"PropertyValueSpecification\",\"valueRequired\":true,\"valueName\":\"search_term_string\"}}],\"inLanguage\":\"es\"}]}<\/script>\n<!-- \/ Yoast SEO plugin. -->","yoast_head_json":{"title":"Mapa topogr\u00e1fico de Eslovenia - Topo GPS","robots":{"index":"index","follow":"follow","max-snippet":"max-snippet:-1","max-image-preview":"max-image-preview:large","max-video-preview":"max-video-preview:-1"},"canonical":"https:\/\/www.topo-gps.com\/es\/mapa-topografico-de-eslovenia\/","og_locale":"es_ES","og_type":"article","og_title":"Mapa topogr\u00e1fico de Eslovenia - Topo GPS","og_description":"[vc_section enable_inner=&#8221;yes&#8221; section_type=&#8221;hero&#8221; inner_margin_top=&#8221;mt-100&#8243; parallax_image_attachment=&#8221;inherit&#8221; padding_class=&#8221;wide-100&#8243; css=&#8221;.vc_custom_1649338415956{background-image: url(https:\/\/www.topo-gps.com\/wp-content\/uploads\/2022\/04\/68WBpTT8yutv.jpg?id=18507) !important;background-position: center !important;background-repeat: no-repeat !important;background-size: cover !important;}&#8221;][vc_row parallax_image_attachment=&#8221;inherit&#8221; css=&#8221;.vc_custom_1639602296513{padding-top: 20px !important;padding-bottom: 20px !important;}&#8221;][vc_column width=&#8221;1\/2&#8243; css=&#8221;.vc_custom_1639603345318{margin-bottom: 20px !important;}&#8221;][vc_row_inner][vc_column_inner width=&#8221;1\/2&#8243; css=&#8221;.vc_custom_1639605647058{padding-top: 10px !important;padding-bottom: 10px !important;}&#8221;][\/vc_column_inner][vc_column_inner width=&#8221;1\/2&#8243; css=&#8221;.vc_custom_1639605658368{padding-top: 10px !important;padding-bottom: 10px !important;}&#8221;][\/vc_column_inner][\/vc_row_inner][\/vc_column][vc_column width=&#8221;1\/2&#8243; css=&#8221;.vc_custom_1639603183972{padding-top: 40px !important;padding-bottom: 40px !important;}&#8221;][\/vc_column][\/vc_row][\/vc_section][vc_section][vc_row][vc_column][vc_column_text]Eslovenia es un pa\u00eds peque\u00f1o con abundante belleza natural, lo que lo convierte en un destino popular para los entusiastas del aire libre. Desde senderismo y esqu\u00ed hasta rafting y escalada, siempre hay algo que hacer en el aire libre de Eslovenia. El senderismo es una actividad popular en Eslovenia, con numerosos senderos bien se\u00f1alizados que llevan a...","og_url":"https:\/\/www.topo-gps.com\/es\/mapa-topografico-de-eslovenia\/","og_site_name":"Topo GPS","article_modified_time":"2023-03-19T19:56:01+00:00","twitter_card":"summary_large_image","twitter_misc":{"Tiempo de lectura":"7 minutos"},"schema":{"@context":"https:\/\/schema.org","@graph":[{"@type":"WebPage","@id":"https:\/\/www.topo-gps.com\/es\/mapa-topografico-de-eslovenia\/","url":"https:\/\/www.topo-gps.com\/es\/mapa-topografico-de-eslovenia\/","name":"Mapa topogr\u00e1fico de Eslovenia - Topo GPS","isPartOf":{"@id":"https:\/\/www.topo-gps.com\/es\/#website"},"datePublished":"2022-04-07T11:19:45+00:00","dateModified":"2023-03-19T19:56:01+00:00","breadcrumb":{"@id":"https:\/\/www.topo-gps.com\/es\/mapa-topografico-de-eslovenia\/#breadcrumb"},"inLanguage":"es","potentialAction":[{"@type":"ReadAction","target":["https:\/\/www.topo-gps.com\/es\/mapa-topografico-de-eslovenia\/"]}]},{"@type":"BreadcrumbList","@id":"https:\/\/www.topo-gps.com\/es\/mapa-topografico-de-eslovenia\/#breadcrumb","itemListElement":[{"@type":"ListItem","position":1,"name":"Home","item":"https:\/\/www.topo-gps.com\/es\/gps-topografico\/"},{"@type":"ListItem","position":2,"name":"Mapa topogr\u00e1fico de Eslovenia"}]},{"@type":"WebSite","@id":"https:\/\/www.topo-gps.com\/es\/#website","url":"https:\/\/www.topo-gps.com\/es\/","name":"Topo GPS","description":"Topographic maps GPS for iPhone, Android, iPad and Apple Watch","potentialAction":[{"@type":"SearchAction","target":{"@type":"EntryPoint","urlTemplate":"https:\/\/www.topo-gps.com\/es\/?s={search_term_string}"},"query-input":{"@type":"PropertyValueSpecification","valueRequired":true,"valueName":"search_term_string"}}],"inLanguage":"es"}]}},"_links":{"self":[{"href":"https:\/\/www.topo-gps.com\/es\/wp-json\/wp\/v2\/pages\/17542","targetHints":{"allow":["GET"]}}],"collection":[{"href":"https:\/\/www.topo-gps.com\/es\/wp-json\/wp\/v2\/pages"}],"about":[{"href":"https:\/\/www.topo-gps.com\/es\/wp-json\/wp\/v2\/types\/page"}],"author":[{"embeddable":true,"href":"https:\/\/www.topo-gps.com\/es\/wp-json\/wp\/v2\/users\/1"}],"replies":[{"embeddable":true,"href":"https:\/\/www.topo-gps.com\/es\/wp-json\/wp\/v2\/comments?post=17542"}],"version-history":[{"count":0,"href":"https:\/\/www.topo-gps.com\/es\/wp-json\/wp\/v2\/pages\/17542\/revisions"}],"wp:attachment":[{"href":"https:\/\/www.topo-gps.com\/es\/wp-json\/wp\/v2\/media?parent=17542"}],"curies":[{"name":"wp","href":"https:\/\/api.w.org\/{rel}","templated":true}]}}