{"id":17451,"date":"2022-04-07T12:18:00","date_gmt":"2022-04-07T11:18:00","guid":{"rendered":"https:\/\/www.topo-gps.com\/mapa-topografico-de-estados-unidos\/"},"modified":"2023-04-20T06:59:34","modified_gmt":"2023-04-20T05:59:34","slug":"mapa-topografico-de-estados-unidos","status":"publish","type":"page","link":"https:\/\/www.topo-gps.com\/es\/mapa-topografico-de-estados-unidos\/","title":{"rendered":"Mapa topogr\u00e1fico de los Estados Unidos"},"content":{"rendered":"<div class=\"wpb-content-wrapper\"><p>[vc_section enable_inner=&#8221;yes&#8221; section_type=&#8221;hero&#8221; inner_margin_top=&#8221;mt-100&#8243; parallax_image_attachment=&#8221;inherit&#8221; padding_class=&#8221;wide-100&#8243; css=&#8221;.vc_custom_1649340255144{background-image: url(https:\/\/www.topo-gps.com\/wp-content\/uploads\/2022\/04\/us-resized.jpg?id=18647) !important;background-position: center !important;background-repeat: no-repeat !important;background-size: cover !important;}&#8221;][vc_row parallax_image_attachment=&#8221;inherit&#8221; css=&#8221;.vc_custom_1639602296513{padding-top: 20px !important;padding-bottom: 20px !important;}&#8221;][vc_column width=&#8221;1\/2&#8243; css=&#8221;.vc_custom_1639603345318{margin-bottom: 20px !important;}&#8221;]\r\n        <div class=\"vc_custom_1649340339645  hero-txt\"> \r\n            \r\n                     \r\n            <h3 class=\"white-color h3-sm none  wow perch-fadeInUp fadeInUp\" style=\"font-weight: bold;\" data-wow-delay=\"300ms\" data-wow-duration=\"1200ms\">USTopo mapa topogr\u00e1fico de los Estados Unidos en tu iPhone, tel\u00e9fono Android y Apple Watch<\/h3>\r\n             \r\n            \r\n                        \r\n                        \r\n            \r\n                        \r\n                        \r\n                  \r\n        <\/div>[vc_row_inner][vc_column_inner width=&#8221;1\/2&#8243; css=&#8221;.vc_custom_1639605647058{padding-top: 10px !important;padding-bottom: 10px !important;}&#8221;]\r\n        <div class=\"hero-img  wow perch-fadeInUp fadeInUp text-center\" data-wow-delay=\"300ms\" data-wow-duration=\"1200ms\"> \r\n        <a href=\"https:\/\/apps.apple.com\/gb\/app\/topo-gps\/id578960575\" target=\"_self\" class=\"vc_single_image-wrapper  \"><img loading=\"lazy\" decoding=\"async\" class=\"vc_single_image-img img-fluid\" width=\"160\" height=\"50\"  src=\"https:\/\/www.topo-gps.com\/wp-content\/themes\/appset\/images\/appstore.png\" alt=\"External image\" \/><\/a>\r\n        <\/div>[\/vc_column_inner][vc_column_inner width=&#8221;1\/2&#8243; css=&#8221;.vc_custom_1639605658368{padding-top: 10px !important;padding-bottom: 10px !important;}&#8221;]\r\n        <div class=\"hero-img  wow perch-fadeInUp fadeInUp text-center\" data-wow-delay=\"300ms\" data-wow-duration=\"1200ms\"> \r\n        <a href=\"https:\/\/play.google.com\/store\/apps\/details?id=uk.rdzl.topo.gps&amp;hl=en\" target=\"_self\" class=\"vc_single_image-wrapper  \"><img loading=\"lazy\" decoding=\"async\" class=\"vc_single_image-img img-fluid\" width=\"171\" height=\"50\"  src=\"https:\/\/www.topo-gps.com\/wp-content\/themes\/appset\/images\/googleplay.png\" alt=\"External image\" \/><\/a>\r\n        <\/div>[\/vc_column_inner][\/vc_row_inner][\/vc_column][vc_column width=&#8221;1\/2&#8243; css=&#8221;.vc_custom_1639603183972{padding-top: 40px !important;padding-bottom: 40px !important;}&#8221;]\r\n        <div class=\"hero-img  wow perch-fadeInUp fadeInUp\" data-wow-delay=\"300ms\" data-wow-duration=\"1200ms\"> \r\n        <img loading=\"lazy\" decoding=\"async\" class=\"vc_single_image-img img-fluid\" width=\"560\" height=\"604\"  src=\"https:\/\/www.topo-gps.com\/wp-content\/uploads\/2022\/04\/us-map1-1.png\" alt=\"External image\" \/>\r\n        <\/div>[\/vc_column][\/vc_row][\/vc_section][vc_section][vc_row][vc_column]\r\n        <div class=\"section-title  wow perch-fadeInUp fadeInUp text-center\" data-wow-delay=\"300ms\" data-wow-duration=\"1200ms\">\r\n            <h2 class=\"h2-sm\">Los mejores mapas al aire libre para los Estados Unidos<\/h2>\r\n            <p class=\"p-lg\">Los mapas topogr\u00e1ficos oficiales de USTopo del Servicio Geol\u00f3gico de EE. UU. son los mejores mapas al aire libre para EE. UU.<\/p>         \r\n        <\/div>[vc_column_text]Estados Unidos es un pa\u00eds extenso con una diversa gama de paisajes, desde monta\u00f1as y desiertos hasta bosques y playas, que ofrece una gran variedad de actividades al aire libre para todos los intereses y habilidades.<\/p>\n<p>El senderismo es una actividad popular en los Estados Unidos, con muchos parques nacionales y \u00e1reas silvestres que ofrecen senderos impresionantes y vistas impresionantes. Algunos de los destinos de senderismo m\u00e1s populares incluyen el Gran Ca\u00f1\u00f3n en Arizona, el Parque Nacional Yosemite en California y el sendero de los Apalaches, que se extiende desde Georgia hasta Maine.<\/p>\n<p>El esqu\u00ed y el snowboard son actividades populares de invierno en muchas partes de los Estados Unidos, con estaciones de esqu\u00ed de renombre mundial ubicadas en estados como Colorado, Utah y Vermont. Las Monta\u00f1as Rocosas ofrecen algunos de los mejores lugares para esquiar en el pa\u00eds, mientras que los centros tur\u00edsticos en Vermont y New Hampshire ofrecen una experiencia de esqu\u00ed m\u00e1s tradicional en la Costa Este.<\/p>\n<p>Los deportes acu\u00e1ticos tambi\u00e9n son populares en los Estados Unidos, particularmente a lo largo de las costas y en los numerosos lagos y r\u00edos de todo el pa\u00eds. El surf, el remo, el kayak y la pesca son solo algunas de las actividades que los visitantes pueden disfrutar. Los destinos populares para deportes acu\u00e1ticos incluyen Haw\u00e1i, California, Florida y la regi\u00f3n de los Grandes Lagos.<\/p>\n<p>Para aquellos que disfrutan de los deportes extremos, hay muchas opciones en los Estados Unidos, como la escalada en roca, el ciclismo de monta\u00f1a y el rafting en aguas bravas. La regi\u00f3n de Moab en Utah, por ejemplo, es un destino popular para el ciclismo de monta\u00f1a y la escalada en roca, mientras que el r\u00edo Colorado es el favorito para el rafting en aguas bravas.<\/p>\n<p>En general, Estados Unidos ofrece una amplia gama de actividades al aire libre para que disfruten los visitantes, desde caminatas y esqu\u00ed hasta deportes acu\u00e1ticos y deportes extremos. Con tantos paisajes y regiones diferentes para explorar, siempre hay algo nuevo y emocionante para descubrir en el aire libre de los Estados Unidos.[\/vc_column_text][\/vc_column][\/vc_row][vc_row][vc_column width=&#8221;1\/2&#8243;][vc_single_image custom_src=&#8221;https:\/\/www.topo-gps.com\/wp-content\/uploads\/2022\/04\/us-map2.jpg&#8221; external_img_size=&#8221;391&#215;600&#8243; alignment=&#8221;center&#8221;][\/vc_column][vc_column width=&#8221;1\/2&#8243;][vc_row_inner][vc_column_inner width=&#8221;1\/2&#8243;]\r\n        <div class=\"wow perch-fadeInUp fadeInUp fbox\" data-wow-delay=\"300ms\" data-wow-duration=\"1200ms\"> \r\n            <div class=\"fbox grey-color-box\">\r\n                <div class=\"grey-color-icon b-icon box-icon-md\"><span class=\" grey-color\"><\/span><\/div>  \r\n                <div class=\"fbox-txt\">    \r\n                    <h5 class=\"h5-sm\">Mapa topogr\u00e1fico<\/h5>\r\n                    <p class=\"grey-color\">Un mapa topogr\u00e1fico contiene muchos detalles como contornos de altura, caminos peque\u00f1os y uso de la tierra y, por lo tanto, es ideal para navegar al aire libre.<\/p>\r\n                    \r\n                <\/div> \r\n            <\/div>        \r\n        <\/div>\r\n        <div class=\"wow perch-fadeInUp fadeInUp fbox\" data-wow-delay=\"300ms\" data-wow-duration=\"1200ms\"> \r\n            <div class=\"fbox grey-color-box\">\r\n                <div class=\"grey-color-icon b-icon box-icon-md\"><span class=\" grey-color\"><\/span><\/div>  \r\n                <div class=\"fbox-txt\">    \r\n                    <h5 class=\"h5-sm\">USTopo<\/h5>\r\n                    <p class=\"grey-color\">En Topo GPS puede adquirir acceso total a los mapas topogr\u00e1ficos USTopo completos de los Estados Unidos. Los mapas topogr\u00e1ficos USTopo son producidos por el Servicio Geol\u00f3gico de los Estados Unidos. Adem\u00e1s de los mapas topogr\u00e1ficos de EE. UU., tambi\u00e9n ofrecemos im\u00e1genes a\u00e9reas de EE. UU.<\/p>\r\n                    \r\n                <\/div> \r\n            <\/div>        \r\n        <\/div>\r\n        <div class=\"wow perch-fadeInUp fadeInUp fbox\" data-wow-delay=\"300ms\" data-wow-duration=\"1200ms\"> \r\n            <div class=\"fbox grey-color-box\">\r\n                <div class=\"grey-color-icon b-icon box-icon-md\"><span class=\" grey-color\"><\/span><\/div>  \r\n                <div class=\"fbox-txt\">    \r\n                    <h5 class=\"h5-sm\">Precios<\/h5>\r\n                    <p class=\"grey-color\">El acceso completo a los mapas topogr\u00e1ficos completos de USTopo de los Estados Unidos cuesta $ 3.99. Esta es una compra \u00fanica e incluye futuras actualizaciones gratuitas. El mapa est\u00e1 disponible en todos los dispositivos que comparten la misma ID de Apple o cuenta de Google Play.<\/p>\r\n                    \r\n                <\/div> \r\n            <\/div>        \r\n        <\/div>[\/vc_column_inner][vc_column_inner width=&#8221;1\/2&#8243;]\r\n        <div class=\"wow perch-fadeInUp fadeInUp fbox\" data-wow-delay=\"300ms\" data-wow-duration=\"1200ms\"> \r\n            <div class=\"fbox grey-color-box\">\r\n                <div class=\"grey-color-icon b-icon box-icon-md\"><span class=\" grey-color\"><\/span><\/div>  \r\n                <div class=\"fbox-txt\">    \r\n                    <h5 class=\"h5-sm\">mapas sin conexi\u00f3n<\/h5>\r\n                    <p class=\"grey-color\">Puede hacer que los mapas topogr\u00e1ficos est\u00e9n disponibles sin conexi\u00f3n. De esta manera, est\u00e1 seguro de que los mapas que necesita est\u00e1n siempre accesibles.<\/p>\r\n                    \r\n                <\/div> \r\n            <\/div>        \r\n        <\/div>\r\n        <div class=\"wow perch-fadeInUp fadeInUp fbox\" data-wow-delay=\"300ms\" data-wow-duration=\"1200ms\"> \r\n            <div class=\"fbox grey-color-box\">\r\n                <div class=\"grey-color-icon b-icon box-icon-md\"><span class=\" grey-color\"><\/span><\/div>  \r\n                <div class=\"fbox-txt\">    \r\n                    <h5 class=\"h5-sm\">Borrar leyenda<\/h5>\r\n                    <p class=\"grey-color\">El mapa topogr\u00e1fico tiene una leyenda clara con explicaciones de todos los s\u00edmbolos.<\/p>\r\n                    \r\n                <\/div> \r\n            <\/div>        \r\n        <\/div>\r\n        <div class=\"wow perch-fadeInUp fadeInUp fbox\" data-wow-delay=\"300ms\" data-wow-duration=\"1200ms\"> \r\n            <div class=\"fbox grey-color-box\">\r\n                <div class=\"grey-color-icon b-icon box-icon-md\"><span class=\" grey-color\"><\/span><\/div>  \r\n                <div class=\"fbox-txt\">    \r\n                    <h5 class=\"h5-sm\">Aplicaci\u00f3n Topo GPS<\/h5>\r\n                    <p class=\"grey-color\">La aplicaci\u00f3n Topo GPS ofrece muchas funciones \u00fatiles adicionales al mapa topogr\u00e1fico. Como navegar, cargar, planificar y seguir rutas y a\u00f1adir puntos al mapa. Topo GPS contiene todas las funciones de un dispositivo GPS normal.<\/p>\r\n                    \r\n                <\/div> \r\n            <\/div>        \r\n        <\/div>[\/vc_column_inner][\/vc_row_inner][\/vc_column][\/vc_row][\/vc_section][vc_section][vc_row][vc_column]\r\n        <div class=\"section-title  wow perch-fadeInUp fadeInUp text-center\" data-wow-delay=\"300ms\" data-wow-duration=\"1200ms\">\r\n            <h2 class=\"h2-sm\">\u00bfQu\u00e9 mapa preferir\u00edas para explorar al aire libre?<\/h2>\r\n            <p class=\"p-lg\">Comp\u00e1rate a ti mismo<\/p>         \r\n        <\/div>[vc_row_inner][vc_column_inner width=&#8221;1\/3&#8243;][vc_column_text]<\/p>\n<h3 style=\"text-align: center;\">Mapas de Google<\/h3>\n<p>[\/vc_column_text][vc_single_image custom_src=&#8221;https:\/\/www.topo-gps.com\/wp-content\/uploads\/2022\/04\/us-gm.jpg&#8221; external_img_size=&#8221;277&#215;560&#8243; alignment=&#8221;center&#8221;][\/vc_column_inner][vc_column_inner width=&#8221;1\/3&#8243;][vc_column_text]<\/p>\n<h3 style=\"text-align: center;\">OpenStreetMap<\/h3>\n<p>[\/vc_column_text][vc_single_image custom_src=&#8221;https:\/\/www.topo-gps.com\/wp-content\/uploads\/2022\/04\/us-osm.jpg&#8221; external_img_size=&#8221;277&#215;560&#8243; alignment=&#8221;center&#8221;][\/vc_column_inner][vc_column_inner width=&#8221;1\/3&#8243;][vc_column_text]<\/p>\n<h3 style=\"text-align: center;\">Mapa topogr\u00e1fico<\/h3>\n<p>[\/vc_column_text][vc_single_image custom_src=&#8221;https:\/\/www.topo-gps.com\/wp-content\/uploads\/2022\/04\/us-topo.jpg&#8221; external_img_size=&#8221;277&#215;560&#8243; alignment=&#8221;center&#8221;][\/vc_column_inner][\/vc_row_inner][\/vc_column][\/vc_row][\/vc_section][vc_section section_type=&#8221;hero&#8221; hero_type=&#8221;1&#8243; parallax_image_attachment=&#8221;fixed&#8221; padding_class=&#8221;&#8221;][vc_row content_placement=&#8221;&#8221; parallax_image_attachment=&#8221;inherit&#8221;][vc_column width=&#8221;1\/2&#8243; column_inner_style=&#8221;hero-txt&#8221; hero_txt_type=&#8221;1&#8243;]\r\n        <div class=\"hero-txt\"> \r\n            \r\n            <h2 class=\" wow perch-fadeInUp fadeInUp\" data-wow-delay=\"300ms\" data-wow-duration=\"1200ms\">Topo GPS<\/h2>         \r\n            <h3 class=\"h3-sm  wow perch-fadeInUp fadeInUp\" data-wow-delay=\"400ms\" data-wow-duration=\"1200ms\">Convierta su iPhone, tel\u00e9fono o tableta Android en un dispositivo GPS completo con mapas topogr\u00e1ficos disponibles sin conexi\u00f3n.<\/h3>\r\n             \r\n            \r\n                        \r\n                        \r\n            \r\n                        \r\n                        \r\n                  \r\n        <\/div>[vc_row_inner][vc_column_inner width=&#8221;1\/2&#8243; css=&#8221;.vc_custom_1639605647058{padding-top: 10px !important;padding-bottom: 10px !important;}&#8221;]\r\n        <div class=\"hero-img  wow perch-fadeInUp fadeInUp text-center\" data-wow-delay=\"300ms\" data-wow-duration=\"1200ms\"> \r\n        <a href=\"https:\/\/apps.apple.com\/gb\/app\/topo-gps\/id578960575\" target=\"_self\" class=\"vc_single_image-wrapper  \"><img loading=\"lazy\" decoding=\"async\" class=\"vc_single_image-img img-fluid\" width=\"160\" height=\"50\"  src=\"https:\/\/www.topo-gps.com\/wp-content\/themes\/appset\/images\/appstore.png\" alt=\"External image\" \/><\/a>\r\n        <\/div>[\/vc_column_inner][vc_column_inner width=&#8221;1\/2&#8243; css=&#8221;.vc_custom_1639605658368{padding-top: 10px !important;padding-bottom: 10px !important;}&#8221;]\r\n        <div class=\"hero-img  wow perch-fadeInUp fadeInUp text-center\" data-wow-delay=\"300ms\" data-wow-duration=\"1200ms\"> \r\n        <a href=\"https:\/\/play.google.com\/store\/apps\/details?id=uk.rdzl.topo.gps&amp;hl=en\" target=\"_self\" class=\"vc_single_image-wrapper  \"><img loading=\"lazy\" decoding=\"async\" class=\"vc_single_image-img img-fluid\" width=\"171\" height=\"50\"  src=\"https:\/\/www.topo-gps.com\/wp-content\/themes\/appset\/images\/googleplay.png\" alt=\"External image\" \/><\/a>\r\n        <\/div>[\/vc_column_inner][\/vc_row_inner][\/vc_column][vc_column width=&#8221;1\/2&#8243;]\r\n        <div class=\"wow perch-fadeInRight fadeInRight hero-1-img\" data-wow-delay=\"300ms\" data-wow-duration=\"1200ms\"> \r\n        <img decoding=\"async\" class=\"vc_single_image-img img-fluid\"  src=\"https:\/\/www.topo-gps.com\/wp-content\/uploads\/2022\/04\/us-main1.png\" alt=\"External image\" \/>\r\n        <\/div>[\/vc_column][\/vc_row][\/vc_section]<\/p>\n<\/div>","protected":false},"excerpt":{"rendered":"<p>[vc_section enable_inner=&#8221;yes&#8221; section_type=&#8221;hero&#8221; inner_margin_top=&#8221;mt-100&#8243; parallax_image_attachment=&#8221;inherit&#8221; padding_class=&#8221;wide-100&#8243; css=&#8221;.vc_custom_1649340255144{background-image: url(https:\/\/www.topo-gps.com\/wp-content\/uploads\/2022\/04\/us-resized.jpg?id=18647) !important;background-position: center !important;background-repeat: no-repeat !important;background-size: cover !important;}&#8221;][vc_row parallax_image_attachment=&#8221;inherit&#8221; css=&#8221;.vc_custom_1639602296513{padding-top: 20px !important;padding-bottom: 20px !important;}&#8221;][vc_column width=&#8221;1\/2&#8243; css=&#8221;.vc_custom_1639603345318{margin-bottom: 20px !important;}&#8221;][vc_row_inner][vc_column_inner width=&#8221;1\/2&#8243; css=&#8221;.vc_custom_1639605647058{padding-top: 10px !important;padding-bottom: 10px !important;}&#8221;][\/vc_column_inner][vc_column_inner width=&#8221;1\/2&#8243; css=&#8221;.vc_custom_1639605658368{padding-top: 10px !important;padding-bottom: 10px !important;}&#8221;][\/vc_column_inner][\/vc_row_inner][\/vc_column][vc_column width=&#8221;1\/2&#8243; css=&#8221;.vc_custom_1639603183972{padding-top: 40px !important;padding-bottom: 40px !important;}&#8221;][\/vc_column][\/vc_row][\/vc_section][vc_section][vc_row][vc_column][vc_column_text]Estados Unidos es un pa\u00eds extenso con una diversa gama de paisajes, desde monta\u00f1as y desiertos hasta bosques y playas, que ofrece una gran variedad de actividades al aire libre para todos los intereses y habilidades. El senderismo es una actividad popular en los Estados Unidos, con muchos parques nacionales y \u00e1reas silvestres que ofrecen senderos impresionantes y&#8230;<\/p>\n","protected":false},"author":1,"featured_media":0,"parent":0,"menu_order":0,"comment_status":"closed","ping_status":"closed","template":"","meta":{"footnotes":""},"class_list":["post-17451","page","type-page","status-publish","hentry","no-post-thumbnail"],"yoast_head":"<!-- This site is optimized with the Yoast SEO plugin v27.4 - https:\/\/yoast.com\/product\/yoast-seo-wordpress\/ -->\n<title>Mapa topogr\u00e1fico de los Estados Unidos - Topo GPS<\/title>\n<meta name=\"robots\" content=\"index, follow, max-snippet:-1, max-image-preview:large, max-video-preview:-1\" \/>\n<link rel=\"canonical\" href=\"https:\/\/www.topo-gps.com\/es\/mapa-topografico-de-estados-unidos\/\" \/>\n<meta property=\"og:locale\" content=\"es_ES\" \/>\n<meta property=\"og:type\" content=\"article\" \/>\n<meta property=\"og:title\" content=\"Mapa topogr\u00e1fico de los Estados Unidos - Topo GPS\" \/>\n<meta property=\"og:description\" content=\"[vc_section enable_inner=&#8221;yes&#8221; section_type=&#8221;hero&#8221; inner_margin_top=&#8221;mt-100&#8243; parallax_image_attachment=&#8221;inherit&#8221; padding_class=&#8221;wide-100&#8243; css=&#8221;.vc_custom_1649340255144{background-image: url(https:\/\/www.topo-gps.com\/wp-content\/uploads\/2022\/04\/us-resized.jpg?id=18647) !important;background-position: center !important;background-repeat: no-repeat !important;background-size: cover !important;}&#8221;][vc_row parallax_image_attachment=&#8221;inherit&#8221; css=&#8221;.vc_custom_1639602296513{padding-top: 20px !important;padding-bottom: 20px !important;}&#8221;][vc_column width=&#8221;1\/2&#8243; css=&#8221;.vc_custom_1639603345318{margin-bottom: 20px !important;}&#8221;][vc_row_inner][vc_column_inner width=&#8221;1\/2&#8243; css=&#8221;.vc_custom_1639605647058{padding-top: 10px !important;padding-bottom: 10px !important;}&#8221;][\/vc_column_inner][vc_column_inner width=&#8221;1\/2&#8243; css=&#8221;.vc_custom_1639605658368{padding-top: 10px !important;padding-bottom: 10px !important;}&#8221;][\/vc_column_inner][\/vc_row_inner][\/vc_column][vc_column width=&#8221;1\/2&#8243; css=&#8221;.vc_custom_1639603183972{padding-top: 40px !important;padding-bottom: 40px !important;}&#8221;][\/vc_column][\/vc_row][\/vc_section][vc_section][vc_row][vc_column][vc_column_text]Estados Unidos es un pa\u00eds extenso con una diversa gama de paisajes, desde monta\u00f1as y desiertos hasta bosques y playas, que ofrece una gran variedad de actividades al aire libre para todos los intereses y habilidades. El senderismo es una actividad popular en los Estados Unidos, con muchos parques nacionales y \u00e1reas silvestres que ofrecen senderos impresionantes y...\" \/>\n<meta property=\"og:url\" content=\"https:\/\/www.topo-gps.com\/es\/mapa-topografico-de-estados-unidos\/\" \/>\n<meta property=\"og:site_name\" content=\"Topo GPS\" \/>\n<meta property=\"article:modified_time\" content=\"2023-04-20T05:59:34+00:00\" \/>\n<meta name=\"twitter:card\" content=\"summary_large_image\" \/>\n<meta name=\"twitter:label1\" content=\"Tiempo de lectura\" \/>\n\t<meta name=\"twitter:data1\" content=\"7 minutos\" \/>\n<script type=\"application\/ld+json\" class=\"yoast-schema-graph\">{\"@context\":\"https:\\\/\\\/schema.org\",\"@graph\":[{\"@type\":\"WebPage\",\"@id\":\"https:\\\/\\\/www.topo-gps.com\\\/es\\\/mapa-topografico-de-estados-unidos\\\/\",\"url\":\"https:\\\/\\\/www.topo-gps.com\\\/es\\\/mapa-topografico-de-estados-unidos\\\/\",\"name\":\"Mapa topogr\u00e1fico de los Estados Unidos - Topo GPS\",\"isPartOf\":{\"@id\":\"https:\\\/\\\/www.topo-gps.com\\\/es\\\/#website\"},\"datePublished\":\"2022-04-07T11:18:00+00:00\",\"dateModified\":\"2023-04-20T05:59:34+00:00\",\"breadcrumb\":{\"@id\":\"https:\\\/\\\/www.topo-gps.com\\\/es\\\/mapa-topografico-de-estados-unidos\\\/#breadcrumb\"},\"inLanguage\":\"es\",\"potentialAction\":[{\"@type\":\"ReadAction\",\"target\":[\"https:\\\/\\\/www.topo-gps.com\\\/es\\\/mapa-topografico-de-estados-unidos\\\/\"]}]},{\"@type\":\"BreadcrumbList\",\"@id\":\"https:\\\/\\\/www.topo-gps.com\\\/es\\\/mapa-topografico-de-estados-unidos\\\/#breadcrumb\",\"itemListElement\":[{\"@type\":\"ListItem\",\"position\":1,\"name\":\"Home\",\"item\":\"https:\\\/\\\/www.topo-gps.com\\\/es\\\/gps-topografico\\\/\"},{\"@type\":\"ListItem\",\"position\":2,\"name\":\"Mapa topogr\u00e1fico de los Estados Unidos\"}]},{\"@type\":\"WebSite\",\"@id\":\"https:\\\/\\\/www.topo-gps.com\\\/es\\\/#website\",\"url\":\"https:\\\/\\\/www.topo-gps.com\\\/es\\\/\",\"name\":\"Topo GPS\",\"description\":\"Topographic maps GPS for iPhone, Android, iPad and Apple Watch\",\"potentialAction\":[{\"@type\":\"SearchAction\",\"target\":{\"@type\":\"EntryPoint\",\"urlTemplate\":\"https:\\\/\\\/www.topo-gps.com\\\/es\\\/?s={search_term_string}\"},\"query-input\":{\"@type\":\"PropertyValueSpecification\",\"valueRequired\":true,\"valueName\":\"search_term_string\"}}],\"inLanguage\":\"es\"}]}<\/script>\n<!-- \/ Yoast SEO plugin. -->","yoast_head_json":{"title":"Mapa topogr\u00e1fico de los Estados Unidos - Topo GPS","robots":{"index":"index","follow":"follow","max-snippet":"max-snippet:-1","max-image-preview":"max-image-preview:large","max-video-preview":"max-video-preview:-1"},"canonical":"https:\/\/www.topo-gps.com\/es\/mapa-topografico-de-estados-unidos\/","og_locale":"es_ES","og_type":"article","og_title":"Mapa topogr\u00e1fico de los Estados Unidos - Topo GPS","og_description":"[vc_section enable_inner=&#8221;yes&#8221; section_type=&#8221;hero&#8221; inner_margin_top=&#8221;mt-100&#8243; parallax_image_attachment=&#8221;inherit&#8221; padding_class=&#8221;wide-100&#8243; css=&#8221;.vc_custom_1649340255144{background-image: url(https:\/\/www.topo-gps.com\/wp-content\/uploads\/2022\/04\/us-resized.jpg?id=18647) !important;background-position: center !important;background-repeat: no-repeat !important;background-size: cover !important;}&#8221;][vc_row parallax_image_attachment=&#8221;inherit&#8221; css=&#8221;.vc_custom_1639602296513{padding-top: 20px !important;padding-bottom: 20px !important;}&#8221;][vc_column width=&#8221;1\/2&#8243; css=&#8221;.vc_custom_1639603345318{margin-bottom: 20px !important;}&#8221;][vc_row_inner][vc_column_inner width=&#8221;1\/2&#8243; css=&#8221;.vc_custom_1639605647058{padding-top: 10px !important;padding-bottom: 10px !important;}&#8221;][\/vc_column_inner][vc_column_inner width=&#8221;1\/2&#8243; css=&#8221;.vc_custom_1639605658368{padding-top: 10px !important;padding-bottom: 10px !important;}&#8221;][\/vc_column_inner][\/vc_row_inner][\/vc_column][vc_column width=&#8221;1\/2&#8243; css=&#8221;.vc_custom_1639603183972{padding-top: 40px !important;padding-bottom: 40px !important;}&#8221;][\/vc_column][\/vc_row][\/vc_section][vc_section][vc_row][vc_column][vc_column_text]Estados Unidos es un pa\u00eds extenso con una diversa gama de paisajes, desde monta\u00f1as y desiertos hasta bosques y playas, que ofrece una gran variedad de actividades al aire libre para todos los intereses y habilidades. El senderismo es una actividad popular en los Estados Unidos, con muchos parques nacionales y \u00e1reas silvestres que ofrecen senderos impresionantes y...","og_url":"https:\/\/www.topo-gps.com\/es\/mapa-topografico-de-estados-unidos\/","og_site_name":"Topo GPS","article_modified_time":"2023-04-20T05:59:34+00:00","twitter_card":"summary_large_image","twitter_misc":{"Tiempo de lectura":"7 minutos"},"schema":{"@context":"https:\/\/schema.org","@graph":[{"@type":"WebPage","@id":"https:\/\/www.topo-gps.com\/es\/mapa-topografico-de-estados-unidos\/","url":"https:\/\/www.topo-gps.com\/es\/mapa-topografico-de-estados-unidos\/","name":"Mapa topogr\u00e1fico de los Estados Unidos - Topo GPS","isPartOf":{"@id":"https:\/\/www.topo-gps.com\/es\/#website"},"datePublished":"2022-04-07T11:18:00+00:00","dateModified":"2023-04-20T05:59:34+00:00","breadcrumb":{"@id":"https:\/\/www.topo-gps.com\/es\/mapa-topografico-de-estados-unidos\/#breadcrumb"},"inLanguage":"es","potentialAction":[{"@type":"ReadAction","target":["https:\/\/www.topo-gps.com\/es\/mapa-topografico-de-estados-unidos\/"]}]},{"@type":"BreadcrumbList","@id":"https:\/\/www.topo-gps.com\/es\/mapa-topografico-de-estados-unidos\/#breadcrumb","itemListElement":[{"@type":"ListItem","position":1,"name":"Home","item":"https:\/\/www.topo-gps.com\/es\/gps-topografico\/"},{"@type":"ListItem","position":2,"name":"Mapa topogr\u00e1fico de los Estados Unidos"}]},{"@type":"WebSite","@id":"https:\/\/www.topo-gps.com\/es\/#website","url":"https:\/\/www.topo-gps.com\/es\/","name":"Topo GPS","description":"Topographic maps GPS for iPhone, Android, iPad and Apple Watch","potentialAction":[{"@type":"SearchAction","target":{"@type":"EntryPoint","urlTemplate":"https:\/\/www.topo-gps.com\/es\/?s={search_term_string}"},"query-input":{"@type":"PropertyValueSpecification","valueRequired":true,"valueName":"search_term_string"}}],"inLanguage":"es"}]}},"_links":{"self":[{"href":"https:\/\/www.topo-gps.com\/es\/wp-json\/wp\/v2\/pages\/17451","targetHints":{"allow":["GET"]}}],"collection":[{"href":"https:\/\/www.topo-gps.com\/es\/wp-json\/wp\/v2\/pages"}],"about":[{"href":"https:\/\/www.topo-gps.com\/es\/wp-json\/wp\/v2\/types\/page"}],"author":[{"embeddable":true,"href":"https:\/\/www.topo-gps.com\/es\/wp-json\/wp\/v2\/users\/1"}],"replies":[{"embeddable":true,"href":"https:\/\/www.topo-gps.com\/es\/wp-json\/wp\/v2\/comments?post=17451"}],"version-history":[{"count":0,"href":"https:\/\/www.topo-gps.com\/es\/wp-json\/wp\/v2\/pages\/17451\/revisions"}],"wp:attachment":[{"href":"https:\/\/www.topo-gps.com\/es\/wp-json\/wp\/v2\/media?parent=17451"}],"curies":[{"name":"wp","href":"https:\/\/api.w.org\/{rel}","templated":true}]}}