{"id":14159,"date":"2022-04-06T14:57:23","date_gmt":"2022-04-06T13:57:23","guid":{"rendered":"https:\/\/www.topo-gps.com\/mapa-topografico-de-los-paises-bajos\/"},"modified":"2023-04-20T06:59:33","modified_gmt":"2023-04-20T05:59:33","slug":"mapa-topografico-de-los-paises-bajos","status":"publish","type":"page","link":"https:\/\/www.topo-gps.com\/es\/mapa-topografico-de-los-paises-bajos\/","title":{"rendered":"Mapa topogr\u00e1fico de los Pa\u00edses Bajos"},"content":{"rendered":"<div class=\"wpb-content-wrapper\"><p>[vc_section enable_inner=&#8221;yes&#8221; section_type=&#8221;hero&#8221; inner_margin_top=&#8221;mt-100&#8243; parallax_image_attachment=&#8221;inherit&#8221; padding_class=&#8221;wide-100&#8243; css=&#8221;.vc_custom_1649266111349{background-image: url(https:\/\/www.topo-gps.com\/wp-content\/uploads\/2022\/04\/k7ivazl7RHWM.jpg?id=16051) !important;background-position: center !important;background-repeat: no-repeat !important;background-size: cover !important;}&#8221;][vc_row parallax_image_attachment=&#8221;inherit&#8221; css=&#8221;.vc_custom_1639602296513{padding-top: 20px !important;padding-bottom: 20px !important;}&#8221;][vc_column width=&#8221;1\/2&#8243; css=&#8221;.vc_custom_1639603345318{margin-bottom: 20px !important;}&#8221;]\r\n        <div class=\"vc_custom_1649257208221  hero-txt\"> \r\n            \r\n                     \r\n            <h3 class=\"white-color h3-sm none  wow perch-fadeInUp fadeInUp\" style=\"font-weight: bold;\" data-wow-delay=\"300ms\" data-wow-duration=\"1200ms\">Mapa topogr\u00e1fico de los Pa\u00edses Bajos en tu iPhone, tel\u00e9fono Android y Apple Watch<\/h3>\r\n             \r\n            \r\n                        \r\n                        \r\n            \r\n                        \r\n                        \r\n                  \r\n        <\/div>[vc_row_inner][vc_column_inner width=&#8221;1\/2&#8243; css=&#8221;.vc_custom_1639605647058{padding-top: 10px !important;padding-bottom: 10px !important;}&#8221;]\r\n        <div class=\"hero-img  wow perch-fadeInUp fadeInUp text-center\" data-wow-delay=\"300ms\" data-wow-duration=\"1200ms\"> \r\n        <a href=\"https:\/\/apps.apple.com\/gb\/app\/topo-gps\/id578960575\" target=\"_self\" class=\"vc_single_image-wrapper  \"><img loading=\"lazy\" decoding=\"async\" class=\"vc_single_image-img img-fluid\" width=\"160\" height=\"50\"  src=\"https:\/\/www.topo-gps.com\/wp-content\/themes\/appset\/images\/appstore.png\" alt=\"External image\" \/><\/a>\r\n        <\/div>[\/vc_column_inner][vc_column_inner width=&#8221;1\/2&#8243; css=&#8221;.vc_custom_1639605658368{padding-top: 10px !important;padding-bottom: 10px !important;}&#8221;]\r\n        <div class=\"hero-img  wow perch-fadeInUp fadeInUp text-center\" data-wow-delay=\"300ms\" data-wow-duration=\"1200ms\"> \r\n        <a href=\"https:\/\/play.google.com\/store\/apps\/details?id=uk.rdzl.topo.gps&amp;hl=en\" target=\"_self\" class=\"vc_single_image-wrapper  \"><img loading=\"lazy\" decoding=\"async\" class=\"vc_single_image-img img-fluid\" width=\"171\" height=\"50\"  src=\"https:\/\/www.topo-gps.com\/wp-content\/themes\/appset\/images\/googleplay.png\" alt=\"External image\" \/><\/a>\r\n        <\/div>[\/vc_column_inner][\/vc_row_inner][\/vc_column][vc_column width=&#8221;1\/2&#8243; css=&#8221;.vc_custom_1639603183972{padding-top: 40px !important;padding-bottom: 40px !important;}&#8221;]\r\n        <div class=\"hero-img  wow perch-fadeInUp fadeInUp\" data-wow-delay=\"300ms\" data-wow-duration=\"1200ms\"> \r\n        <img loading=\"lazy\" decoding=\"async\" class=\"vc_single_image-img img-fluid\" width=\"560\" height=\"604\"  src=\"https:\/\/www.topo-gps.com\/wp-content\/uploads\/2022\/04\/nl-map.png\" alt=\"External image\" \/>\r\n        <\/div>[\/vc_column][\/vc_row][\/vc_section][vc_section][vc_row][vc_column]\r\n        <div class=\"section-title  wow perch-fadeInUp fadeInUp text-center\" data-wow-delay=\"300ms\" data-wow-duration=\"1200ms\">\r\n            <h2 class=\"h2-sm\">Los mejores mapas al aire libre de los Pa\u00edses Bajos<\/h2>\r\n            <p class=\"p-lg\">Los mapas topogr\u00e1ficos oficiales Top25Raster son los mejores mapas al aire libre para los Pa\u00edses Bajos.<\/p>         \r\n        <\/div>[vc_column_text]Holanda es un pa\u00eds relativamente llano, pero eso no significa que carezca de actividades al aire libre. El ciclismo es quiz\u00e1s la actividad al aire libre m\u00e1s popular en los Pa\u00edses Bajos, con una extensa red de rutas ciclistas y carriles exclusivos para ciclistas. El campo est\u00e1 salpicado de pintorescos pueblos, molinos de viento y campos de coloridos tulipanes, lo que hace que andar en bicicleta sea una forma relajante y pintoresca de explorar el pa\u00eds.<\/p>\n<p>Adem\u00e1s del ciclismo, el senderismo tambi\u00e9n es una actividad popular en los Pa\u00edses Bajos, especialmente en el este del pa\u00eds, donde hay colinas y bosques. El Parque Nacional Veluwe, por ejemplo, ofrece varias rutas de senderismo que llevan a los visitantes a trav\u00e9s de hermosos paisajes y sitios hist\u00f3ricos pasados, como el Museo Kr\u00f6ller-M\u00fcller.<\/p>\n<p>Los deportes acu\u00e1ticos tambi\u00e9n son populares en los Pa\u00edses Bajos, en particular la vela y el windsurf. La costa holandesa est\u00e1 salpicada de pintorescas ciudades costeras y playas, mientras que los lagos y r\u00edos del interior brindan muchas oportunidades para practicar vela y windsurf. Los lagos de Frisia, por ejemplo, son un destino popular para navegar, con varias ciudades y pueblos que ofrecen puertos deportivos y otras instalaciones para los navegantes.<\/p>\n<p>Para aquellos que buscan una actividad m\u00e1s relajada, ir de picnic y disfrutar de la naturaleza en alguno de los muchos parques que hay a lo largo del pa\u00eds es una gran opci\u00f3n. El Vondelpark en Amsterdam, por ejemplo, es un lugar popular para hacer un picnic, observar a la gente y disfrutar de conciertos y actuaciones al aire libre.<\/p>\n<p>En general, si bien los Pa\u00edses Bajos pueden no tener los paisajes espectaculares o las actividades al aire libre extremas de otros pa\u00edses, ofrece una variedad de actividades al aire libre que son accesibles y agradables para todas las edades y habilidades. Ya sea ciclismo, senderismo, deportes acu\u00e1ticos o simplemente disfrutar de un picnic en un parque, siempre hay algo que hacer en el aire libre de los Pa\u00edses Bajos.[\/vc_column_text][\/vc_column][\/vc_row][vc_row][vc_column width=&#8221;1\/2&#8243;][vc_single_image custom_src=&#8221;https:\/\/www.topo-gps.com\/wp-content\/uploads\/2022\/04\/nl-map2.jpg&#8221; external_img_size=&#8221;391&#215;600&#8243; alignment=&#8221;center&#8221;][\/vc_column][vc_column width=&#8221;1\/2&#8243;][vc_row_inner][vc_column_inner width=&#8221;1\/2&#8243;]\r\n        <div class=\"wow perch-fadeInUp fadeInUp fbox\" data-wow-delay=\"300ms\" data-wow-duration=\"1200ms\"> \r\n            <div class=\"fbox grey-color-box\">\r\n                <div class=\"grey-color-icon b-icon box-icon-md\"><span class=\" grey-color\"><\/span><\/div>  \r\n                <div class=\"fbox-txt\">    \r\n                    <h5 class=\"h5-sm\">Mapa topogr\u00e1fico<\/h5>\r\n                    <p class=\"grey-color\">Un mapa topogr\u00e1fico contiene muchos detalles como contornos de altura, caminos peque\u00f1os y uso de la tierra y, por lo tanto, es ideal para navegar al aire libre.<\/p>\r\n                    \r\n                <\/div> \r\n            <\/div>        \r\n        <\/div>\r\n        <div class=\"wow perch-fadeInUp fadeInUp fbox\" data-wow-delay=\"300ms\" data-wow-duration=\"1200ms\"> \r\n            <div class=\"fbox grey-color-box\">\r\n                <div class=\"grey-color-icon b-icon box-icon-md\"><span class=\" grey-color\"><\/span><\/div>  \r\n                <div class=\"fbox-txt\">    \r\n                    <h5 class=\"h5-sm\">Top25R\u00e1ster<\/h5>\r\n                    <p class=\"grey-color\">En la aplicaci\u00f3n Topo GPS puede comprar el mejor mapa topogr\u00e1fico de los Pa\u00edses Bajos, el mapa topogr\u00e1fico 1:25,000 Top25Raster producido por Kadaster. Kadaster es la organizaci\u00f3n nacional de agrimensura de los Pa\u00edses Bajos.<\/p>\r\n                    \r\n                <\/div> \r\n            <\/div>        \r\n        <\/div>\r\n        <div class=\"wow perch-fadeInUp fadeInUp fbox\" data-wow-delay=\"300ms\" data-wow-duration=\"1200ms\"> \r\n            <div class=\"fbox grey-color-box\">\r\n                <div class=\"grey-color-icon b-icon box-icon-md\"><span class=\" grey-color\"><\/span><\/div>  \r\n                <div class=\"fbox-txt\">    \r\n                    <h5 class=\"h5-sm\">Precios<\/h5>\r\n                    <p class=\"grey-color\">Por 3,99 \u20ac puedes adquirir acceso completo al mapa topogr\u00e1fico completo de los Pa\u00edses Bajos en Topo GPS. Se incluyen actualizaciones gratuitas. Los mapas est\u00e1n disponibles en todos los dispositivos que usan la misma ID de Apple o cuenta de Google Play.<\/p>\r\n                    \r\n                <\/div> \r\n            <\/div>        \r\n        <\/div>[\/vc_column_inner][vc_column_inner width=&#8221;1\/2&#8243;]\r\n        <div class=\"wow perch-fadeInUp fadeInUp fbox\" data-wow-delay=\"300ms\" data-wow-duration=\"1200ms\"> \r\n            <div class=\"fbox grey-color-box\">\r\n                <div class=\"grey-color-icon b-icon box-icon-md\"><span class=\" grey-color\"><\/span><\/div>  \r\n                <div class=\"fbox-txt\">    \r\n                    <h5 class=\"h5-sm\">mapas sin conexi\u00f3n<\/h5>\r\n                    <p class=\"grey-color\">Puede hacer que los mapas topogr\u00e1ficos est\u00e9n disponibles sin conexi\u00f3n. De esta manera, est\u00e1 seguro de que los mapas que necesita est\u00e1n siempre accesibles.<\/p>\r\n                    \r\n                <\/div> \r\n            <\/div>        \r\n        <\/div>\r\n        <div class=\"wow perch-fadeInUp fadeInUp fbox\" data-wow-delay=\"300ms\" data-wow-duration=\"1200ms\"> \r\n            <div class=\"fbox grey-color-box\">\r\n                <div class=\"grey-color-icon b-icon box-icon-md\"><span class=\" grey-color\"><\/span><\/div>  \r\n                <div class=\"fbox-txt\">    \r\n                    <h5 class=\"h5-sm\">Borrar leyenda<\/h5>\r\n                    <p class=\"grey-color\">El mapa topogr\u00e1fico tiene una leyenda clara con explicaciones de todos los s\u00edmbolos.<\/p>\r\n                    \r\n                <\/div> \r\n            <\/div>        \r\n        <\/div>\r\n        <div class=\"wow perch-fadeInUp fadeInUp fbox\" data-wow-delay=\"300ms\" data-wow-duration=\"1200ms\"> \r\n            <div class=\"fbox grey-color-box\">\r\n                <div class=\"grey-color-icon b-icon box-icon-md\"><span class=\" grey-color\"><\/span><\/div>  \r\n                <div class=\"fbox-txt\">    \r\n                    <h5 class=\"h5-sm\">Aplicaci\u00f3n Topo GPS<\/h5>\r\n                    <p class=\"grey-color\">La aplicaci\u00f3n Topo GPS ofrece muchas funciones \u00fatiles adicionales al mapa topogr\u00e1fico. Como navegar, cargar, planificar y seguir rutas y a\u00f1adir puntos al mapa. Topo GPS contiene todas las funciones de un dispositivo GPS normal.<\/p>\r\n                    \r\n                <\/div> \r\n            <\/div>        \r\n        <\/div>[\/vc_column_inner][\/vc_row_inner][\/vc_column][\/vc_row][\/vc_section][vc_section][vc_row][vc_column]\r\n        <div class=\"section-title  wow perch-fadeInUp fadeInUp text-center\" data-wow-delay=\"300ms\" data-wow-duration=\"1200ms\">\r\n            <h2 class=\"h2-sm\">\u00bfQu\u00e9 mapa preferir\u00edas para explorar al aire libre?<\/h2>\r\n            <p class=\"p-lg\">Comp\u00e1rate a ti mismo<\/p>         \r\n        <\/div>[vc_row_inner][vc_column_inner width=&#8221;1\/3&#8243;][vc_column_text]<\/p>\n<h3 style=\"text-align: center;\">Mapas de Google<\/h3>\n<p>[\/vc_column_text][vc_single_image custom_src=&#8221;https:\/\/www.topo-gps.com\/wp-content\/uploads\/2022\/04\/nl-gm.jpg&#8221; external_img_size=&#8221;277&#215;560&#8243; alignment=&#8221;center&#8221;][\/vc_column_inner][vc_column_inner width=&#8221;1\/3&#8243;][vc_column_text]<\/p>\n<h3 style=\"text-align: center;\">OpenStreetMap<\/h3>\n<p>[\/vc_column_text][vc_single_image custom_src=&#8221;https:\/\/www.topo-gps.com\/wp-content\/uploads\/2022\/04\/nl-osm.jpg&#8221; external_img_size=&#8221;277&#215;560&#8243; alignment=&#8221;center&#8221;][\/vc_column_inner][vc_column_inner width=&#8221;1\/3&#8243;][vc_column_text]<\/p>\n<h3 style=\"text-align: center;\">Mapa topogr\u00e1fico<\/h3>\n<p>[\/vc_column_text][vc_single_image custom_src=&#8221;https:\/\/www.topo-gps.com\/wp-content\/uploads\/2022\/04\/nl-tg.jpg&#8221; external_img_size=&#8221;277&#215;560&#8243; alignment=&#8221;center&#8221;][\/vc_column_inner][\/vc_row_inner][\/vc_column][\/vc_row][\/vc_section][vc_section section_type=&#8221;hero&#8221; hero_type=&#8221;1&#8243; parallax_image_attachment=&#8221;fixed&#8221; padding_class=&#8221;&#8221;][vc_row content_placement=&#8221;&#8221; parallax_image_attachment=&#8221;inherit&#8221;][vc_column width=&#8221;1\/2&#8243; column_inner_style=&#8221;hero-txt&#8221; hero_txt_type=&#8221;1&#8243;]\r\n        <div class=\"hero-txt\"> \r\n            \r\n            <h2 class=\" wow perch-fadeInUp fadeInUp\" data-wow-delay=\"300ms\" data-wow-duration=\"1200ms\">Topo GPS<\/h2>         \r\n            <h3 class=\"h3-sm  wow perch-fadeInUp fadeInUp\" data-wow-delay=\"400ms\" data-wow-duration=\"1200ms\">Convierta su iPhone, tel\u00e9fono o tableta Android en un dispositivo GPS completo con mapas topogr\u00e1ficos disponibles sin conexi\u00f3n.<\/h3>\r\n             \r\n            \r\n                        \r\n                        \r\n            \r\n                        \r\n                        \r\n                  \r\n        <\/div>[vc_row_inner][vc_column_inner width=&#8221;1\/2&#8243; css=&#8221;.vc_custom_1639605647058{padding-top: 10px !important;padding-bottom: 10px !important;}&#8221;]\r\n        <div class=\"hero-img  wow perch-fadeInUp fadeInUp text-center\" data-wow-delay=\"300ms\" data-wow-duration=\"1200ms\"> \r\n        <a href=\"https:\/\/apps.apple.com\/gb\/app\/topo-gps\/id578960575\" target=\"_self\" class=\"vc_single_image-wrapper  \"><img loading=\"lazy\" decoding=\"async\" class=\"vc_single_image-img img-fluid\" width=\"160\" height=\"50\"  src=\"https:\/\/www.topo-gps.com\/wp-content\/themes\/appset\/images\/appstore.png\" alt=\"External image\" \/><\/a>\r\n        <\/div>[\/vc_column_inner][vc_column_inner width=&#8221;1\/2&#8243; css=&#8221;.vc_custom_1639605658368{padding-top: 10px !important;padding-bottom: 10px !important;}&#8221;]\r\n        <div class=\"hero-img  wow perch-fadeInUp fadeInUp text-center\" data-wow-delay=\"300ms\" data-wow-duration=\"1200ms\"> \r\n        <a href=\"https:\/\/play.google.com\/store\/apps\/details?id=uk.rdzl.topo.gps&amp;hl=en\" target=\"_self\" class=\"vc_single_image-wrapper  \"><img loading=\"lazy\" decoding=\"async\" class=\"vc_single_image-img img-fluid\" width=\"171\" height=\"50\"  src=\"https:\/\/www.topo-gps.com\/wp-content\/themes\/appset\/images\/googleplay.png\" alt=\"External image\" \/><\/a>\r\n        <\/div>[\/vc_column_inner][\/vc_row_inner][\/vc_column][vc_column width=&#8221;1\/2&#8243;]\r\n        <div class=\"wow perch-fadeInRight fadeInRight hero-1-img\" data-wow-delay=\"300ms\" data-wow-duration=\"1200ms\"> \r\n        <img decoding=\"async\" class=\"vc_single_image-img img-fluid\"  src=\"https:\/\/www.topo-gps.com\/wp-content\/uploads\/2022\/04\/nl-main-1.png\" alt=\"External image\" \/>\r\n        <\/div>[\/vc_column][\/vc_row][\/vc_section]<\/p>\n<\/div>","protected":false},"excerpt":{"rendered":"<p>[vc_section enable_inner=&#8221;yes&#8221; section_type=&#8221;hero&#8221; inner_margin_top=&#8221;mt-100&#8243; parallax_image_attachment=&#8221;inherit&#8221; padding_class=&#8221;wide-100&#8243; css=&#8221;.vc_custom_1649266111349{background-image: url(https:\/\/www.topo-gps.com\/wp-content\/uploads\/2022\/04\/k7ivazl7RHWM.jpg?id=16051) !important;background-position: center !important;background-repeat: no-repeat !important;background-size: cover !important;}&#8221;][vc_row parallax_image_attachment=&#8221;inherit&#8221; css=&#8221;.vc_custom_1639602296513{padding-top: 20px !important;padding-bottom: 20px !important;}&#8221;][vc_column width=&#8221;1\/2&#8243; css=&#8221;.vc_custom_1639603345318{margin-bottom: 20px !important;}&#8221;][vc_row_inner][vc_column_inner width=&#8221;1\/2&#8243; css=&#8221;.vc_custom_1639605647058{padding-top: 10px !important;padding-bottom: 10px !important;}&#8221;][\/vc_column_inner][vc_column_inner width=&#8221;1\/2&#8243; css=&#8221;.vc_custom_1639605658368{padding-top: 10px !important;padding-bottom: 10px !important;}&#8221;][\/vc_column_inner][\/vc_row_inner][\/vc_column][vc_column width=&#8221;1\/2&#8243; css=&#8221;.vc_custom_1639603183972{padding-top: 40px !important;padding-bottom: 40px !important;}&#8221;][\/vc_column][\/vc_row][\/vc_section][vc_section][vc_row][vc_column][vc_column_text]Holanda es un pa\u00eds relativamente llano, pero eso no significa que carezca de actividades al aire libre. El ciclismo es quiz\u00e1s la actividad al aire libre m\u00e1s popular en los Pa\u00edses Bajos, con una extensa red de rutas ciclistas y carriles exclusivos para ciclistas. El campo est\u00e1 salpicado de pintorescos pueblos, molinos de viento y campos de coloridos&#8230;<\/p>\n","protected":false},"author":1,"featured_media":0,"parent":0,"menu_order":0,"comment_status":"closed","ping_status":"closed","template":"","meta":{"footnotes":""},"class_list":["post-14159","page","type-page","status-publish","hentry","no-post-thumbnail"],"yoast_head":"<!-- This site is optimized with the Yoast SEO plugin v27.6 - https:\/\/yoast.com\/product\/yoast-seo-wordpress\/ -->\n<title>Mapa topogr\u00e1fico de los Pa\u00edses Bajos - Topo GPS<\/title>\n<meta name=\"description\" content=\"Mapa topogr\u00e1fico de los Pa\u00edses Bajos en iPhone, tel\u00e9fono Android, tableta y Apple Watch en la aplicaci\u00f3n de navegaci\u00f3n al aire libre con calificaci\u00f3n de 4,6 estrellas Topo GPS.\" \/>\n<meta name=\"robots\" content=\"index, follow, max-snippet:-1, max-image-preview:large, max-video-preview:-1\" \/>\n<link rel=\"canonical\" href=\"https:\/\/www.topo-gps.com\/es\/mapa-topografico-de-los-paises-bajos\/\" \/>\n<meta property=\"og:locale\" content=\"es_ES\" \/>\n<meta property=\"og:type\" content=\"article\" \/>\n<meta property=\"og:title\" content=\"Mapa topogr\u00e1fico de los Pa\u00edses Bajos - Topo GPS\" \/>\n<meta property=\"og:description\" content=\"Mapa topogr\u00e1fico de los Pa\u00edses Bajos en iPhone, tel\u00e9fono Android, tableta y Apple Watch en la aplicaci\u00f3n de navegaci\u00f3n al aire libre con calificaci\u00f3n de 4,6 estrellas Topo GPS.\" \/>\n<meta property=\"og:url\" content=\"https:\/\/www.topo-gps.com\/es\/mapa-topografico-de-los-paises-bajos\/\" \/>\n<meta property=\"og:site_name\" content=\"Topo GPS\" \/>\n<meta property=\"article:modified_time\" content=\"2023-04-20T05:59:33+00:00\" \/>\n<meta name=\"twitter:card\" content=\"summary_large_image\" \/>\n<meta name=\"twitter:label1\" content=\"Tiempo de lectura\" \/>\n\t<meta name=\"twitter:data1\" content=\"7 minutos\" \/>\n<script type=\"application\/ld+json\" class=\"yoast-schema-graph\">{\"@context\":\"https:\\\/\\\/schema.org\",\"@graph\":[{\"@type\":\"WebPage\",\"@id\":\"https:\\\/\\\/www.topo-gps.com\\\/es\\\/mapa-topografico-de-los-paises-bajos\\\/\",\"url\":\"https:\\\/\\\/www.topo-gps.com\\\/es\\\/mapa-topografico-de-los-paises-bajos\\\/\",\"name\":\"Mapa topogr\u00e1fico de los Pa\u00edses Bajos - Topo GPS\",\"isPartOf\":{\"@id\":\"https:\\\/\\\/www.topo-gps.com\\\/es\\\/#website\"},\"datePublished\":\"2022-04-06T13:57:23+00:00\",\"dateModified\":\"2023-04-20T05:59:33+00:00\",\"description\":\"Mapa topogr\u00e1fico de los Pa\u00edses Bajos en iPhone, tel\u00e9fono Android, tableta y Apple Watch en la aplicaci\u00f3n de navegaci\u00f3n al aire libre con calificaci\u00f3n de 4,6 estrellas Topo GPS.\",\"breadcrumb\":{\"@id\":\"https:\\\/\\\/www.topo-gps.com\\\/es\\\/mapa-topografico-de-los-paises-bajos\\\/#breadcrumb\"},\"inLanguage\":\"es\",\"potentialAction\":[{\"@type\":\"ReadAction\",\"target\":[\"https:\\\/\\\/www.topo-gps.com\\\/es\\\/mapa-topografico-de-los-paises-bajos\\\/\"]}]},{\"@type\":\"BreadcrumbList\",\"@id\":\"https:\\\/\\\/www.topo-gps.com\\\/es\\\/mapa-topografico-de-los-paises-bajos\\\/#breadcrumb\",\"itemListElement\":[{\"@type\":\"ListItem\",\"position\":1,\"name\":\"Home\",\"item\":\"https:\\\/\\\/www.topo-gps.com\\\/es\\\/gps-topografico\\\/\"},{\"@type\":\"ListItem\",\"position\":2,\"name\":\"Mapa topogr\u00e1fico de los Pa\u00edses Bajos\"}]},{\"@type\":\"WebSite\",\"@id\":\"https:\\\/\\\/www.topo-gps.com\\\/es\\\/#website\",\"url\":\"https:\\\/\\\/www.topo-gps.com\\\/es\\\/\",\"name\":\"Topo GPS\",\"description\":\"Topographic maps GPS for iPhone, Android, iPad and Apple Watch\",\"potentialAction\":[{\"@type\":\"SearchAction\",\"target\":{\"@type\":\"EntryPoint\",\"urlTemplate\":\"https:\\\/\\\/www.topo-gps.com\\\/es\\\/?s={search_term_string}\"},\"query-input\":{\"@type\":\"PropertyValueSpecification\",\"valueRequired\":true,\"valueName\":\"search_term_string\"}}],\"inLanguage\":\"es\"}]}<\/script>\n<!-- \/ Yoast SEO plugin. -->","yoast_head_json":{"title":"Mapa topogr\u00e1fico de los Pa\u00edses Bajos - Topo GPS","description":"Mapa topogr\u00e1fico de los Pa\u00edses Bajos en iPhone, tel\u00e9fono Android, tableta y Apple Watch en la aplicaci\u00f3n de navegaci\u00f3n al aire libre con calificaci\u00f3n de 4,6 estrellas Topo GPS.","robots":{"index":"index","follow":"follow","max-snippet":"max-snippet:-1","max-image-preview":"max-image-preview:large","max-video-preview":"max-video-preview:-1"},"canonical":"https:\/\/www.topo-gps.com\/es\/mapa-topografico-de-los-paises-bajos\/","og_locale":"es_ES","og_type":"article","og_title":"Mapa topogr\u00e1fico de los Pa\u00edses Bajos - Topo GPS","og_description":"Mapa topogr\u00e1fico de los Pa\u00edses Bajos en iPhone, tel\u00e9fono Android, tableta y Apple Watch en la aplicaci\u00f3n de navegaci\u00f3n al aire libre con calificaci\u00f3n de 4,6 estrellas Topo GPS.","og_url":"https:\/\/www.topo-gps.com\/es\/mapa-topografico-de-los-paises-bajos\/","og_site_name":"Topo GPS","article_modified_time":"2023-04-20T05:59:33+00:00","twitter_card":"summary_large_image","twitter_misc":{"Tiempo de lectura":"7 minutos"},"schema":{"@context":"https:\/\/schema.org","@graph":[{"@type":"WebPage","@id":"https:\/\/www.topo-gps.com\/es\/mapa-topografico-de-los-paises-bajos\/","url":"https:\/\/www.topo-gps.com\/es\/mapa-topografico-de-los-paises-bajos\/","name":"Mapa topogr\u00e1fico de los Pa\u00edses Bajos - Topo GPS","isPartOf":{"@id":"https:\/\/www.topo-gps.com\/es\/#website"},"datePublished":"2022-04-06T13:57:23+00:00","dateModified":"2023-04-20T05:59:33+00:00","description":"Mapa topogr\u00e1fico de los Pa\u00edses Bajos en iPhone, tel\u00e9fono Android, tableta y Apple Watch en la aplicaci\u00f3n de navegaci\u00f3n al aire libre con calificaci\u00f3n de 4,6 estrellas Topo GPS.","breadcrumb":{"@id":"https:\/\/www.topo-gps.com\/es\/mapa-topografico-de-los-paises-bajos\/#breadcrumb"},"inLanguage":"es","potentialAction":[{"@type":"ReadAction","target":["https:\/\/www.topo-gps.com\/es\/mapa-topografico-de-los-paises-bajos\/"]}]},{"@type":"BreadcrumbList","@id":"https:\/\/www.topo-gps.com\/es\/mapa-topografico-de-los-paises-bajos\/#breadcrumb","itemListElement":[{"@type":"ListItem","position":1,"name":"Home","item":"https:\/\/www.topo-gps.com\/es\/gps-topografico\/"},{"@type":"ListItem","position":2,"name":"Mapa topogr\u00e1fico de los Pa\u00edses Bajos"}]},{"@type":"WebSite","@id":"https:\/\/www.topo-gps.com\/es\/#website","url":"https:\/\/www.topo-gps.com\/es\/","name":"Topo GPS","description":"Topographic maps GPS for iPhone, Android, iPad and Apple Watch","potentialAction":[{"@type":"SearchAction","target":{"@type":"EntryPoint","urlTemplate":"https:\/\/www.topo-gps.com\/es\/?s={search_term_string}"},"query-input":{"@type":"PropertyValueSpecification","valueRequired":true,"valueName":"search_term_string"}}],"inLanguage":"es"}]}},"_links":{"self":[{"href":"https:\/\/www.topo-gps.com\/es\/wp-json\/wp\/v2\/pages\/14159","targetHints":{"allow":["GET"]}}],"collection":[{"href":"https:\/\/www.topo-gps.com\/es\/wp-json\/wp\/v2\/pages"}],"about":[{"href":"https:\/\/www.topo-gps.com\/es\/wp-json\/wp\/v2\/types\/page"}],"author":[{"embeddable":true,"href":"https:\/\/www.topo-gps.com\/es\/wp-json\/wp\/v2\/users\/1"}],"replies":[{"embeddable":true,"href":"https:\/\/www.topo-gps.com\/es\/wp-json\/wp\/v2\/comments?post=14159"}],"version-history":[{"count":0,"href":"https:\/\/www.topo-gps.com\/es\/wp-json\/wp\/v2\/pages\/14159\/revisions"}],"wp:attachment":[{"href":"https:\/\/www.topo-gps.com\/es\/wp-json\/wp\/v2\/media?parent=14159"}],"curies":[{"name":"wp","href":"https:\/\/api.w.org\/{rel}","templated":true}]}}