{"id":6425,"date":"2022-01-29T20:41:58","date_gmt":"2022-01-29T19:41:58","guid":{"rendered":"http:\/\/test.topo-gps.com\/topographische-karte-von-grossbritannien\/"},"modified":"2024-02-17T17:44:27","modified_gmt":"2024-02-17T16:44:27","slug":"topographische-karte-von-grossbritannien","status":"publish","type":"page","link":"https:\/\/www.topo-gps.com\/de\/topographische-karte-von-grossbritannien\/","title":{"rendered":"Topographische Karte von Gro\u00dfbritannien"},"content":{"rendered":"<div class=\"wpb-content-wrapper\"><p>[vc_section enable_inner=&#8221;yes&#8221; section_type=&#8221;hero&#8221; inner_margin_top=&#8221;mt-100&#8243; parallax_image_attachment=&#8221;inherit&#8221; padding_class=&#8221;wide-100&#8243; css=&#8221;.vc_custom_1638818336813{background-image: url(https:\/\/www.topo-gps.com\/wp-content\/uploads\/2021\/12\/gb1.jpg?id=5826) !important;background-position: center !important;background-repeat: no-repeat !important;background-size: cover !important;}&#8221;][vc_row parallax_image_attachment=&#8221;inherit&#8221; css=&#8221;.vc_custom_1639602296513{padding-top: 20px !important;padding-bottom: 20px !important;}&#8221;][vc_column width=&#8221;1\/2&#8243; css=&#8221;.vc_custom_1639603345318{margin-bottom: 20px !important;}&#8221;]\r\n        <div class=\"vc_custom_1639603397901  hero-txt\"> \r\n            \r\n                     \r\n            <h3 class=\"white-color h3-sm none  wow perch-fadeInUp fadeInUp\" style=\"font-weight: bold;\" data-wow-delay=\"300ms\" data-wow-duration=\"1200ms\">OS Explorer topografische Karten von Gro\u00dfbritannien auf Ihrem iPhone, Android-Telefon und Apple Watch<\/h3>\r\n             \r\n            \r\n                        \r\n                        \r\n            \r\n                        \r\n                        \r\n                  \r\n        <\/div>[vc_row_inner][vc_column_inner width=&#8221;1\/2&#8243; css=&#8221;.vc_custom_1639605647058{padding-top: 10px !important;padding-bottom: 10px !important;}&#8221;]\r\n        <div class=\"hero-img  wow perch-fadeInUp fadeInUp text-center\" data-wow-delay=\"300ms\" data-wow-duration=\"1200ms\"> \r\n        <a href=\"https:\/\/apps.apple.com\/gb\/app\/topo-gps\/id578960575\" target=\"_self\" class=\"vc_single_image-wrapper  \"><img loading=\"lazy\" decoding=\"async\" class=\"vc_single_image-img img-fluid\" width=\"160\" height=\"50\"  src=\"https:\/\/www.topo-gps.com\/wp-content\/themes\/appset\/images\/appstore.png\" alt=\"External image\" \/><\/a>\r\n        <\/div>[\/vc_column_inner][vc_column_inner width=&#8221;1\/2&#8243; css=&#8221;.vc_custom_1639605658368{padding-top: 10px !important;padding-bottom: 10px !important;}&#8221;]\r\n        <div class=\"hero-img  wow perch-fadeInUp fadeInUp text-center\" data-wow-delay=\"300ms\" data-wow-duration=\"1200ms\"> \r\n        <a href=\"https:\/\/play.google.com\/store\/apps\/details?id=uk.rdzl.topo.gps&amp;hl=en\" target=\"_self\" class=\"vc_single_image-wrapper  \"><img loading=\"lazy\" decoding=\"async\" class=\"vc_single_image-img img-fluid\" width=\"171\" height=\"50\"  src=\"https:\/\/www.topo-gps.com\/wp-content\/themes\/appset\/images\/googleplay.png\" alt=\"External image\" \/><\/a>\r\n        <\/div>[\/vc_column_inner][\/vc_row_inner][\/vc_column][vc_column width=&#8221;1\/2&#8243; css=&#8221;.vc_custom_1639603183972{padding-top: 40px !important;padding-bottom: 40px !important;}&#8221;]\r\n        <div class=\"hero-img  wow perch-fadeInUp fadeInUp\" data-wow-delay=\"300ms\" data-wow-duration=\"1200ms\"> \r\n        <img loading=\"lazy\" decoding=\"async\" class=\"vc_single_image-img img-fluid\" width=\"560\" height=\"604\"  src=\"https:\/\/www.topo-gps.com\/wp-content\/uploads\/2021\/12\/gb-front-1.png\" alt=\"External image\" \/>\r\n        <\/div>[\/vc_column][\/vc_row][\/vc_section][vc_section][vc_row][vc_column]\r\n        <div class=\"section-title  wow perch-fadeInUp fadeInUp text-center\" data-wow-delay=\"300ms\" data-wow-duration=\"1200ms\">\r\n            <h2 class=\"h2-sm\">Die besten Outdoor-Karten f\u00fcr England, Schottland und Wales<\/h2>\r\n            <p class=\"p-lg\">Topografische Karten von Ordnance Survey sind die besten Outdoor-Karten f\u00fcr Gro\u00dfbritannien.<\/p>         \r\n        <\/div>[vc_column_text]Gro\u00dfbritannien ist ein Land mit vielf\u00e4ltigen Landschaften und nat\u00fcrlicher Sch\u00f6nheit, das seinen Besuchern das ganze Jahr \u00fcber eine gro\u00dfe Auswahl an Outdoor-Aktivit\u00e4ten bietet. Von Wandern und Radfahren bis hin zu Surfen und Kajakfahren, in Gro\u00dfbritanniens gro\u00dfartiger Natur gibt es immer etwas zu tun.<\/p>\n<p>Wandern ist eine beliebte Aktivit\u00e4t in Gro\u00dfbritannien, mit zahlreichen gut gepflegten Wanderwegen, die Besucher durch einige der sch\u00f6nsten Landschaften des Landes f\u00fchren. Der Lake District zum Beispiel ist ein beliebtes Wanderziel und bietet einen atemberaubenden Blick auf die sanften H\u00fcgel und kristallklaren Seen. Weitere beliebte Wanderziele sind die schottischen Highlands und die walisischen Berge.<\/p>\n<p>Radfahren ist auch eine beliebte Aktivit\u00e4t in Gro\u00dfbritannien, mit zahlreichen malerischen Radwegen, die Besucher durch malerische D\u00f6rfer und atemberaubende Landschaften f\u00fchren. Der Cotswold Way zum Beispiel ist ein beliebter Radweg, der Besucher durch die malerischen D\u00f6rfer und Landschaften der Cotswolds f\u00fchrt.<\/p>\n<p>Im Sommer bietet die atemberaubende K\u00fcste Gro\u00dfbritanniens viele M\u00f6glichkeiten f\u00fcr Wassersportarten wie Surfen, Kajakfahren und Paddleboarding. Die K\u00fcste von Cornwall zum Beispiel ist ein beliebtes Ziel zum Surfen, mit einigen der besten Wellen des Landes. Weitere beliebte Wassersportziele sind die schottischen Inseln und die walisische K\u00fcste.<\/p>\n<p>Im Winter bieten die Berge Gro\u00dfbritanniens viele M\u00f6glichkeiten zum Skifahren und Snowboarden, mit mehreren Skigebieten in Schottland und England. The Cairngorms zum Beispiel ist Schottlands gr\u00f6\u00dftes Skigebiet und bietet eine Reihe von Pisten f\u00fcr Skifahrer und Snowboarder aller Niveaus.<\/p>\n<p>Insgesamt machen die vielf\u00e4ltigen Landschaften, die reiche Geschichte und die gut entwickelte Infrastruktur Gro\u00dfbritanniens zu einem Muss f\u00fcr Outdoor-Enthusiasten. Ob Wandern, Radfahren, Surfen oder Skifahren, in der gro\u00dfartigen Natur Gro\u00dfbritanniens gibt es immer etwas zu tun.[\/vc_column_text][\/vc_column][\/vc_row][vc_row][vc_column width=&#8221;1\/2&#8243;][vc_single_image custom_src=&#8221;https:\/\/www.topo-gps.com\/wp-content\/uploads\/2021\/12\/gb-double.jpg&#8221; external_img_size=&#8221;391&#215;600&#8243; alignment=&#8221;center&#8221;][\/vc_column][vc_column width=&#8221;1\/2&#8243;][vc_row_inner][vc_column_inner width=&#8221;1\/2&#8243;]\r\n        <div class=\"wow perch-fadeInUp fadeInUp fbox\" data-wow-delay=\"300ms\" data-wow-duration=\"1200ms\"> \r\n            <div class=\"fbox grey-color-box\">\r\n                <div class=\"grey-color-icon b-icon box-icon-md\"><span class=\" grey-color\"><\/span><\/div>  \r\n                <div class=\"fbox-txt\">    \r\n                    <h5 class=\"h5-sm\">Topographische Karte<\/h5>\r\n                    <p class=\"grey-color\">Eine topografische Karte enth\u00e4lt viele Details wie H\u00f6henlinien, kleine Stra\u00dfen und Landnutzung und ist somit ideal f\u00fcr die Navigation im Freien.<\/p>\r\n                    \r\n                <\/div> \r\n            <\/div>        \r\n        <\/div>\r\n        <div class=\"wow perch-fadeInUp fadeInUp fbox\" data-wow-delay=\"300ms\" data-wow-duration=\"1200ms\"> \r\n            <div class=\"fbox grey-color-box\">\r\n                <div class=\"grey-color-icon b-icon box-icon-md\"><span class=\" grey-color\"><\/span><\/div>  \r\n                <div class=\"fbox-txt\">    \r\n                    <h5 class=\"h5-sm\">Kampfmittelvermessung<\/h5>\r\n                    <p class=\"grey-color\">In der Topo GPS-App k\u00f6nnen Sie die besten topografischen Karten von Gro\u00dfbritannien kaufen, die OS Explorer-Karten im Ma\u00dfstab 1:25.000. Topo GPS ist offizieller Partner von Ordnance Survey.<\/p>\r\n                    \r\n                <\/div> \r\n            <\/div>        \r\n        <\/div>\r\n        <div class=\"wow perch-fadeInUp fadeInUp fbox\" data-wow-delay=\"300ms\" data-wow-duration=\"1200ms\"> \r\n            <div class=\"fbox grey-color-box\">\r\n                <div class=\"grey-color-icon b-icon box-icon-md\"><span class=\" grey-color\"><\/span><\/div>  \r\n                <div class=\"fbox-txt\">    \r\n                    <h5 class=\"h5-sm\">Preisgestaltung<\/h5>\r\n                    <p class=\"grey-color\">OS Explorer-Karten in Topo GPS kosten 0,79 \u00a3 f\u00fcr 4 Quadrate von 4 x 4 km, die Sie ausw\u00e4hlen k\u00f6nnen. Kostenlose lebenslange Updates sind enthalten. Es ist auch m\u00f6glich, ein Jahresabonnement f\u00fcr ganz Gro\u00dfbritannien f\u00fcr 24,99 \u00a3 zu erwerben.<\/p>\r\n                    \r\n                <\/div> \r\n            <\/div>        \r\n        <\/div>[\/vc_column_inner][vc_column_inner width=&#8221;1\/2&#8243;]\r\n        <div class=\"wow perch-fadeInUp fadeInUp fbox\" data-wow-delay=\"300ms\" data-wow-duration=\"1200ms\"> \r\n            <div class=\"fbox grey-color-box\">\r\n                <div class=\"grey-color-icon b-icon box-icon-md\"><span class=\" grey-color\"><\/span><\/div>  \r\n                <div class=\"fbox-txt\">    \r\n                    <h5 class=\"h5-sm\">Offline-Karten<\/h5>\r\n                    <p class=\"grey-color\">Sie k\u00f6nnen die topografischen Karten offline verf\u00fcgbar machen. So haben Sie die Gewissheit, dass die ben\u00f6tigten Karten immer verf\u00fcgbar sind.<\/p>\r\n                    \r\n                <\/div> \r\n            <\/div>        \r\n        <\/div>\r\n        <div class=\"wow perch-fadeInUp fadeInUp fbox\" data-wow-delay=\"300ms\" data-wow-duration=\"1200ms\"> \r\n            <div class=\"fbox grey-color-box\">\r\n                <div class=\"grey-color-icon b-icon box-icon-md\"><span class=\" grey-color\"><\/span><\/div>  \r\n                <div class=\"fbox-txt\">    \r\n                    <h5 class=\"h5-sm\">Klare Legende<\/h5>\r\n                    <p class=\"grey-color\">Die topografische Karte hat eine \u00fcbersichtliche Legende mit Erkl\u00e4rungen aller Symbole.<\/p>\r\n                    \r\n                <\/div> \r\n            <\/div>        \r\n        <\/div>\r\n        <div class=\"wow perch-fadeInUp fadeInUp fbox\" data-wow-delay=\"300ms\" data-wow-duration=\"1200ms\"> \r\n            <div class=\"fbox grey-color-box\">\r\n                <div class=\"grey-color-icon b-icon box-icon-md\"><span class=\" grey-color\"><\/span><\/div>  \r\n                <div class=\"fbox-txt\">    \r\n                    <h5 class=\"h5-sm\">Topo-GPS-App<\/h5>\r\n                    <p class=\"grey-color\">Die Topo GPS App bietet viele n\u00fctzliche Zusatzfunktionen zur topografischen Karte. Wie das Navigieren, Laden, Planen und Verfolgen von Routen und das Hinzuf\u00fcgen von Punkten zur Karte. Topo GPS enth\u00e4lt alle Funktionen eines normalen GPS-Ger\u00e4ts.<\/p>\r\n                    \r\n                <\/div> \r\n            <\/div>        \r\n        <\/div>[\/vc_column_inner][\/vc_row_inner][\/vc_column][\/vc_row][\/vc_section][vc_section][vc_row][vc_column]\r\n        <div class=\"section-title  wow perch-fadeInUp fadeInUp text-center\" data-wow-delay=\"300ms\" data-wow-duration=\"1200ms\">\r\n            <h2 class=\"h2-sm\">Welche Karte w\u00fcrdest du bevorzugen, um die Natur zu erkunden?<\/h2>\r\n            <p class=\"p-lg\">Vergleichen Sie sich<\/p>         \r\n        <\/div>[vc_row_inner][vc_column_inner width=&#8221;1\/3&#8243;][vc_column_text]<\/p>\n<h3 style=\"text-align: center;\">Google Maps<\/h3>\n<p>[\/vc_column_text][vc_single_image custom_src=&#8221;https:\/\/www.topo-gps.com\/wp-content\/uploads\/2021\/12\/gb_google_maps.jpg&#8221; external_img_size=&#8221;277&#215;560&#8243; alignment=&#8221;center&#8221;][\/vc_column_inner][vc_column_inner width=&#8221;1\/3&#8243;][vc_column_text]<\/p>\n<h3 style=\"text-align: center;\">OpenStreetMap<\/h3>\n<p>[\/vc_column_text][vc_single_image custom_src=&#8221;https:\/\/www.topo-gps.com\/wp-content\/uploads\/2021\/12\/gb_osm.jpg&#8221; external_img_size=&#8221;277&#215;560&#8243; alignment=&#8221;center&#8221;][\/vc_column_inner][vc_column_inner width=&#8221;1\/3&#8243;][vc_column_text]<\/p>\n<h3 style=\"text-align: center;\">Topographische Karte<\/h3>\n<p>[\/vc_column_text][vc_single_image custom_src=&#8221;https:\/\/www.topo-gps.com\/wp-content\/uploads\/2021\/12\/gb_os.jpg&#8221; external_img_size=&#8221;277&#215;560&#8243; alignment=&#8221;center&#8221;][\/vc_column_inner][\/vc_row_inner][\/vc_column][\/vc_row][\/vc_section][vc_section section_type=&#8221;hero&#8221; hero_type=&#8221;1&#8243; parallax_image_attachment=&#8221;fixed&#8221; padding_class=&#8221;&#8221;][vc_row content_placement=&#8221;&#8221; parallax_image_attachment=&#8221;inherit&#8221;][vc_column width=&#8221;1\/2&#8243; column_inner_style=&#8221;hero-txt&#8221; hero_txt_type=&#8221;1&#8243;]\r\n        <div class=\"hero-txt\"> \r\n            \r\n            <h2 class=\" wow perch-fadeInUp fadeInUp\" data-wow-delay=\"300ms\" data-wow-duration=\"1200ms\">Topo GPS<\/h2>         \r\n            <h3 class=\"h3-sm  wow perch-fadeInUp fadeInUp\" data-wow-delay=\"400ms\" data-wow-duration=\"1200ms\">Verwandeln Sie Ihr iPhone, Android-Telefon oder Tablet in ein voll funktionsf\u00e4higes GPS-Ger\u00e4t mit offline verf\u00fcgbaren topografischen Karten.<\/h3>\r\n             \r\n            \r\n                        \r\n                        \r\n            \r\n                        \r\n                        \r\n                  \r\n        <\/div>[vc_row_inner][vc_column_inner width=&#8221;1\/2&#8243; css=&#8221;.vc_custom_1639605647058{padding-top: 10px !important;padding-bottom: 10px !important;}&#8221;]\r\n        <div class=\"hero-img  wow perch-fadeInUp fadeInUp text-center\" data-wow-delay=\"300ms\" data-wow-duration=\"1200ms\"> \r\n        <a href=\"https:\/\/apps.apple.com\/gb\/app\/topo-gps\/id578960575\" target=\"_self\" class=\"vc_single_image-wrapper  \"><img loading=\"lazy\" decoding=\"async\" class=\"vc_single_image-img img-fluid\" width=\"160\" height=\"50\"  src=\"https:\/\/www.topo-gps.com\/wp-content\/themes\/appset\/images\/appstore.png\" alt=\"External image\" \/><\/a>\r\n        <\/div>[\/vc_column_inner][vc_column_inner width=&#8221;1\/2&#8243; css=&#8221;.vc_custom_1639605658368{padding-top: 10px !important;padding-bottom: 10px !important;}&#8221;]\r\n        <div class=\"hero-img  wow perch-fadeInUp fadeInUp text-center\" data-wow-delay=\"300ms\" data-wow-duration=\"1200ms\"> \r\n        <a href=\"https:\/\/play.google.com\/store\/apps\/details?id=uk.rdzl.topo.gps&amp;hl=en\" target=\"_self\" class=\"vc_single_image-wrapper  \"><img loading=\"lazy\" decoding=\"async\" class=\"vc_single_image-img img-fluid\" width=\"171\" height=\"50\"  src=\"https:\/\/www.topo-gps.com\/wp-content\/themes\/appset\/images\/googleplay.png\" alt=\"External image\" \/><\/a>\r\n        <\/div>[\/vc_column_inner][\/vc_row_inner][\/vc_column][vc_column width=&#8221;1\/2&#8243;]\r\n        <div class=\"wow perch-fadeInRight fadeInRight hero-1-img\" data-wow-delay=\"300ms\" data-wow-duration=\"1200ms\"> \r\n        <img decoding=\"async\" class=\"vc_single_image-img img-fluid\"  src=\"https:\/\/www.topo-gps.com\/wp-content\/uploads\/2022\/04\/de-main-1.png\" alt=\"External image\" \/>\r\n        <\/div>[\/vc_column][\/vc_row][\/vc_section]<\/p>\n<\/div>","protected":false},"excerpt":{"rendered":"<p>[vc_section enable_inner=&#8221;yes&#8221; section_type=&#8221;hero&#8221; inner_margin_top=&#8221;mt-100&#8243; parallax_image_attachment=&#8221;inherit&#8221; padding_class=&#8221;wide-100&#8243; css=&#8221;.vc_custom_1638818336813{background-image: url(https:\/\/www.topo-gps.com\/wp-content\/uploads\/2021\/12\/gb1.jpg?id=5826) !important;background-position: center !important;background-repeat: no-repeat !important;background-size: cover !important;}&#8221;][vc_row parallax_image_attachment=&#8221;inherit&#8221; css=&#8221;.vc_custom_1639602296513{padding-top: 20px !important;padding-bottom: 20px !important;}&#8221;][vc_column width=&#8221;1\/2&#8243; css=&#8221;.vc_custom_1639603345318{margin-bottom: 20px !important;}&#8221;][vc_row_inner][vc_column_inner width=&#8221;1\/2&#8243; css=&#8221;.vc_custom_1639605647058{padding-top: 10px !important;padding-bottom: 10px !important;}&#8221;][\/vc_column_inner][vc_column_inner width=&#8221;1\/2&#8243; css=&#8221;.vc_custom_1639605658368{padding-top: 10px !important;padding-bottom: 10px !important;}&#8221;][\/vc_column_inner][\/vc_row_inner][\/vc_column][vc_column width=&#8221;1\/2&#8243; css=&#8221;.vc_custom_1639603183972{padding-top: 40px !important;padding-bottom: 40px !important;}&#8221;][\/vc_column][\/vc_row][\/vc_section][vc_section][vc_row][vc_column][vc_column_text]Gro\u00dfbritannien ist ein Land mit vielf\u00e4ltigen Landschaften und nat\u00fcrlicher Sch\u00f6nheit, das seinen Besuchern das ganze Jahr \u00fcber eine gro\u00dfe Auswahl an Outdoor-Aktivit\u00e4ten bietet. Von Wandern und Radfahren bis hin zu Surfen und Kajakfahren, in Gro\u00dfbritanniens gro\u00dfartiger Natur gibt es immer etwas zu tun. Wandern ist eine beliebte Aktivit\u00e4t in Gro\u00dfbritannien, mit zahlreichen gut gepflegten Wanderwegen, die Besucher durch&#8230;<\/p>\n","protected":false},"author":1,"featured_media":0,"parent":0,"menu_order":0,"comment_status":"closed","ping_status":"closed","template":"","meta":{"footnotes":""},"class_list":["post-6425","page","type-page","status-publish","hentry","no-post-thumbnail"],"yoast_head":"<!-- This site is optimized with the Yoast SEO plugin v27.4 - https:\/\/yoast.com\/product\/yoast-seo-wordpress\/ -->\n<title>Topographische Karte von Gro\u00dfbritannien - Topo GPS<\/title>\n<meta name=\"description\" content=\"OS Explorer topografische Karte von Gro\u00dfbritannien auf Ihrem iPhone, Android-Telefon, Tablet und Apple Watch. Beste Outdoor-Karten von Gro\u00dfbritannien.\" \/>\n<meta name=\"robots\" content=\"index, follow, max-snippet:-1, max-image-preview:large, max-video-preview:-1\" \/>\n<link rel=\"canonical\" href=\"https:\/\/www.topo-gps.com\/de\/topographische-karte-von-grossbritannien\/\" \/>\n<meta property=\"og:locale\" content=\"de_DE\" \/>\n<meta property=\"og:type\" content=\"article\" \/>\n<meta property=\"og:title\" content=\"Topographische Karte von Gro\u00dfbritannien - Topo GPS\" \/>\n<meta property=\"og:description\" content=\"OS Explorer topografische Karte von Gro\u00dfbritannien auf Ihrem iPhone, Android-Telefon, Tablet und Apple Watch. Beste Outdoor-Karten von Gro\u00dfbritannien.\" \/>\n<meta property=\"og:url\" content=\"https:\/\/www.topo-gps.com\/de\/topographische-karte-von-grossbritannien\/\" \/>\n<meta property=\"og:site_name\" content=\"Topo GPS\" \/>\n<meta property=\"article:modified_time\" content=\"2024-02-17T16:44:27+00:00\" \/>\n<meta name=\"twitter:card\" content=\"summary_large_image\" \/>\n<meta name=\"twitter:label1\" content=\"Gesch\u00e4tzte Lesezeit\" \/>\n\t<meta name=\"twitter:data1\" content=\"6\u00a0Minuten\" \/>\n<script type=\"application\/ld+json\" class=\"yoast-schema-graph\">{\"@context\":\"https:\\\/\\\/schema.org\",\"@graph\":[{\"@type\":\"WebPage\",\"@id\":\"https:\\\/\\\/www.topo-gps.com\\\/de\\\/topographische-karte-von-grossbritannien\\\/\",\"url\":\"https:\\\/\\\/www.topo-gps.com\\\/de\\\/topographische-karte-von-grossbritannien\\\/\",\"name\":\"Topographische Karte von Gro\u00dfbritannien - Topo GPS\",\"isPartOf\":{\"@id\":\"https:\\\/\\\/www.topo-gps.com\\\/de\\\/#website\"},\"datePublished\":\"2022-01-29T19:41:58+00:00\",\"dateModified\":\"2024-02-17T16:44:27+00:00\",\"description\":\"OS Explorer topografische Karte von Gro\u00dfbritannien auf Ihrem iPhone, Android-Telefon, Tablet und Apple Watch. Beste Outdoor-Karten von Gro\u00dfbritannien.\",\"breadcrumb\":{\"@id\":\"https:\\\/\\\/www.topo-gps.com\\\/de\\\/topographische-karte-von-grossbritannien\\\/#breadcrumb\"},\"inLanguage\":\"de\",\"potentialAction\":[{\"@type\":\"ReadAction\",\"target\":[\"https:\\\/\\\/www.topo-gps.com\\\/de\\\/topographische-karte-von-grossbritannien\\\/\"]}]},{\"@type\":\"BreadcrumbList\",\"@id\":\"https:\\\/\\\/www.topo-gps.com\\\/de\\\/topographische-karte-von-grossbritannien\\\/#breadcrumb\",\"itemListElement\":[{\"@type\":\"ListItem\",\"position\":1,\"name\":\"Home\",\"item\":\"https:\\\/\\\/www.topo-gps.com\\\/de\\\/topo-gps\\\/\"},{\"@type\":\"ListItem\",\"position\":2,\"name\":\"Topographische Karte von Gro\u00dfbritannien\"}]},{\"@type\":\"WebSite\",\"@id\":\"https:\\\/\\\/www.topo-gps.com\\\/de\\\/#website\",\"url\":\"https:\\\/\\\/www.topo-gps.com\\\/de\\\/\",\"name\":\"Topo GPS\",\"description\":\"Topographic maps GPS for iPhone, Android, iPad and Apple Watch\",\"potentialAction\":[{\"@type\":\"SearchAction\",\"target\":{\"@type\":\"EntryPoint\",\"urlTemplate\":\"https:\\\/\\\/www.topo-gps.com\\\/de\\\/?s={search_term_string}\"},\"query-input\":{\"@type\":\"PropertyValueSpecification\",\"valueRequired\":true,\"valueName\":\"search_term_string\"}}],\"inLanguage\":\"de\"}]}<\/script>\n<!-- \/ Yoast SEO plugin. -->","yoast_head_json":{"title":"Topographische Karte von Gro\u00dfbritannien - Topo GPS","description":"OS Explorer topografische Karte von Gro\u00dfbritannien auf Ihrem iPhone, Android-Telefon, Tablet und Apple Watch. Beste Outdoor-Karten von Gro\u00dfbritannien.","robots":{"index":"index","follow":"follow","max-snippet":"max-snippet:-1","max-image-preview":"max-image-preview:large","max-video-preview":"max-video-preview:-1"},"canonical":"https:\/\/www.topo-gps.com\/de\/topographische-karte-von-grossbritannien\/","og_locale":"de_DE","og_type":"article","og_title":"Topographische Karte von Gro\u00dfbritannien - Topo GPS","og_description":"OS Explorer topografische Karte von Gro\u00dfbritannien auf Ihrem iPhone, Android-Telefon, Tablet und Apple Watch. Beste Outdoor-Karten von Gro\u00dfbritannien.","og_url":"https:\/\/www.topo-gps.com\/de\/topographische-karte-von-grossbritannien\/","og_site_name":"Topo GPS","article_modified_time":"2024-02-17T16:44:27+00:00","twitter_card":"summary_large_image","twitter_misc":{"Gesch\u00e4tzte Lesezeit":"6\u00a0Minuten"},"schema":{"@context":"https:\/\/schema.org","@graph":[{"@type":"WebPage","@id":"https:\/\/www.topo-gps.com\/de\/topographische-karte-von-grossbritannien\/","url":"https:\/\/www.topo-gps.com\/de\/topographische-karte-von-grossbritannien\/","name":"Topographische Karte von Gro\u00dfbritannien - Topo GPS","isPartOf":{"@id":"https:\/\/www.topo-gps.com\/de\/#website"},"datePublished":"2022-01-29T19:41:58+00:00","dateModified":"2024-02-17T16:44:27+00:00","description":"OS Explorer topografische Karte von Gro\u00dfbritannien auf Ihrem iPhone, Android-Telefon, Tablet und Apple Watch. Beste Outdoor-Karten von Gro\u00dfbritannien.","breadcrumb":{"@id":"https:\/\/www.topo-gps.com\/de\/topographische-karte-von-grossbritannien\/#breadcrumb"},"inLanguage":"de","potentialAction":[{"@type":"ReadAction","target":["https:\/\/www.topo-gps.com\/de\/topographische-karte-von-grossbritannien\/"]}]},{"@type":"BreadcrumbList","@id":"https:\/\/www.topo-gps.com\/de\/topographische-karte-von-grossbritannien\/#breadcrumb","itemListElement":[{"@type":"ListItem","position":1,"name":"Home","item":"https:\/\/www.topo-gps.com\/de\/topo-gps\/"},{"@type":"ListItem","position":2,"name":"Topographische Karte von Gro\u00dfbritannien"}]},{"@type":"WebSite","@id":"https:\/\/www.topo-gps.com\/de\/#website","url":"https:\/\/www.topo-gps.com\/de\/","name":"Topo GPS","description":"Topographic maps GPS for iPhone, Android, iPad and Apple Watch","potentialAction":[{"@type":"SearchAction","target":{"@type":"EntryPoint","urlTemplate":"https:\/\/www.topo-gps.com\/de\/?s={search_term_string}"},"query-input":{"@type":"PropertyValueSpecification","valueRequired":true,"valueName":"search_term_string"}}],"inLanguage":"de"}]}},"_links":{"self":[{"href":"https:\/\/www.topo-gps.com\/de\/wp-json\/wp\/v2\/pages\/6425","targetHints":{"allow":["GET"]}}],"collection":[{"href":"https:\/\/www.topo-gps.com\/de\/wp-json\/wp\/v2\/pages"}],"about":[{"href":"https:\/\/www.topo-gps.com\/de\/wp-json\/wp\/v2\/types\/page"}],"author":[{"embeddable":true,"href":"https:\/\/www.topo-gps.com\/de\/wp-json\/wp\/v2\/users\/1"}],"replies":[{"embeddable":true,"href":"https:\/\/www.topo-gps.com\/de\/wp-json\/wp\/v2\/comments?post=6425"}],"version-history":[{"count":0,"href":"https:\/\/www.topo-gps.com\/de\/wp-json\/wp\/v2\/pages\/6425\/revisions"}],"wp:attachment":[{"href":"https:\/\/www.topo-gps.com\/de\/wp-json\/wp\/v2\/media?parent=6425"}],"curies":[{"name":"wp","href":"https:\/\/api.w.org\/{rel}","templated":true}]}}