{"id":6413,"date":"2022-01-29T20:41:58","date_gmt":"2022-01-29T19:41:58","guid":{"rendered":"http:\/\/test.topo-gps.com\/nutzungsbedingungen\/"},"modified":"2022-02-06T21:21:38","modified_gmt":"2022-02-06T20:21:38","slug":"nutzungsbedingungen","status":"publish","type":"page","link":"https:\/\/www.topo-gps.com\/de\/nutzungsbedingungen\/","title":{"rendered":"Nutzungsbedingungen"},"content":{"rendered":"<div class=\"wpb-content-wrapper\"><p>[vc_section][vc_row][vc_column]\r\n        <div class=\"section-title  wow perch-fadeInUp fadeInUp text-center\" data-wow-delay=\"300ms\" data-wow-duration=\"1200ms\">\r\n            <h2 class=\"h2-sm\">Nutzungsbedingungen<\/h2>\r\n                     \r\n        <\/div>[\/vc_column][\/vc_row][vc_row][vc_column][vc_column_text]Wenn Sie Topo GPS auf Apple-Ger\u00e4ten verwenden, gilt zus\u00e4tzlich zu den unten genannten Punkten die <a href=\"https:\/\/www.apple.com\/legal\/internet-services\/itunes\/dev\/stdeula\/\">Endbenutzer-Lizenzvereinbarung f\u00fcr lizenzierte AppStore-Anwendungen<\/a> .<\/p>\n<p>Wenn Sie Topo GPS auf Android-Ger\u00e4ten verwenden, gelten zus\u00e4tzlich zu den unten genannten Punkten die <a href=\"https:\/\/play.google.com\/about\/play-terms\/\">Bedingungen des Google Play Store<\/a> .<\/p>\n<p>Wenn Sie die Topo GPS-App verwenden, tun Sie dies auf eigenes Risiko. Wir haften nicht f\u00fcr Sch\u00e4den, die durch die Nutzung der App entstehen.<\/p>\n<p>Karten, die innerhalb von Topo GPS verwendet werden, d\u00fcrfen in keiner Weise verbreitet werden, es sei denn, die Kartenlizenz erlaubt dies ausdr\u00fccklich. Um die Kartenlizenz anzuzeigen, tippen Sie unten auf die Copyright-Informationen einer Karte.<\/p>\n<p>Wenn Sie Ihre Route mit Topo GPS teilen, werden die Route und m\u00f6gliche Fotos anderen Benutzern von Topo GPS zur Verf\u00fcgung gestellt. Topo GPS kann diese Routen und Fotos auch verwenden und auf ihrer Website verbreiten. Wenn Sie verwenden m\u00f6chten, um Ihre geteilte Route zu entfernen, m\u00fcssen Sie uns eine Nachricht senden.[\/vc_column_text][\/vc_column][\/vc_row][\/vc_section]<\/p>\n<\/div>","protected":false},"excerpt":{"rendered":"<p>[vc_section][vc_row][vc_column][\/vc_column][\/vc_row][vc_row][vc_column][vc_column_text]Wenn Sie Topo GPS auf Apple-Ger\u00e4ten verwenden, gilt zus\u00e4tzlich zu den unten genannten Punkten die Endbenutzer-Lizenzvereinbarung f\u00fcr lizenzierte AppStore-Anwendungen . Wenn Sie Topo GPS auf Android-Ger\u00e4ten verwenden, gelten zus\u00e4tzlich zu den unten genannten Punkten die Bedingungen des Google Play Store . Wenn Sie die Topo GPS-App verwenden, tun Sie dies auf eigenes Risiko. Wir haften nicht f\u00fcr Sch\u00e4den, die durch die Nutzung der App entstehen. Karten, die innerhalb von Topo GPS verwendet werden, d\u00fcrfen in keiner Weise verbreitet werden, es sei denn, die Kartenlizenz erlaubt dies ausdr\u00fccklich. Um die Kartenlizenz anzuzeigen, tippen Sie unten auf die Copyright-Informationen einer Karte. Wenn&#8230;<\/p>\n","protected":false},"author":1,"featured_media":0,"parent":0,"menu_order":0,"comment_status":"closed","ping_status":"closed","template":"","meta":{"footnotes":""},"class_list":["post-6413","page","type-page","status-publish","hentry","no-post-thumbnail"],"yoast_head":"<!-- This site is optimized with the Yoast SEO plugin v27.5 - https:\/\/yoast.com\/product\/yoast-seo-wordpress\/ -->\n<title>Nutzungsbedingungen - Topo GPS<\/title>\n<meta name=\"robots\" content=\"index, follow, max-snippet:-1, max-image-preview:large, max-video-preview:-1\" \/>\n<link rel=\"canonical\" href=\"https:\/\/www.topo-gps.com\/de\/nutzungsbedingungen\/\" \/>\n<meta property=\"og:locale\" content=\"de_DE\" \/>\n<meta property=\"og:type\" content=\"article\" \/>\n<meta property=\"og:title\" content=\"Nutzungsbedingungen - Topo GPS\" \/>\n<meta property=\"og:description\" content=\"[vc_section][vc_row][vc_column][\/vc_column][\/vc_row][vc_row][vc_column][vc_column_text]Wenn Sie Topo GPS auf Apple-Ger\u00e4ten verwenden, gilt zus\u00e4tzlich zu den unten genannten Punkten die Endbenutzer-Lizenzvereinbarung f\u00fcr lizenzierte AppStore-Anwendungen . Wenn Sie Topo GPS auf Android-Ger\u00e4ten verwenden, gelten zus\u00e4tzlich zu den unten genannten Punkten die Bedingungen des Google Play Store . Wenn Sie die Topo GPS-App verwenden, tun Sie dies auf eigenes Risiko. Wir haften nicht f\u00fcr Sch\u00e4den, die durch die Nutzung der App entstehen. Karten, die innerhalb von Topo GPS verwendet werden, d\u00fcrfen in keiner Weise verbreitet werden, es sei denn, die Kartenlizenz erlaubt dies ausdr\u00fccklich. Um die Kartenlizenz anzuzeigen, tippen Sie unten auf die Copyright-Informationen einer Karte. Wenn...\" \/>\n<meta property=\"og:url\" content=\"https:\/\/www.topo-gps.com\/de\/nutzungsbedingungen\/\" \/>\n<meta property=\"og:site_name\" content=\"Topo GPS\" \/>\n<meta property=\"article:modified_time\" content=\"2022-02-06T20:21:38+00:00\" \/>\n<meta name=\"twitter:card\" content=\"summary_large_image\" \/>\n<meta name=\"twitter:label1\" content=\"Gesch\u00e4tzte Lesezeit\" \/>\n\t<meta name=\"twitter:data1\" content=\"1\u00a0Minute\" \/>\n<script type=\"application\/ld+json\" class=\"yoast-schema-graph\">{\"@context\":\"https:\\\/\\\/schema.org\",\"@graph\":[{\"@type\":\"WebPage\",\"@id\":\"https:\\\/\\\/www.topo-gps.com\\\/de\\\/nutzungsbedingungen\\\/\",\"url\":\"https:\\\/\\\/www.topo-gps.com\\\/de\\\/nutzungsbedingungen\\\/\",\"name\":\"Nutzungsbedingungen - Topo GPS\",\"isPartOf\":{\"@id\":\"https:\\\/\\\/www.topo-gps.com\\\/de\\\/#website\"},\"datePublished\":\"2022-01-29T19:41:58+00:00\",\"dateModified\":\"2022-02-06T20:21:38+00:00\",\"breadcrumb\":{\"@id\":\"https:\\\/\\\/www.topo-gps.com\\\/de\\\/nutzungsbedingungen\\\/#breadcrumb\"},\"inLanguage\":\"de\",\"potentialAction\":[{\"@type\":\"ReadAction\",\"target\":[\"https:\\\/\\\/www.topo-gps.com\\\/de\\\/nutzungsbedingungen\\\/\"]}]},{\"@type\":\"BreadcrumbList\",\"@id\":\"https:\\\/\\\/www.topo-gps.com\\\/de\\\/nutzungsbedingungen\\\/#breadcrumb\",\"itemListElement\":[{\"@type\":\"ListItem\",\"position\":1,\"name\":\"Home\",\"item\":\"https:\\\/\\\/www.topo-gps.com\\\/de\\\/topo-gps\\\/\"},{\"@type\":\"ListItem\",\"position\":2,\"name\":\"Nutzungsbedingungen\"}]},{\"@type\":\"WebSite\",\"@id\":\"https:\\\/\\\/www.topo-gps.com\\\/de\\\/#website\",\"url\":\"https:\\\/\\\/www.topo-gps.com\\\/de\\\/\",\"name\":\"Topo GPS\",\"description\":\"Topographic maps GPS for iPhone, Android, iPad and Apple Watch\",\"potentialAction\":[{\"@type\":\"SearchAction\",\"target\":{\"@type\":\"EntryPoint\",\"urlTemplate\":\"https:\\\/\\\/www.topo-gps.com\\\/de\\\/?s={search_term_string}\"},\"query-input\":{\"@type\":\"PropertyValueSpecification\",\"valueRequired\":true,\"valueName\":\"search_term_string\"}}],\"inLanguage\":\"de\"}]}<\/script>\n<!-- \/ Yoast SEO plugin. -->","yoast_head_json":{"title":"Nutzungsbedingungen - Topo GPS","robots":{"index":"index","follow":"follow","max-snippet":"max-snippet:-1","max-image-preview":"max-image-preview:large","max-video-preview":"max-video-preview:-1"},"canonical":"https:\/\/www.topo-gps.com\/de\/nutzungsbedingungen\/","og_locale":"de_DE","og_type":"article","og_title":"Nutzungsbedingungen - Topo GPS","og_description":"[vc_section][vc_row][vc_column][\/vc_column][\/vc_row][vc_row][vc_column][vc_column_text]Wenn Sie Topo GPS auf Apple-Ger\u00e4ten verwenden, gilt zus\u00e4tzlich zu den unten genannten Punkten die Endbenutzer-Lizenzvereinbarung f\u00fcr lizenzierte AppStore-Anwendungen . Wenn Sie Topo GPS auf Android-Ger\u00e4ten verwenden, gelten zus\u00e4tzlich zu den unten genannten Punkten die Bedingungen des Google Play Store . Wenn Sie die Topo GPS-App verwenden, tun Sie dies auf eigenes Risiko. Wir haften nicht f\u00fcr Sch\u00e4den, die durch die Nutzung der App entstehen. Karten, die innerhalb von Topo GPS verwendet werden, d\u00fcrfen in keiner Weise verbreitet werden, es sei denn, die Kartenlizenz erlaubt dies ausdr\u00fccklich. Um die Kartenlizenz anzuzeigen, tippen Sie unten auf die Copyright-Informationen einer Karte. Wenn...","og_url":"https:\/\/www.topo-gps.com\/de\/nutzungsbedingungen\/","og_site_name":"Topo GPS","article_modified_time":"2022-02-06T20:21:38+00:00","twitter_card":"summary_large_image","twitter_misc":{"Gesch\u00e4tzte Lesezeit":"1\u00a0Minute"},"schema":{"@context":"https:\/\/schema.org","@graph":[{"@type":"WebPage","@id":"https:\/\/www.topo-gps.com\/de\/nutzungsbedingungen\/","url":"https:\/\/www.topo-gps.com\/de\/nutzungsbedingungen\/","name":"Nutzungsbedingungen - Topo GPS","isPartOf":{"@id":"https:\/\/www.topo-gps.com\/de\/#website"},"datePublished":"2022-01-29T19:41:58+00:00","dateModified":"2022-02-06T20:21:38+00:00","breadcrumb":{"@id":"https:\/\/www.topo-gps.com\/de\/nutzungsbedingungen\/#breadcrumb"},"inLanguage":"de","potentialAction":[{"@type":"ReadAction","target":["https:\/\/www.topo-gps.com\/de\/nutzungsbedingungen\/"]}]},{"@type":"BreadcrumbList","@id":"https:\/\/www.topo-gps.com\/de\/nutzungsbedingungen\/#breadcrumb","itemListElement":[{"@type":"ListItem","position":1,"name":"Home","item":"https:\/\/www.topo-gps.com\/de\/topo-gps\/"},{"@type":"ListItem","position":2,"name":"Nutzungsbedingungen"}]},{"@type":"WebSite","@id":"https:\/\/www.topo-gps.com\/de\/#website","url":"https:\/\/www.topo-gps.com\/de\/","name":"Topo GPS","description":"Topographic maps GPS for iPhone, Android, iPad and Apple Watch","potentialAction":[{"@type":"SearchAction","target":{"@type":"EntryPoint","urlTemplate":"https:\/\/www.topo-gps.com\/de\/?s={search_term_string}"},"query-input":{"@type":"PropertyValueSpecification","valueRequired":true,"valueName":"search_term_string"}}],"inLanguage":"de"}]}},"_links":{"self":[{"href":"https:\/\/www.topo-gps.com\/de\/wp-json\/wp\/v2\/pages\/6413","targetHints":{"allow":["GET"]}}],"collection":[{"href":"https:\/\/www.topo-gps.com\/de\/wp-json\/wp\/v2\/pages"}],"about":[{"href":"https:\/\/www.topo-gps.com\/de\/wp-json\/wp\/v2\/types\/page"}],"author":[{"embeddable":true,"href":"https:\/\/www.topo-gps.com\/de\/wp-json\/wp\/v2\/users\/1"}],"replies":[{"embeddable":true,"href":"https:\/\/www.topo-gps.com\/de\/wp-json\/wp\/v2\/comments?post=6413"}],"version-history":[{"count":0,"href":"https:\/\/www.topo-gps.com\/de\/wp-json\/wp\/v2\/pages\/6413\/revisions"}],"wp:attachment":[{"href":"https:\/\/www.topo-gps.com\/de\/wp-json\/wp\/v2\/media?parent=6413"}],"curies":[{"name":"wp","href":"https:\/\/api.w.org\/{rel}","templated":true}]}}