{"id":6290,"date":"2022-01-29T20:38:54","date_gmt":"2022-01-29T19:38:54","guid":{"rendered":"http:\/\/test.topo-gps.com\/topo-gps-fuer-profis\/"},"modified":"2022-02-26T20:47:51","modified_gmt":"2022-02-26T19:47:51","slug":"topo-gps-fuer-profis","status":"publish","type":"page","link":"https:\/\/www.topo-gps.com\/de\/topo-gps-fuer-profis\/","title":{"rendered":"Topo-GPS f\u00fcr Profis"},"content":{"rendered":"<div class=\"wpb-content-wrapper\"><p>[vc_row parallax_image_attachment=&#8221;inherit&#8221;][vc_column]\r\n        <div class=\"section-title  wow perch-fadeInUp fadeInUp text-center\" data-wow-delay=\"300ms\" data-wow-duration=\"1200ms\">\r\n            <h2 class=\"h2-sm\">Topo GPS wird von vielen professionellen Benutzern verwendet<\/h2>\r\n            <p class=\"p-lg\">Die App wird h\u00e4ufig f\u00fcr Navigation, Datenprotokollierung und Datenschichten verwendet. Die App hat unter anderem viele aktive Benutzer aus dem Milit\u00e4r, Umweltforschern, SAR, Infrastrukturinspektion.<\/p>         \r\n        <\/div>[\/vc_column][\/vc_row][vc_section section_type=&#8221;faqs&#8221; faqs_type=&#8221;1&#8243; parallax_image_attachment=&#8221;inherit&#8221; padding_class=&#8221;wide-100&#8243; el_id=&#8221;faqs&#8221;][vc_row][vc_column width=&#8221;1\/2&#8243;]\r\n        <div class=\"mb-25 pl-30 pr-30  wow perch-fadeInUp fadeInUp\" data-wow-delay=\"300ms\" data-wow-duration=\"1200ms\"> \r\n                   \r\n                   \r\n            <h5 class=\"dark-color h5-sm none os-version\" style=\"font-weight: 500;\">Kann ich meine eigenen Daten integrieren?<\/h5>\r\n            <p class=\"Default none os-version\">Sie k\u00f6nnen Ihre Daten beispielsweise in eine GPX-Datei einf\u00fcgen und diese dann importieren. Lassen Sie es von Ihnen und Ihrem Team \u00e4ndern und exportieren Sie es dann mit den hinzugef\u00fcgten Daten integriert.<\/p>         \r\n        <\/div>\r\n        <div class=\"mb-25 pl-30 pr-30  wow perch-fadeInUp fadeInUp\" data-wow-delay=\"300ms\" data-wow-duration=\"1200ms\"> \r\n                   \r\n                   \r\n            <h5 class=\"Default h5-sm none os-version\" style=\"font-weight: 500;\">Kann ich Daten f\u00fcr meine eigenen Datenbanken freigeben?<\/h5>\r\n            <p class=\"Default none os-version\">Wie oben erw\u00e4hnt, k\u00f6nnen Sie Daten in verschiedenen Formaten hochladen. M\u00f6gliches Hinzuf\u00fcgen eines Symbols, um das Element auf der Karte zu identifizieren.<\/p>         \r\n        <\/div>\r\n        <div class=\"mb-25 pl-30 pr-30  wow perch-fadeInUp fadeInUp\" data-wow-delay=\"300ms\" data-wow-duration=\"1200ms\"> \r\n                   \r\n                   \r\n            <h5 class=\"Default h5-sm none os-version\" style=\"font-weight: 500;\">Funktioniert Topo GPS mit meiner GIS-Software?<\/h5>\r\n            <p class=\"Default none os-version\">Die meisten unserer Datenformate sind mit den g\u00e4ngigen GIS-Programmen wie ArcGIS und QGIS kompatibel und importierbar<\/p>         \r\n        <\/div>\r\n        <div class=\"mb-25 pl-30 pr-30  wow perch-fadeInUp fadeInUp\" data-wow-delay=\"300ms\" data-wow-duration=\"1200ms\"> \r\n                   \r\n                   \r\n            <h5 class=\"Default h5-sm none os-version\" style=\"font-weight: 500;\">Welche Datenformate unterst\u00fctzen Sie?<\/h5>\r\n            <p class=\"Default none os-version\">Ja, <a href=\"https:\/\/www.topo-gps.com\/supported-data-formats\/\">Topo GPS unterst\u00fctzt eine Vielzahl von Geodatenformaten<\/a> und Datentypen, sowohl f\u00fcr den Import als auch f\u00fcr den Export.<\/p>         \r\n        <\/div>[\/vc_column][vc_column width=&#8221;1\/2&#8243;]\r\n        <div class=\"mb-25 pl-30 pr-30  wow perch-fadeInUp fadeInUp\" data-wow-delay=\"300ms\" data-wow-duration=\"1200ms\"> \r\n                   \r\n                   \r\n            <h5 class=\"Default h5-sm none os-version\" style=\"font-weight: 500;\">Was kann ich mit GEO-JSON tun<\/h5>\r\n            <p class=\"Default none os-version\">Mit Geo JSON k\u00f6nnen Sie der Karte Daten wie Grenzen oder Linien hinzuf\u00fcgen, die beispielsweise verwendet werden k\u00f6nnen, um anzuzeigen, welche Bereiche vermessen werden sollten<\/p>         \r\n        <\/div>\r\n        <div class=\"mb-25 pl-30 pr-30  wow perch-fadeInUp fadeInUp\" data-wow-delay=\"300ms\" data-wow-duration=\"1200ms\"> \r\n                   \r\n                   \r\n            <h5 class=\"Default h5-sm none os-version\" style=\"font-weight: 500;\">Haben Sie eine bestimmte professionelle Version?<\/h5>\r\n            <p class=\"Default none os-version\">Alle unsere Funktionen stehen allen unseren Kunden zur Verf\u00fcgung. Wir denken an eine potenziell gesch\u00e4ftsorientierte Version mit benutzerdefinierten Funktionen. Hinterlassen Sie uns bei Interesse einen Kommentar auf der Kontaktseite.<\/p>         \r\n        <\/div>\r\n        <div class=\"mb-25 pl-30 pr-30  wow perch-fadeInUp fadeInUp\" data-wow-delay=\"300ms\" data-wow-duration=\"1200ms\"> \r\n                   \r\n                   \r\n            <h5 class=\"Default h5-sm none os-version\" style=\"font-weight: 500;\">K\u00f6nnen Sie eine benutzerdefinierte Funktion f\u00fcr mich erstellen?<\/h5>\r\n            <p class=\"Default none os-version\">Wir haben sehr begrenzte Entwicklungsressourcen. Deshalb konzentrieren wir uns derzeit auf Features f\u00fcr alle Kunden.<\/p>         \r\n        <\/div>\r\n        <div class=\"mb-25 pl-30 pr-30  wow perch-fadeInUp fadeInUp\" data-wow-delay=\"300ms\" data-wow-duration=\"1200ms\"> \r\n                   \r\n                   \r\n            <h5 class=\"Default h5-sm none os-version\" style=\"font-weight: 500;\">Kann ich Topo GPS in gro\u00dfen Mengen bestellen?<\/h5>\r\n            <p class=\"Default none os-version\">Ja, das ist m\u00f6glich. Bitte kontaktieren Sie uns f\u00fcr ein Angebot f\u00fcr eine Gro\u00dfbestellung von Apps.<\/p>         \r\n        <\/div>[\/vc_column][\/vc_row][\/vc_section][vc_row][vc_column][vc_separator][\/vc_column][\/vc_row][vc_section section_type=&#8221;features&#8221; features_type=&#8221;4&#8243; parallax_image_attachment=&#8221;inherit&#8221; el_id=&#8221;about&#8221;][vc_row parallax_image_attachment=&#8221;inherit&#8221;][vc_column width=&#8221;5\/12&#8243;]\r\n        <div class=\"features-img  wow perch-fadeInLeft fadeInLeft\" data-wow-delay=\"300ms\" data-wow-duration=\"1200ms\"> \r\n        <img decoding=\"async\" class=\"vc_single_image-img img-fluid\"  src=\"https:\/\/www.topo-gps.com\/wp-content\/uploads\/2021\/12\/en-ss7-1.jpg\" alt=\"External image\" \/>\r\n        <\/div>[\/vc_column][vc_column width=&#8221;1\/12&#8243;][\/vc_column][vc_column width=&#8221;1\/2&#8243;][vc_row_inner][vc_column_inner width=&#8221;1\/2&#8243;]\r\n        <div class=\"wow perch-fadeInUp fadeInUp fbox-4\" data-wow-delay=\"300ms\" data-wow-duration=\"1200ms\"> \r\n            <div class=\"fbox grey-color-box\">\r\n                <div class=\"grey-color-icon b-icon box-icon-md\"><span class=\"ti-Line-Database grey-color\"><\/span><\/div>  \r\n                <div class=\"fbox-4-txt\">    \r\n                    <h5 class=\"h5-sm\">GEO-JSON-Importe<\/h5>\r\n                    <p class=\"grey-color\">Verwenden Sie das GEO-JSON-Format, um Grenzen oder andere grafische Ebenen auf den topografischen Karten anzuzeigen.<\/p>\r\n                    \r\n                <\/div> \r\n            <\/div>        \r\n        <\/div>\r\n        <div class=\"wow perch-fadeInUp fadeInUp fbox-4\" data-wow-delay=\"300ms\" data-wow-duration=\"1200ms\"> \r\n            <div class=\"fbox grey-color-box\">\r\n                <div class=\"grey-color-icon b-icon box-icon-md\"><span class=\"ti-Line-Cloud-2 grey-color\"><\/span><\/div>  \r\n                <div class=\"fbox-4-txt\">    \r\n                    <h5 class=\"h5-sm\">Import und Export von GPX-Dateien<\/h5>\r\n                    <p class=\"grey-color\">Sie k\u00f6nnen Geodatendateien importieren, um professionelle Datenpunkte und Tracks zu laden. Oder erstellen Sie die Daten und exportieren Sie sie.<\/p>\r\n                    \r\n                <\/div> \r\n            <\/div>        \r\n        <\/div>\r\n        <div class=\"wow perch-fadeInUp fadeInUp fbox\" data-wow-delay=\"300ms\" data-wow-duration=\"1200ms\"> \r\n            <div class=\"fbox grey-color-box\">\r\n                <div class=\"grey-color-icon b-icon box-icon-md\"><span class=\"ti-Line-Map-Pin-3 grey-color\"><\/span><\/div>  \r\n                <div class=\"fbox-txt\">    \r\n                    <h5 class=\"h5-sm\">Wegpunktkarten<\/h5>\r\n                    <p class=\"grey-color\">Speichern Sie Daten auf der Karte mit zus\u00e4tzlichen Daten oder Bildern, um geografische Daten zu protokollieren.<\/p>\r\n                    \r\n                <\/div> \r\n            <\/div>        \r\n        <\/div>[\/vc_column_inner][vc_column_inner width=&#8221;1\/2&#8243;]\r\n        <div class=\"wow perch-fadeInUp fadeInUp fbox-4\" data-wow-delay=\"300ms\" data-wow-duration=\"1200ms\"> \r\n            <div class=\"fbox grey-color-box\">\r\n                <div class=\"grey-color-icon b-icon box-icon-md\"><span class=\"ti-Line-Map-Pin-4 grey-color\"><\/span><\/div>  \r\n                <div class=\"fbox-4-txt\">    \r\n                    <h5 class=\"h5-sm\">Benutzerdefinierte Symbole<\/h5>\r\n                    <p class=\"grey-color\">Unterscheiden Sie verschiedene Arten von Datenpunkten, indem Sie benutzerdefinierte Symbole zu Wegpunkten hinzuf\u00fcgen.<\/p>\r\n                    \r\n                <\/div> \r\n            <\/div>        \r\n        <\/div>\r\n        <div class=\"wow perch-fadeInUp fadeInUp fbox-4\" data-wow-delay=\"300ms\" data-wow-duration=\"1200ms\"> \r\n            <div class=\"fbox grey-color-box\">\r\n                <div class=\"grey-color-icon b-icon box-icon-md\"><span class=\"ti-Line-Equalizer grey-color\"><\/span><\/div>  \r\n                <div class=\"fbox-4-txt\">    \r\n                    <h5 class=\"h5-sm\">Mehrere Koordinatenformate<\/h5>\r\n                    <p class=\"grey-color\">Jeder Sektor verwendet sein eigenes Geodatenformat, Topo GPS unterst\u00fctzt nahezu jedes Format.<\/p>\r\n                    \r\n                <\/div> \r\n            <\/div>        \r\n        <\/div>\r\n        <div class=\"wow perch-fadeInUp fadeInUp fbox\" data-wow-delay=\"300ms\" data-wow-duration=\"1200ms\"> \r\n            <div class=\"fbox grey-color-box\">\r\n                <div class=\"grey-color-icon b-icon box-icon-md\"><span class=\"ti-Line-Text-1 grey-color\"><\/span><\/div>  \r\n                <div class=\"fbox-txt\">    \r\n                    <h5 class=\"h5-sm\">Koordinatengitter<\/h5>\r\n                    <p class=\"grey-color\">Sie k\u00f6nnen Ihr Projekt mithilfe der eingebauten Gitterebenen in logische Abschnitte unterteilen.<\/p>\r\n                    \r\n                <\/div> \r\n            <\/div>        \r\n        <\/div>[\/vc_column_inner][\/vc_row_inner][\/vc_column][\/vc_row][\/vc_section][vc_row][vc_column][vc_column_text]<\/p>\n<div class=\"more-questions-btn wow fadeInUp\" data-wow-delay=\"1.1s\"><!-- Text --><\/p>\n<h5 class=\"h5-sm txt-500\" style=\"text-align: center;\">M\u00f6chten Sie mehr wissen? <a class=\"green-color\" href=\"http:\/\/test.topo-gps.com\/faqs-page\/\">Stellen Sie hier Ihre Frage \u00fcber unser Kontaktformular<\/a><\/h5>\n<\/div>\n<p>[\/vc_column_text][\/vc_column][\/vc_row]<\/p>\n<\/div>","protected":false},"excerpt":{"rendered":"<p>[vc_row parallax_image_attachment=&#8221;inherit&#8221;][vc_column][\/vc_column][\/vc_row][vc_section section_type=&#8221;faqs&#8221; faqs_type=&#8221;1&#8243; parallax_image_attachment=&#8221;inherit&#8221; padding_class=&#8221;wide-100&#8243; el_id=&#8221;faqs&#8221;][vc_row][vc_column width=&#8221;1\/2&#8243;][\/vc_column][vc_column width=&#8221;1\/2&#8243;][\/vc_column][\/vc_row][\/vc_section][vc_row][vc_column][vc_separator][\/vc_column][\/vc_row][vc_section section_type=&#8221;features&#8221; features_type=&#8221;4&#8243; parallax_image_attachment=&#8221;inherit&#8221; el_id=&#8221;about&#8221;][vc_row parallax_image_attachment=&#8221;inherit&#8221;][vc_column width=&#8221;5\/12&#8243;][\/vc_column][vc_column width=&#8221;1\/12&#8243;][\/vc_column][vc_column width=&#8221;1\/2&#8243;][vc_row_inner][vc_column_inner width=&#8221;1\/2&#8243;][\/vc_column_inner][vc_column_inner width=&#8221;1\/2&#8243;][\/vc_column_inner][\/vc_row_inner][\/vc_column][\/vc_row][\/vc_section][vc_row][vc_column][vc_column_text] M\u00f6chten Sie mehr wissen? Stellen Sie hier Ihre Frage \u00fcber unser Kontaktformular [\/vc_column_text][\/vc_column][\/vc_row]<\/p>\n","protected":false},"author":1,"featured_media":0,"parent":0,"menu_order":0,"comment_status":"closed","ping_status":"closed","template":"","meta":{"footnotes":""},"class_list":["post-6290","page","type-page","status-publish","hentry","no-post-thumbnail"],"yoast_head":"<!-- This site is optimized with the Yoast SEO plugin v27.5 - https:\/\/yoast.com\/product\/yoast-seo-wordpress\/ -->\n<title>Topo-GPS f\u00fcr Profis - Topo GPS<\/title>\n<meta name=\"robots\" content=\"index, follow, max-snippet:-1, max-image-preview:large, max-video-preview:-1\" \/>\n<link rel=\"canonical\" href=\"https:\/\/www.topo-gps.com\/de\/topo-gps-fuer-profis\/\" \/>\n<meta property=\"og:locale\" content=\"de_DE\" \/>\n<meta property=\"og:type\" content=\"article\" \/>\n<meta property=\"og:title\" content=\"Topo-GPS f\u00fcr Profis - Topo GPS\" \/>\n<meta property=\"og:description\" content=\"[vc_row parallax_image_attachment=&#8221;inherit&#8221;][vc_column][\/vc_column][\/vc_row][vc_section section_type=&#8221;faqs&#8221; faqs_type=&#8221;1&#8243; parallax_image_attachment=&#8221;inherit&#8221; padding_class=&#8221;wide-100&#8243; el_id=&#8221;faqs&#8221;][vc_row][vc_column width=&#8221;1\/2&#8243;][\/vc_column][vc_column width=&#8221;1\/2&#8243;][\/vc_column][\/vc_row][\/vc_section][vc_row][vc_column][vc_separator][\/vc_column][\/vc_row][vc_section section_type=&#8221;features&#8221; features_type=&#8221;4&#8243; parallax_image_attachment=&#8221;inherit&#8221; el_id=&#8221;about&#8221;][vc_row parallax_image_attachment=&#8221;inherit&#8221;][vc_column width=&#8221;5\/12&#8243;][\/vc_column][vc_column width=&#8221;1\/12&#8243;][\/vc_column][vc_column width=&#8221;1\/2&#8243;][vc_row_inner][vc_column_inner width=&#8221;1\/2&#8243;][\/vc_column_inner][vc_column_inner width=&#8221;1\/2&#8243;][\/vc_column_inner][\/vc_row_inner][\/vc_column][\/vc_row][\/vc_section][vc_row][vc_column][vc_column_text] M\u00f6chten Sie mehr wissen? Stellen Sie hier Ihre Frage \u00fcber unser Kontaktformular [\/vc_column_text][\/vc_column][\/vc_row]\" \/>\n<meta property=\"og:url\" content=\"https:\/\/www.topo-gps.com\/de\/topo-gps-fuer-profis\/\" \/>\n<meta property=\"og:site_name\" content=\"Topo GPS\" \/>\n<meta property=\"article:modified_time\" content=\"2022-02-26T19:47:51+00:00\" \/>\n<meta name=\"twitter:card\" content=\"summary_large_image\" \/>\n<meta name=\"twitter:label1\" content=\"Gesch\u00e4tzte Lesezeit\" \/>\n\t<meta name=\"twitter:data1\" content=\"5\u00a0Minuten\" \/>\n<script type=\"application\/ld+json\" class=\"yoast-schema-graph\">{\"@context\":\"https:\\\/\\\/schema.org\",\"@graph\":[{\"@type\":\"WebPage\",\"@id\":\"https:\\\/\\\/www.topo-gps.com\\\/de\\\/topo-gps-fuer-profis\\\/\",\"url\":\"https:\\\/\\\/www.topo-gps.com\\\/de\\\/topo-gps-fuer-profis\\\/\",\"name\":\"Topo-GPS f\u00fcr Profis - Topo GPS\",\"isPartOf\":{\"@id\":\"https:\\\/\\\/www.topo-gps.com\\\/de\\\/#website\"},\"datePublished\":\"2022-01-29T19:38:54+00:00\",\"dateModified\":\"2022-02-26T19:47:51+00:00\",\"breadcrumb\":{\"@id\":\"https:\\\/\\\/www.topo-gps.com\\\/de\\\/topo-gps-fuer-profis\\\/#breadcrumb\"},\"inLanguage\":\"de\",\"potentialAction\":[{\"@type\":\"ReadAction\",\"target\":[\"https:\\\/\\\/www.topo-gps.com\\\/de\\\/topo-gps-fuer-profis\\\/\"]}]},{\"@type\":\"BreadcrumbList\",\"@id\":\"https:\\\/\\\/www.topo-gps.com\\\/de\\\/topo-gps-fuer-profis\\\/#breadcrumb\",\"itemListElement\":[{\"@type\":\"ListItem\",\"position\":1,\"name\":\"Home\",\"item\":\"https:\\\/\\\/www.topo-gps.com\\\/de\\\/topo-gps\\\/\"},{\"@type\":\"ListItem\",\"position\":2,\"name\":\"Topo-GPS f\u00fcr Profis\"}]},{\"@type\":\"WebSite\",\"@id\":\"https:\\\/\\\/www.topo-gps.com\\\/de\\\/#website\",\"url\":\"https:\\\/\\\/www.topo-gps.com\\\/de\\\/\",\"name\":\"Topo GPS\",\"description\":\"Topographic maps GPS for iPhone, Android, iPad and Apple Watch\",\"potentialAction\":[{\"@type\":\"SearchAction\",\"target\":{\"@type\":\"EntryPoint\",\"urlTemplate\":\"https:\\\/\\\/www.topo-gps.com\\\/de\\\/?s={search_term_string}\"},\"query-input\":{\"@type\":\"PropertyValueSpecification\",\"valueRequired\":true,\"valueName\":\"search_term_string\"}}],\"inLanguage\":\"de\"}]}<\/script>\n<!-- \/ Yoast SEO plugin. -->","yoast_head_json":{"title":"Topo-GPS f\u00fcr Profis - Topo GPS","robots":{"index":"index","follow":"follow","max-snippet":"max-snippet:-1","max-image-preview":"max-image-preview:large","max-video-preview":"max-video-preview:-1"},"canonical":"https:\/\/www.topo-gps.com\/de\/topo-gps-fuer-profis\/","og_locale":"de_DE","og_type":"article","og_title":"Topo-GPS f\u00fcr Profis - Topo GPS","og_description":"[vc_row parallax_image_attachment=&#8221;inherit&#8221;][vc_column][\/vc_column][\/vc_row][vc_section section_type=&#8221;faqs&#8221; faqs_type=&#8221;1&#8243; parallax_image_attachment=&#8221;inherit&#8221; padding_class=&#8221;wide-100&#8243; el_id=&#8221;faqs&#8221;][vc_row][vc_column width=&#8221;1\/2&#8243;][\/vc_column][vc_column width=&#8221;1\/2&#8243;][\/vc_column][\/vc_row][\/vc_section][vc_row][vc_column][vc_separator][\/vc_column][\/vc_row][vc_section section_type=&#8221;features&#8221; features_type=&#8221;4&#8243; parallax_image_attachment=&#8221;inherit&#8221; el_id=&#8221;about&#8221;][vc_row parallax_image_attachment=&#8221;inherit&#8221;][vc_column width=&#8221;5\/12&#8243;][\/vc_column][vc_column width=&#8221;1\/12&#8243;][\/vc_column][vc_column width=&#8221;1\/2&#8243;][vc_row_inner][vc_column_inner width=&#8221;1\/2&#8243;][\/vc_column_inner][vc_column_inner width=&#8221;1\/2&#8243;][\/vc_column_inner][\/vc_row_inner][\/vc_column][\/vc_row][\/vc_section][vc_row][vc_column][vc_column_text] M\u00f6chten Sie mehr wissen? Stellen Sie hier Ihre Frage \u00fcber unser Kontaktformular [\/vc_column_text][\/vc_column][\/vc_row]","og_url":"https:\/\/www.topo-gps.com\/de\/topo-gps-fuer-profis\/","og_site_name":"Topo GPS","article_modified_time":"2022-02-26T19:47:51+00:00","twitter_card":"summary_large_image","twitter_misc":{"Gesch\u00e4tzte Lesezeit":"5\u00a0Minuten"},"schema":{"@context":"https:\/\/schema.org","@graph":[{"@type":"WebPage","@id":"https:\/\/www.topo-gps.com\/de\/topo-gps-fuer-profis\/","url":"https:\/\/www.topo-gps.com\/de\/topo-gps-fuer-profis\/","name":"Topo-GPS f\u00fcr Profis - Topo GPS","isPartOf":{"@id":"https:\/\/www.topo-gps.com\/de\/#website"},"datePublished":"2022-01-29T19:38:54+00:00","dateModified":"2022-02-26T19:47:51+00:00","breadcrumb":{"@id":"https:\/\/www.topo-gps.com\/de\/topo-gps-fuer-profis\/#breadcrumb"},"inLanguage":"de","potentialAction":[{"@type":"ReadAction","target":["https:\/\/www.topo-gps.com\/de\/topo-gps-fuer-profis\/"]}]},{"@type":"BreadcrumbList","@id":"https:\/\/www.topo-gps.com\/de\/topo-gps-fuer-profis\/#breadcrumb","itemListElement":[{"@type":"ListItem","position":1,"name":"Home","item":"https:\/\/www.topo-gps.com\/de\/topo-gps\/"},{"@type":"ListItem","position":2,"name":"Topo-GPS f\u00fcr Profis"}]},{"@type":"WebSite","@id":"https:\/\/www.topo-gps.com\/de\/#website","url":"https:\/\/www.topo-gps.com\/de\/","name":"Topo GPS","description":"Topographic maps GPS for iPhone, Android, iPad and Apple Watch","potentialAction":[{"@type":"SearchAction","target":{"@type":"EntryPoint","urlTemplate":"https:\/\/www.topo-gps.com\/de\/?s={search_term_string}"},"query-input":{"@type":"PropertyValueSpecification","valueRequired":true,"valueName":"search_term_string"}}],"inLanguage":"de"}]}},"_links":{"self":[{"href":"https:\/\/www.topo-gps.com\/de\/wp-json\/wp\/v2\/pages\/6290","targetHints":{"allow":["GET"]}}],"collection":[{"href":"https:\/\/www.topo-gps.com\/de\/wp-json\/wp\/v2\/pages"}],"about":[{"href":"https:\/\/www.topo-gps.com\/de\/wp-json\/wp\/v2\/types\/page"}],"author":[{"embeddable":true,"href":"https:\/\/www.topo-gps.com\/de\/wp-json\/wp\/v2\/users\/1"}],"replies":[{"embeddable":true,"href":"https:\/\/www.topo-gps.com\/de\/wp-json\/wp\/v2\/comments?post=6290"}],"version-history":[{"count":0,"href":"https:\/\/www.topo-gps.com\/de\/wp-json\/wp\/v2\/pages\/6290\/revisions"}],"wp:attachment":[{"href":"https:\/\/www.topo-gps.com\/de\/wp-json\/wp\/v2\/media?parent=6290"}],"curies":[{"name":"wp","href":"https:\/\/api.w.org\/{rel}","templated":true}]}}