{"id":6156,"date":"2022-01-08T16:35:22","date_gmt":"2022-01-08T15:35:22","guid":{"rendered":"http:\/\/test.topo-gps.com\/karten\/"},"modified":"2025-01-30T12:00:18","modified_gmt":"2025-01-30T11:00:18","slug":"karten","status":"publish","type":"page","link":"https:\/\/www.topo-gps.com\/de\/karten\/","title":{"rendered":"Karten"},"content":{"rendered":"<div class=\"wpb-content-wrapper\"><p>[vc_row][vc_column][vc_column_text]<\/p>\n<figure class=\"wp-block-image size-large\"><img loading=\"lazy\" decoding=\"async\" class=\"alignnone wp-image-3830 size-medium_large\" src=\"https:\/\/www.topo-gps.com\/wp-content\/uploads\/2021\/11\/MapChart_Map-768x405.png\" alt=\"\" width=\"768\" height=\"405\" srcset=\"https:\/\/www.topo-gps.com\/wp-content\/uploads\/2021\/11\/MapChart_Map-768x405.png 768w, https:\/\/www.topo-gps.com\/wp-content\/uploads\/2021\/11\/MapChart_Map-300x158.png 300w, https:\/\/www.topo-gps.com\/wp-content\/uploads\/2021\/11\/MapChart_Map-1024x539.png 1024w, https:\/\/www.topo-gps.com\/wp-content\/uploads\/2021\/11\/MapChart_Map-1536x809.png 1536w, https:\/\/www.topo-gps.com\/wp-content\/uploads\/2021\/11\/MapChart_Map-2048x1079.png 2048w, https:\/\/www.topo-gps.com\/wp-content\/uploads\/2021\/11\/MapChart_Map-600x316.png 600w, https:\/\/www.topo-gps.com\/wp-content\/uploads\/2021\/11\/MapChart_Map-500x263.png 500w, https:\/\/www.topo-gps.com\/wp-content\/uploads\/2021\/11\/MapChart_Map-400x211.png 400w\" sizes=\"auto, (max-width: 768px) 100vw, 768px\" \/><\/figure>\n<p>Oben sind die L\u00e4nder aufgef\u00fchrt, f\u00fcr die Topo GPS spezielle topografische Karten anbietet. Es gibt eine globale Abdeckung mit OpenStreetmap.<\/p>\n\r\n<figure class=\"wp-block-image size-large\"><\/figure>\r\n&#13;\n<figure class=\"wp-block-table\"><table><tbody><tr><td>\u00a0<\/td>&#13;\n<td><strong>Land<\/strong><\/td>&#13;\n<td><strong>Preisgestaltung*<\/strong><\/td>&#13;\n<\/tr><tr><td><img loading=\"lazy\" decoding=\"async\" class=\"alignnone size-full wp-image-4608\" src=\"http:\/\/www.topo-gps.com\/wp-content\/uploads\/2021\/11\/au.gif\" alt=\"\" width=\"16\" height=\"11\"\/><\/td>&#13;\n<td>Australien<\/td>&#13;\n<td>Queensland, New South Wales und South Australia folgen in K\u00fcrze<\/td>&#13;\n<\/tr><tr><td><img loading=\"lazy\" decoding=\"async\" class=\"alignnone size-full wp-image-4618\" src=\"https:\/\/www.topo-gps.com\/wp-content\/uploads\/2021\/11\/at.gif\" alt=\"\" width=\"16\" height=\"11\"\/><\/td>&#13;\n<td><a href=\"https:\/\/www.topo-gps.com\/de\/topographische-karte-von-oesterreich\/\">\u00d6sterreich<\/a><\/td>&#13;\n<td>\u20ac 4,99<\/td>&#13;\n<\/tr><tr><td><img loading=\"lazy\" decoding=\"async\" class=\"alignnone size-full wp-image-4628\" src=\"https:\/\/www.topo-gps.com\/wp-content\/uploads\/2021\/11\/be.gif\" alt=\"\" width=\"16\" height=\"11\"\/><\/td>&#13;\n<td><a href=\"https:\/\/www.topo-gps.com\/de\/topografische-karte-von-belgien\/\">Belgien<\/a><\/td>&#13;\n<td>0,99 \u20ac pro 36 km\u00b2 ODER 1-Jahres-Abo 12,99 \u20ac<\/td>&#13;\n<\/tr><tr><td><img loading=\"lazy\" decoding=\"async\" class=\"alignnone size-full wp-image-4638\" src=\"https:\/\/www.topo-gps.com\/wp-content\/uploads\/2021\/11\/cz.gif\" alt=\"\" width=\"16\" height=\"11\"\/><\/td>&#13;\n<td><a href=\"https:\/\/www.topo-gps.com\/de\/topographische-karte-von-tschechien\/\">Tschechische Republik<\/a><\/td>&#13;\n<td>3,99 \u20ac<\/td>&#13;\n<\/tr><tr><td><img loading=\"lazy\" decoding=\"async\" class=\"alignnone size-full wp-image-4648\" src=\"https:\/\/www.topo-gps.com\/wp-content\/uploads\/2021\/11\/dk.gif\" alt=\"\" width=\"16\" height=\"11\"\/><\/td>&#13;\n<td><a href=\"https:\/\/www.topo-gps.com\/de\/topographische-karte-von-daenemark\/\">D\u00e4nemark<\/a><\/td>&#13;\n<td>\u20ac 4,99<\/td>&#13;\n<\/tr><tr><td><img loading=\"lazy\" decoding=\"async\" class=\"alignnone size-full wp-image-4658\" src=\"https:\/\/www.topo-gps.com\/wp-content\/uploads\/2021\/11\/ee.gif\" alt=\"\" width=\"16\" height=\"11\"\/><\/td>&#13;\n<td><a href=\"https:\/\/www.topo-gps.com\/de\/topografische-karte-von-estland\/\">Estland<\/a><\/td>&#13;\n<td>\u20ac 4,99<\/td>&#13;\n<\/tr><tr><td><img loading=\"lazy\" decoding=\"async\" class=\"alignnone size-full wp-image-24472\" src=\"https:\/\/www.topo-gps.com\/wp-content\/uploads\/2023\/03\/fo.gif\" alt=\"\" width=\"16\" height=\"11\"\/><\/td>&#13;\n<td><a href=\"https:\/\/www.topo-gps.com\/de\/topografische-karte-der-faeroeer-inseln\/\">F\u00e4r\u00f6er Inseln<\/a><\/td>&#13;\n<td>\u20ac 4,99<\/td>&#13;\n<\/tr><tr><td><img loading=\"lazy\" decoding=\"async\" class=\"alignnone size-full wp-image-4668\" src=\"https:\/\/www.topo-gps.com\/wp-content\/uploads\/2021\/11\/fi.gif\" alt=\"\" width=\"16\" height=\"11\"\/><\/td>&#13;\n<td><a href=\"https:\/\/www.topo-gps.com\/de\/topografische-karte-von-finnland\/\">Finnland<\/a><\/td>&#13;\n<td>4,99 \u20ac<\/td>&#13;\n<\/tr><tr><td><img loading=\"lazy\" decoding=\"async\" class=\"alignnone size-full wp-image-4678\" src=\"http:\/\/www.topo-gps.com\/wp-content\/uploads\/2021\/11\/fr.gif\" alt=\"\" width=\"16\" height=\"11\"\/><\/td>&#13;\n<td><a href=\"https:\/\/www.topo-gps.com\/de\/topographische-karte-von-frankreich\/\">Frankreich<\/a><\/td>&#13;\n<td>1-Jahres-Abonnement \u20ac19,99<\/td>&#13;\n<\/tr><tr><td><img loading=\"lazy\" decoding=\"async\" class=\"alignnone size-full wp-image-4688\" src=\"https:\/\/www.topo-gps.com\/wp-content\/uploads\/2021\/11\/de.gif\" alt=\"\" width=\"16\" height=\"11\"\/><\/td>&#13;\n<td><a href=\"https:\/\/www.topo-gps.com\/de\/topographische-karte-von-deutschland\/\">Deutschland<\/a><\/td>&#13;\n<td>\u20ac 4,99<\/td>&#13;\n<\/tr><tr><td><img loading=\"lazy\" decoding=\"async\" class=\"alignnone size-full wp-image-4698\" src=\"https:\/\/www.topo-gps.com\/wp-content\/uploads\/2021\/11\/gb.gif\" alt=\"\" width=\"16\" height=\"11\"\/><\/td>&#13;\n<td><a href=\"https:\/\/www.topo-gps.com\/de\/topographische-karte-von-grossbritannien\/\">Gro\u00dfbritannien<\/a><\/td>&#13;\n<td>0,99 \u20ac pro 64 km\u00b2 ODER 1 Jahresabonnement 28,99 \u20ac<\/td>&#13;\n<\/tr><tr><td><img loading=\"lazy\" decoding=\"async\" class=\"alignnone size-full wp-image-4708\" src=\"https:\/\/www.topo-gps.com\/wp-content\/uploads\/2021\/11\/jp.gif\" alt=\"\" width=\"16\" height=\"11\"\/><\/td>&#13;\n<td><a href=\"https:\/\/www.topo-gps.com\/de\/topographische-karte-von-japan\/\">Japan<\/a><\/td>&#13;\n<td>\u20ac 4,99<\/td>&#13;\n<\/tr><tr><td><img loading=\"lazy\" decoding=\"async\" class=\"alignnone size-full wp-image-4718\" src=\"https:\/\/www.topo-gps.com\/wp-content\/uploads\/2021\/11\/lu.gif\" alt=\"\" width=\"16\" height=\"11\"\/><\/td>&#13;\n<td><a href=\"https:\/\/www.topo-gps.com\/de\/topografische-karte-von-luxemburg\/\">Luxemburg<\/a><\/td>&#13;\n<td>\u20ac 4,99<\/td>&#13;\n<\/tr><tr><td><img loading=\"lazy\" decoding=\"async\" class=\"alignnone size-full wp-image-4728\" src=\"http:\/\/www.topo-gps.com\/wp-content\/uploads\/2021\/11\/nl.gif\" alt=\"\" width=\"16\" height=\"11\"\/><\/td>&#13;\n<td><a href=\"https:\/\/www.topo-gps.com\/de\/topografische-karte-der-niederlande\/\">Niederlande<\/a><\/td>&#13;\n<td>4,99 \u20ac (auch Luftbilder erh\u00e4ltlich)<\/td>&#13;\n<\/tr><tr><td><img loading=\"lazy\" decoding=\"async\" class=\"alignnone size-full wp-image-4748\" src=\"https:\/\/www.topo-gps.com\/wp-content\/uploads\/2021\/11\/nz.gif\" alt=\"\" width=\"16\" height=\"11\"\/><\/td>&#13;\n<td><a href=\"https:\/\/www.topo-gps.com\/de\/topografische-karte-von-neuseeland\/\">Neuseeland<\/a><\/td>&#13;\n<td>\u20ac 4,99<\/td>&#13;\n<\/tr><tr><td><img loading=\"lazy\" decoding=\"async\" class=\"alignnone size-full wp-image-4748\" src=\"https:\/\/www.topo-gps.com\/wp-content\/uploads\/2021\/11\/no.gif\" alt=\"\" width=\"16\" height=\"11\"\/><\/td>&#13;\n<td><a href=\"https:\/\/www.topo-gps.com\/de\/topographische-karte-von-norwegen\/\">Norwegen<\/a><\/td>&#13;\n<td>\u20ac 4,99<\/td>&#13;\n<\/tr><tr><td><img loading=\"lazy\" decoding=\"async\" class=\"alignnone size-full wp-image-22988\" src=\"https:\/\/www.topo-gps.com\/wp-content\/uploads\/2023\/01\/pl.gif\" alt=\"\" width=\"16\" height=\"11\"\/><\/td>&#13;\n<td>Polen<\/td>&#13;\n<td>ab 3,49 \u20ac (auch Luftbilder)<\/td>&#13;\n<\/tr><tr><td><img loading=\"lazy\" decoding=\"async\" class=\"alignnone size-full wp-image-22999\" src=\"https:\/\/www.topo-gps.com\/wp-content\/uploads\/2023\/01\/ro.gif\" alt=\"\" width=\"16\" height=\"11\"\/><\/td>&#13;\n<td>Rum\u00e4nien<\/td>&#13;\n<td>ab 3,49 \u20ac<\/td>&#13;\n<\/tr><tr><td><img loading=\"lazy\" decoding=\"async\" class=\"alignnone size-full wp-image-4768\" src=\"https:\/\/www.topo-gps.com\/wp-content\/uploads\/2021\/11\/si.gif\" alt=\"\" width=\"16\" height=\"11\"\/><\/td>&#13;\n<td><a href=\"https:\/\/www.topo-gps.com\/de\/topografische-karte-von-slowenien\/\">Slowenien<\/a><\/td>&#13;\n<td>3,99 \u20ac<\/td>&#13;\n<\/tr><tr><td><img loading=\"lazy\" decoding=\"async\" class=\"alignnone size-full wp-image-4778\" src=\"https:\/\/www.topo-gps.com\/wp-content\/uploads\/2021\/11\/es.gif\" alt=\"\" width=\"16\" height=\"11\"\/><\/td>&#13;\n<td><a href=\"https:\/\/www.topo-gps.com\/de\/topographische-karte-von-spanien\/\">Spanien<\/a><\/td>&#13;\n<td>3,99 \u20ac<\/td>&#13;\n<\/tr><tr><td><img loading=\"lazy\" decoding=\"async\" class=\"alignnone size-full wp-image-4788\" src=\"https:\/\/www.topo-gps.com\/wp-content\/uploads\/2021\/11\/se.gif\" alt=\"\" width=\"16\" height=\"11\"\/><\/td>&#13;\n<td><a href=\"https:\/\/www.topo-gps.com\/de\/topographische-karte-von-schweden\/\">Schweden<\/a><\/td>&#13;\n<td>3,99 \u20ac<\/td>&#13;\n<\/tr><tr><td><img loading=\"lazy\" decoding=\"async\" class=\"alignnone size-full wp-image-4798\" src=\"https:\/\/www.topo-gps.com\/wp-content\/uploads\/2021\/11\/ch.gif\" alt=\"\" width=\"11\" height=\"11\"\/><\/td>&#13;\n<td><a href=\"https:\/\/www.topo-gps.com\/de\/topographische-karte-der-schweiz\/\">Schweiz<\/a><\/td>&#13;\n<td>\u20ac 4,99<\/td>&#13;\n<\/tr><tr><td><img loading=\"lazy\" decoding=\"async\" class=\"alignnone size-full wp-image-4808\" src=\"http:\/\/www.topo-gps.com\/wp-content\/uploads\/2021\/11\/us.gif\" alt=\"\" width=\"16\" height=\"11\"\/><\/td>&#13;\n<td><a href=\"https:\/\/www.topo-gps.com\/de\/topografische-karte-der-usa\/\">Vereinigte Staaten<\/a><\/td>&#13;\n<td>3,99 \u20ac<\/td>&#13;\n<\/tr><tr><td>\u00a0<\/td>&#13;\n<td>Weltweite Abdeckung<\/td>&#13;\n<td>\u20ac5,49<\/td>&#13;\n<\/tr><\/tbody><\/table><\/figure><p><\/p> *Pricing might change based on Apple or Google pricing tier changes. The above prices are the lowest latest prices available in one of the app stores.<\/p>\r\n<p>&nbsp;<\/p>\n<\/div>","protected":false},"excerpt":{"rendered":"<p>[vc_row][vc_column][vc_column_text] Oben sind die L\u00e4nder aufgef\u00fchrt, f\u00fcr die Topo GPS spezielle topografische Karten anbietet. Es gibt eine globale Abdeckung mit OpenStreetmap. &nbsp;<\/p>\n","protected":false},"author":1,"featured_media":0,"parent":0,"menu_order":0,"comment_status":"closed","ping_status":"closed","template":"","meta":{"footnotes":""},"class_list":["post-6156","page","type-page","status-publish","hentry","no-post-thumbnail"],"yoast_head":"<!-- This site is optimized with the Yoast SEO plugin v27.6 - https:\/\/yoast.com\/product\/yoast-seo-wordpress\/ -->\n<title>Karten - Topo GPS<\/title>\n<meta name=\"description\" content=\"Alle Karten, die Topo GPS abdeckt. 27 L\u00e4nderkarten plus zus\u00e4tzliche globale Abdeckung mit Open Streetmap. Und Satellitenbilder f\u00fcr einige.\" \/>\n<meta name=\"robots\" content=\"index, follow, max-snippet:-1, max-image-preview:large, max-video-preview:-1\" \/>\n<link rel=\"canonical\" href=\"https:\/\/www.topo-gps.com\/de\/karten\/\" \/>\n<meta property=\"og:locale\" content=\"de_DE\" \/>\n<meta property=\"og:type\" content=\"article\" \/>\n<meta property=\"og:title\" content=\"Karten - Topo GPS\" \/>\n<meta property=\"og:description\" content=\"Alle Karten, die Topo GPS abdeckt. 27 L\u00e4nderkarten plus zus\u00e4tzliche globale Abdeckung mit Open Streetmap. Und Satellitenbilder f\u00fcr einige.\" \/>\n<meta property=\"og:url\" content=\"https:\/\/www.topo-gps.com\/de\/karten\/\" \/>\n<meta property=\"og:site_name\" content=\"Topo GPS\" \/>\n<meta property=\"article:modified_time\" content=\"2025-01-30T11:00:18+00:00\" \/>\n<meta property=\"og:image\" content=\"https:\/\/www.topo-gps.com\/wp-content\/uploads\/2021\/11\/MapChart_Map-1024x539.png\" \/>\n\t<meta property=\"og:image:width\" content=\"1024\" \/>\n\t<meta property=\"og:image:height\" content=\"539\" \/>\n\t<meta property=\"og:image:type\" content=\"image\/png\" \/>\n<meta name=\"twitter:card\" content=\"summary_large_image\" \/>\n<meta name=\"twitter:label1\" content=\"Gesch\u00e4tzte Lesezeit\" \/>\n\t<meta name=\"twitter:data1\" content=\"1\u00a0Minute\" \/>\n<script type=\"application\/ld+json\" class=\"yoast-schema-graph\">{\"@context\":\"https:\\\/\\\/schema.org\",\"@graph\":[{\"@type\":\"WebPage\",\"@id\":\"https:\\\/\\\/www.topo-gps.com\\\/de\\\/karten\\\/\",\"url\":\"https:\\\/\\\/www.topo-gps.com\\\/de\\\/karten\\\/\",\"name\":\"Karten - Topo GPS\",\"isPartOf\":{\"@id\":\"https:\\\/\\\/www.topo-gps.com\\\/de\\\/#website\"},\"primaryImageOfPage\":{\"@id\":\"https:\\\/\\\/www.topo-gps.com\\\/de\\\/karten\\\/#primaryimage\"},\"image\":{\"@id\":\"https:\\\/\\\/www.topo-gps.com\\\/de\\\/karten\\\/#primaryimage\"},\"thumbnailUrl\":\"https:\\\/\\\/www.topo-gps.com\\\/wp-content\\\/uploads\\\/2021\\\/11\\\/MapChart_Map-768x405.png\",\"datePublished\":\"2022-01-08T15:35:22+00:00\",\"dateModified\":\"2025-01-30T11:00:18+00:00\",\"description\":\"Alle Karten, die Topo GPS abdeckt. 27 L\u00e4nderkarten plus zus\u00e4tzliche globale Abdeckung mit Open Streetmap. Und Satellitenbilder f\u00fcr einige.\",\"breadcrumb\":{\"@id\":\"https:\\\/\\\/www.topo-gps.com\\\/de\\\/karten\\\/#breadcrumb\"},\"inLanguage\":\"de\",\"potentialAction\":[{\"@type\":\"ReadAction\",\"target\":[\"https:\\\/\\\/www.topo-gps.com\\\/de\\\/karten\\\/\"]}]},{\"@type\":\"ImageObject\",\"inLanguage\":\"de\",\"@id\":\"https:\\\/\\\/www.topo-gps.com\\\/de\\\/karten\\\/#primaryimage\",\"url\":\"https:\\\/\\\/www.topo-gps.com\\\/wp-content\\\/uploads\\\/2021\\\/11\\\/MapChart_Map-768x405.png\",\"contentUrl\":\"https:\\\/\\\/www.topo-gps.com\\\/wp-content\\\/uploads\\\/2021\\\/11\\\/MapChart_Map-768x405.png\"},{\"@type\":\"BreadcrumbList\",\"@id\":\"https:\\\/\\\/www.topo-gps.com\\\/de\\\/karten\\\/#breadcrumb\",\"itemListElement\":[{\"@type\":\"ListItem\",\"position\":1,\"name\":\"Home\",\"item\":\"https:\\\/\\\/www.topo-gps.com\\\/de\\\/topo-gps\\\/\"},{\"@type\":\"ListItem\",\"position\":2,\"name\":\"Karten\"}]},{\"@type\":\"WebSite\",\"@id\":\"https:\\\/\\\/www.topo-gps.com\\\/de\\\/#website\",\"url\":\"https:\\\/\\\/www.topo-gps.com\\\/de\\\/\",\"name\":\"Topo GPS\",\"description\":\"Topographic maps GPS for iPhone, Android, iPad and Apple Watch\",\"potentialAction\":[{\"@type\":\"SearchAction\",\"target\":{\"@type\":\"EntryPoint\",\"urlTemplate\":\"https:\\\/\\\/www.topo-gps.com\\\/de\\\/?s={search_term_string}\"},\"query-input\":{\"@type\":\"PropertyValueSpecification\",\"valueRequired\":true,\"valueName\":\"search_term_string\"}}],\"inLanguage\":\"de\"}]}<\/script>\n<!-- \/ Yoast SEO plugin. -->","yoast_head_json":{"title":"Karten - Topo GPS","description":"Alle Karten, die Topo GPS abdeckt. 27 L\u00e4nderkarten plus zus\u00e4tzliche globale Abdeckung mit Open Streetmap. Und Satellitenbilder f\u00fcr einige.","robots":{"index":"index","follow":"follow","max-snippet":"max-snippet:-1","max-image-preview":"max-image-preview:large","max-video-preview":"max-video-preview:-1"},"canonical":"https:\/\/www.topo-gps.com\/de\/karten\/","og_locale":"de_DE","og_type":"article","og_title":"Karten - Topo GPS","og_description":"Alle Karten, die Topo GPS abdeckt. 27 L\u00e4nderkarten plus zus\u00e4tzliche globale Abdeckung mit Open Streetmap. Und Satellitenbilder f\u00fcr einige.","og_url":"https:\/\/www.topo-gps.com\/de\/karten\/","og_site_name":"Topo GPS","article_modified_time":"2025-01-30T11:00:18+00:00","og_image":[{"width":1024,"height":539,"url":"https:\/\/www.topo-gps.com\/wp-content\/uploads\/2021\/11\/MapChart_Map-1024x539.png","type":"image\/png"}],"twitter_card":"summary_large_image","twitter_misc":{"Gesch\u00e4tzte Lesezeit":"1\u00a0Minute"},"schema":{"@context":"https:\/\/schema.org","@graph":[{"@type":"WebPage","@id":"https:\/\/www.topo-gps.com\/de\/karten\/","url":"https:\/\/www.topo-gps.com\/de\/karten\/","name":"Karten - Topo GPS","isPartOf":{"@id":"https:\/\/www.topo-gps.com\/de\/#website"},"primaryImageOfPage":{"@id":"https:\/\/www.topo-gps.com\/de\/karten\/#primaryimage"},"image":{"@id":"https:\/\/www.topo-gps.com\/de\/karten\/#primaryimage"},"thumbnailUrl":"https:\/\/www.topo-gps.com\/wp-content\/uploads\/2021\/11\/MapChart_Map-768x405.png","datePublished":"2022-01-08T15:35:22+00:00","dateModified":"2025-01-30T11:00:18+00:00","description":"Alle Karten, die Topo GPS abdeckt. 27 L\u00e4nderkarten plus zus\u00e4tzliche globale Abdeckung mit Open Streetmap. Und Satellitenbilder f\u00fcr einige.","breadcrumb":{"@id":"https:\/\/www.topo-gps.com\/de\/karten\/#breadcrumb"},"inLanguage":"de","potentialAction":[{"@type":"ReadAction","target":["https:\/\/www.topo-gps.com\/de\/karten\/"]}]},{"@type":"ImageObject","inLanguage":"de","@id":"https:\/\/www.topo-gps.com\/de\/karten\/#primaryimage","url":"https:\/\/www.topo-gps.com\/wp-content\/uploads\/2021\/11\/MapChart_Map-768x405.png","contentUrl":"https:\/\/www.topo-gps.com\/wp-content\/uploads\/2021\/11\/MapChart_Map-768x405.png"},{"@type":"BreadcrumbList","@id":"https:\/\/www.topo-gps.com\/de\/karten\/#breadcrumb","itemListElement":[{"@type":"ListItem","position":1,"name":"Home","item":"https:\/\/www.topo-gps.com\/de\/topo-gps\/"},{"@type":"ListItem","position":2,"name":"Karten"}]},{"@type":"WebSite","@id":"https:\/\/www.topo-gps.com\/de\/#website","url":"https:\/\/www.topo-gps.com\/de\/","name":"Topo GPS","description":"Topographic maps GPS for iPhone, Android, iPad and Apple Watch","potentialAction":[{"@type":"SearchAction","target":{"@type":"EntryPoint","urlTemplate":"https:\/\/www.topo-gps.com\/de\/?s={search_term_string}"},"query-input":{"@type":"PropertyValueSpecification","valueRequired":true,"valueName":"search_term_string"}}],"inLanguage":"de"}]}},"_links":{"self":[{"href":"https:\/\/www.topo-gps.com\/de\/wp-json\/wp\/v2\/pages\/6156","targetHints":{"allow":["GET"]}}],"collection":[{"href":"https:\/\/www.topo-gps.com\/de\/wp-json\/wp\/v2\/pages"}],"about":[{"href":"https:\/\/www.topo-gps.com\/de\/wp-json\/wp\/v2\/types\/page"}],"author":[{"embeddable":true,"href":"https:\/\/www.topo-gps.com\/de\/wp-json\/wp\/v2\/users\/1"}],"replies":[{"embeddable":true,"href":"https:\/\/www.topo-gps.com\/de\/wp-json\/wp\/v2\/comments?post=6156"}],"version-history":[{"count":0,"href":"https:\/\/www.topo-gps.com\/de\/wp-json\/wp\/v2\/pages\/6156\/revisions"}],"wp:attachment":[{"href":"https:\/\/www.topo-gps.com\/de\/wp-json\/wp\/v2\/media?parent=6156"}],"curies":[{"name":"wp","href":"https:\/\/api.w.org\/{rel}","templated":true}]}}