{"id":14271,"date":"2022-04-06T14:59:20","date_gmt":"2022-04-06T13:59:20","guid":{"rendered":"https:\/\/www.topo-gps.com\/topographische-karte-von-spanien\/"},"modified":"2023-04-20T06:59:00","modified_gmt":"2023-04-20T05:59:00","slug":"topographische-karte-von-spanien","status":"publish","type":"page","link":"https:\/\/www.topo-gps.com\/de\/topographische-karte-von-spanien\/","title":{"rendered":"Topographische Karte von Spanien"},"content":{"rendered":"<div class=\"wpb-content-wrapper\"><p>[vc_section enable_inner=&#8221;yes&#8221; section_type=&#8221;hero&#8221; inner_margin_top=&#8221;mt-100&#8243; parallax_image_attachment=&#8221;inherit&#8221; padding_class=&#8221;wide-100&#8243; css=&#8221;.vc_custom_1649256684037{background-image: url(https:\/\/www.topo-gps.com\/wp-content\/uploads\/2022\/04\/VDByqyuGC9Pt.jpg?id=15585) !important;background-position: center !important;background-repeat: no-repeat !important;background-size: cover !important;}&#8221;][vc_row parallax_image_attachment=&#8221;inherit&#8221; css=&#8221;.vc_custom_1639602296513{padding-top: 20px !important;padding-bottom: 20px !important;}&#8221;][vc_column width=&#8221;1\/2&#8243; css=&#8221;.vc_custom_1639603345318{margin-bottom: 20px !important;}&#8221;]\r\n        <div class=\"vc_custom_1649256340642  hero-txt\"> \r\n            \r\n                     \r\n            <h3 class=\"white-color h3-sm none  wow perch-fadeInUp fadeInUp\" style=\"font-weight: bold;\" data-wow-delay=\"300ms\" data-wow-duration=\"1200ms\">Topografische Karte von Spanien auf Ihrem iPhone, Android-Telefon und Apple Watch<\/h3>\r\n             \r\n            \r\n                        \r\n                        \r\n            \r\n                        \r\n                        \r\n                  \r\n        <\/div>[vc_row_inner][vc_column_inner width=&#8221;1\/2&#8243; css=&#8221;.vc_custom_1639605647058{padding-top: 10px !important;padding-bottom: 10px !important;}&#8221;]\r\n        <div class=\"hero-img  wow perch-fadeInUp fadeInUp text-center\" data-wow-delay=\"300ms\" data-wow-duration=\"1200ms\"> \r\n        <a href=\"https:\/\/apps.apple.com\/gb\/app\/topo-gps\/id578960575\" target=\"_self\" class=\"vc_single_image-wrapper  \"><img loading=\"lazy\" decoding=\"async\" class=\"vc_single_image-img img-fluid\" width=\"160\" height=\"50\"  src=\"https:\/\/www.topo-gps.com\/wp-content\/themes\/appset\/images\/appstore.png\" alt=\"External image\" \/><\/a>\r\n        <\/div>[\/vc_column_inner][vc_column_inner width=&#8221;1\/2&#8243; css=&#8221;.vc_custom_1639605658368{padding-top: 10px !important;padding-bottom: 10px !important;}&#8221;]\r\n        <div class=\"hero-img  wow perch-fadeInUp fadeInUp text-center\" data-wow-delay=\"300ms\" data-wow-duration=\"1200ms\"> \r\n        <a href=\"https:\/\/play.google.com\/store\/apps\/details?id=uk.rdzl.topo.gps&amp;hl=en\" target=\"_self\" class=\"vc_single_image-wrapper  \"><img loading=\"lazy\" decoding=\"async\" class=\"vc_single_image-img img-fluid\" width=\"171\" height=\"50\"  src=\"https:\/\/www.topo-gps.com\/wp-content\/themes\/appset\/images\/googleplay.png\" alt=\"External image\" \/><\/a>\r\n        <\/div>[\/vc_column_inner][\/vc_row_inner][\/vc_column][vc_column width=&#8221;1\/2&#8243; css=&#8221;.vc_custom_1639603183972{padding-top: 40px !important;padding-bottom: 40px !important;}&#8221;]\r\n        <div class=\"hero-img  wow perch-fadeInUp fadeInUp\" data-wow-delay=\"300ms\" data-wow-duration=\"1200ms\"> \r\n        <img loading=\"lazy\" decoding=\"async\" class=\"vc_single_image-img img-fluid\" width=\"560\" height=\"604\"  src=\"https:\/\/www.topo-gps.com\/wp-content\/uploads\/2022\/04\/es-map1.png\" alt=\"External image\" \/>\r\n        <\/div>[\/vc_column][\/vc_row][\/vc_section][vc_section][vc_row][vc_column]\r\n        <div class=\"section-title  wow perch-fadeInUp fadeInUp text-center\" data-wow-delay=\"300ms\" data-wow-duration=\"1200ms\">\r\n            <h2 class=\"h2-sm\">Beste Outdoor-Karten von Spanien<\/h2>\r\n            <p class=\"p-lg\">Offizielle topografische Karten sind die besten Outdoor-Karten f\u00fcr Spanien.<\/p>         \r\n        <\/div>[vc_column_text]Spanien ist ein vielf\u00e4ltiges Land mit einer gro\u00dfen Auswahl an Outdoor-Aktivit\u00e4ten f\u00fcr jeden Geschmack und jedes K\u00f6nnen. Von Wandern und Skifahren bis hin zu Surfen und Klettern gibt es in der gro\u00dfartigen Natur Spaniens immer etwas zu tun.<\/p>\n<p>Wandern ist eine beliebte Aktivit\u00e4t in Spanien, mit zahlreichen gut markierten Wanderwegen, die Besucher durch einige der sch\u00f6nsten Landschaften des Landes f\u00fchren. Der Camino de Santiago zum Beispiel ist ein ber\u00fchmter Pilgerweg, der Wanderer aus aller Welt anzieht. Weitere beliebte Wanderziele sind der Nationalpark Picos de Europa, die Sierra Nevada und die Pyren\u00e4en.<\/p>\n<p>Skifahren und Snowboarden sind ebenfalls beliebte Aktivit\u00e4ten in Spanien, mit zahlreichen Skigebieten im ganzen Land. Das Skigebiet Sierra Nevada zum Beispiel ist ein beliebtes Ziel f\u00fcr Skifahrer und Snowboarder aus aller Welt und bietet einen atemberaubenden Blick auf die umliegenden Berge. Andere beliebte Skigebiete sind Baqueira-Beret, Formigal und La Molina.<\/p>\n<p>Im Sommer bietet die atemberaubende K\u00fcste Spaniens viele M\u00f6glichkeiten f\u00fcr Wassersportarten wie Surfen, Paddleboarding und Kiteboarding. Die Str\u00e4nde von Tarifa zum Beispiel sind ein beliebtes Ziel zum Kitesurfen, mit einigen der besten Winde der Welt. Weitere beliebte Wassersportziele sind die Costa Brava, die Costa del Sol und die Kanarischen Inseln.<\/p>\n<p>F\u00fcr diejenigen, die eine Herausforderung suchen, sind Klettern, Canyoning und H\u00f6hlenforschung ebenfalls beliebte Aktivit\u00e4ten in Spanien. Die El Chorro-Schlucht zum Beispiel ist ein beliebtes Ziel f\u00fcr Kletterer und bietet einen atemberaubenden Blick auf die umliegende Landschaft. Andere beliebte Kletterziele sind Montserrat, Riglos und die Picos de Europa.<\/p>\n<p>Insgesamt machen Spaniens atemberaubende Naturkulisse, seine reiche Geschichte und seine gut entwickelte Outdoor-Infrastruktur es zu einem Muss f\u00fcr Outdoor-Enthusiasten. Ob Wandern, Skifahren, Surfen oder Klettern, in der gro\u00dfartigen Natur Spaniens gibt es immer etwas zu tun.[\/vc_column_text][\/vc_column][\/vc_row][vc_row][vc_column width=&#8221;1\/2&#8243;][vc_single_image custom_src=&#8221;https:\/\/www.topo-gps.com\/wp-content\/uploads\/2022\/04\/es-map2.jpg&#8221; external_img_size=&#8221;391&#215;600&#8243; alignment=&#8221;center&#8221;][\/vc_column][vc_column width=&#8221;1\/2&#8243;][vc_row_inner][vc_column_inner width=&#8221;1\/2&#8243;]\r\n        <div class=\"wow perch-fadeInUp fadeInUp fbox\" data-wow-delay=\"300ms\" data-wow-duration=\"1200ms\"> \r\n            <div class=\"fbox grey-color-box\">\r\n                <div class=\"grey-color-icon b-icon box-icon-md\"><span class=\" grey-color\"><\/span><\/div>  \r\n                <div class=\"fbox-txt\">    \r\n                    <h5 class=\"h5-sm\">Topographische Karte<\/h5>\r\n                    <p class=\"grey-color\">Eine topografische Karte enth\u00e4lt viele Details wie H\u00f6henlinien, kleine Stra\u00dfen und Landnutzung und ist somit ideal f\u00fcr die Navigation im Freien.<\/p>\r\n                    \r\n                <\/div> \r\n            <\/div>        \r\n        <\/div>\r\n        <div class=\"wow perch-fadeInUp fadeInUp fbox\" data-wow-delay=\"300ms\" data-wow-duration=\"1200ms\"> \r\n            <div class=\"fbox grey-color-box\">\r\n                <div class=\"grey-color-icon b-icon box-icon-md\"><span class=\" grey-color\"><\/span><\/div>  \r\n                <div class=\"fbox-txt\">    \r\n                    <h5 class=\"h5-sm\">Kartenraster<\/h5>\r\n                    <p class=\"grey-color\">In der Topo GPS-App k\u00f6nnen Sie den Zugriff auf die vollst\u00e4ndige topografische Karte Spaniens, das Mapa-Raster, kaufen. Diese offizielle Karte wird vom Nationalen Geographischen Institut Spaniens (IGN) erstellt.<\/p>\r\n                    \r\n                <\/div> \r\n            <\/div>        \r\n        <\/div>\r\n        <div class=\"wow perch-fadeInUp fadeInUp fbox\" data-wow-delay=\"300ms\" data-wow-duration=\"1200ms\"> \r\n            <div class=\"fbox grey-color-box\">\r\n                <div class=\"grey-color-icon b-icon box-icon-md\"><span class=\" grey-color\"><\/span><\/div>  \r\n                <div class=\"fbox-txt\">    \r\n                    <h5 class=\"h5-sm\">Preisgestaltung<\/h5>\r\n                    <p class=\"grey-color\">Der volle Zugriff auf die vollst\u00e4ndige topografische Karte kostet 3,99 \u20ac. Dies ist ein einmaliger Kauf. Kostenlose zuk\u00fcnftige Updates sind enthalten. Die Karte ist auf allen Ger\u00e4ten verf\u00fcgbar, die dieselbe Apple-ID oder dasselbe Google Play-Konto verwenden.<\/p>\r\n                    \r\n                <\/div> \r\n            <\/div>        \r\n        <\/div>[\/vc_column_inner][vc_column_inner width=&#8221;1\/2&#8243;]\r\n        <div class=\"wow perch-fadeInUp fadeInUp fbox\" data-wow-delay=\"300ms\" data-wow-duration=\"1200ms\"> \r\n            <div class=\"fbox grey-color-box\">\r\n                <div class=\"grey-color-icon b-icon box-icon-md\"><span class=\" grey-color\"><\/span><\/div>  \r\n                <div class=\"fbox-txt\">    \r\n                    <h5 class=\"h5-sm\">Offline-Karten<\/h5>\r\n                    <p class=\"grey-color\">Sie k\u00f6nnen die topografischen Karten offline verf\u00fcgbar machen. So haben Sie die Gewissheit, dass die ben\u00f6tigten Karten immer verf\u00fcgbar sind.<\/p>\r\n                    \r\n                <\/div> \r\n            <\/div>        \r\n        <\/div>\r\n        <div class=\"wow perch-fadeInUp fadeInUp fbox\" data-wow-delay=\"300ms\" data-wow-duration=\"1200ms\"> \r\n            <div class=\"fbox grey-color-box\">\r\n                <div class=\"grey-color-icon b-icon box-icon-md\"><span class=\" grey-color\"><\/span><\/div>  \r\n                <div class=\"fbox-txt\">    \r\n                    <h5 class=\"h5-sm\">Klare Legende<\/h5>\r\n                    <p class=\"grey-color\">Die topografische Karte hat eine \u00fcbersichtliche Legende mit Erkl\u00e4rungen aller Symbole.<\/p>\r\n                    \r\n                <\/div> \r\n            <\/div>        \r\n        <\/div>\r\n        <div class=\"wow perch-fadeInUp fadeInUp fbox\" data-wow-delay=\"300ms\" data-wow-duration=\"1200ms\"> \r\n            <div class=\"fbox grey-color-box\">\r\n                <div class=\"grey-color-icon b-icon box-icon-md\"><span class=\" grey-color\"><\/span><\/div>  \r\n                <div class=\"fbox-txt\">    \r\n                    <h5 class=\"h5-sm\">Topo-GPS-App<\/h5>\r\n                    <p class=\"grey-color\">Die Topo GPS App bietet viele n\u00fctzliche Zusatzfunktionen zur topografischen Karte. Wie das Navigieren, Laden, Planen und Verfolgen von Routen und das Hinzuf\u00fcgen von Punkten zur Karte. Topo GPS enth\u00e4lt alle Funktionen eines normalen GPS-Ger\u00e4ts.<\/p>\r\n                    \r\n                <\/div> \r\n            <\/div>        \r\n        <\/div>[\/vc_column_inner][\/vc_row_inner][\/vc_column][\/vc_row][\/vc_section][vc_section][vc_row][vc_column]\r\n        <div class=\"section-title  wow perch-fadeInUp fadeInUp text-center\" data-wow-delay=\"300ms\" data-wow-duration=\"1200ms\">\r\n            <h2 class=\"h2-sm\">Welche Karte w\u00fcrdest du bevorzugen, um die Natur zu erkunden?<\/h2>\r\n            <p class=\"p-lg\">Vergleichen Sie sich<\/p>         \r\n        <\/div>[vc_row_inner][vc_column_inner width=&#8221;1\/3&#8243;][vc_column_text]<\/p>\n<h3 style=\"text-align: center;\">Google Maps<\/h3>\n<p>[\/vc_column_text][vc_single_image custom_src=&#8221;https:\/\/www.topo-gps.com\/wp-content\/uploads\/2022\/04\/es-gm.jpg&#8221; external_img_size=&#8221;277&#215;560&#8243; alignment=&#8221;center&#8221;][\/vc_column_inner][vc_column_inner width=&#8221;1\/3&#8243;][vc_column_text]<\/p>\n<h3 style=\"text-align: center;\">OpenStreetMap<\/h3>\n<p>[\/vc_column_text][vc_single_image custom_src=&#8221;https:\/\/www.topo-gps.com\/wp-content\/uploads\/2022\/04\/es-osm.jpg&#8221; external_img_size=&#8221;277&#215;560&#8243; alignment=&#8221;center&#8221;][\/vc_column_inner][vc_column_inner width=&#8221;1\/3&#8243;][vc_column_text]<\/p>\n<h3 style=\"text-align: center;\">Topographische Karte<\/h3>\n<p>[\/vc_column_text][vc_single_image custom_src=&#8221;https:\/\/www.topo-gps.com\/wp-content\/uploads\/2022\/04\/es-tg.jpg&#8221; external_img_size=&#8221;277&#215;560&#8243; alignment=&#8221;center&#8221;][\/vc_column_inner][\/vc_row_inner][\/vc_column][\/vc_row][\/vc_section][vc_section section_type=&#8221;hero&#8221; hero_type=&#8221;1&#8243; parallax_image_attachment=&#8221;fixed&#8221; padding_class=&#8221;&#8221;][vc_row content_placement=&#8221;&#8221; parallax_image_attachment=&#8221;inherit&#8221;][vc_column width=&#8221;1\/2&#8243; column_inner_style=&#8221;hero-txt&#8221; hero_txt_type=&#8221;1&#8243;]\r\n        <div class=\"hero-txt\"> \r\n            \r\n            <h2 class=\" wow perch-fadeInUp fadeInUp\" data-wow-delay=\"300ms\" data-wow-duration=\"1200ms\">Topo GPS<\/h2>         \r\n            <h3 class=\"h3-sm  wow perch-fadeInUp fadeInUp\" data-wow-delay=\"400ms\" data-wow-duration=\"1200ms\">Verwandeln Sie Ihr iPhone, Android-Telefon oder Tablet in ein voll funktionsf\u00e4higes GPS-Ger\u00e4t mit offline verf\u00fcgbaren topografischen Karten.<\/h3>\r\n             \r\n            \r\n                        \r\n                        \r\n            \r\n                        \r\n                        \r\n                  \r\n        <\/div>[vc_row_inner][vc_column_inner width=&#8221;1\/2&#8243; css=&#8221;.vc_custom_1639605647058{padding-top: 10px !important;padding-bottom: 10px !important;}&#8221;]\r\n        <div class=\"hero-img  wow perch-fadeInUp fadeInUp text-center\" data-wow-delay=\"300ms\" data-wow-duration=\"1200ms\"> \r\n        <a href=\"https:\/\/apps.apple.com\/gb\/app\/topo-gps\/id578960575\" target=\"_self\" class=\"vc_single_image-wrapper  \"><img loading=\"lazy\" decoding=\"async\" class=\"vc_single_image-img img-fluid\" width=\"160\" height=\"50\"  src=\"https:\/\/www.topo-gps.com\/wp-content\/themes\/appset\/images\/appstore.png\" alt=\"External image\" \/><\/a>\r\n        <\/div>[\/vc_column_inner][vc_column_inner width=&#8221;1\/2&#8243; css=&#8221;.vc_custom_1639605658368{padding-top: 10px !important;padding-bottom: 10px !important;}&#8221;]\r\n        <div class=\"hero-img  wow perch-fadeInUp fadeInUp text-center\" data-wow-delay=\"300ms\" data-wow-duration=\"1200ms\"> \r\n        <a href=\"https:\/\/play.google.com\/store\/apps\/details?id=uk.rdzl.topo.gps&amp;hl=en\" target=\"_self\" class=\"vc_single_image-wrapper  \"><img loading=\"lazy\" decoding=\"async\" class=\"vc_single_image-img img-fluid\" width=\"171\" height=\"50\"  src=\"https:\/\/www.topo-gps.com\/wp-content\/themes\/appset\/images\/googleplay.png\" alt=\"External image\" \/><\/a>\r\n        <\/div>[\/vc_column_inner][\/vc_row_inner][\/vc_column][vc_column width=&#8221;1\/2&#8243;]\r\n        <div class=\"wow perch-fadeInRight fadeInRight hero-1-img\" data-wow-delay=\"300ms\" data-wow-duration=\"1200ms\"> \r\n        <img decoding=\"async\" class=\"vc_single_image-img img-fluid\"  src=\"https:\/\/www.topo-gps.com\/wp-content\/uploads\/2022\/04\/es-main-1-1.png\" alt=\"External image\" \/>\r\n        <\/div>[\/vc_column][\/vc_row][\/vc_section]<\/p>\n<\/div>","protected":false},"excerpt":{"rendered":"<p>[vc_section enable_inner=&#8221;yes&#8221; section_type=&#8221;hero&#8221; inner_margin_top=&#8221;mt-100&#8243; parallax_image_attachment=&#8221;inherit&#8221; padding_class=&#8221;wide-100&#8243; css=&#8221;.vc_custom_1649256684037{background-image: url(https:\/\/www.topo-gps.com\/wp-content\/uploads\/2022\/04\/VDByqyuGC9Pt.jpg?id=15585) !important;background-position: center !important;background-repeat: no-repeat !important;background-size: cover !important;}&#8221;][vc_row parallax_image_attachment=&#8221;inherit&#8221; css=&#8221;.vc_custom_1639602296513{padding-top: 20px !important;padding-bottom: 20px !important;}&#8221;][vc_column width=&#8221;1\/2&#8243; css=&#8221;.vc_custom_1639603345318{margin-bottom: 20px !important;}&#8221;][vc_row_inner][vc_column_inner width=&#8221;1\/2&#8243; css=&#8221;.vc_custom_1639605647058{padding-top: 10px !important;padding-bottom: 10px !important;}&#8221;][\/vc_column_inner][vc_column_inner width=&#8221;1\/2&#8243; css=&#8221;.vc_custom_1639605658368{padding-top: 10px !important;padding-bottom: 10px !important;}&#8221;][\/vc_column_inner][\/vc_row_inner][\/vc_column][vc_column width=&#8221;1\/2&#8243; css=&#8221;.vc_custom_1639603183972{padding-top: 40px !important;padding-bottom: 40px !important;}&#8221;][\/vc_column][\/vc_row][\/vc_section][vc_section][vc_row][vc_column][vc_column_text]Spanien ist ein vielf\u00e4ltiges Land mit einer gro\u00dfen Auswahl an Outdoor-Aktivit\u00e4ten f\u00fcr jeden Geschmack und jedes K\u00f6nnen. Von Wandern und Skifahren bis hin zu Surfen und Klettern gibt es in der gro\u00dfartigen Natur Spaniens immer etwas zu tun. Wandern ist eine beliebte Aktivit\u00e4t in Spanien, mit zahlreichen gut markierten Wanderwegen, die Besucher durch einige der sch\u00f6nsten Landschaften des&#8230;<\/p>\n","protected":false},"author":1,"featured_media":0,"parent":0,"menu_order":0,"comment_status":"closed","ping_status":"closed","template":"","meta":{"footnotes":""},"class_list":["post-14271","page","type-page","status-publish","hentry","no-post-thumbnail"],"yoast_head":"<!-- This site is optimized with the Yoast SEO plugin v27.6 - https:\/\/yoast.com\/product\/yoast-seo-wordpress\/ -->\n<title>Topographische Karte von Spanien - Topo GPS<\/title>\n<meta name=\"robots\" content=\"index, follow, max-snippet:-1, max-image-preview:large, max-video-preview:-1\" \/>\n<link rel=\"canonical\" href=\"https:\/\/www.topo-gps.com\/de\/topographische-karte-von-spanien\/\" \/>\n<meta property=\"og:locale\" content=\"de_DE\" \/>\n<meta property=\"og:type\" content=\"article\" \/>\n<meta property=\"og:title\" content=\"Topographische Karte von Spanien - Topo GPS\" \/>\n<meta property=\"og:description\" content=\"[vc_section enable_inner=&#8221;yes&#8221; section_type=&#8221;hero&#8221; inner_margin_top=&#8221;mt-100&#8243; parallax_image_attachment=&#8221;inherit&#8221; padding_class=&#8221;wide-100&#8243; css=&#8221;.vc_custom_1649256684037{background-image: url(https:\/\/www.topo-gps.com\/wp-content\/uploads\/2022\/04\/VDByqyuGC9Pt.jpg?id=15585) !important;background-position: center !important;background-repeat: no-repeat !important;background-size: cover !important;}&#8221;][vc_row parallax_image_attachment=&#8221;inherit&#8221; css=&#8221;.vc_custom_1639602296513{padding-top: 20px !important;padding-bottom: 20px !important;}&#8221;][vc_column width=&#8221;1\/2&#8243; css=&#8221;.vc_custom_1639603345318{margin-bottom: 20px !important;}&#8221;][vc_row_inner][vc_column_inner width=&#8221;1\/2&#8243; css=&#8221;.vc_custom_1639605647058{padding-top: 10px !important;padding-bottom: 10px !important;}&#8221;][\/vc_column_inner][vc_column_inner width=&#8221;1\/2&#8243; css=&#8221;.vc_custom_1639605658368{padding-top: 10px !important;padding-bottom: 10px !important;}&#8221;][\/vc_column_inner][\/vc_row_inner][\/vc_column][vc_column width=&#8221;1\/2&#8243; css=&#8221;.vc_custom_1639603183972{padding-top: 40px !important;padding-bottom: 40px !important;}&#8221;][\/vc_column][\/vc_row][\/vc_section][vc_section][vc_row][vc_column][vc_column_text]Spanien ist ein vielf\u00e4ltiges Land mit einer gro\u00dfen Auswahl an Outdoor-Aktivit\u00e4ten f\u00fcr jeden Geschmack und jedes K\u00f6nnen. Von Wandern und Skifahren bis hin zu Surfen und Klettern gibt es in der gro\u00dfartigen Natur Spaniens immer etwas zu tun. Wandern ist eine beliebte Aktivit\u00e4t in Spanien, mit zahlreichen gut markierten Wanderwegen, die Besucher durch einige der sch\u00f6nsten Landschaften des...\" \/>\n<meta property=\"og:url\" content=\"https:\/\/www.topo-gps.com\/de\/topographische-karte-von-spanien\/\" \/>\n<meta property=\"og:site_name\" content=\"Topo GPS\" \/>\n<meta property=\"article:modified_time\" content=\"2023-04-20T05:59:00+00:00\" \/>\n<meta name=\"twitter:card\" content=\"summary_large_image\" \/>\n<meta name=\"twitter:label1\" content=\"Gesch\u00e4tzte Lesezeit\" \/>\n\t<meta name=\"twitter:data1\" content=\"6\u00a0Minuten\" \/>\n<script type=\"application\/ld+json\" class=\"yoast-schema-graph\">{\"@context\":\"https:\\\/\\\/schema.org\",\"@graph\":[{\"@type\":\"WebPage\",\"@id\":\"https:\\\/\\\/www.topo-gps.com\\\/de\\\/topographische-karte-von-spanien\\\/\",\"url\":\"https:\\\/\\\/www.topo-gps.com\\\/de\\\/topographische-karte-von-spanien\\\/\",\"name\":\"Topographische Karte von Spanien - Topo GPS\",\"isPartOf\":{\"@id\":\"https:\\\/\\\/www.topo-gps.com\\\/de\\\/#website\"},\"datePublished\":\"2022-04-06T13:59:20+00:00\",\"dateModified\":\"2023-04-20T05:59:00+00:00\",\"breadcrumb\":{\"@id\":\"https:\\\/\\\/www.topo-gps.com\\\/de\\\/topographische-karte-von-spanien\\\/#breadcrumb\"},\"inLanguage\":\"de\",\"potentialAction\":[{\"@type\":\"ReadAction\",\"target\":[\"https:\\\/\\\/www.topo-gps.com\\\/de\\\/topographische-karte-von-spanien\\\/\"]}]},{\"@type\":\"BreadcrumbList\",\"@id\":\"https:\\\/\\\/www.topo-gps.com\\\/de\\\/topographische-karte-von-spanien\\\/#breadcrumb\",\"itemListElement\":[{\"@type\":\"ListItem\",\"position\":1,\"name\":\"Home\",\"item\":\"https:\\\/\\\/www.topo-gps.com\\\/de\\\/topo-gps\\\/\"},{\"@type\":\"ListItem\",\"position\":2,\"name\":\"Topographische Karte von Spanien\"}]},{\"@type\":\"WebSite\",\"@id\":\"https:\\\/\\\/www.topo-gps.com\\\/de\\\/#website\",\"url\":\"https:\\\/\\\/www.topo-gps.com\\\/de\\\/\",\"name\":\"Topo GPS\",\"description\":\"Topographic maps GPS for iPhone, Android, iPad and Apple Watch\",\"potentialAction\":[{\"@type\":\"SearchAction\",\"target\":{\"@type\":\"EntryPoint\",\"urlTemplate\":\"https:\\\/\\\/www.topo-gps.com\\\/de\\\/?s={search_term_string}\"},\"query-input\":{\"@type\":\"PropertyValueSpecification\",\"valueRequired\":true,\"valueName\":\"search_term_string\"}}],\"inLanguage\":\"de\"}]}<\/script>\n<!-- \/ Yoast SEO plugin. -->","yoast_head_json":{"title":"Topographische Karte von Spanien - Topo GPS","robots":{"index":"index","follow":"follow","max-snippet":"max-snippet:-1","max-image-preview":"max-image-preview:large","max-video-preview":"max-video-preview:-1"},"canonical":"https:\/\/www.topo-gps.com\/de\/topographische-karte-von-spanien\/","og_locale":"de_DE","og_type":"article","og_title":"Topographische Karte von Spanien - Topo GPS","og_description":"[vc_section enable_inner=&#8221;yes&#8221; section_type=&#8221;hero&#8221; inner_margin_top=&#8221;mt-100&#8243; parallax_image_attachment=&#8221;inherit&#8221; padding_class=&#8221;wide-100&#8243; css=&#8221;.vc_custom_1649256684037{background-image: url(https:\/\/www.topo-gps.com\/wp-content\/uploads\/2022\/04\/VDByqyuGC9Pt.jpg?id=15585) !important;background-position: center !important;background-repeat: no-repeat !important;background-size: cover !important;}&#8221;][vc_row parallax_image_attachment=&#8221;inherit&#8221; css=&#8221;.vc_custom_1639602296513{padding-top: 20px !important;padding-bottom: 20px !important;}&#8221;][vc_column width=&#8221;1\/2&#8243; css=&#8221;.vc_custom_1639603345318{margin-bottom: 20px !important;}&#8221;][vc_row_inner][vc_column_inner width=&#8221;1\/2&#8243; css=&#8221;.vc_custom_1639605647058{padding-top: 10px !important;padding-bottom: 10px !important;}&#8221;][\/vc_column_inner][vc_column_inner width=&#8221;1\/2&#8243; css=&#8221;.vc_custom_1639605658368{padding-top: 10px !important;padding-bottom: 10px !important;}&#8221;][\/vc_column_inner][\/vc_row_inner][\/vc_column][vc_column width=&#8221;1\/2&#8243; css=&#8221;.vc_custom_1639603183972{padding-top: 40px !important;padding-bottom: 40px !important;}&#8221;][\/vc_column][\/vc_row][\/vc_section][vc_section][vc_row][vc_column][vc_column_text]Spanien ist ein vielf\u00e4ltiges Land mit einer gro\u00dfen Auswahl an Outdoor-Aktivit\u00e4ten f\u00fcr jeden Geschmack und jedes K\u00f6nnen. Von Wandern und Skifahren bis hin zu Surfen und Klettern gibt es in der gro\u00dfartigen Natur Spaniens immer etwas zu tun. Wandern ist eine beliebte Aktivit\u00e4t in Spanien, mit zahlreichen gut markierten Wanderwegen, die Besucher durch einige der sch\u00f6nsten Landschaften des...","og_url":"https:\/\/www.topo-gps.com\/de\/topographische-karte-von-spanien\/","og_site_name":"Topo GPS","article_modified_time":"2023-04-20T05:59:00+00:00","twitter_card":"summary_large_image","twitter_misc":{"Gesch\u00e4tzte Lesezeit":"6\u00a0Minuten"},"schema":{"@context":"https:\/\/schema.org","@graph":[{"@type":"WebPage","@id":"https:\/\/www.topo-gps.com\/de\/topographische-karte-von-spanien\/","url":"https:\/\/www.topo-gps.com\/de\/topographische-karte-von-spanien\/","name":"Topographische Karte von Spanien - Topo GPS","isPartOf":{"@id":"https:\/\/www.topo-gps.com\/de\/#website"},"datePublished":"2022-04-06T13:59:20+00:00","dateModified":"2023-04-20T05:59:00+00:00","breadcrumb":{"@id":"https:\/\/www.topo-gps.com\/de\/topographische-karte-von-spanien\/#breadcrumb"},"inLanguage":"de","potentialAction":[{"@type":"ReadAction","target":["https:\/\/www.topo-gps.com\/de\/topographische-karte-von-spanien\/"]}]},{"@type":"BreadcrumbList","@id":"https:\/\/www.topo-gps.com\/de\/topographische-karte-von-spanien\/#breadcrumb","itemListElement":[{"@type":"ListItem","position":1,"name":"Home","item":"https:\/\/www.topo-gps.com\/de\/topo-gps\/"},{"@type":"ListItem","position":2,"name":"Topographische Karte von Spanien"}]},{"@type":"WebSite","@id":"https:\/\/www.topo-gps.com\/de\/#website","url":"https:\/\/www.topo-gps.com\/de\/","name":"Topo GPS","description":"Topographic maps GPS for iPhone, Android, iPad and Apple Watch","potentialAction":[{"@type":"SearchAction","target":{"@type":"EntryPoint","urlTemplate":"https:\/\/www.topo-gps.com\/de\/?s={search_term_string}"},"query-input":{"@type":"PropertyValueSpecification","valueRequired":true,"valueName":"search_term_string"}}],"inLanguage":"de"}]}},"_links":{"self":[{"href":"https:\/\/www.topo-gps.com\/de\/wp-json\/wp\/v2\/pages\/14271","targetHints":{"allow":["GET"]}}],"collection":[{"href":"https:\/\/www.topo-gps.com\/de\/wp-json\/wp\/v2\/pages"}],"about":[{"href":"https:\/\/www.topo-gps.com\/de\/wp-json\/wp\/v2\/types\/page"}],"author":[{"embeddable":true,"href":"https:\/\/www.topo-gps.com\/de\/wp-json\/wp\/v2\/users\/1"}],"replies":[{"embeddable":true,"href":"https:\/\/www.topo-gps.com\/de\/wp-json\/wp\/v2\/comments?post=14271"}],"version-history":[{"count":0,"href":"https:\/\/www.topo-gps.com\/de\/wp-json\/wp\/v2\/pages\/14271\/revisions"}],"wp:attachment":[{"href":"https:\/\/www.topo-gps.com\/de\/wp-json\/wp\/v2\/media?parent=14271"}],"curies":[{"name":"wp","href":"https:\/\/api.w.org\/{rel}","templated":true}]}}