{"id":14130,"date":"2022-04-06T14:57:17","date_gmt":"2022-04-06T13:57:17","guid":{"rendered":"https:\/\/www.topo-gps.com\/topografische-karte-der-niederlande\/"},"modified":"2023-04-20T06:59:34","modified_gmt":"2023-04-20T05:59:34","slug":"topografische-karte-der-niederlande","status":"publish","type":"page","link":"https:\/\/www.topo-gps.com\/de\/topografische-karte-der-niederlande\/","title":{"rendered":"Topografische Karte der Niederlande"},"content":{"rendered":"<div class=\"wpb-content-wrapper\"><p>[vc_section enable_inner=&#8221;yes&#8221; section_type=&#8221;hero&#8221; inner_margin_top=&#8221;mt-100&#8243; parallax_image_attachment=&#8221;inherit&#8221; padding_class=&#8221;wide-100&#8243; css=&#8221;.vc_custom_1649266111349{background-image: url(https:\/\/www.topo-gps.com\/wp-content\/uploads\/2022\/04\/k7ivazl7RHWM.jpg?id=16051) !important;background-position: center !important;background-repeat: no-repeat !important;background-size: cover !important;}&#8221;][vc_row parallax_image_attachment=&#8221;inherit&#8221; css=&#8221;.vc_custom_1639602296513{padding-top: 20px !important;padding-bottom: 20px !important;}&#8221;][vc_column width=&#8221;1\/2&#8243; css=&#8221;.vc_custom_1639603345318{margin-bottom: 20px !important;}&#8221;]\r\n        <div class=\"vc_custom_1649257208221  hero-txt\"> \r\n            \r\n                     \r\n            <h3 class=\"white-color h3-sm none  wow perch-fadeInUp fadeInUp\" style=\"font-weight: bold;\" data-wow-delay=\"300ms\" data-wow-duration=\"1200ms\">Topografische Karte der Niederlande auf Ihrem iPhone, Android-Telefon und Ihrer Apple Watch<\/h3>\r\n             \r\n            \r\n                        \r\n                        \r\n            \r\n                        \r\n                        \r\n                  \r\n        <\/div>[vc_row_inner][vc_column_inner width=&#8221;1\/2&#8243; css=&#8221;.vc_custom_1639605647058{padding-top: 10px !important;padding-bottom: 10px !important;}&#8221;]\r\n        <div class=\"hero-img  wow perch-fadeInUp fadeInUp text-center\" data-wow-delay=\"300ms\" data-wow-duration=\"1200ms\"> \r\n        <a href=\"https:\/\/apps.apple.com\/gb\/app\/topo-gps\/id578960575\" target=\"_self\" class=\"vc_single_image-wrapper  \"><img loading=\"lazy\" decoding=\"async\" class=\"vc_single_image-img img-fluid\" width=\"160\" height=\"50\"  src=\"https:\/\/www.topo-gps.com\/wp-content\/themes\/appset\/images\/appstore.png\" alt=\"External image\" \/><\/a>\r\n        <\/div>[\/vc_column_inner][vc_column_inner width=&#8221;1\/2&#8243; css=&#8221;.vc_custom_1639605658368{padding-top: 10px !important;padding-bottom: 10px !important;}&#8221;]\r\n        <div class=\"hero-img  wow perch-fadeInUp fadeInUp text-center\" data-wow-delay=\"300ms\" data-wow-duration=\"1200ms\"> \r\n        <a href=\"https:\/\/play.google.com\/store\/apps\/details?id=uk.rdzl.topo.gps&amp;hl=en\" target=\"_self\" class=\"vc_single_image-wrapper  \"><img loading=\"lazy\" decoding=\"async\" class=\"vc_single_image-img img-fluid\" width=\"171\" height=\"50\"  src=\"https:\/\/www.topo-gps.com\/wp-content\/themes\/appset\/images\/googleplay.png\" alt=\"External image\" \/><\/a>\r\n        <\/div>[\/vc_column_inner][\/vc_row_inner][\/vc_column][vc_column width=&#8221;1\/2&#8243; css=&#8221;.vc_custom_1639603183972{padding-top: 40px !important;padding-bottom: 40px !important;}&#8221;]\r\n        <div class=\"hero-img  wow perch-fadeInUp fadeInUp\" data-wow-delay=\"300ms\" data-wow-duration=\"1200ms\"> \r\n        <img loading=\"lazy\" decoding=\"async\" class=\"vc_single_image-img img-fluid\" width=\"560\" height=\"604\"  src=\"https:\/\/www.topo-gps.com\/wp-content\/uploads\/2022\/04\/nl-map.png\" alt=\"External image\" \/>\r\n        <\/div>[\/vc_column][\/vc_row][\/vc_section][vc_section][vc_row][vc_column]\r\n        <div class=\"section-title  wow perch-fadeInUp fadeInUp text-center\" data-wow-delay=\"300ms\" data-wow-duration=\"1200ms\">\r\n            <h2 class=\"h2-sm\">Die besten Outdoor-Karten der Niederlande<\/h2>\r\n            <p class=\"p-lg\">Die offiziellen topografischen Top25Raster-Karten sind die besten Outdoor-Karten f\u00fcr die Niederlande.<\/p>         \r\n        <\/div>[vc_column_text]Die Niederlande sind ein relativ flaches Land, aber das bedeutet nicht, dass es an Outdoor-Aktivit\u00e4ten mangelt. Radfahren ist vielleicht die beliebteste Outdoor-Aktivit\u00e4t in den Niederlanden, mit einem ausgedehnten Netz von Radwegen und speziellen Radwegen. Die Landschaft ist \u00fcbers\u00e4t mit malerischen D\u00f6rfern, Windm\u00fchlen und bunten Tulpenfeldern, die das Radfahren zu einer entspannenden und landschaftlich reizvollen Art machen, das Land zu erkunden.<\/p>\n<p>Neben Radfahren ist auch Wandern eine beliebte Aktivit\u00e4t in den Niederlanden, insbesondere im Osten des Landes, wo es H\u00fcgel und W\u00e4lder gibt. Der Veluwe-Nationalpark bietet beispielsweise mehrere Wanderwege, die Besucher durch wundersch\u00f6ne Landschaften und vorbei an historischen St\u00e4tten wie dem Kr\u00f6ller-M\u00fcller-Museum f\u00fchren.<\/p>\n<p>Auch Wassersportarten sind in den Niederlanden beliebt, insbesondere Segeln und Windsurfen. Die niederl\u00e4ndische K\u00fcste ist \u00fcbers\u00e4t mit malerischen K\u00fcstenst\u00e4dten und Str\u00e4nden, w\u00e4hrend die Binnenseen und -fl\u00fcsse viele M\u00f6glichkeiten zum Segeln und Windsurfen bieten. Die friesischen Seen sind zum Beispiel ein beliebtes Ziel f\u00fcr Segler, mit mehreren St\u00e4dten und D\u00f6rfern, die Jachth\u00e4fen und andere Einrichtungen f\u00fcr Bootsfahrer bieten.<\/p>\n<p>F\u00fcr diejenigen, die eine gem\u00e4chlichere Aktivit\u00e4t suchen, ist Picknicken und Genie\u00dfen der Natur in einem der vielen Parks im ganzen Land eine gro\u00dfartige Option. Der Vondelpark in Amsterdam zum Beispiel ist ein beliebter Ort zum Picknicken, Leute beobachten und Konzerte und Auff\u00fchrungen im Freien genie\u00dfen.<\/p>\n<p>Insgesamt bieten die Niederlande zwar nicht die dramatischen Landschaften oder extremen Outdoor-Aktivit\u00e4ten einiger anderer L\u00e4nder, bieten aber eine Vielzahl von Outdoor-Aktivit\u00e4ten, die f\u00fcr alle Altersgruppen und F\u00e4higkeiten zug\u00e4nglich und unterhaltsam sind. Ob Radfahren, Wandern, Wassersport oder einfach nur ein Picknick in einem Park genie\u00dfen, in der niederl\u00e4ndischen Natur gibt es immer etwas zu tun.[\/vc_column_text][\/vc_column][\/vc_row][vc_row][vc_column width=&#8221;1\/2&#8243;][vc_single_image custom_src=&#8221;https:\/\/www.topo-gps.com\/wp-content\/uploads\/2022\/04\/nl-map2.jpg&#8221; external_img_size=&#8221;391&#215;600&#8243; alignment=&#8221;center&#8221;][\/vc_column][vc_column width=&#8221;1\/2&#8243;][vc_row_inner][vc_column_inner width=&#8221;1\/2&#8243;]\r\n        <div class=\"wow perch-fadeInUp fadeInUp fbox\" data-wow-delay=\"300ms\" data-wow-duration=\"1200ms\"> \r\n            <div class=\"fbox grey-color-box\">\r\n                <div class=\"grey-color-icon b-icon box-icon-md\"><span class=\" grey-color\"><\/span><\/div>  \r\n                <div class=\"fbox-txt\">    \r\n                    <h5 class=\"h5-sm\">Topographische Karte<\/h5>\r\n                    <p class=\"grey-color\">Eine topografische Karte enth\u00e4lt viele Details wie H\u00f6henlinien, kleine Stra\u00dfen und Landnutzung und ist somit ideal f\u00fcr die Navigation im Freien.<\/p>\r\n                    \r\n                <\/div> \r\n            <\/div>        \r\n        <\/div>\r\n        <div class=\"wow perch-fadeInUp fadeInUp fbox\" data-wow-delay=\"300ms\" data-wow-duration=\"1200ms\"> \r\n            <div class=\"fbox grey-color-box\">\r\n                <div class=\"grey-color-icon b-icon box-icon-md\"><span class=\" grey-color\"><\/span><\/div>  \r\n                <div class=\"fbox-txt\">    \r\n                    <h5 class=\"h5-sm\">Top25Raster<\/h5>\r\n                    <p class=\"grey-color\">In der Topo GPS-App k\u00f6nnen Sie die beste topografische Karte der Niederlande erwerben, die topografische Karte Top25Raster im Ma\u00dfstab 1:25.000 von Kadaster. Kadaster ist die nationale Landvermessungsorganisation der Niederlande.<\/p>\r\n                    \r\n                <\/div> \r\n            <\/div>        \r\n        <\/div>\r\n        <div class=\"wow perch-fadeInUp fadeInUp fbox\" data-wow-delay=\"300ms\" data-wow-duration=\"1200ms\"> \r\n            <div class=\"fbox grey-color-box\">\r\n                <div class=\"grey-color-icon b-icon box-icon-md\"><span class=\" grey-color\"><\/span><\/div>  \r\n                <div class=\"fbox-txt\">    \r\n                    <h5 class=\"h5-sm\">Preisgestaltung<\/h5>\r\n                    <p class=\"grey-color\">F\u00fcr 3,99 \u20ac k\u00f6nnen Sie vollen Zugriff auf die vollst\u00e4ndige topografische Karte der Niederlande in Topo GPS erwerben. Kostenlose Updates sind enthalten. Die Karten sind auf allen Ger\u00e4ten verf\u00fcgbar, die dieselbe Apple-ID oder dasselbe Google Play-Konto verwenden.<\/p>\r\n                    \r\n                <\/div> \r\n            <\/div>        \r\n        <\/div>[\/vc_column_inner][vc_column_inner width=&#8221;1\/2&#8243;]\r\n        <div class=\"wow perch-fadeInUp fadeInUp fbox\" data-wow-delay=\"300ms\" data-wow-duration=\"1200ms\"> \r\n            <div class=\"fbox grey-color-box\">\r\n                <div class=\"grey-color-icon b-icon box-icon-md\"><span class=\" grey-color\"><\/span><\/div>  \r\n                <div class=\"fbox-txt\">    \r\n                    <h5 class=\"h5-sm\">Offline-Karten<\/h5>\r\n                    <p class=\"grey-color\">Sie k\u00f6nnen die topografischen Karten offline verf\u00fcgbar machen. So haben Sie die Gewissheit, dass die ben\u00f6tigten Karten immer verf\u00fcgbar sind.<\/p>\r\n                    \r\n                <\/div> \r\n            <\/div>        \r\n        <\/div>\r\n        <div class=\"wow perch-fadeInUp fadeInUp fbox\" data-wow-delay=\"300ms\" data-wow-duration=\"1200ms\"> \r\n            <div class=\"fbox grey-color-box\">\r\n                <div class=\"grey-color-icon b-icon box-icon-md\"><span class=\" grey-color\"><\/span><\/div>  \r\n                <div class=\"fbox-txt\">    \r\n                    <h5 class=\"h5-sm\">Klare Legende<\/h5>\r\n                    <p class=\"grey-color\">Die topografische Karte hat eine \u00fcbersichtliche Legende mit Erkl\u00e4rungen aller Symbole.<\/p>\r\n                    \r\n                <\/div> \r\n            <\/div>        \r\n        <\/div>\r\n        <div class=\"wow perch-fadeInUp fadeInUp fbox\" data-wow-delay=\"300ms\" data-wow-duration=\"1200ms\"> \r\n            <div class=\"fbox grey-color-box\">\r\n                <div class=\"grey-color-icon b-icon box-icon-md\"><span class=\" grey-color\"><\/span><\/div>  \r\n                <div class=\"fbox-txt\">    \r\n                    <h5 class=\"h5-sm\">Topo-GPS-App<\/h5>\r\n                    <p class=\"grey-color\">Die Topo GPS App bietet viele n\u00fctzliche Zusatzfunktionen zur topografischen Karte. Wie das Navigieren, Laden, Planen und Verfolgen von Routen und das Hinzuf\u00fcgen von Punkten zur Karte. Topo GPS enth\u00e4lt alle Funktionen eines normalen GPS-Ger\u00e4ts.<\/p>\r\n                    \r\n                <\/div> \r\n            <\/div>        \r\n        <\/div>[\/vc_column_inner][\/vc_row_inner][\/vc_column][\/vc_row][\/vc_section][vc_section][vc_row][vc_column]\r\n        <div class=\"section-title  wow perch-fadeInUp fadeInUp text-center\" data-wow-delay=\"300ms\" data-wow-duration=\"1200ms\">\r\n            <h2 class=\"h2-sm\">Welche Karte w\u00fcrdest du bevorzugen, um die Natur zu erkunden?<\/h2>\r\n            <p class=\"p-lg\">Vergleichen Sie sich<\/p>         \r\n        <\/div>[vc_row_inner][vc_column_inner width=&#8221;1\/3&#8243;][vc_column_text]<\/p>\n<h3 style=\"text-align: center;\">Google Maps<\/h3>\n<p>[\/vc_column_text][vc_single_image custom_src=&#8221;https:\/\/www.topo-gps.com\/wp-content\/uploads\/2022\/04\/nl-gm.jpg&#8221; external_img_size=&#8221;277&#215;560&#8243; alignment=&#8221;center&#8221;][\/vc_column_inner][vc_column_inner width=&#8221;1\/3&#8243;][vc_column_text]<\/p>\n<h3 style=\"text-align: center;\">OpenStreetMap<\/h3>\n<p>[\/vc_column_text][vc_single_image custom_src=&#8221;https:\/\/www.topo-gps.com\/wp-content\/uploads\/2022\/04\/nl-osm.jpg&#8221; external_img_size=&#8221;277&#215;560&#8243; alignment=&#8221;center&#8221;][\/vc_column_inner][vc_column_inner width=&#8221;1\/3&#8243;][vc_column_text]<\/p>\n<h3 style=\"text-align: center;\">Topographische Karte<\/h3>\n<p>[\/vc_column_text][vc_single_image custom_src=&#8221;https:\/\/www.topo-gps.com\/wp-content\/uploads\/2022\/04\/nl-tg.jpg&#8221; external_img_size=&#8221;277&#215;560&#8243; alignment=&#8221;center&#8221;][\/vc_column_inner][\/vc_row_inner][\/vc_column][\/vc_row][\/vc_section][vc_section section_type=&#8221;hero&#8221; hero_type=&#8221;1&#8243; parallax_image_attachment=&#8221;fixed&#8221; padding_class=&#8221;&#8221;][vc_row content_placement=&#8221;&#8221; parallax_image_attachment=&#8221;inherit&#8221;][vc_column width=&#8221;1\/2&#8243; column_inner_style=&#8221;hero-txt&#8221; hero_txt_type=&#8221;1&#8243;]\r\n        <div class=\"hero-txt\"> \r\n            \r\n            <h2 class=\" wow perch-fadeInUp fadeInUp\" data-wow-delay=\"300ms\" data-wow-duration=\"1200ms\">Topo GPS<\/h2>         \r\n            <h3 class=\"h3-sm  wow perch-fadeInUp fadeInUp\" data-wow-delay=\"400ms\" data-wow-duration=\"1200ms\">Verwandeln Sie Ihr iPhone, Android-Telefon oder Tablet in ein voll funktionsf\u00e4higes GPS-Ger\u00e4t mit offline verf\u00fcgbaren topografischen Karten.<\/h3>\r\n             \r\n            \r\n                        \r\n                        \r\n            \r\n                        \r\n                        \r\n                  \r\n        <\/div>[vc_row_inner][vc_column_inner width=&#8221;1\/2&#8243; css=&#8221;.vc_custom_1639605647058{padding-top: 10px !important;padding-bottom: 10px !important;}&#8221;]\r\n        <div class=\"hero-img  wow perch-fadeInUp fadeInUp text-center\" data-wow-delay=\"300ms\" data-wow-duration=\"1200ms\"> \r\n        <a href=\"https:\/\/apps.apple.com\/gb\/app\/topo-gps\/id578960575\" target=\"_self\" class=\"vc_single_image-wrapper  \"><img loading=\"lazy\" decoding=\"async\" class=\"vc_single_image-img img-fluid\" width=\"160\" height=\"50\"  src=\"https:\/\/www.topo-gps.com\/wp-content\/themes\/appset\/images\/appstore.png\" alt=\"External image\" \/><\/a>\r\n        <\/div>[\/vc_column_inner][vc_column_inner width=&#8221;1\/2&#8243; css=&#8221;.vc_custom_1639605658368{padding-top: 10px !important;padding-bottom: 10px !important;}&#8221;]\r\n        <div class=\"hero-img  wow perch-fadeInUp fadeInUp text-center\" data-wow-delay=\"300ms\" data-wow-duration=\"1200ms\"> \r\n        <a href=\"https:\/\/play.google.com\/store\/apps\/details?id=uk.rdzl.topo.gps&amp;hl=en\" target=\"_self\" class=\"vc_single_image-wrapper  \"><img loading=\"lazy\" decoding=\"async\" class=\"vc_single_image-img img-fluid\" width=\"171\" height=\"50\"  src=\"https:\/\/www.topo-gps.com\/wp-content\/themes\/appset\/images\/googleplay.png\" alt=\"External image\" \/><\/a>\r\n        <\/div>[\/vc_column_inner][\/vc_row_inner][\/vc_column][vc_column width=&#8221;1\/2&#8243;]\r\n        <div class=\"wow perch-fadeInRight fadeInRight hero-1-img\" data-wow-delay=\"300ms\" data-wow-duration=\"1200ms\"> \r\n        <img decoding=\"async\" class=\"vc_single_image-img img-fluid\"  src=\"https:\/\/www.topo-gps.com\/wp-content\/uploads\/2022\/04\/nl-main-1.png\" alt=\"External image\" \/>\r\n        <\/div>[\/vc_column][\/vc_row][\/vc_section]<\/p>\n<\/div>","protected":false},"excerpt":{"rendered":"<p>[vc_section enable_inner=&#8221;yes&#8221; section_type=&#8221;hero&#8221; inner_margin_top=&#8221;mt-100&#8243; parallax_image_attachment=&#8221;inherit&#8221; padding_class=&#8221;wide-100&#8243; css=&#8221;.vc_custom_1649266111349{background-image: url(https:\/\/www.topo-gps.com\/wp-content\/uploads\/2022\/04\/k7ivazl7RHWM.jpg?id=16051) !important;background-position: center !important;background-repeat: no-repeat !important;background-size: cover !important;}&#8221;][vc_row parallax_image_attachment=&#8221;inherit&#8221; css=&#8221;.vc_custom_1639602296513{padding-top: 20px !important;padding-bottom: 20px !important;}&#8221;][vc_column width=&#8221;1\/2&#8243; css=&#8221;.vc_custom_1639603345318{margin-bottom: 20px !important;}&#8221;][vc_row_inner][vc_column_inner width=&#8221;1\/2&#8243; css=&#8221;.vc_custom_1639605647058{padding-top: 10px !important;padding-bottom: 10px !important;}&#8221;][\/vc_column_inner][vc_column_inner width=&#8221;1\/2&#8243; css=&#8221;.vc_custom_1639605658368{padding-top: 10px !important;padding-bottom: 10px !important;}&#8221;][\/vc_column_inner][\/vc_row_inner][\/vc_column][vc_column width=&#8221;1\/2&#8243; css=&#8221;.vc_custom_1639603183972{padding-top: 40px !important;padding-bottom: 40px !important;}&#8221;][\/vc_column][\/vc_row][\/vc_section][vc_section][vc_row][vc_column][vc_column_text]Die Niederlande sind ein relativ flaches Land, aber das bedeutet nicht, dass es an Outdoor-Aktivit\u00e4ten mangelt. Radfahren ist vielleicht die beliebteste Outdoor-Aktivit\u00e4t in den Niederlanden, mit einem ausgedehnten Netz von Radwegen und speziellen Radwegen. Die Landschaft ist \u00fcbers\u00e4t mit malerischen D\u00f6rfern, Windm\u00fchlen und bunten Tulpenfeldern, die das Radfahren zu einer entspannenden und landschaftlich reizvollen Art machen, das Land&#8230;<\/p>\n","protected":false},"author":1,"featured_media":0,"parent":0,"menu_order":0,"comment_status":"closed","ping_status":"closed","template":"","meta":{"footnotes":""},"class_list":["post-14130","page","type-page","status-publish","hentry","no-post-thumbnail"],"yoast_head":"<!-- This site is optimized with the Yoast SEO plugin v27.3 - https:\/\/yoast.com\/product\/yoast-seo-wordpress\/ -->\n<title>Topografische Karte der Niederlande - Topo GPS<\/title>\n<meta name=\"description\" content=\"Topografische Karte der Niederlande auf iPhone, Android-Telefon, Tablet und Apple Watch in der mit 4,6 Sternen bewerteten Outdoor-Navigations-App Topo GPS.\" \/>\n<meta name=\"robots\" content=\"index, follow, max-snippet:-1, max-image-preview:large, max-video-preview:-1\" \/>\n<link rel=\"canonical\" href=\"https:\/\/www.topo-gps.com\/de\/topografische-karte-der-niederlande\/\" \/>\n<meta property=\"og:locale\" content=\"de_DE\" \/>\n<meta property=\"og:type\" content=\"article\" \/>\n<meta property=\"og:title\" content=\"Topografische Karte der Niederlande - Topo GPS\" \/>\n<meta property=\"og:description\" content=\"Topografische Karte der Niederlande auf iPhone, Android-Telefon, Tablet und Apple Watch in der mit 4,6 Sternen bewerteten Outdoor-Navigations-App Topo GPS.\" \/>\n<meta property=\"og:url\" content=\"https:\/\/www.topo-gps.com\/de\/topografische-karte-der-niederlande\/\" \/>\n<meta property=\"og:site_name\" content=\"Topo GPS\" \/>\n<meta property=\"article:modified_time\" content=\"2023-04-20T05:59:34+00:00\" \/>\n<meta name=\"twitter:card\" content=\"summary_large_image\" \/>\n<meta name=\"twitter:label1\" content=\"Gesch\u00e4tzte Lesezeit\" \/>\n\t<meta name=\"twitter:data1\" content=\"6\u00a0Minuten\" \/>\n<script type=\"application\/ld+json\" class=\"yoast-schema-graph\">{\"@context\":\"https:\\\/\\\/schema.org\",\"@graph\":[{\"@type\":\"WebPage\",\"@id\":\"https:\\\/\\\/www.topo-gps.com\\\/de\\\/topografische-karte-der-niederlande\\\/\",\"url\":\"https:\\\/\\\/www.topo-gps.com\\\/de\\\/topografische-karte-der-niederlande\\\/\",\"name\":\"Topografische Karte der Niederlande - Topo GPS\",\"isPartOf\":{\"@id\":\"https:\\\/\\\/www.topo-gps.com\\\/de\\\/#website\"},\"datePublished\":\"2022-04-06T13:57:17+00:00\",\"dateModified\":\"2023-04-20T05:59:34+00:00\",\"description\":\"Topografische Karte der Niederlande auf iPhone, Android-Telefon, Tablet und Apple Watch in der mit 4,6 Sternen bewerteten Outdoor-Navigations-App Topo GPS.\",\"breadcrumb\":{\"@id\":\"https:\\\/\\\/www.topo-gps.com\\\/de\\\/topografische-karte-der-niederlande\\\/#breadcrumb\"},\"inLanguage\":\"de\",\"potentialAction\":[{\"@type\":\"ReadAction\",\"target\":[\"https:\\\/\\\/www.topo-gps.com\\\/de\\\/topografische-karte-der-niederlande\\\/\"]}]},{\"@type\":\"BreadcrumbList\",\"@id\":\"https:\\\/\\\/www.topo-gps.com\\\/de\\\/topografische-karte-der-niederlande\\\/#breadcrumb\",\"itemListElement\":[{\"@type\":\"ListItem\",\"position\":1,\"name\":\"Home\",\"item\":\"https:\\\/\\\/www.topo-gps.com\\\/de\\\/topo-gps\\\/\"},{\"@type\":\"ListItem\",\"position\":2,\"name\":\"Topografische Karte der Niederlande\"}]},{\"@type\":\"WebSite\",\"@id\":\"https:\\\/\\\/www.topo-gps.com\\\/de\\\/#website\",\"url\":\"https:\\\/\\\/www.topo-gps.com\\\/de\\\/\",\"name\":\"Topo GPS\",\"description\":\"Topographic maps GPS for iPhone, Android, iPad and Apple Watch\",\"potentialAction\":[{\"@type\":\"SearchAction\",\"target\":{\"@type\":\"EntryPoint\",\"urlTemplate\":\"https:\\\/\\\/www.topo-gps.com\\\/de\\\/?s={search_term_string}\"},\"query-input\":{\"@type\":\"PropertyValueSpecification\",\"valueRequired\":true,\"valueName\":\"search_term_string\"}}],\"inLanguage\":\"de\"}]}<\/script>\n<!-- \/ Yoast SEO plugin. -->","yoast_head_json":{"title":"Topografische Karte der Niederlande - Topo GPS","description":"Topografische Karte der Niederlande auf iPhone, Android-Telefon, Tablet und Apple Watch in der mit 4,6 Sternen bewerteten Outdoor-Navigations-App Topo GPS.","robots":{"index":"index","follow":"follow","max-snippet":"max-snippet:-1","max-image-preview":"max-image-preview:large","max-video-preview":"max-video-preview:-1"},"canonical":"https:\/\/www.topo-gps.com\/de\/topografische-karte-der-niederlande\/","og_locale":"de_DE","og_type":"article","og_title":"Topografische Karte der Niederlande - Topo GPS","og_description":"Topografische Karte der Niederlande auf iPhone, Android-Telefon, Tablet und Apple Watch in der mit 4,6 Sternen bewerteten Outdoor-Navigations-App Topo GPS.","og_url":"https:\/\/www.topo-gps.com\/de\/topografische-karte-der-niederlande\/","og_site_name":"Topo GPS","article_modified_time":"2023-04-20T05:59:34+00:00","twitter_card":"summary_large_image","twitter_misc":{"Gesch\u00e4tzte Lesezeit":"6\u00a0Minuten"},"schema":{"@context":"https:\/\/schema.org","@graph":[{"@type":"WebPage","@id":"https:\/\/www.topo-gps.com\/de\/topografische-karte-der-niederlande\/","url":"https:\/\/www.topo-gps.com\/de\/topografische-karte-der-niederlande\/","name":"Topografische Karte der Niederlande - Topo GPS","isPartOf":{"@id":"https:\/\/www.topo-gps.com\/de\/#website"},"datePublished":"2022-04-06T13:57:17+00:00","dateModified":"2023-04-20T05:59:34+00:00","description":"Topografische Karte der Niederlande auf iPhone, Android-Telefon, Tablet und Apple Watch in der mit 4,6 Sternen bewerteten Outdoor-Navigations-App Topo GPS.","breadcrumb":{"@id":"https:\/\/www.topo-gps.com\/de\/topografische-karte-der-niederlande\/#breadcrumb"},"inLanguage":"de","potentialAction":[{"@type":"ReadAction","target":["https:\/\/www.topo-gps.com\/de\/topografische-karte-der-niederlande\/"]}]},{"@type":"BreadcrumbList","@id":"https:\/\/www.topo-gps.com\/de\/topografische-karte-der-niederlande\/#breadcrumb","itemListElement":[{"@type":"ListItem","position":1,"name":"Home","item":"https:\/\/www.topo-gps.com\/de\/topo-gps\/"},{"@type":"ListItem","position":2,"name":"Topografische Karte der Niederlande"}]},{"@type":"WebSite","@id":"https:\/\/www.topo-gps.com\/de\/#website","url":"https:\/\/www.topo-gps.com\/de\/","name":"Topo GPS","description":"Topographic maps GPS for iPhone, Android, iPad and Apple Watch","potentialAction":[{"@type":"SearchAction","target":{"@type":"EntryPoint","urlTemplate":"https:\/\/www.topo-gps.com\/de\/?s={search_term_string}"},"query-input":{"@type":"PropertyValueSpecification","valueRequired":true,"valueName":"search_term_string"}}],"inLanguage":"de"}]}},"_links":{"self":[{"href":"https:\/\/www.topo-gps.com\/de\/wp-json\/wp\/v2\/pages\/14130","targetHints":{"allow":["GET"]}}],"collection":[{"href":"https:\/\/www.topo-gps.com\/de\/wp-json\/wp\/v2\/pages"}],"about":[{"href":"https:\/\/www.topo-gps.com\/de\/wp-json\/wp\/v2\/types\/page"}],"author":[{"embeddable":true,"href":"https:\/\/www.topo-gps.com\/de\/wp-json\/wp\/v2\/users\/1"}],"replies":[{"embeddable":true,"href":"https:\/\/www.topo-gps.com\/de\/wp-json\/wp\/v2\/comments?post=14130"}],"version-history":[{"count":0,"href":"https:\/\/www.topo-gps.com\/de\/wp-json\/wp\/v2\/pages\/14130\/revisions"}],"wp:attachment":[{"href":"https:\/\/www.topo-gps.com\/de\/wp-json\/wp\/v2\/media?parent=14130"}],"curies":[{"name":"wp","href":"https:\/\/api.w.org\/{rel}","templated":true}]}}