{"id":7946,"date":"2022-02-26T15:46:19","date_gmt":"2022-02-26T14:46:19","guid":{"rendered":"https:\/\/www.topo-gps.com\/understoettede-dataformater\/"},"modified":"2023-06-16T14:09:33","modified_gmt":"2023-06-16T13:09:33","slug":"understoettede-dataformater","status":"publish","type":"page","link":"https:\/\/www.topo-gps.com\/da\/understoettede-dataformater\/","title":{"rendered":"Underst\u00f8ttede geodataformater"},"content":{"rendered":"<div class=\"wpb-content-wrapper\"><p>[vc_row][vc_column]\r\n        <div class=\"hero-txt\"> \r\n            \r\n                     \r\n            <h3 class=\"h3-sm  wow perch-fadeInUp fadeInUp\" data-wow-delay=\"300ms\" data-wow-duration=\"1200ms\">Supported geo data formats<\/h3>\r\n             \r\n            \r\n                        \r\n                        \r\n            \r\n                        \r\n                        \r\n                  \r\n        <\/div>\r\n        <div class=\"content-txt\"> \r\n        \t\r\n                     \r\n            \r\n            <p class=\"p-md  wow perch-fadeInUp fadeInUp\" data-wow-delay=\"300ms\" data-wow-duration=\"1200ms\">There are many different formats for geodata. Topo GPS is supporting the most popular ones for both import, usage and export.<\/p> \r\n             \r\n            \r\n                        \r\n                        \r\n            \r\n             \r\n                       \r\n                        \r\n                  \r\n        <\/div>[vc_column_text]<\/p>\n<p>&nbsp;<\/p>\n&#13;\n<figure class=\"wp-block-table is-style-stripes\"><table><tbody><tr><td>\u00a0<\/td>&#13;\n<td><strong>Ruter<\/strong><\/td>&#13;\n<td><strong>Waypoints<\/strong><\/td>&#13;\n<td><strong>Ikoner<\/strong><\/td>&#13;\n<td><strong>Linjer<\/strong><\/td>&#13;\n<td><strong>Omr\u00e5der<\/strong><\/td>&#13;\n<td><strong>Fotos<\/strong><\/td>&#13;\n<td><strong>Koordinattype<\/strong><\/td>&#13;\n<td><strong>Kompression<\/strong><\/td>&#13;\n<td><strong>iOS<\/strong><\/td>&#13;\n<td><strong>Android<\/strong><\/td>&#13;\n<td><strong>Importere<\/strong><\/td>&#13;\n<td><strong>Eksport<\/strong><\/td>&#13;\n<td>\u00a0<\/td>&#13;\n<\/tr><tr><td>GPX<\/td>&#13;\n<td style=\"text-align: center;\">\u2713<\/td>&#13;\n<td style=\"text-align: center;\">\u2713<\/td>&#13;\n<td style=\"text-align: center;\">\u2713*<\/td>&#13;\n<td style=\"text-align: center;\">\u00a0<\/td>&#13;\n<td style=\"text-align: center;\">\u00a0<\/td>&#13;\n<td style=\"text-align: center;\">\u00a0<\/td>&#13;\n<td style=\"text-align: center;\">WGS84<\/td>&#13;\n<td style=\"text-align: center;\">\u00a0<\/td>&#13;\n<td style=\"text-align: center;\">\u2713<\/td>&#13;\n<td style=\"text-align: center;\">\u2713<\/td>&#13;\n<td style=\"text-align: center;\">\u2713<\/td>&#13;\n<td style=\"text-align: center;\">\u2713<\/td>&#13;\n<td>\u00a0<\/td>&#13;\n<\/tr><tr><td>GPX.zip<\/td>&#13;\n<td style=\"text-align: center;\">\u2713<\/td>&#13;\n<td style=\"text-align: center;\">\u2713<\/td>&#13;\n<td style=\"text-align: center;\">\u2713*<\/td>&#13;\n<td style=\"text-align: center;\">\u00a0<\/td>&#13;\n<td style=\"text-align: center;\">\u00a0<\/td>&#13;\n<td style=\"text-align: center;\">\u2713<\/td>&#13;\n<td style=\"text-align: center;\">WGS84<\/td>&#13;\n<td style=\"text-align: center;\">\u2713<\/td>&#13;\n<td style=\"text-align: center;\">\u2713<\/td>&#13;\n<td style=\"text-align: center;\">\u2713<\/td>&#13;\n<td style=\"text-align: center;\">\u2713<\/td>&#13;\n<td style=\"text-align: center;\">\u2713<\/td>&#13;\n<td>\u00a0<\/td>&#13;\n<\/tr><tr><td>KML<\/td>&#13;\n<td style=\"text-align: center;\">\u2713<\/td>&#13;\n<td style=\"text-align: center;\">\u2713<\/td>&#13;\n<td style=\"text-align: center;\">\u2713*<\/td>&#13;\n<td style=\"text-align: center;\">\u2713<\/td>&#13;\n<td style=\"text-align: center;\">\u2713<\/td>&#13;\n<td style=\"text-align: center;\">\u00a0<\/td>&#13;\n<td style=\"text-align: center;\">WGS84<\/td>&#13;\n<td style=\"text-align: center;\">\u00a0<\/td>&#13;\n<td style=\"text-align: center;\">\u2713<\/td>&#13;\n<td style=\"text-align: center;\">\u2713<\/td>&#13;\n<td style=\"text-align: center;\">\u2713<\/td>&#13;\n<td style=\"text-align: center;\">\u2713<\/td>&#13;\n<td>\u00a0<\/td>&#13;\n<\/tr><tr><td>KMZ<\/td>&#13;\n<td style=\"text-align: center;\">\u2713<\/td>&#13;\n<td style=\"text-align: center;\">\u2713<\/td>&#13;\n<td style=\"text-align: center;\">\u2713*<\/td>&#13;\n<td style=\"text-align: center;\">\u2713<\/td>&#13;\n<td style=\"text-align: center;\">\u2713<\/td>&#13;\n<td style=\"text-align: center;\">\u2713<\/td>&#13;\n<td style=\"text-align: center;\">WGS84<\/td>&#13;\n<td style=\"text-align: center;\">\u2713<\/td>&#13;\n<td style=\"text-align: center;\">\u2713<\/td>&#13;\n<td style=\"text-align: center;\">\u2713<\/td>&#13;\n<td style=\"text-align: center;\">\u2713<\/td>&#13;\n<td style=\"text-align: center;\">\u2713<\/td>&#13;\n<td>\u00a0<\/td>&#13;\n<\/tr><tr><td>CSV*<\/td>&#13;\n<td style=\"text-align: center;\">\u00a0<\/td>&#13;\n<td style=\"text-align: center;\">\u2713<\/td>&#13;\n<td style=\"text-align: center;\">\u2713<\/td>&#13;\n<td style=\"text-align: center;\">\u00a0<\/td>&#13;\n<td style=\"text-align: center;\">\u00a0<\/td>&#13;\n<td style=\"text-align: center;\">\u00a0<\/td>&#13;\n<td style=\"text-align: center;\">nogen<\/td>&#13;\n<td style=\"text-align: center;\">\u00a0<\/td>&#13;\n<td style=\"text-align: center;\">\u2713<\/td>&#13;\n<td style=\"text-align: center;\">\u2713<\/td>&#13;\n<td style=\"text-align: center;\">\u2713<\/td>&#13;\n<td style=\"text-align: center;\">\u2713<\/td>&#13;\n<td style=\"text-align: center;\">\u00a0<\/td>&#13;\n<\/tr><tr><td>CSV.zip*<\/td>&#13;\n<td style=\"text-align: center;\">\u00a0<\/td>&#13;\n<td style=\"text-align: center;\">\u2713<\/td>&#13;\n<td style=\"text-align: center;\">\u2713<\/td>&#13;\n<td style=\"text-align: center;\">\u00a0<\/td>&#13;\n<td style=\"text-align: center;\">\u00a0<\/td>&#13;\n<td style=\"text-align: center;\">\u2713<\/td>&#13;\n<td style=\"text-align: center;\">nogen<\/td>&#13;\n<td style=\"text-align: center;\">\u2713<\/td>&#13;\n<td style=\"text-align: center;\">\u2713<\/td>&#13;\n<td style=\"text-align: center;\">\u2713<\/td>&#13;\n<td style=\"text-align: center;\">\u2713<\/td>&#13;\n<td style=\"text-align: center;\">\u2713<\/td>&#13;\n<td>\u00a0<\/td>&#13;\n<\/tr><tr><td>GeoJSON<\/td>&#13;\n<td style=\"text-align: center;\">som en linje<\/td>&#13;\n<td style=\"text-align: center;\">\u2713<\/td>&#13;\n<td style=\"text-align: center;\">\u00a0<\/td>&#13;\n<td style=\"text-align: center;\">\u2713<\/td>&#13;\n<td style=\"text-align: center;\">\u2713<\/td>&#13;\n<td style=\"text-align: center;\">\u00a0<\/td>&#13;\n<td style=\"text-align: center;\">nogen**<\/td>&#13;\n<td style=\"text-align: center;\">\u00a0<\/td>&#13;\n<td style=\"text-align: center;\">\u2713<\/td>&#13;\n<td style=\"text-align: center;\">\u00a0<\/td>&#13;\n<td style=\"text-align: center;\">\u2713<\/td>&#13;\n<td style=\"text-align: center;\">\u2713<\/td>&#13;\n<td style=\"text-align: center;\">\u00a0<\/td>&#13;\n<\/tr><tr><td>GeoJSON.zip<\/td>&#13;\n<td style=\"text-align: center;\">som en linje<\/td>&#13;\n<td style=\"text-align: center;\">\u2713<\/td>&#13;\n<td style=\"text-align: center;\">\u00a0<\/td>&#13;\n<td style=\"text-align: center;\">\u2713<\/td>&#13;\n<td style=\"text-align: center;\">\u2713<\/td>&#13;\n<td style=\"text-align: center;\">\u2713<\/td>&#13;\n<td style=\"text-align: center;\">nogen**<\/td>&#13;\n<td style=\"text-align: center;\">\u2713<\/td>&#13;\n<td style=\"text-align: center;\">\u2713<\/td>&#13;\n<td style=\"text-align: center;\">\u00a0<\/td>&#13;\n<td style=\"text-align: center;\">\u2713<\/td>&#13;\n<td style=\"text-align: center;\">\u2713<\/td>&#13;\n<td>\u00a0<\/td>&#13;\n<\/tr><tr><td>GML\/WFS<\/td>&#13;\n<td style=\"text-align: center;\">\u00a0<\/td>&#13;\n<td style=\"text-align: center;\">\u2713<\/td>&#13;\n<td style=\"text-align: center;\">\u00a0<\/td>&#13;\n<td style=\"text-align: center;\">\u2713<\/td>&#13;\n<td style=\"text-align: center;\">\u2713<\/td>&#13;\n<td style=\"text-align: center;\">\u00a0<\/td>&#13;\n<td style=\"text-align: center;\">nogen<\/td>&#13;\n<td style=\"text-align: center;\">\u00a0<\/td>&#13;\n<td style=\"text-align: center;\">\u2713<\/td>&#13;\n<td style=\"text-align: center;\">\u00a0<\/td>&#13;\n<td style=\"text-align: center;\">\u2713<\/td>&#13;\n<td style=\"text-align: center;\">\u00a0<\/td>&#13;\n<td>\u00a0<\/td>&#13;\n<\/tr><tr><td>JPEG<\/td>&#13;\n<td style=\"text-align: center;\">\u00a0<\/td>&#13;\n<td style=\"text-align: center;\">\u00a0<\/td>&#13;\n<td style=\"text-align: center;\">\u00a0<\/td>&#13;\n<td style=\"text-align: center;\">\u00a0<\/td>&#13;\n<td style=\"text-align: center;\">\u00a0<\/td>&#13;\n<td style=\"text-align: center;\">\u2713<\/td>&#13;\n<td style=\"text-align: center;\">WGS84<\/td>&#13;\n<td style=\"text-align: center;\">\u00a0<\/td>&#13;\n<td style=\"text-align: center;\">\u2713<\/td>&#13;\n<td style=\"text-align: center;\">\u2713<\/td>&#13;\n<td style=\"text-align: center;\">iOS<\/td>&#13;\n<td style=\"text-align: center;\">\u2713<\/td>&#13;\n<td>\u00a0<\/td>&#13;\n<\/tr><\/tbody><\/table><\/figure><p>[\/vc_column_text][\/vc_column][vc_column]\r\n        <div class=\"content-txt\"> \r\n        \t\r\n                     \r\n            \r\n            <p class=\"p-md  wow perch-fadeInUp fadeInUp\" data-wow-delay=\"300ms\" data-wow-duration=\"1200ms\">* Topo GPS specific functionality that only works when sharing with other Topo GPS user. Icons are limited in KML<br \/>** Not according to official GeoJSON documentation<\/p> \r\n             \r\n            \r\n                        \r\n                        \r\n            \r\n             \r\n                       \r\n                        \r\n                  \r\n        <\/div>[\/vc_column][\/vc_row]<\/p>\n<\/div>","protected":false},"excerpt":{"rendered":"<p>[vc_row][vc_column][vc_column_text] &nbsp; &#13; \u00a0 &#13; Ruter &#13; Waypoints &#13; Ikoner &#13; Linjer &#13; Omr\u00e5der &#13; Fotos &#13; Koordinattype &#13; Kompression &#13; iOS &#13; Android &#13; Importere &#13; Eksport &#13; \u00a0 &#13; GPX &#13; \u2713 &#13; \u2713 &#13; \u2713* &#13; \u00a0 &#13; \u00a0 &#13; \u00a0 &#13; WGS84 &#13; \u00a0 &#13; \u2713 &#13; \u2713 &#13; \u2713 &#13; \u2713 &#13; \u00a0 &#13; GPX.zip &#13; \u2713 &#13; \u2713 &#13; \u2713* &#13; \u00a0 &#13; \u00a0 &#13; \u2713 &#13; WGS84 &#13; \u2713 &#13; \u2713 &#13; \u2713 &#13; \u2713 &#13; \u2713 &#13; \u00a0 &#13; KML &#13; \u2713 &#13; \u2713 &#13; \u2713* &#13; \u2713 &#13; \u2713 &#13; \u00a0&#8230;<\/p>\n","protected":false},"author":1,"featured_media":0,"parent":0,"menu_order":0,"comment_status":"closed","ping_status":"closed","template":"","meta":{"footnotes":""},"class_list":["post-7946","page","type-page","status-publish","hentry","no-post-thumbnail"],"yoast_head":"<!-- This site is optimized with the Yoast SEO plugin v27.6 - https:\/\/yoast.com\/product\/yoast-seo-wordpress\/ -->\n<title>Underst\u00f8ttede geodataformater - Topo GPS<\/title>\n<meta name=\"description\" content=\"Oversigt over tilg\u00e6ngelige dataformater i Topo GPS i en tabel til Android og iOS. Med detaljerne i formatet ogs\u00e5 angivet.\" \/>\n<meta name=\"robots\" content=\"index, follow, max-snippet:-1, max-image-preview:large, max-video-preview:-1\" \/>\n<link rel=\"canonical\" href=\"https:\/\/www.topo-gps.com\/da\/understoettede-dataformater\/\" \/>\n<meta property=\"og:locale\" content=\"da_DK\" \/>\n<meta property=\"og:type\" content=\"article\" \/>\n<meta property=\"og:title\" content=\"Underst\u00f8ttede geodataformater - Topo GPS\" \/>\n<meta property=\"og:description\" content=\"Oversigt over tilg\u00e6ngelige dataformater i Topo GPS i en tabel til Android og iOS. Med detaljerne i formatet ogs\u00e5 angivet.\" \/>\n<meta property=\"og:url\" content=\"https:\/\/www.topo-gps.com\/da\/understoettede-dataformater\/\" \/>\n<meta property=\"og:site_name\" content=\"Topo GPS\" \/>\n<meta property=\"article:modified_time\" content=\"2023-06-16T13:09:33+00:00\" \/>\n<meta name=\"twitter:card\" content=\"summary_large_image\" \/>\n<meta name=\"twitter:label1\" content=\"Estimeret l\u00e6setid\" \/>\n\t<meta name=\"twitter:data1\" content=\"1 minut\" \/>\n<script type=\"application\/ld+json\" class=\"yoast-schema-graph\">{\"@context\":\"https:\\\/\\\/schema.org\",\"@graph\":[{\"@type\":\"WebPage\",\"@id\":\"https:\\\/\\\/www.topo-gps.com\\\/da\\\/understoettede-dataformater\\\/\",\"url\":\"https:\\\/\\\/www.topo-gps.com\\\/da\\\/understoettede-dataformater\\\/\",\"name\":\"Underst\u00f8ttede geodataformater - Topo GPS\",\"isPartOf\":{\"@id\":\"https:\\\/\\\/www.topo-gps.com\\\/da\\\/#website\"},\"datePublished\":\"2022-02-26T14:46:19+00:00\",\"dateModified\":\"2023-06-16T13:09:33+00:00\",\"description\":\"Oversigt over tilg\u00e6ngelige dataformater i Topo GPS i en tabel til Android og iOS. Med detaljerne i formatet ogs\u00e5 angivet.\",\"breadcrumb\":{\"@id\":\"https:\\\/\\\/www.topo-gps.com\\\/da\\\/understoettede-dataformater\\\/#breadcrumb\"},\"inLanguage\":\"da-DK\",\"potentialAction\":[{\"@type\":\"ReadAction\",\"target\":[\"https:\\\/\\\/www.topo-gps.com\\\/da\\\/understoettede-dataformater\\\/\"]}]},{\"@type\":\"BreadcrumbList\",\"@id\":\"https:\\\/\\\/www.topo-gps.com\\\/da\\\/understoettede-dataformater\\\/#breadcrumb\",\"itemListElement\":[{\"@type\":\"ListItem\",\"position\":1,\"name\":\"Home\",\"item\":\"https:\\\/\\\/www.topo-gps.com\\\/da\\\/topo-gps\\\/\"},{\"@type\":\"ListItem\",\"position\":2,\"name\":\"Underst\u00f8ttede geodataformater\"}]},{\"@type\":\"WebSite\",\"@id\":\"https:\\\/\\\/www.topo-gps.com\\\/da\\\/#website\",\"url\":\"https:\\\/\\\/www.topo-gps.com\\\/da\\\/\",\"name\":\"Topo GPS\",\"description\":\"Topographic maps GPS for iPhone, Android, iPad and Apple Watch\",\"potentialAction\":[{\"@type\":\"SearchAction\",\"target\":{\"@type\":\"EntryPoint\",\"urlTemplate\":\"https:\\\/\\\/www.topo-gps.com\\\/da\\\/?s={search_term_string}\"},\"query-input\":{\"@type\":\"PropertyValueSpecification\",\"valueRequired\":true,\"valueName\":\"search_term_string\"}}],\"inLanguage\":\"da-DK\"}]}<\/script>\n<!-- \/ Yoast SEO plugin. -->","yoast_head_json":{"title":"Underst\u00f8ttede geodataformater - Topo GPS","description":"Oversigt over tilg\u00e6ngelige dataformater i Topo GPS i en tabel til Android og iOS. Med detaljerne i formatet ogs\u00e5 angivet.","robots":{"index":"index","follow":"follow","max-snippet":"max-snippet:-1","max-image-preview":"max-image-preview:large","max-video-preview":"max-video-preview:-1"},"canonical":"https:\/\/www.topo-gps.com\/da\/understoettede-dataformater\/","og_locale":"da_DK","og_type":"article","og_title":"Underst\u00f8ttede geodataformater - Topo GPS","og_description":"Oversigt over tilg\u00e6ngelige dataformater i Topo GPS i en tabel til Android og iOS. Med detaljerne i formatet ogs\u00e5 angivet.","og_url":"https:\/\/www.topo-gps.com\/da\/understoettede-dataformater\/","og_site_name":"Topo GPS","article_modified_time":"2023-06-16T13:09:33+00:00","twitter_card":"summary_large_image","twitter_misc":{"Estimeret l\u00e6setid":"1 minut"},"schema":{"@context":"https:\/\/schema.org","@graph":[{"@type":"WebPage","@id":"https:\/\/www.topo-gps.com\/da\/understoettede-dataformater\/","url":"https:\/\/www.topo-gps.com\/da\/understoettede-dataformater\/","name":"Underst\u00f8ttede geodataformater - Topo GPS","isPartOf":{"@id":"https:\/\/www.topo-gps.com\/da\/#website"},"datePublished":"2022-02-26T14:46:19+00:00","dateModified":"2023-06-16T13:09:33+00:00","description":"Oversigt over tilg\u00e6ngelige dataformater i Topo GPS i en tabel til Android og iOS. Med detaljerne i formatet ogs\u00e5 angivet.","breadcrumb":{"@id":"https:\/\/www.topo-gps.com\/da\/understoettede-dataformater\/#breadcrumb"},"inLanguage":"da-DK","potentialAction":[{"@type":"ReadAction","target":["https:\/\/www.topo-gps.com\/da\/understoettede-dataformater\/"]}]},{"@type":"BreadcrumbList","@id":"https:\/\/www.topo-gps.com\/da\/understoettede-dataformater\/#breadcrumb","itemListElement":[{"@type":"ListItem","position":1,"name":"Home","item":"https:\/\/www.topo-gps.com\/da\/topo-gps\/"},{"@type":"ListItem","position":2,"name":"Underst\u00f8ttede geodataformater"}]},{"@type":"WebSite","@id":"https:\/\/www.topo-gps.com\/da\/#website","url":"https:\/\/www.topo-gps.com\/da\/","name":"Topo GPS","description":"Topographic maps GPS for iPhone, Android, iPad and Apple Watch","potentialAction":[{"@type":"SearchAction","target":{"@type":"EntryPoint","urlTemplate":"https:\/\/www.topo-gps.com\/da\/?s={search_term_string}"},"query-input":{"@type":"PropertyValueSpecification","valueRequired":true,"valueName":"search_term_string"}}],"inLanguage":"da-DK"}]}},"_links":{"self":[{"href":"https:\/\/www.topo-gps.com\/da\/wp-json\/wp\/v2\/pages\/7946","targetHints":{"allow":["GET"]}}],"collection":[{"href":"https:\/\/www.topo-gps.com\/da\/wp-json\/wp\/v2\/pages"}],"about":[{"href":"https:\/\/www.topo-gps.com\/da\/wp-json\/wp\/v2\/types\/page"}],"author":[{"embeddable":true,"href":"https:\/\/www.topo-gps.com\/da\/wp-json\/wp\/v2\/users\/1"}],"replies":[{"embeddable":true,"href":"https:\/\/www.topo-gps.com\/da\/wp-json\/wp\/v2\/comments?post=7946"}],"version-history":[{"count":0,"href":"https:\/\/www.topo-gps.com\/da\/wp-json\/wp\/v2\/pages\/7946\/revisions"}],"wp:attachment":[{"href":"https:\/\/www.topo-gps.com\/da\/wp-json\/wp\/v2\/media?parent=7946"}],"curies":[{"name":"wp","href":"https:\/\/api.w.org\/{rel}","templated":true}]}}