{"id":7057,"date":"2022-01-31T11:44:52","date_gmt":"2022-01-31T10:44:52","guid":{"rendered":"https:\/\/www.topo-gps.com\/topografisk-kort-over-storbritannien\/"},"modified":"2024-02-17T17:44:27","modified_gmt":"2024-02-17T16:44:27","slug":"topografisk-kort-over-storbritannien","status":"publish","type":"page","link":"https:\/\/www.topo-gps.com\/da\/topografisk-kort-over-storbritannien\/","title":{"rendered":"Topografisk kort over Storbritannien"},"content":{"rendered":"<div class=\"wpb-content-wrapper\"><p>[vc_section enable_inner=&#8221;yes&#8221; section_type=&#8221;hero&#8221; inner_margin_top=&#8221;mt-100&#8243; parallax_image_attachment=&#8221;inherit&#8221; padding_class=&#8221;wide-100&#8243; css=&#8221;.vc_custom_1638818336813{background-image: url(https:\/\/www.topo-gps.com\/wp-content\/uploads\/2021\/12\/gb1.jpg?id=5826) !important;background-position: center !important;background-repeat: no-repeat !important;background-size: cover !important;}&#8221;][vc_row parallax_image_attachment=&#8221;inherit&#8221; css=&#8221;.vc_custom_1639602296513{padding-top: 20px !important;padding-bottom: 20px !important;}&#8221;][vc_column width=&#8221;1\/2&#8243; css=&#8221;.vc_custom_1639603345318{margin-bottom: 20px !important;}&#8221;]\r\n        <div class=\"vc_custom_1639603397901  hero-txt\"> \r\n            \r\n                     \r\n            <h3 class=\"white-color h3-sm none  wow perch-fadeInUp fadeInUp\" style=\"font-weight: bold;\" data-wow-delay=\"300ms\" data-wow-duration=\"1200ms\">OS Explorer topografiske kort over Storbritannien p\u00e5 din iPhone, Android-telefon og Apple Watch<\/h3>\r\n             \r\n            \r\n                        \r\n                        \r\n            \r\n                        \r\n                        \r\n                  \r\n        <\/div>[vc_row_inner][vc_column_inner width=&#8221;1\/2&#8243; css=&#8221;.vc_custom_1639605647058{padding-top: 10px !important;padding-bottom: 10px !important;}&#8221;]\r\n        <div class=\"hero-img  wow perch-fadeInUp fadeInUp text-center\" data-wow-delay=\"300ms\" data-wow-duration=\"1200ms\"> \r\n        <a href=\"https:\/\/apps.apple.com\/gb\/app\/topo-gps\/id578960575\" target=\"_self\" class=\"vc_single_image-wrapper  \"><img loading=\"lazy\" decoding=\"async\" class=\"vc_single_image-img img-fluid\" width=\"160\" height=\"50\"  src=\"https:\/\/www.topo-gps.com\/wp-content\/themes\/appset\/images\/appstore.png\" alt=\"External image\" \/><\/a>\r\n        <\/div>[\/vc_column_inner][vc_column_inner width=&#8221;1\/2&#8243; css=&#8221;.vc_custom_1639605658368{padding-top: 10px !important;padding-bottom: 10px !important;}&#8221;]\r\n        <div class=\"hero-img  wow perch-fadeInUp fadeInUp text-center\" data-wow-delay=\"300ms\" data-wow-duration=\"1200ms\"> \r\n        <a href=\"https:\/\/play.google.com\/store\/apps\/details?id=uk.rdzl.topo.gps&amp;hl=en\" target=\"_self\" class=\"vc_single_image-wrapper  \"><img loading=\"lazy\" decoding=\"async\" class=\"vc_single_image-img img-fluid\" width=\"171\" height=\"50\"  src=\"https:\/\/www.topo-gps.com\/wp-content\/themes\/appset\/images\/googleplay.png\" alt=\"External image\" \/><\/a>\r\n        <\/div>[\/vc_column_inner][\/vc_row_inner][\/vc_column][vc_column width=&#8221;1\/2&#8243; css=&#8221;.vc_custom_1639603183972{padding-top: 40px !important;padding-bottom: 40px !important;}&#8221;]\r\n        <div class=\"hero-img  wow perch-fadeInUp fadeInUp\" data-wow-delay=\"300ms\" data-wow-duration=\"1200ms\"> \r\n        <img loading=\"lazy\" decoding=\"async\" class=\"vc_single_image-img img-fluid\" width=\"560\" height=\"604\"  src=\"https:\/\/www.topo-gps.com\/wp-content\/uploads\/2021\/12\/gb-front-1.png\" alt=\"External image\" \/>\r\n        <\/div>[\/vc_column][\/vc_row][\/vc_section][vc_section][vc_row][vc_column]\r\n        <div class=\"section-title  wow perch-fadeInUp fadeInUp text-center\" data-wow-delay=\"300ms\" data-wow-duration=\"1200ms\">\r\n            <h2 class=\"h2-sm\">Bedste udend\u00f8rs kort for England, Skotland og Wales<\/h2>\r\n            <p class=\"p-lg\">Topografiske kort lavet af Ordnance Survey er de bedste udend\u00f8rs kort for Storbritannien.<\/p>         \r\n        <\/div>[vc_column_text]Storbritannien er et land med forskelligartede landskaber og natursk\u00f8nhed, der tilbyder bes\u00f8gende en bred vifte af udend\u00f8rs aktiviteter at nyde hele \u00e5ret. Fra vandreture og cykling til surfing og kajaksejlads er der altid noget at lave i Storbritanniens store udend\u00f8rs.<\/p>\n<p>Vandring er en popul\u00e6r aktivitet i Storbritannien, med adskillige velholdte stier, der f\u00f8rer bes\u00f8gende gennem nogle af landets smukkeste landskaber. Lake District er for eksempel en popul\u00e6r vandredestination, der tilbyder en fantastisk udsigt over de b\u00f8lgende bakker og krystalklare s\u00f8er. Andre popul\u00e6re vandredestinationer omfatter det skotske h\u00f8jland og de walisiske bjerge.<\/p>\n<p>Cykling er ogs\u00e5 en popul\u00e6r aktivitet i Storbritannien, med adskillige natursk\u00f8nne cykelruter, der tager bes\u00f8gende gennem maleriske landsbyer og fantastiske landskaber. Cotswold Way er for eksempel en popul\u00e6r cykelrute, der f\u00f8rer bes\u00f8gende gennem de natursk\u00f8nne landsbyer og landskaber i Cotswolds.<\/p>\n<p>Om sommeren byder Storbritanniens fantastiske kystlinje p\u00e5 masser af muligheder for vandsport s\u00e5som surfing, kajaksejlads og paddleboarding. Den korniske kyst er for eksempel en popul\u00e6r destination for surfing med nogle af de bedste b\u00f8lger i landet. Andre popul\u00e6re vandsportsdestinationer omfatter de skotske \u00f8er og den walisiske kyst.<\/p>\n<p>Om vinteren byder Storbritanniens bjerge p\u00e5 masser af muligheder for at st\u00e5 p\u00e5 ski og snowboard, med flere skisportssteder i Skotland og England. Cairngorms, for eksempel, er Skotlands st\u00f8rste skisportssted, der tilbyder en r\u00e6kke pister til skil\u00f8bere og snowboardere p\u00e5 alle niveauer.<\/p>\n<p>Samlet set g\u00f8r Storbritanniens mangfoldige landskaber, rige historie og veludviklede infrastruktur det til et must-bes\u00f8g destination for udend\u00f8rs entusiaster. Uanset om det er vandreture, cykling, surfing eller skil\u00f8b, er der altid noget at lave i Storbritanniens store udend\u00f8rs.[\/vc_column_text][\/vc_column][\/vc_row][vc_row][vc_column width=&#8221;1\/2&#8243;][vc_single_image custom_src=&#8221;https:\/\/www.topo-gps.com\/wp-content\/uploads\/2021\/12\/gb-double.jpg&#8221; external_img_size=&#8221;391&#215;600&#8243; alignment=&#8221;center&#8221;][\/vc_column][vc_column width=&#8221;1\/2&#8243;][vc_row_inner][vc_column_inner width=&#8221;1\/2&#8243;]\r\n        <div class=\"wow perch-fadeInUp fadeInUp fbox\" data-wow-delay=\"300ms\" data-wow-duration=\"1200ms\"> \r\n            <div class=\"fbox grey-color-box\">\r\n                <div class=\"grey-color-icon b-icon box-icon-md\"><span class=\" grey-color\"><\/span><\/div>  \r\n                <div class=\"fbox-txt\">    \r\n                    <h5 class=\"h5-sm\">Topografisk kort<\/h5>\r\n                    <p class=\"grey-color\">Et topografisk kort indeholder mange detaljer som h\u00f8jdekonturer, sm\u00e5 veje og arealanvendelse og er derfor ideel til at navigere udend\u00f8rs.<\/p>\r\n                    \r\n                <\/div> \r\n            <\/div>        \r\n        <\/div>\r\n        <div class=\"wow perch-fadeInUp fadeInUp fbox\" data-wow-delay=\"300ms\" data-wow-duration=\"1200ms\"> \r\n            <div class=\"fbox grey-color-box\">\r\n                <div class=\"grey-color-icon b-icon box-icon-md\"><span class=\" grey-color\"><\/span><\/div>  \r\n                <div class=\"fbox-txt\">    \r\n                    <h5 class=\"h5-sm\">Ammunitionsunders\u00f8gelse<\/h5>\r\n                    <p class=\"grey-color\">I Topo GPS-appen kan du k\u00f8be de bedste topografiske kort over Storbritannien, OS Explorer 1:25.000-kortene. Topo GPS er en officiel partner for Ordnance Survey.<\/p>\r\n                    \r\n                <\/div> \r\n            <\/div>        \r\n        <\/div>\r\n        <div class=\"wow perch-fadeInUp fadeInUp fbox\" data-wow-delay=\"300ms\" data-wow-duration=\"1200ms\"> \r\n            <div class=\"fbox grey-color-box\">\r\n                <div class=\"grey-color-icon b-icon box-icon-md\"><span class=\" grey-color\"><\/span><\/div>  \r\n                <div class=\"fbox-txt\">    \r\n                    <h5 class=\"h5-sm\">Priss\u00e6tning<\/h5>\r\n                    <p class=\"grey-color\">OS Explorer-kort i Topo GPS koster \u00a30,79 for 4 kvadrater p\u00e5 4 x 4 km, som du kan v\u00e6lge. Gratis livstidsopdateringer er inkluderet. Det er ogs\u00e5 muligt at k\u00f8be et \u00e5rligt abonnement til hele Storbritannien for \u00a324,99.<\/p>\r\n                    \r\n                <\/div> \r\n            <\/div>        \r\n        <\/div>[\/vc_column_inner][vc_column_inner width=&#8221;1\/2&#8243;]\r\n        <div class=\"wow perch-fadeInUp fadeInUp fbox\" data-wow-delay=\"300ms\" data-wow-duration=\"1200ms\"> \r\n            <div class=\"fbox grey-color-box\">\r\n                <div class=\"grey-color-icon b-icon box-icon-md\"><span class=\" grey-color\"><\/span><\/div>  \r\n                <div class=\"fbox-txt\">    \r\n                    <h5 class=\"h5-sm\">Offline kort<\/h5>\r\n                    <p class=\"grey-color\">Du kan g\u00f8re de topografiske kort offline tilg\u00e6ngelige. P\u00e5 denne m\u00e5de er du sikker p\u00e5, at de kort, du skal bruge, altid er tilg\u00e6ngelige.<\/p>\r\n                    \r\n                <\/div> \r\n            <\/div>        \r\n        <\/div>\r\n        <div class=\"wow perch-fadeInUp fadeInUp fbox\" data-wow-delay=\"300ms\" data-wow-duration=\"1200ms\"> \r\n            <div class=\"fbox grey-color-box\">\r\n                <div class=\"grey-color-icon b-icon box-icon-md\"><span class=\" grey-color\"><\/span><\/div>  \r\n                <div class=\"fbox-txt\">    \r\n                    <h5 class=\"h5-sm\">Klar legende<\/h5>\r\n                    <p class=\"grey-color\">Det topografiske kort har en tydelig forklaring med forklaringer af alle symboler.<\/p>\r\n                    \r\n                <\/div> \r\n            <\/div>        \r\n        <\/div>\r\n        <div class=\"wow perch-fadeInUp fadeInUp fbox\" data-wow-delay=\"300ms\" data-wow-duration=\"1200ms\"> \r\n            <div class=\"fbox grey-color-box\">\r\n                <div class=\"grey-color-icon b-icon box-icon-md\"><span class=\" grey-color\"><\/span><\/div>  \r\n                <div class=\"fbox-txt\">    \r\n                    <h5 class=\"h5-sm\">Topo GPS app<\/h5>\r\n                    <p class=\"grey-color\">Topo GPS-appen tilbyder mange yderligere nyttige funktioner til det topografiske kort. Som at navigere, indl\u00e6se, planl\u00e6gge og f\u00f8lge ruter og tilf\u00f8je punkter til kortet. Topo GPS indeholder alle funktioner fra en almindelig GPS-enhed.<\/p>\r\n                    \r\n                <\/div> \r\n            <\/div>        \r\n        <\/div>[\/vc_column_inner][\/vc_row_inner][\/vc_column][\/vc_row][\/vc_section][vc_section][vc_row][vc_column]\r\n        <div class=\"section-title  wow perch-fadeInUp fadeInUp text-center\" data-wow-delay=\"300ms\" data-wow-duration=\"1200ms\">\r\n            <h2 class=\"h2-sm\">Hvilket kort ville du foretr\u00e6kke at udforske udend\u00f8rs?<\/h2>\r\n            <p class=\"p-lg\">Sammenlign dig selv<\/p>         \r\n        <\/div>[vc_row_inner][vc_column_inner width=&#8221;1\/3&#8243;][vc_column_text]<\/p>\n<h3 style=\"text-align: center;\">Google kort<\/h3>\n<p>[\/vc_column_text][vc_single_image custom_src=&#8221;https:\/\/www.topo-gps.com\/wp-content\/uploads\/2021\/12\/gb_google_maps.jpg&#8221; external_img_size=&#8221;277&#215;560&#8243; alignment=&#8221;center&#8221;][\/vc_column_inner][vc_column_inner width=&#8221;1\/3&#8243;][vc_column_text]<\/p>\n<h3 style=\"text-align: center;\">OpenStreetMap<\/h3>\n<p>[\/vc_column_text][vc_single_image custom_src=&#8221;https:\/\/www.topo-gps.com\/wp-content\/uploads\/2021\/12\/gb_osm.jpg&#8221; external_img_size=&#8221;277&#215;560&#8243; alignment=&#8221;center&#8221;][\/vc_column_inner][vc_column_inner width=&#8221;1\/3&#8243;][vc_column_text]<\/p>\n<h3 style=\"text-align: center;\">Topografisk kort<\/h3>\n<p>[\/vc_column_text][vc_single_image custom_src=&#8221;https:\/\/www.topo-gps.com\/wp-content\/uploads\/2021\/12\/gb_os.jpg&#8221; external_img_size=&#8221;277&#215;560&#8243; alignment=&#8221;center&#8221;][\/vc_column_inner][\/vc_row_inner][\/vc_column][\/vc_row][\/vc_section][vc_section section_type=&#8221;hero&#8221; hero_type=&#8221;1&#8243; parallax_image_attachment=&#8221;fixed&#8221; padding_class=&#8221;&#8221;][vc_row content_placement=&#8221;&#8221; parallax_image_attachment=&#8221;inherit&#8221;][vc_column width=&#8221;1\/2&#8243; column_inner_style=&#8221;hero-txt&#8221; hero_txt_type=&#8221;1&#8243;]\r\n        <div class=\"hero-txt\"> \r\n            \r\n            <h2 class=\" wow perch-fadeInUp fadeInUp\" data-wow-delay=\"300ms\" data-wow-duration=\"1200ms\">Topo GPS<\/h2>         \r\n            <h3 class=\"h3-sm  wow perch-fadeInUp fadeInUp\" data-wow-delay=\"400ms\" data-wow-duration=\"1200ms\">G\u00f8r din iPhone, Android-telefon eller -tablet til en komplet GPS-enhed med offline tilg\u00e6ngelige topografiske kort.<\/h3>\r\n             \r\n            \r\n                        \r\n                        \r\n            \r\n                        \r\n                        \r\n                  \r\n        <\/div>[vc_row_inner][vc_column_inner width=&#8221;1\/2&#8243; css=&#8221;.vc_custom_1639605647058{padding-top: 10px !important;padding-bottom: 10px !important;}&#8221;]\r\n        <div class=\"hero-img  wow perch-fadeInUp fadeInUp text-center\" data-wow-delay=\"300ms\" data-wow-duration=\"1200ms\"> \r\n        <a href=\"https:\/\/apps.apple.com\/gb\/app\/topo-gps\/id578960575\" target=\"_self\" class=\"vc_single_image-wrapper  \"><img loading=\"lazy\" decoding=\"async\" class=\"vc_single_image-img img-fluid\" width=\"160\" height=\"50\"  src=\"https:\/\/www.topo-gps.com\/wp-content\/themes\/appset\/images\/appstore.png\" alt=\"External image\" \/><\/a>\r\n        <\/div>[\/vc_column_inner][vc_column_inner width=&#8221;1\/2&#8243; css=&#8221;.vc_custom_1639605658368{padding-top: 10px !important;padding-bottom: 10px !important;}&#8221;]\r\n        <div class=\"hero-img  wow perch-fadeInUp fadeInUp text-center\" data-wow-delay=\"300ms\" data-wow-duration=\"1200ms\"> \r\n        <a href=\"https:\/\/play.google.com\/store\/apps\/details?id=uk.rdzl.topo.gps&amp;hl=en\" target=\"_self\" class=\"vc_single_image-wrapper  \"><img loading=\"lazy\" decoding=\"async\" class=\"vc_single_image-img img-fluid\" width=\"171\" height=\"50\"  src=\"https:\/\/www.topo-gps.com\/wp-content\/themes\/appset\/images\/googleplay.png\" alt=\"External image\" \/><\/a>\r\n        <\/div>[\/vc_column_inner][\/vc_row_inner][\/vc_column][vc_column width=&#8221;1\/2&#8243;]\r\n        <div class=\"wow perch-fadeInRight fadeInRight hero-1-img\" data-wow-delay=\"300ms\" data-wow-duration=\"1200ms\"> \r\n        <img decoding=\"async\" class=\"vc_single_image-img img-fluid\"  src=\"https:\/\/www.topo-gps.com\/wp-content\/uploads\/2022\/04\/da-main-1.png\" alt=\"External image\" \/>\r\n        <\/div>[\/vc_column][\/vc_row][\/vc_section]<\/p>\n<\/div>","protected":false},"excerpt":{"rendered":"<p>[vc_section enable_inner=&#8221;yes&#8221; section_type=&#8221;hero&#8221; inner_margin_top=&#8221;mt-100&#8243; parallax_image_attachment=&#8221;inherit&#8221; padding_class=&#8221;wide-100&#8243; css=&#8221;.vc_custom_1638818336813{background-image: url(https:\/\/www.topo-gps.com\/wp-content\/uploads\/2021\/12\/gb1.jpg?id=5826) !important;background-position: center !important;background-repeat: no-repeat !important;background-size: cover !important;}&#8221;][vc_row parallax_image_attachment=&#8221;inherit&#8221; css=&#8221;.vc_custom_1639602296513{padding-top: 20px !important;padding-bottom: 20px !important;}&#8221;][vc_column width=&#8221;1\/2&#8243; css=&#8221;.vc_custom_1639603345318{margin-bottom: 20px !important;}&#8221;][vc_row_inner][vc_column_inner width=&#8221;1\/2&#8243; css=&#8221;.vc_custom_1639605647058{padding-top: 10px !important;padding-bottom: 10px !important;}&#8221;][\/vc_column_inner][vc_column_inner width=&#8221;1\/2&#8243; css=&#8221;.vc_custom_1639605658368{padding-top: 10px !important;padding-bottom: 10px !important;}&#8221;][\/vc_column_inner][\/vc_row_inner][\/vc_column][vc_column width=&#8221;1\/2&#8243; css=&#8221;.vc_custom_1639603183972{padding-top: 40px !important;padding-bottom: 40px !important;}&#8221;][\/vc_column][\/vc_row][\/vc_section][vc_section][vc_row][vc_column][vc_column_text]Storbritannien er et land med forskelligartede landskaber og natursk\u00f8nhed, der tilbyder bes\u00f8gende en bred vifte af udend\u00f8rs aktiviteter at nyde hele \u00e5ret. Fra vandreture og cykling til surfing og kajaksejlads er der altid noget at lave i Storbritanniens store udend\u00f8rs. Vandring er en popul\u00e6r aktivitet i Storbritannien, med adskillige velholdte stier, der f\u00f8rer bes\u00f8gende gennem nogle af landets&#8230;<\/p>\n","protected":false},"author":1,"featured_media":0,"parent":0,"menu_order":0,"comment_status":"closed","ping_status":"closed","template":"","meta":{"footnotes":""},"class_list":["post-7057","page","type-page","status-publish","hentry","no-post-thumbnail"],"yoast_head":"<!-- This site is optimized with the Yoast SEO plugin v27.6 - https:\/\/yoast.com\/product\/yoast-seo-wordpress\/ -->\n<title>Topografisk kort over Storbritannien - Topo GPS<\/title>\n<meta name=\"description\" content=\"OS Explorer topografisk kort over Storbritannien p\u00e5 din iPhone, Android-telefon, tablet og Apple Watch. Bedste udend\u00f8rs kort over Storbritannien.\" \/>\n<meta name=\"robots\" content=\"index, follow, max-snippet:-1, max-image-preview:large, max-video-preview:-1\" \/>\n<link rel=\"canonical\" href=\"https:\/\/www.topo-gps.com\/da\/topografisk-kort-over-storbritannien\/\" \/>\n<meta property=\"og:locale\" content=\"da_DK\" \/>\n<meta property=\"og:type\" content=\"article\" \/>\n<meta property=\"og:title\" content=\"Topografisk kort over Storbritannien - Topo GPS\" \/>\n<meta property=\"og:description\" content=\"OS Explorer topografisk kort over Storbritannien p\u00e5 din iPhone, Android-telefon, tablet og Apple Watch. Bedste udend\u00f8rs kort over Storbritannien.\" \/>\n<meta property=\"og:url\" content=\"https:\/\/www.topo-gps.com\/da\/topografisk-kort-over-storbritannien\/\" \/>\n<meta property=\"og:site_name\" content=\"Topo GPS\" \/>\n<meta property=\"article:modified_time\" content=\"2024-02-17T16:44:27+00:00\" \/>\n<meta name=\"twitter:card\" content=\"summary_large_image\" \/>\n<meta name=\"twitter:label1\" content=\"Estimeret l\u00e6setid\" \/>\n\t<meta name=\"twitter:data1\" content=\"6 minutter\" \/>\n<script type=\"application\/ld+json\" class=\"yoast-schema-graph\">{\"@context\":\"https:\\\/\\\/schema.org\",\"@graph\":[{\"@type\":\"WebPage\",\"@id\":\"https:\\\/\\\/www.topo-gps.com\\\/da\\\/topografisk-kort-over-storbritannien\\\/\",\"url\":\"https:\\\/\\\/www.topo-gps.com\\\/da\\\/topografisk-kort-over-storbritannien\\\/\",\"name\":\"Topografisk kort over Storbritannien - Topo GPS\",\"isPartOf\":{\"@id\":\"https:\\\/\\\/www.topo-gps.com\\\/da\\\/#website\"},\"datePublished\":\"2022-01-31T10:44:52+00:00\",\"dateModified\":\"2024-02-17T16:44:27+00:00\",\"description\":\"OS Explorer topografisk kort over Storbritannien p\u00e5 din iPhone, Android-telefon, tablet og Apple Watch. Bedste udend\u00f8rs kort over Storbritannien.\",\"breadcrumb\":{\"@id\":\"https:\\\/\\\/www.topo-gps.com\\\/da\\\/topografisk-kort-over-storbritannien\\\/#breadcrumb\"},\"inLanguage\":\"da-DK\",\"potentialAction\":[{\"@type\":\"ReadAction\",\"target\":[\"https:\\\/\\\/www.topo-gps.com\\\/da\\\/topografisk-kort-over-storbritannien\\\/\"]}]},{\"@type\":\"BreadcrumbList\",\"@id\":\"https:\\\/\\\/www.topo-gps.com\\\/da\\\/topografisk-kort-over-storbritannien\\\/#breadcrumb\",\"itemListElement\":[{\"@type\":\"ListItem\",\"position\":1,\"name\":\"Home\",\"item\":\"https:\\\/\\\/www.topo-gps.com\\\/da\\\/topo-gps\\\/\"},{\"@type\":\"ListItem\",\"position\":2,\"name\":\"Topografisk kort over Storbritannien\"}]},{\"@type\":\"WebSite\",\"@id\":\"https:\\\/\\\/www.topo-gps.com\\\/da\\\/#website\",\"url\":\"https:\\\/\\\/www.topo-gps.com\\\/da\\\/\",\"name\":\"Topo GPS\",\"description\":\"Topographic maps GPS for iPhone, Android, iPad and Apple Watch\",\"potentialAction\":[{\"@type\":\"SearchAction\",\"target\":{\"@type\":\"EntryPoint\",\"urlTemplate\":\"https:\\\/\\\/www.topo-gps.com\\\/da\\\/?s={search_term_string}\"},\"query-input\":{\"@type\":\"PropertyValueSpecification\",\"valueRequired\":true,\"valueName\":\"search_term_string\"}}],\"inLanguage\":\"da-DK\"}]}<\/script>\n<!-- \/ Yoast SEO plugin. -->","yoast_head_json":{"title":"Topografisk kort over Storbritannien - Topo GPS","description":"OS Explorer topografisk kort over Storbritannien p\u00e5 din iPhone, Android-telefon, tablet og Apple Watch. Bedste udend\u00f8rs kort over Storbritannien.","robots":{"index":"index","follow":"follow","max-snippet":"max-snippet:-1","max-image-preview":"max-image-preview:large","max-video-preview":"max-video-preview:-1"},"canonical":"https:\/\/www.topo-gps.com\/da\/topografisk-kort-over-storbritannien\/","og_locale":"da_DK","og_type":"article","og_title":"Topografisk kort over Storbritannien - Topo GPS","og_description":"OS Explorer topografisk kort over Storbritannien p\u00e5 din iPhone, Android-telefon, tablet og Apple Watch. Bedste udend\u00f8rs kort over Storbritannien.","og_url":"https:\/\/www.topo-gps.com\/da\/topografisk-kort-over-storbritannien\/","og_site_name":"Topo GPS","article_modified_time":"2024-02-17T16:44:27+00:00","twitter_card":"summary_large_image","twitter_misc":{"Estimeret l\u00e6setid":"6 minutter"},"schema":{"@context":"https:\/\/schema.org","@graph":[{"@type":"WebPage","@id":"https:\/\/www.topo-gps.com\/da\/topografisk-kort-over-storbritannien\/","url":"https:\/\/www.topo-gps.com\/da\/topografisk-kort-over-storbritannien\/","name":"Topografisk kort over Storbritannien - Topo GPS","isPartOf":{"@id":"https:\/\/www.topo-gps.com\/da\/#website"},"datePublished":"2022-01-31T10:44:52+00:00","dateModified":"2024-02-17T16:44:27+00:00","description":"OS Explorer topografisk kort over Storbritannien p\u00e5 din iPhone, Android-telefon, tablet og Apple Watch. Bedste udend\u00f8rs kort over Storbritannien.","breadcrumb":{"@id":"https:\/\/www.topo-gps.com\/da\/topografisk-kort-over-storbritannien\/#breadcrumb"},"inLanguage":"da-DK","potentialAction":[{"@type":"ReadAction","target":["https:\/\/www.topo-gps.com\/da\/topografisk-kort-over-storbritannien\/"]}]},{"@type":"BreadcrumbList","@id":"https:\/\/www.topo-gps.com\/da\/topografisk-kort-over-storbritannien\/#breadcrumb","itemListElement":[{"@type":"ListItem","position":1,"name":"Home","item":"https:\/\/www.topo-gps.com\/da\/topo-gps\/"},{"@type":"ListItem","position":2,"name":"Topografisk kort over Storbritannien"}]},{"@type":"WebSite","@id":"https:\/\/www.topo-gps.com\/da\/#website","url":"https:\/\/www.topo-gps.com\/da\/","name":"Topo GPS","description":"Topographic maps GPS for iPhone, Android, iPad and Apple Watch","potentialAction":[{"@type":"SearchAction","target":{"@type":"EntryPoint","urlTemplate":"https:\/\/www.topo-gps.com\/da\/?s={search_term_string}"},"query-input":{"@type":"PropertyValueSpecification","valueRequired":true,"valueName":"search_term_string"}}],"inLanguage":"da-DK"}]}},"_links":{"self":[{"href":"https:\/\/www.topo-gps.com\/da\/wp-json\/wp\/v2\/pages\/7057","targetHints":{"allow":["GET"]}}],"collection":[{"href":"https:\/\/www.topo-gps.com\/da\/wp-json\/wp\/v2\/pages"}],"about":[{"href":"https:\/\/www.topo-gps.com\/da\/wp-json\/wp\/v2\/types\/page"}],"author":[{"embeddable":true,"href":"https:\/\/www.topo-gps.com\/da\/wp-json\/wp\/v2\/users\/1"}],"replies":[{"embeddable":true,"href":"https:\/\/www.topo-gps.com\/da\/wp-json\/wp\/v2\/comments?post=7057"}],"version-history":[{"count":0,"href":"https:\/\/www.topo-gps.com\/da\/wp-json\/wp\/v2\/pages\/7057\/revisions"}],"wp:attachment":[{"href":"https:\/\/www.topo-gps.com\/da\/wp-json\/wp\/v2\/media?parent=7057"}],"curies":[{"name":"wp","href":"https:\/\/api.w.org\/{rel}","templated":true}]}}