{"id":7055,"date":"2022-01-31T11:44:52","date_gmt":"2022-01-31T10:44:52","guid":{"rendered":"https:\/\/www.topo-gps.com\/vilkaar-for-brug\/"},"modified":"2022-02-06T21:21:38","modified_gmt":"2022-02-06T20:21:38","slug":"vilkaar-for-brug","status":"publish","type":"page","link":"https:\/\/www.topo-gps.com\/da\/vilkaar-for-brug\/","title":{"rendered":"Vilk\u00e5r for brug"},"content":{"rendered":"<div class=\"wpb-content-wrapper\"><p>[vc_section][vc_row][vc_column]\r\n        <div class=\"section-title  wow perch-fadeInUp fadeInUp text-center\" data-wow-delay=\"300ms\" data-wow-duration=\"1200ms\">\r\n            <h2 class=\"h2-sm\">Vilk\u00e5r for brug<\/h2>\r\n                     \r\n        <\/div>[\/vc_column][\/vc_row][vc_row][vc_column][vc_column_text]Hvis du bruger Topo GPS p\u00e5 Apple-enheder, g\u00e6lder den <a href=\"https:\/\/www.apple.com\/legal\/internet-services\/itunes\/dev\/stdeula\/\">AppStore-licenserede applikations slutbrugerlicensaftale<\/a> ud over punkterne n\u00e6vnt nedenfor.<\/p>\n<p>Hvis du bruger Topo GPS p\u00e5 Android-enheder, g\u00e6lder <a href=\"https:\/\/play.google.com\/about\/play-terms\/\">Google Play Butiks vilk\u00e5r<\/a> ud over punkterne n\u00e6vnt nedenfor.<\/p>\n<p>Hvis du bruger Topo GPS-appen, g\u00f8r du dette p\u00e5 eget ansvar. Vi er ikke ansvarlige for skader for\u00e5rsaget af brug af appen.<\/p>\n<p>Kort, der bruges i Topo GPS, m\u00e5 ikke distribueres p\u00e5 nogen m\u00e5de, forvent n\u00e5r kortlicensen udtrykkeligt tillader det. For at se kortlicensen skal du trykke p\u00e5 copyright-oplysningerne for et kort i bunden.<\/p>\n<p>Hvis du deler din rute med Topo GPS, vil ruten og eventuelle billeder blive tilg\u00e6ngelige for andre brugere af Topo GPS. Topo GPS kan ogs\u00e5 bruge og distribuere disse ruter og billeder p\u00e5 deres hjemmeside. Hvis du vil bruge til at fjerne din delte rute, skal du sende os en besked.[\/vc_column_text][\/vc_column][\/vc_row][\/vc_section]<\/p>\n<\/div>","protected":false},"excerpt":{"rendered":"<p>[vc_section][vc_row][vc_column][\/vc_column][\/vc_row][vc_row][vc_column][vc_column_text]Hvis du bruger Topo GPS p\u00e5 Apple-enheder, g\u00e6lder den AppStore-licenserede applikations slutbrugerlicensaftale ud over punkterne n\u00e6vnt nedenfor. Hvis du bruger Topo GPS p\u00e5 Android-enheder, g\u00e6lder Google Play Butiks vilk\u00e5r ud over punkterne n\u00e6vnt nedenfor. Hvis du bruger Topo GPS-appen, g\u00f8r du dette p\u00e5 eget ansvar. Vi er ikke ansvarlige for skader for\u00e5rsaget af brug af appen. Kort, der bruges i Topo GPS, m\u00e5 ikke distribueres p\u00e5 nogen m\u00e5de, forvent n\u00e5r kortlicensen udtrykkeligt tillader det. For at se kortlicensen skal du trykke p\u00e5 copyright-oplysningerne for et kort i bunden. Hvis du deler din rute med Topo GPS, vil ruten og eventuelle&#8230;<\/p>\n","protected":false},"author":1,"featured_media":0,"parent":0,"menu_order":0,"comment_status":"closed","ping_status":"closed","template":"","meta":{"footnotes":""},"class_list":["post-7055","page","type-page","status-publish","hentry","no-post-thumbnail"],"yoast_head":"<!-- This site is optimized with the Yoast SEO plugin v27.3 - https:\/\/yoast.com\/product\/yoast-seo-wordpress\/ -->\n<title>Vilk\u00e5r for brug - Topo GPS<\/title>\n<meta name=\"robots\" content=\"index, follow, max-snippet:-1, max-image-preview:large, max-video-preview:-1\" \/>\n<link rel=\"canonical\" href=\"https:\/\/www.topo-gps.com\/da\/vilkaar-for-brug\/\" \/>\n<meta property=\"og:locale\" content=\"da_DK\" \/>\n<meta property=\"og:type\" content=\"article\" \/>\n<meta property=\"og:title\" content=\"Vilk\u00e5r for brug - Topo GPS\" \/>\n<meta property=\"og:description\" content=\"[vc_section][vc_row][vc_column][\/vc_column][\/vc_row][vc_row][vc_column][vc_column_text]Hvis du bruger Topo GPS p\u00e5 Apple-enheder, g\u00e6lder den AppStore-licenserede applikations slutbrugerlicensaftale ud over punkterne n\u00e6vnt nedenfor. Hvis du bruger Topo GPS p\u00e5 Android-enheder, g\u00e6lder Google Play Butiks vilk\u00e5r ud over punkterne n\u00e6vnt nedenfor. Hvis du bruger Topo GPS-appen, g\u00f8r du dette p\u00e5 eget ansvar. Vi er ikke ansvarlige for skader for\u00e5rsaget af brug af appen. Kort, der bruges i Topo GPS, m\u00e5 ikke distribueres p\u00e5 nogen m\u00e5de, forvent n\u00e5r kortlicensen udtrykkeligt tillader det. For at se kortlicensen skal du trykke p\u00e5 copyright-oplysningerne for et kort i bunden. Hvis du deler din rute med Topo GPS, vil ruten og eventuelle...\" \/>\n<meta property=\"og:url\" content=\"https:\/\/www.topo-gps.com\/da\/vilkaar-for-brug\/\" \/>\n<meta property=\"og:site_name\" content=\"Topo GPS\" \/>\n<meta property=\"article:modified_time\" content=\"2022-02-06T20:21:38+00:00\" \/>\n<meta name=\"twitter:card\" content=\"summary_large_image\" \/>\n<meta name=\"twitter:label1\" content=\"Estimeret l\u00e6setid\" \/>\n\t<meta name=\"twitter:data1\" content=\"1 minut\" \/>\n<script type=\"application\/ld+json\" class=\"yoast-schema-graph\">{\"@context\":\"https:\\\/\\\/schema.org\",\"@graph\":[{\"@type\":\"WebPage\",\"@id\":\"https:\\\/\\\/www.topo-gps.com\\\/da\\\/vilkaar-for-brug\\\/\",\"url\":\"https:\\\/\\\/www.topo-gps.com\\\/da\\\/vilkaar-for-brug\\\/\",\"name\":\"Vilk\u00e5r for brug - Topo GPS\",\"isPartOf\":{\"@id\":\"https:\\\/\\\/www.topo-gps.com\\\/da\\\/#website\"},\"datePublished\":\"2022-01-31T10:44:52+00:00\",\"dateModified\":\"2022-02-06T20:21:38+00:00\",\"breadcrumb\":{\"@id\":\"https:\\\/\\\/www.topo-gps.com\\\/da\\\/vilkaar-for-brug\\\/#breadcrumb\"},\"inLanguage\":\"da-DK\",\"potentialAction\":[{\"@type\":\"ReadAction\",\"target\":[\"https:\\\/\\\/www.topo-gps.com\\\/da\\\/vilkaar-for-brug\\\/\"]}]},{\"@type\":\"BreadcrumbList\",\"@id\":\"https:\\\/\\\/www.topo-gps.com\\\/da\\\/vilkaar-for-brug\\\/#breadcrumb\",\"itemListElement\":[{\"@type\":\"ListItem\",\"position\":1,\"name\":\"Home\",\"item\":\"https:\\\/\\\/www.topo-gps.com\\\/da\\\/topo-gps\\\/\"},{\"@type\":\"ListItem\",\"position\":2,\"name\":\"Vilk\u00e5r for brug\"}]},{\"@type\":\"WebSite\",\"@id\":\"https:\\\/\\\/www.topo-gps.com\\\/da\\\/#website\",\"url\":\"https:\\\/\\\/www.topo-gps.com\\\/da\\\/\",\"name\":\"Topo GPS\",\"description\":\"Topographic maps GPS for iPhone, Android, iPad and Apple Watch\",\"potentialAction\":[{\"@type\":\"SearchAction\",\"target\":{\"@type\":\"EntryPoint\",\"urlTemplate\":\"https:\\\/\\\/www.topo-gps.com\\\/da\\\/?s={search_term_string}\"},\"query-input\":{\"@type\":\"PropertyValueSpecification\",\"valueRequired\":true,\"valueName\":\"search_term_string\"}}],\"inLanguage\":\"da-DK\"}]}<\/script>\n<!-- \/ Yoast SEO plugin. -->","yoast_head_json":{"title":"Vilk\u00e5r for brug - Topo GPS","robots":{"index":"index","follow":"follow","max-snippet":"max-snippet:-1","max-image-preview":"max-image-preview:large","max-video-preview":"max-video-preview:-1"},"canonical":"https:\/\/www.topo-gps.com\/da\/vilkaar-for-brug\/","og_locale":"da_DK","og_type":"article","og_title":"Vilk\u00e5r for brug - Topo GPS","og_description":"[vc_section][vc_row][vc_column][\/vc_column][\/vc_row][vc_row][vc_column][vc_column_text]Hvis du bruger Topo GPS p\u00e5 Apple-enheder, g\u00e6lder den AppStore-licenserede applikations slutbrugerlicensaftale ud over punkterne n\u00e6vnt nedenfor. Hvis du bruger Topo GPS p\u00e5 Android-enheder, g\u00e6lder Google Play Butiks vilk\u00e5r ud over punkterne n\u00e6vnt nedenfor. Hvis du bruger Topo GPS-appen, g\u00f8r du dette p\u00e5 eget ansvar. Vi er ikke ansvarlige for skader for\u00e5rsaget af brug af appen. Kort, der bruges i Topo GPS, m\u00e5 ikke distribueres p\u00e5 nogen m\u00e5de, forvent n\u00e5r kortlicensen udtrykkeligt tillader det. For at se kortlicensen skal du trykke p\u00e5 copyright-oplysningerne for et kort i bunden. Hvis du deler din rute med Topo GPS, vil ruten og eventuelle...","og_url":"https:\/\/www.topo-gps.com\/da\/vilkaar-for-brug\/","og_site_name":"Topo GPS","article_modified_time":"2022-02-06T20:21:38+00:00","twitter_card":"summary_large_image","twitter_misc":{"Estimeret l\u00e6setid":"1 minut"},"schema":{"@context":"https:\/\/schema.org","@graph":[{"@type":"WebPage","@id":"https:\/\/www.topo-gps.com\/da\/vilkaar-for-brug\/","url":"https:\/\/www.topo-gps.com\/da\/vilkaar-for-brug\/","name":"Vilk\u00e5r for brug - Topo GPS","isPartOf":{"@id":"https:\/\/www.topo-gps.com\/da\/#website"},"datePublished":"2022-01-31T10:44:52+00:00","dateModified":"2022-02-06T20:21:38+00:00","breadcrumb":{"@id":"https:\/\/www.topo-gps.com\/da\/vilkaar-for-brug\/#breadcrumb"},"inLanguage":"da-DK","potentialAction":[{"@type":"ReadAction","target":["https:\/\/www.topo-gps.com\/da\/vilkaar-for-brug\/"]}]},{"@type":"BreadcrumbList","@id":"https:\/\/www.topo-gps.com\/da\/vilkaar-for-brug\/#breadcrumb","itemListElement":[{"@type":"ListItem","position":1,"name":"Home","item":"https:\/\/www.topo-gps.com\/da\/topo-gps\/"},{"@type":"ListItem","position":2,"name":"Vilk\u00e5r for brug"}]},{"@type":"WebSite","@id":"https:\/\/www.topo-gps.com\/da\/#website","url":"https:\/\/www.topo-gps.com\/da\/","name":"Topo GPS","description":"Topographic maps GPS for iPhone, Android, iPad and Apple Watch","potentialAction":[{"@type":"SearchAction","target":{"@type":"EntryPoint","urlTemplate":"https:\/\/www.topo-gps.com\/da\/?s={search_term_string}"},"query-input":{"@type":"PropertyValueSpecification","valueRequired":true,"valueName":"search_term_string"}}],"inLanguage":"da-DK"}]}},"_links":{"self":[{"href":"https:\/\/www.topo-gps.com\/da\/wp-json\/wp\/v2\/pages\/7055","targetHints":{"allow":["GET"]}}],"collection":[{"href":"https:\/\/www.topo-gps.com\/da\/wp-json\/wp\/v2\/pages"}],"about":[{"href":"https:\/\/www.topo-gps.com\/da\/wp-json\/wp\/v2\/types\/page"}],"author":[{"embeddable":true,"href":"https:\/\/www.topo-gps.com\/da\/wp-json\/wp\/v2\/users\/1"}],"replies":[{"embeddable":true,"href":"https:\/\/www.topo-gps.com\/da\/wp-json\/wp\/v2\/comments?post=7055"}],"version-history":[{"count":0,"href":"https:\/\/www.topo-gps.com\/da\/wp-json\/wp\/v2\/pages\/7055\/revisions"}],"wp:attachment":[{"href":"https:\/\/www.topo-gps.com\/da\/wp-json\/wp\/v2\/media?parent=7055"}],"curies":[{"name":"wp","href":"https:\/\/api.w.org\/{rel}","templated":true}]}}