{"id":7049,"date":"2022-01-31T11:44:50","date_gmt":"2022-01-31T10:44:50","guid":{"rendered":"https:\/\/www.topo-gps.com\/ofte-stillede-spoergsmaal\/"},"modified":"2022-09-10T20:37:09","modified_gmt":"2022-09-10T19:37:09","slug":"ofte-stillede-spoergsmaal","status":"publish","type":"page","link":"https:\/\/www.topo-gps.com\/da\/ofte-stillede-spoergsmaal\/","title":{"rendered":"Ofte stillede sp\u00f8rgsm\u00e5l"},"content":{"rendered":"<div class=\"wpb-content-wrapper\"><p>[vc_section][vc_row][vc_column]\r\n        <div class=\"section-title  wow perch-fadeInUp fadeInUp text-center\" data-wow-delay=\"300ms\" data-wow-duration=\"1200ms\">\r\n            <h2 class=\"h2-sm\">Ofte stillede sp\u00f8rgsm\u00e5l<\/h2>\r\n            <p class=\"p-lg\">Find svar p\u00e5 de oftest stillede sp\u00f8rgsm\u00e5l om Topo GPS nedenfor.<\/p>         \r\n        <\/div>[\/vc_column][\/vc_row][vc_row][vc_column]\r\n        <div id=\"accordion\" class=\"wow perch-fadeInUp fadeInUp\" data-wow-delay=\"300ms\" data-wow-duration=\"1200ms\" role=\"tablist\">                      \r\n            <div class=\"card-wrapper\" data-wow-delay=\"300ms\" data-wow-duration=\"1200ms\"><div class=\"card\">\r\n                        <div class='card-header' role='tab' id='heading-169df1075d5e98'><h5 class=\"h5-md\"><a class=\"\" data-toggle=\"collapse\" href=\"#collapse-169df1075d5e98\" role=\"button\" aria-expanded=\"true\" aria-controls=\"collapse-169df1075d5e98\">I moved from Android to iOS. Can I transfer my map purchases?<\/a><\/h5><\/div>\r\n                        <div id='collapse-169df1075d5e98' class='collapse show' role='tabpanel' aria-labelledby='heading-169df1075d5e98' data-parent='#accordion'>\r\n                        <div class='card-body'><p>The purchases in Topo GPS are connected to your Google Play account on Android, and to your Apple ID on iOS. It is therefore not possible to transfer purchases from Android to iOS in Topo GPS (and vice versa).<\/p><\/div>\r\n                        <\/div>\r\n                    <\/div><div class=\"card\">\r\n                        <div class='card-header' role='tab' id='heading-269df1075d5f0c'><h5 class=\"h5-md\"><a class=\"collapsed\" data-toggle=\"collapse\" href=\"#collapse-269df1075d5f0c\" role=\"button\" aria-expanded=\"true\" aria-controls=\"collapse-269df1075d5f0c\">I get straight lines during a route recording when the Topo GPS is in the background.<\/a><\/h5><\/div>\r\n                        <div id='collapse-269df1075d5f0c' class='collapse' role='tabpanel' aria-labelledby='heading-269df1075d5f0c' data-parent='#accordion'>\r\n                        <div class='card-body'><p>If you are using Android, please make sure that you allow Topo GPS to use the battery in the background (Settings > Apps > Topo GPS > Advanced). Also disable possible battery optimizations for Topo GPS. <\/p><\/div>\r\n                        <\/div>\r\n                    <\/div><\/div>     \r\n        <\/div>[\/vc_column][\/vc_row][\/vc_section]<\/p>\n<\/div>","protected":false},"excerpt":{"rendered":"<p>[vc_section][vc_row][vc_column][\/vc_column][\/vc_row][vc_row][vc_column][\/vc_column][\/vc_row][\/vc_section]<\/p>\n","protected":false},"author":1,"featured_media":0,"parent":0,"menu_order":0,"comment_status":"closed","ping_status":"closed","template":"","meta":{"footnotes":""},"class_list":["post-7049","page","type-page","status-publish","hentry","no-post-thumbnail"],"yoast_head":"<!-- This site is optimized with the Yoast SEO plugin v27.4 - https:\/\/yoast.com\/product\/yoast-seo-wordpress\/ -->\n<title>Ofte stillede sp\u00f8rgsm\u00e5l - Topo GPS<\/title>\n<meta name=\"robots\" content=\"index, follow, max-snippet:-1, max-image-preview:large, max-video-preview:-1\" \/>\n<link rel=\"canonical\" href=\"https:\/\/www.topo-gps.com\/da\/ofte-stillede-spoergsmaal\/\" \/>\n<meta property=\"og:locale\" content=\"da_DK\" \/>\n<meta property=\"og:type\" content=\"article\" \/>\n<meta property=\"og:title\" content=\"Ofte stillede sp\u00f8rgsm\u00e5l - Topo GPS\" \/>\n<meta property=\"og:description\" content=\"[vc_section][vc_row][vc_column][\/vc_column][\/vc_row][vc_row][vc_column][\/vc_column][\/vc_row][\/vc_section]\" \/>\n<meta property=\"og:url\" content=\"https:\/\/www.topo-gps.com\/da\/ofte-stillede-spoergsmaal\/\" \/>\n<meta property=\"og:site_name\" content=\"Topo GPS\" \/>\n<meta property=\"article:modified_time\" content=\"2022-09-10T19:37:09+00:00\" \/>\n<meta name=\"twitter:card\" content=\"summary_large_image\" \/>\n<meta name=\"twitter:label1\" content=\"Estimeret l\u00e6setid\" \/>\n\t<meta name=\"twitter:data1\" content=\"1 minut\" \/>\n<script type=\"application\/ld+json\" class=\"yoast-schema-graph\">{\"@context\":\"https:\\\/\\\/schema.org\",\"@graph\":[{\"@type\":\"WebPage\",\"@id\":\"https:\\\/\\\/www.topo-gps.com\\\/da\\\/ofte-stillede-spoergsmaal\\\/\",\"url\":\"https:\\\/\\\/www.topo-gps.com\\\/da\\\/ofte-stillede-spoergsmaal\\\/\",\"name\":\"Ofte stillede sp\u00f8rgsm\u00e5l - Topo GPS\",\"isPartOf\":{\"@id\":\"https:\\\/\\\/www.topo-gps.com\\\/da\\\/#website\"},\"datePublished\":\"2022-01-31T10:44:50+00:00\",\"dateModified\":\"2022-09-10T19:37:09+00:00\",\"breadcrumb\":{\"@id\":\"https:\\\/\\\/www.topo-gps.com\\\/da\\\/ofte-stillede-spoergsmaal\\\/#breadcrumb\"},\"inLanguage\":\"da-DK\",\"potentialAction\":[{\"@type\":\"ReadAction\",\"target\":[\"https:\\\/\\\/www.topo-gps.com\\\/da\\\/ofte-stillede-spoergsmaal\\\/\"]}]},{\"@type\":\"BreadcrumbList\",\"@id\":\"https:\\\/\\\/www.topo-gps.com\\\/da\\\/ofte-stillede-spoergsmaal\\\/#breadcrumb\",\"itemListElement\":[{\"@type\":\"ListItem\",\"position\":1,\"name\":\"Home\",\"item\":\"https:\\\/\\\/www.topo-gps.com\\\/da\\\/topo-gps\\\/\"},{\"@type\":\"ListItem\",\"position\":2,\"name\":\"Ofte stillede sp\u00f8rgsm\u00e5l\"}]},{\"@type\":\"WebSite\",\"@id\":\"https:\\\/\\\/www.topo-gps.com\\\/da\\\/#website\",\"url\":\"https:\\\/\\\/www.topo-gps.com\\\/da\\\/\",\"name\":\"Topo GPS\",\"description\":\"Topographic maps GPS for iPhone, Android, iPad and Apple Watch\",\"potentialAction\":[{\"@type\":\"SearchAction\",\"target\":{\"@type\":\"EntryPoint\",\"urlTemplate\":\"https:\\\/\\\/www.topo-gps.com\\\/da\\\/?s={search_term_string}\"},\"query-input\":{\"@type\":\"PropertyValueSpecification\",\"valueRequired\":true,\"valueName\":\"search_term_string\"}}],\"inLanguage\":\"da-DK\"}]}<\/script>\n<!-- \/ Yoast SEO plugin. -->","yoast_head_json":{"title":"Ofte stillede sp\u00f8rgsm\u00e5l - Topo GPS","robots":{"index":"index","follow":"follow","max-snippet":"max-snippet:-1","max-image-preview":"max-image-preview:large","max-video-preview":"max-video-preview:-1"},"canonical":"https:\/\/www.topo-gps.com\/da\/ofte-stillede-spoergsmaal\/","og_locale":"da_DK","og_type":"article","og_title":"Ofte stillede sp\u00f8rgsm\u00e5l - Topo GPS","og_description":"[vc_section][vc_row][vc_column][\/vc_column][\/vc_row][vc_row][vc_column][\/vc_column][\/vc_row][\/vc_section]","og_url":"https:\/\/www.topo-gps.com\/da\/ofte-stillede-spoergsmaal\/","og_site_name":"Topo GPS","article_modified_time":"2022-09-10T19:37:09+00:00","twitter_card":"summary_large_image","twitter_misc":{"Estimeret l\u00e6setid":"1 minut"},"schema":{"@context":"https:\/\/schema.org","@graph":[{"@type":"WebPage","@id":"https:\/\/www.topo-gps.com\/da\/ofte-stillede-spoergsmaal\/","url":"https:\/\/www.topo-gps.com\/da\/ofte-stillede-spoergsmaal\/","name":"Ofte stillede sp\u00f8rgsm\u00e5l - Topo GPS","isPartOf":{"@id":"https:\/\/www.topo-gps.com\/da\/#website"},"datePublished":"2022-01-31T10:44:50+00:00","dateModified":"2022-09-10T19:37:09+00:00","breadcrumb":{"@id":"https:\/\/www.topo-gps.com\/da\/ofte-stillede-spoergsmaal\/#breadcrumb"},"inLanguage":"da-DK","potentialAction":[{"@type":"ReadAction","target":["https:\/\/www.topo-gps.com\/da\/ofte-stillede-spoergsmaal\/"]}]},{"@type":"BreadcrumbList","@id":"https:\/\/www.topo-gps.com\/da\/ofte-stillede-spoergsmaal\/#breadcrumb","itemListElement":[{"@type":"ListItem","position":1,"name":"Home","item":"https:\/\/www.topo-gps.com\/da\/topo-gps\/"},{"@type":"ListItem","position":2,"name":"Ofte stillede sp\u00f8rgsm\u00e5l"}]},{"@type":"WebSite","@id":"https:\/\/www.topo-gps.com\/da\/#website","url":"https:\/\/www.topo-gps.com\/da\/","name":"Topo GPS","description":"Topographic maps GPS for iPhone, Android, iPad and Apple Watch","potentialAction":[{"@type":"SearchAction","target":{"@type":"EntryPoint","urlTemplate":"https:\/\/www.topo-gps.com\/da\/?s={search_term_string}"},"query-input":{"@type":"PropertyValueSpecification","valueRequired":true,"valueName":"search_term_string"}}],"inLanguage":"da-DK"}]}},"_links":{"self":[{"href":"https:\/\/www.topo-gps.com\/da\/wp-json\/wp\/v2\/pages\/7049","targetHints":{"allow":["GET"]}}],"collection":[{"href":"https:\/\/www.topo-gps.com\/da\/wp-json\/wp\/v2\/pages"}],"about":[{"href":"https:\/\/www.topo-gps.com\/da\/wp-json\/wp\/v2\/types\/page"}],"author":[{"embeddable":true,"href":"https:\/\/www.topo-gps.com\/da\/wp-json\/wp\/v2\/users\/1"}],"replies":[{"embeddable":true,"href":"https:\/\/www.topo-gps.com\/da\/wp-json\/wp\/v2\/comments?post=7049"}],"version-history":[{"count":0,"href":"https:\/\/www.topo-gps.com\/da\/wp-json\/wp\/v2\/pages\/7049\/revisions"}],"wp:attachment":[{"href":"https:\/\/www.topo-gps.com\/da\/wp-json\/wp\/v2\/media?parent=7049"}],"curies":[{"name":"wp","href":"https:\/\/api.w.org\/{rel}","templated":true}]}}