{"id":7005,"date":"2022-01-31T11:44:43","date_gmt":"2022-01-31T10:44:43","guid":{"rendered":"https:\/\/www.topo-gps.com\/fortrolighedspolitik\/"},"modified":"2022-03-01T12:32:04","modified_gmt":"2022-03-01T11:32:04","slug":"fortrolighedspolitik","status":"publish","type":"page","link":"https:\/\/www.topo-gps.com\/da\/fortrolighedspolitik\/","title":{"rendered":"Fortrolighedspolitik"},"content":{"rendered":"<div class=\"wpb-content-wrapper\"><p>[vc_section parallax_image_attachment=&#8221;inherit&#8221; padding_class=&#8221;wide-0&#8243; css=&#8221;.vc_custom_1543574872456{margin-top: 180px !important;margin-bottom: 45px !important;}&#8221; el_id=&#8221;terms-page&#8221;][vc_row parallax_image_attachment=&#8221;inherit&#8221; el_class=&#8221;terms-box&#8221;][vc_column width=&#8221;1\/12&#8243;][\/vc_column][vc_column width=&#8221;5\/6&#8243;]\r\n        <div class=\" wow perch-fadeInUp fadeInUp\" data-wow-delay=\"300ms\" data-wow-duration=\"1200ms\"> \r\n                   \r\n                   \r\n            <h4 class=\"Default h4-sm none os-version\">Denne privatlivspolitik er gyldig fra marts 2021<\/h4>\r\n                     \r\n        <\/div>\r\n        <div class=\" wow perch-fadeInUp fadeInUp\" data-wow-delay=\"300ms\" data-wow-duration=\"1200ms\"> \r\n                   \r\n                   \r\n            <p class=\"Default p-md none os-version\">Vi kan opdatere vores privatlivspolitik, hvis det er n\u00f8dvendigt, og vil offentligg\u00f8re det p\u00e5 https:\/\/www.topo-gps.com\/privacy-policy.<\/p>\r\n                     \r\n        <\/div>[\/vc_column][vc_column width=&#8221;1\/12&#8243;][\/vc_column][\/vc_row][vc_row parallax_image_attachment=&#8221;inherit&#8221; css=&#8221;.vc_custom_1543997765635{margin-top: -20px !important;}&#8221; el_class=&#8221;terms-box&#8221;][vc_column width=&#8221;1\/12&#8243;][\/vc_column][vc_column width=&#8221;5\/6&#8243;]\r\n        <div class=\" vc_custom_1637422763887  wow perch-fadeInUp fadeInUp\" data-wow-delay=\"300ms\" data-wow-duration=\"1200ms\"> \r\n                   \r\n                   \r\n            <h4 class=\"Default h4-sm none os-version\">Topo GPS app<\/h4>\r\n                     \r\n        <\/div>\r\n        <div class=\" wow perch-fadeInUp fadeInUp\" data-wow-delay=\"300ms\" data-wow-duration=\"1200ms\"> \r\n                   \r\n                   \r\n            \r\n            <p class=\"p-md os-version\">Dit privatliv er meget vigtigt for os. Derfor indsamler, opbevarer eller deler vi ikke nogen personlig identificerbar brugerdata (s\u00e5som placering, navn, ip-adresse og andre), undtagen hvad du frivilligt giver os via e-mail, kontaktformularen p\u00e5 vores hjemmeside, eller ved at dele en rute.<\/p>         \r\n        <\/div>\r\n        <div class=\" wow perch-fadeInUp fadeInUp\" data-wow-delay=\"300ms\" data-wow-duration=\"1200ms\"> \r\n                   \r\n                   \r\n            \r\n            <p class=\"p-md os-version\">Du beh\u00f8ver ikke oprette en konto for at bruge Topo GPS-appen, s\u00e5 vi kan ikke identificere dig gennem kontooplysninger.<\/p>         \r\n        <\/div>\r\n        <div class=\" wow perch-fadeInUp fadeInUp\" data-wow-delay=\"300ms\" data-wow-duration=\"1200ms\"> \r\n                   \r\n                   \r\n            \r\n            <p class=\"p-md os-version\">Al internettrafik fra Topo GPS-appen er krypteret ved hj\u00e6lp af https bortset fra planl\u00e6gning af ruter via Top10NL-ruteplanl\u00e6ggeren i Holland.<\/p>         \r\n        <\/div>\r\n        <div class=\" wow perch-fadeInUp fadeInUp\" data-wow-delay=\"300ms\" data-wow-duration=\"1200ms\"> \r\n                   \r\n                   \r\n            \r\n            <p class=\"p-md os-version\">Hvis du deler en rute med Topo GPS, gemmes ruten, rutemetadataene og en enheds-id p\u00e5 Topo GPS-serveren. Ruten og rutemetadataene bliver gjort tilg\u00e6ngelige for andre brugere i Topo GPS-appen og p\u00e5 vores hjemmeside. Enhedsidentifikationen er kun synlig for os og hj\u00e6lper os med at identificere, hvilke ruter der blev uploadet fra den samme enhed. Rutens metadata kan indeholde dit navn og din e-mailadresse, hvis du har tilf\u00f8jet disse oplysninger til ruten. Hvis du vil have os til at fjerne en rute, som du har delt med Topo GPS fra vores database og hjemmeside, skal du sende en besked til support_at_topo-gps_dot_com.<\/p>         \r\n        <\/div>\r\n        <div class=\" wow perch-fadeInUp fadeInUp\" data-wow-delay=\"300ms\" data-wow-duration=\"1200ms\"> \r\n                   \r\n                   \r\n            \r\n            <p class=\"p-md os-version\">Hvis du ser et kort, vil kortfliserne blive downloadet fra en server. Til at levere kortfliserne bruger vi f\u00f8lgende tjenester: Amazon CloudFront, CDN77 og GeoFabrik. Vi er ikke i stand til at hente din IP-adresse gennem disse tjenester.<\/p>         \r\n        <\/div>\r\n        <div class=\" wow perch-fadeInUp fadeInUp\" data-wow-delay=\"300ms\" data-wow-duration=\"1200ms\"> \r\n                   \r\n                   \r\n            \r\n            <p class=\"p-md os-version\">Hvis du planl\u00e6gger en rute, beregnes ruten enten lokalt p\u00e5 din enhed eller via GraphHopper directions API eller via Topo GPS-ruteplanl\u00e6gningstjenesten. Ved at planl\u00e6gge en rute sendes kun rutepunkterne og transportmidlerne til en ruteplanl\u00e6ggertjeneste. Vi gemmer ikke dine planlagte ruter og ip-adresse. GraphHopper gemmer din ruteanmodning inklusive tidspunktet og din ip-adresse i en maksimal varighed p\u00e5 5 uger i henhold til GraphHoppers privatlivspolitik.<\/p>         \r\n        <\/div>[\/vc_column][vc_column width=&#8221;1\/12&#8243;][\/vc_column][\/vc_row][vc_row][vc_column width=&#8221;1\/12&#8243;][\/vc_column][vc_column width=&#8221;5\/6&#8243;]\r\n        <div class=\" wow perch-fadeInUp fadeInUp\" data-wow-delay=\"300ms\" data-wow-duration=\"1200ms\"> \r\n                   \r\n                   \r\n            <h4 class=\"Default h4-sm none os-version\">iOS<\/h4>\r\n            <p class=\"p-md os-version\">Udtalelserne i dette afsnit g\u00e6lder kun for iOS-versionen af Topo GPS.<\/p>         \r\n        <\/div>\r\n        <div class=\" vc_custom_1637423069733  wow perch-fadeInUp fadeInUp\" data-wow-delay=\"300ms\" data-wow-duration=\"1200ms\"> \r\n                   \r\n                   \r\n            \r\n            <p class=\"p-md os-version\">Hvis du aktiverer synkronisering af ruter og waypoints via iCloud, gemmes alle dine ruter og waypoints p\u00e5 iCloud. Hvis du vil fjerne dine ruter og waypoints fra iCloud, kan du deaktivere synkronisering til iCloud i Topo GPS-indstillingerne. Der vises en pop-up, der g\u00f8r det muligt at fjerne alle rute- og waypointdata fra iCloud.<\/p>         \r\n        <\/div>\r\n        <div class=\" vc_custom_1637423115349  wow perch-fadeInUp fadeInUp\" data-wow-delay=\"300ms\" data-wow-duration=\"1200ms\"> \r\n                   \r\n                   \r\n            \r\n            <p class=\"p-md os-version\">Hvis du foretager et k\u00f8b i Topo GPS, gemmer vi kvitteringen for dit k\u00f8b p\u00e5 vores servere af analytiske \u00e5rsager. Denne kvittering indeholder transaktionsidentifikatorerne, typen af k\u00f8bt produkt i appen og k\u00f8bstidspunktet.<\/p>         \r\n        <\/div>\r\n        <div class=\" vc_custom_1637423130400  wow perch-fadeInUp fadeInUp\" data-wow-delay=\"300ms\" data-wow-duration=\"1200ms\"> \r\n                   \r\n                   \r\n            \r\n            <p class=\"p-md os-version\">Bortset fra det i ovenn\u00e6vnte tilf\u00e6lde sporer vi ikke din brug af Topo GPS-appen.<\/p>         \r\n        <\/div>\r\n        <div class=\" vc_custom_1637423197958  wow perch-fadeInUp fadeInUp\" data-wow-delay=\"300ms\" data-wow-duration=\"1200ms\"> \r\n                   \r\n                   \r\n            <h4 class=\"Default h4-sm none os-version\">Android<\/h4>\r\n            <p class=\"p-md os-version\">Udtalelserne i dette afsnit g\u00e6lder kun for Android-versionen af Topo GPS.<\/p>         \r\n        <\/div>\r\n        <div class=\" vc_custom_1637423213136  wow perch-fadeInUp fadeInUp\" data-wow-delay=\"300ms\" data-wow-duration=\"1200ms\"> \r\n                   \r\n                   \r\n            \r\n            <p class=\"p-md os-version\">Hvis du k\u00f8ber kortbrikker over Frankrig, Storbritannien, Belgien eller Schweiz, gemmes oplysningerne om de k\u00f8bte fliser p\u00e5 vores server sammen med ordrenummeret p\u00e5 dit k\u00f8b, s\u00e5 vi kan synkronisere dine kortk\u00f8b mellem dine enheder.<\/p>         \r\n        <\/div>\r\n        <div class=\" vc_custom_1637423232069  wow perch-fadeInUp fadeInUp\" data-wow-delay=\"300ms\" data-wow-duration=\"1200ms\"> \r\n                   \r\n                   \r\n            \r\n            <p class=\"p-md os-version\">Appen bruger Android SDK, Google Play Services SDK og Google Firebase SDK. Andre eksterne SDK'er eller biblioteker bruges ikke i appen.<\/p>         \r\n        <\/div>\r\n        <div class=\" vc_custom_1637423633570  wow perch-fadeInUp fadeInUp\" data-wow-delay=\"300ms\" data-wow-duration=\"1200ms\"> \r\n                   \r\n                   \r\n            \r\n            <p class=\"p-md os-version\">Vi sporer ikke din brug af Topo GPS-appen.<\/p>         \r\n        <\/div>\r\n        <div class=\" wow perch-fadeInUp fadeInUp\" data-wow-delay=\"300ms\" data-wow-duration=\"1200ms\"> \r\n                   \r\n                   \r\n            <h4 class=\"Default h4-sm none os-version\">Topo GPS hjemmeside<\/h4>\r\n            <p class=\"p-md os-version\">Hvis du kontakter os via e-mail eller via kontaktformularen p\u00e5 vores hjemmeside, gemmes din e-mailadresse og eventuelt dit navn i vores kundesupportsystem Zendesk og i Gmail. Hvis du \u00f8nsker, at vi fjerner dine oplysninger permanent, skal du sende en besked til support_at_topo-gps_dot_com eller bruge kontaktformularen p\u00e5 vores hjemmeside.<\/p>         \r\n        <\/div>[\/vc_column][vc_column width=&#8221;1\/12&#8243;][\/vc_column][\/vc_row][vc_row parallax_image_attachment=&#8221;inherit&#8221; el_class=&#8221;terms-box&#8221; css=&#8221;.vc_custom_1543998973323{margin-top: 30px !important;}&#8221;][vc_column width=&#8221;1\/12&#8243;][\/vc_column][vc_column width=&#8221;5\/6&#8243;]\r\n        <div class=\" wow perch-fadeInUp fadeInUp\" data-wow-delay=\"300ms\" data-wow-duration=\"1200ms\"> \r\n                   \r\n                   \r\n            \r\n            <p class=\"p-md os-version\">Vi gemmer ikke din IP-adresse, n\u00e5r du bes\u00f8ger vores hjemmeside.<\/p>         \r\n        <\/div>\r\n        <div class=\" wow perch-fadeInUp fadeInUp\" data-wow-delay=\"300ms\" data-wow-duration=\"1200ms\"> \r\n                   \r\n                   \r\n            \r\n            <p class=\"p-md os-version\">Al internettrafik p\u00e5 vores hjemmeside er krypteret med https.<\/p>         \r\n        <\/div>\r\n        <div class=\" wow perch-fadeInUp fadeInUp\" data-wow-delay=\"300ms\" data-wow-duration=\"1200ms\"> \r\n                   \r\n                   \r\n            \r\n            <p class=\"p-md os-version\">Vi bruger Google Analytics-cookies og en Facebook-pixel til at analysere vores brug af hjemmesiden og til at underst\u00f8tte vores markedsf\u00f8ringsindsats.<\/p>         \r\n        <\/div>\r\n        <div class=\" wow perch-fadeInUp fadeInUp\" data-wow-delay=\"300ms\" data-wow-duration=\"1200ms\"> \r\n                   \r\n                   \r\n            \r\n            <p class=\"p-md os-version\">Hvis du har sp\u00f8rgsm\u00e5l, kan du kontakte os via kontaktformularen p\u00e5 vores hjemmeside eller sende en besked til support_at_topo-gps_dot_com.<\/p>         \r\n        <\/div>\r\n        <div class=\" wow perch-fadeInUp fadeInUp\" data-wow-delay=\"300ms\" data-wow-duration=\"1200ms\"> \r\n                   \r\n                   \r\n            \r\n            <p class=\"p-md os-version\">rdzl vof \u2013 Duivendaal 1a \u2013 6701 AP Wageningen \u2013 Holland<\/p>         \r\n        <\/div>[\/vc_column][vc_column width=&#8221;1\/12&#8243;][\/vc_column][\/vc_row][\/vc_section]<\/p>\n<\/div>","protected":false},"excerpt":{"rendered":"<p>[vc_section parallax_image_attachment=&#8221;inherit&#8221; padding_class=&#8221;wide-0&#8243; css=&#8221;.vc_custom_1543574872456{margin-top: 180px !important;margin-bottom: 45px !important;}&#8221; el_id=&#8221;terms-page&#8221;][vc_row parallax_image_attachment=&#8221;inherit&#8221; el_class=&#8221;terms-box&#8221;][vc_column width=&#8221;1\/12&#8243;][\/vc_column][vc_column width=&#8221;5\/6&#8243;][\/vc_column][vc_column width=&#8221;1\/12&#8243;][\/vc_column][\/vc_row][vc_row parallax_image_attachment=&#8221;inherit&#8221; css=&#8221;.vc_custom_1543997765635{margin-top: -20px !important;}&#8221; el_class=&#8221;terms-box&#8221;][vc_column width=&#8221;1\/12&#8243;][\/vc_column][vc_column width=&#8221;5\/6&#8243;][\/vc_column][vc_column width=&#8221;1\/12&#8243;][\/vc_column][\/vc_row][vc_row][vc_column width=&#8221;1\/12&#8243;][\/vc_column][vc_column width=&#8221;5\/6&#8243;][\/vc_column][vc_column width=&#8221;1\/12&#8243;][\/vc_column][\/vc_row][vc_row parallax_image_attachment=&#8221;inherit&#8221; el_class=&#8221;terms-box&#8221; css=&#8221;.vc_custom_1543998973323{margin-top: 30px !important;}&#8221;][vc_column width=&#8221;1\/12&#8243;][\/vc_column][vc_column width=&#8221;5\/6&#8243;][\/vc_column][vc_column width=&#8221;1\/12&#8243;][\/vc_column][\/vc_row][\/vc_section]<\/p>\n","protected":false},"author":1,"featured_media":0,"parent":0,"menu_order":0,"comment_status":"closed","ping_status":"closed","template":"","meta":{"footnotes":""},"class_list":["post-7005","page","type-page","status-publish","hentry","no-post-thumbnail"],"yoast_head":"<!-- This site is optimized with the Yoast SEO plugin v27.5 - https:\/\/yoast.com\/product\/yoast-seo-wordpress\/ -->\n<title>Fortrolighedspolitik - Topo GPS<\/title>\n<meta name=\"robots\" content=\"index, follow, max-snippet:-1, max-image-preview:large, max-video-preview:-1\" \/>\n<link rel=\"canonical\" href=\"https:\/\/www.topo-gps.com\/da\/fortrolighedspolitik\/\" \/>\n<meta property=\"og:locale\" content=\"da_DK\" \/>\n<meta property=\"og:type\" content=\"article\" \/>\n<meta property=\"og:title\" content=\"Fortrolighedspolitik - Topo GPS\" \/>\n<meta property=\"og:description\" content=\"[vc_section parallax_image_attachment=&#8221;inherit&#8221; padding_class=&#8221;wide-0&#8243; css=&#8221;.vc_custom_1543574872456{margin-top: 180px !important;margin-bottom: 45px !important;}&#8221; el_id=&#8221;terms-page&#8221;][vc_row parallax_image_attachment=&#8221;inherit&#8221; el_class=&#8221;terms-box&#8221;][vc_column width=&#8221;1\/12&#8243;][\/vc_column][vc_column width=&#8221;5\/6&#8243;][\/vc_column][vc_column width=&#8221;1\/12&#8243;][\/vc_column][\/vc_row][vc_row parallax_image_attachment=&#8221;inherit&#8221; css=&#8221;.vc_custom_1543997765635{margin-top: -20px !important;}&#8221; el_class=&#8221;terms-box&#8221;][vc_column width=&#8221;1\/12&#8243;][\/vc_column][vc_column width=&#8221;5\/6&#8243;][\/vc_column][vc_column width=&#8221;1\/12&#8243;][\/vc_column][\/vc_row][vc_row][vc_column width=&#8221;1\/12&#8243;][\/vc_column][vc_column width=&#8221;5\/6&#8243;][\/vc_column][vc_column width=&#8221;1\/12&#8243;][\/vc_column][\/vc_row][vc_row parallax_image_attachment=&#8221;inherit&#8221; el_class=&#8221;terms-box&#8221; css=&#8221;.vc_custom_1543998973323{margin-top: 30px !important;}&#8221;][vc_column width=&#8221;1\/12&#8243;][\/vc_column][vc_column width=&#8221;5\/6&#8243;][\/vc_column][vc_column width=&#8221;1\/12&#8243;][\/vc_column][\/vc_row][\/vc_section]\" \/>\n<meta property=\"og:url\" content=\"https:\/\/www.topo-gps.com\/da\/fortrolighedspolitik\/\" \/>\n<meta property=\"og:site_name\" content=\"Topo GPS\" \/>\n<meta property=\"article:modified_time\" content=\"2022-03-01T11:32:04+00:00\" \/>\n<meta name=\"twitter:card\" content=\"summary_large_image\" \/>\n<meta name=\"twitter:label1\" content=\"Estimeret l\u00e6setid\" \/>\n\t<meta name=\"twitter:data1\" content=\"7 minutter\" \/>\n<script type=\"application\/ld+json\" class=\"yoast-schema-graph\">{\"@context\":\"https:\\\/\\\/schema.org\",\"@graph\":[{\"@type\":\"WebPage\",\"@id\":\"https:\\\/\\\/www.topo-gps.com\\\/da\\\/fortrolighedspolitik\\\/\",\"url\":\"https:\\\/\\\/www.topo-gps.com\\\/da\\\/fortrolighedspolitik\\\/\",\"name\":\"Fortrolighedspolitik - Topo GPS\",\"isPartOf\":{\"@id\":\"https:\\\/\\\/www.topo-gps.com\\\/da\\\/#website\"},\"datePublished\":\"2022-01-31T10:44:43+00:00\",\"dateModified\":\"2022-03-01T11:32:04+00:00\",\"breadcrumb\":{\"@id\":\"https:\\\/\\\/www.topo-gps.com\\\/da\\\/fortrolighedspolitik\\\/#breadcrumb\"},\"inLanguage\":\"da-DK\",\"potentialAction\":[{\"@type\":\"ReadAction\",\"target\":[\"https:\\\/\\\/www.topo-gps.com\\\/da\\\/fortrolighedspolitik\\\/\"]}]},{\"@type\":\"BreadcrumbList\",\"@id\":\"https:\\\/\\\/www.topo-gps.com\\\/da\\\/fortrolighedspolitik\\\/#breadcrumb\",\"itemListElement\":[{\"@type\":\"ListItem\",\"position\":1,\"name\":\"Home\",\"item\":\"https:\\\/\\\/www.topo-gps.com\\\/da\\\/topo-gps\\\/\"},{\"@type\":\"ListItem\",\"position\":2,\"name\":\"Fortrolighedspolitik\"}]},{\"@type\":\"WebSite\",\"@id\":\"https:\\\/\\\/www.topo-gps.com\\\/da\\\/#website\",\"url\":\"https:\\\/\\\/www.topo-gps.com\\\/da\\\/\",\"name\":\"Topo GPS\",\"description\":\"Topographic maps GPS for iPhone, Android, iPad and Apple Watch\",\"potentialAction\":[{\"@type\":\"SearchAction\",\"target\":{\"@type\":\"EntryPoint\",\"urlTemplate\":\"https:\\\/\\\/www.topo-gps.com\\\/da\\\/?s={search_term_string}\"},\"query-input\":{\"@type\":\"PropertyValueSpecification\",\"valueRequired\":true,\"valueName\":\"search_term_string\"}}],\"inLanguage\":\"da-DK\"}]}<\/script>\n<!-- \/ Yoast SEO plugin. -->","yoast_head_json":{"title":"Fortrolighedspolitik - Topo GPS","robots":{"index":"index","follow":"follow","max-snippet":"max-snippet:-1","max-image-preview":"max-image-preview:large","max-video-preview":"max-video-preview:-1"},"canonical":"https:\/\/www.topo-gps.com\/da\/fortrolighedspolitik\/","og_locale":"da_DK","og_type":"article","og_title":"Fortrolighedspolitik - Topo GPS","og_description":"[vc_section parallax_image_attachment=&#8221;inherit&#8221; padding_class=&#8221;wide-0&#8243; css=&#8221;.vc_custom_1543574872456{margin-top: 180px !important;margin-bottom: 45px !important;}&#8221; el_id=&#8221;terms-page&#8221;][vc_row parallax_image_attachment=&#8221;inherit&#8221; el_class=&#8221;terms-box&#8221;][vc_column width=&#8221;1\/12&#8243;][\/vc_column][vc_column width=&#8221;5\/6&#8243;][\/vc_column][vc_column width=&#8221;1\/12&#8243;][\/vc_column][\/vc_row][vc_row parallax_image_attachment=&#8221;inherit&#8221; css=&#8221;.vc_custom_1543997765635{margin-top: -20px !important;}&#8221; el_class=&#8221;terms-box&#8221;][vc_column width=&#8221;1\/12&#8243;][\/vc_column][vc_column width=&#8221;5\/6&#8243;][\/vc_column][vc_column width=&#8221;1\/12&#8243;][\/vc_column][\/vc_row][vc_row][vc_column width=&#8221;1\/12&#8243;][\/vc_column][vc_column width=&#8221;5\/6&#8243;][\/vc_column][vc_column width=&#8221;1\/12&#8243;][\/vc_column][\/vc_row][vc_row parallax_image_attachment=&#8221;inherit&#8221; el_class=&#8221;terms-box&#8221; css=&#8221;.vc_custom_1543998973323{margin-top: 30px !important;}&#8221;][vc_column width=&#8221;1\/12&#8243;][\/vc_column][vc_column width=&#8221;5\/6&#8243;][\/vc_column][vc_column width=&#8221;1\/12&#8243;][\/vc_column][\/vc_row][\/vc_section]","og_url":"https:\/\/www.topo-gps.com\/da\/fortrolighedspolitik\/","og_site_name":"Topo GPS","article_modified_time":"2022-03-01T11:32:04+00:00","twitter_card":"summary_large_image","twitter_misc":{"Estimeret l\u00e6setid":"7 minutter"},"schema":{"@context":"https:\/\/schema.org","@graph":[{"@type":"WebPage","@id":"https:\/\/www.topo-gps.com\/da\/fortrolighedspolitik\/","url":"https:\/\/www.topo-gps.com\/da\/fortrolighedspolitik\/","name":"Fortrolighedspolitik - Topo GPS","isPartOf":{"@id":"https:\/\/www.topo-gps.com\/da\/#website"},"datePublished":"2022-01-31T10:44:43+00:00","dateModified":"2022-03-01T11:32:04+00:00","breadcrumb":{"@id":"https:\/\/www.topo-gps.com\/da\/fortrolighedspolitik\/#breadcrumb"},"inLanguage":"da-DK","potentialAction":[{"@type":"ReadAction","target":["https:\/\/www.topo-gps.com\/da\/fortrolighedspolitik\/"]}]},{"@type":"BreadcrumbList","@id":"https:\/\/www.topo-gps.com\/da\/fortrolighedspolitik\/#breadcrumb","itemListElement":[{"@type":"ListItem","position":1,"name":"Home","item":"https:\/\/www.topo-gps.com\/da\/topo-gps\/"},{"@type":"ListItem","position":2,"name":"Fortrolighedspolitik"}]},{"@type":"WebSite","@id":"https:\/\/www.topo-gps.com\/da\/#website","url":"https:\/\/www.topo-gps.com\/da\/","name":"Topo GPS","description":"Topographic maps GPS for iPhone, Android, iPad and Apple Watch","potentialAction":[{"@type":"SearchAction","target":{"@type":"EntryPoint","urlTemplate":"https:\/\/www.topo-gps.com\/da\/?s={search_term_string}"},"query-input":{"@type":"PropertyValueSpecification","valueRequired":true,"valueName":"search_term_string"}}],"inLanguage":"da-DK"}]}},"_links":{"self":[{"href":"https:\/\/www.topo-gps.com\/da\/wp-json\/wp\/v2\/pages\/7005","targetHints":{"allow":["GET"]}}],"collection":[{"href":"https:\/\/www.topo-gps.com\/da\/wp-json\/wp\/v2\/pages"}],"about":[{"href":"https:\/\/www.topo-gps.com\/da\/wp-json\/wp\/v2\/types\/page"}],"author":[{"embeddable":true,"href":"https:\/\/www.topo-gps.com\/da\/wp-json\/wp\/v2\/users\/1"}],"replies":[{"embeddable":true,"href":"https:\/\/www.topo-gps.com\/da\/wp-json\/wp\/v2\/comments?post=7005"}],"version-history":[{"count":0,"href":"https:\/\/www.topo-gps.com\/da\/wp-json\/wp\/v2\/pages\/7005\/revisions"}],"wp:attachment":[{"href":"https:\/\/www.topo-gps.com\/da\/wp-json\/wp\/v2\/media?parent=7005"}],"curies":[{"name":"wp","href":"https:\/\/api.w.org\/{rel}","templated":true}]}}