{"id":17897,"date":"2022-04-07T12:27:18","date_gmt":"2022-04-07T11:27:18","guid":{"rendered":"https:\/\/www.topo-gps.com\/topografisk-kort-over-faeroeerne\/"},"modified":"2023-03-17T21:15:10","modified_gmt":"2023-03-17T20:15:10","slug":"topografisk-kort-over-faeroeerne","status":"publish","type":"page","link":"https:\/\/www.topo-gps.com\/da\/topografisk-kort-over-faeroeerne\/","title":{"rendered":"Topografisk kort over F\u00e6r\u00f8erne"},"content":{"rendered":"<div class=\"wpb-content-wrapper\"><p>[vc_section enable_inner=&#8221;yes&#8221; section_type=&#8221;hero&#8221; inner_margin_top=&#8221;mt-100&#8243; parallax_image_attachment=&#8221;inherit&#8221; padding_class=&#8221;wide-100&#8243; css=&#8221;.vc_custom_1649334679977{background-image: url(https:\/\/www.topo-gps.com\/wp-content\/uploads\/2022\/04\/We9BdoyS7GQT.jpg?id=18192) !important;background-position: center !important;background-repeat: no-repeat !important;background-size: cover !important;}&#8221;][vc_row parallax_image_attachment=&#8221;inherit&#8221; css=&#8221;.vc_custom_1639602296513{padding-top: 20px !important;padding-bottom: 20px !important;}&#8221;][vc_column width=&#8221;1\/2&#8243; css=&#8221;.vc_custom_1639603345318{margin-bottom: 20px !important;}&#8221;]\r\n        <div class=\"vc_custom_1649334059087  hero-txt\"> \r\n            \r\n                     \r\n            <h3 class=\"white-color h3-sm none  wow perch-fadeInUp fadeInUp\" style=\"font-weight: bold;\" data-wow-delay=\"300ms\" data-wow-duration=\"1200ms\">Topografisk kort over F\u00e6r\u00f8erne p\u00e5 din iPhone, Android-telefon og Apple Watch<\/h3>\r\n             \r\n            \r\n                        \r\n                        \r\n            \r\n                        \r\n                        \r\n                  \r\n        <\/div>[vc_row_inner][vc_column_inner width=&#8221;1\/2&#8243; css=&#8221;.vc_custom_1639605647058{padding-top: 10px !important;padding-bottom: 10px !important;}&#8221;]\r\n        <div class=\"hero-img  wow perch-fadeInUp fadeInUp text-center\" data-wow-delay=\"300ms\" data-wow-duration=\"1200ms\"> \r\n        <a href=\"https:\/\/apps.apple.com\/gb\/app\/topo-gps\/id578960575\" target=\"_self\" class=\"vc_single_image-wrapper  \"><img loading=\"lazy\" decoding=\"async\" class=\"vc_single_image-img img-fluid\" width=\"160\" height=\"50\"  src=\"https:\/\/www.topo-gps.com\/wp-content\/themes\/appset\/images\/appstore.png\" alt=\"External image\" \/><\/a>\r\n        <\/div>[\/vc_column_inner][vc_column_inner width=&#8221;1\/2&#8243; css=&#8221;.vc_custom_1639605658368{padding-top: 10px !important;padding-bottom: 10px !important;}&#8221;]\r\n        <div class=\"hero-img  wow perch-fadeInUp fadeInUp text-center\" data-wow-delay=\"300ms\" data-wow-duration=\"1200ms\"> \r\n        <a href=\"https:\/\/play.google.com\/store\/apps\/details?id=uk.rdzl.topo.gps&amp;hl=en\" target=\"_self\" class=\"vc_single_image-wrapper  \"><img loading=\"lazy\" decoding=\"async\" class=\"vc_single_image-img img-fluid\" width=\"171\" height=\"50\"  src=\"https:\/\/www.topo-gps.com\/wp-content\/themes\/appset\/images\/googleplay.png\" alt=\"External image\" \/><\/a>\r\n        <\/div>[\/vc_column_inner][\/vc_row_inner][\/vc_column][vc_column width=&#8221;1\/2&#8243; css=&#8221;.vc_custom_1639603183972{padding-top: 40px !important;padding-bottom: 40px !important;}&#8221;]\r\n        <div class=\"hero-img  wow perch-fadeInUp fadeInUp\" data-wow-delay=\"300ms\" data-wow-duration=\"1200ms\"> \r\n        <img loading=\"lazy\" decoding=\"async\" class=\"vc_single_image-img img-fluid\" width=\"560\" height=\"604\"  src=\"https:\/\/www.topo-gps.com\/wp-content\/uploads\/2022\/04\/map-fo1.png\" alt=\"External image\" \/>\r\n        <\/div>[\/vc_column][\/vc_row][\/vc_section][vc_section][vc_row][vc_column]\r\n        <div class=\"section-title  wow perch-fadeInUp fadeInUp text-center\" data-wow-delay=\"300ms\" data-wow-duration=\"1200ms\">\r\n            <h2 class=\"h2-sm\">Bedste udend\u00f8rs kort over F\u00e6r\u00f8erne<\/h2>\r\n            <p class=\"p-lg\">Officielle topografiske kort er de bedste udend\u00f8rskort for F\u00e6r\u00f8erne.<\/p>         \r\n        <\/div>[vc_column_text]F\u00e6r\u00f8erne, der ligger i Nordatlanten, er en unik og afsidesliggende destination, der byder p\u00e5 en r\u00e6kke udend\u00f8rs aktiviteter. Med sit barske terr\u00e6n, uber\u00f8rte natur og fantastiske kystlandskab er F\u00e6r\u00f8erne perfekte til vandreture, fuglekikkeri og fiskeri.<\/p>\n<p>Vandring er en popul\u00e6r aktivitet p\u00e5 F\u00e6r\u00f8erne, og der er masser af godt afm\u00e6rkede stier, der byder p\u00e5 en spektakul\u00e6r udsigt over den dramatiske kystlinje og fjorde. \u00d8en Streymoy er hjemsted for flere popul\u00e6re vandrestier, herunder Sl\u00e6ttaratindur, som er F\u00e6r\u00f8ernes h\u00f8jeste bjerg, og den popul\u00e6re Lake Leitisvatn-sti.<\/p>\n<p>Fuglekigning er ogs\u00e5 en popul\u00e6r aktivitet p\u00e5 F\u00e6r\u00f8erne, hvor flere fuglearter ruger p\u00e5 klipperne og klipperne langs kysten. \u00d8en Mykines er hjemsted for tusindvis af s\u00f8papeg\u00f8jer, hvilket g\u00f8r den til et must-bes\u00f8g destination for fugleelskere.<\/p>\n<p>Fiskeri er en anden popul\u00e6r aktivitet p\u00e5 F\u00e6r\u00f8erne, hvor landets rene og kolde vand byder p\u00e5 en overflod af fisk som torsk, kuller og laks. Der er flere fisketure til r\u00e5dighed, og bes\u00f8gende kan ogs\u00e5 pr\u00f8ve lykken ved at fiske fra kysten eller leje en b\u00e5d for en mere fordybende oplevelse.<\/p>\n<p>Samlet set tilbyder F\u00e6r\u00f8erne en unik og uforglemmelig udend\u00f8rsoplevelse for dem, der \u00f8nsker at udforske fjern og uber\u00f8rt natursk\u00f8nhed. Landets barske terr\u00e6n, fantastiske kystlinje og unikke kultur g\u00f8r det til et must-bes\u00f8g destination for eventyrs\u00f8gende og naturelskere.[\/vc_column_text][\/vc_column][\/vc_row][vc_row][vc_column width=&#8221;1\/2&#8243;][vc_single_image custom_src=&#8221;https:\/\/www.topo-gps.com\/wp-content\/uploads\/2022\/04\/map-fo2.jpg&#8221; external_img_size=&#8221;391&#215;600&#8243; alignment=&#8221;center&#8221;][\/vc_column][vc_column width=&#8221;1\/2&#8243;][vc_row_inner][vc_column_inner width=&#8221;1\/2&#8243;]\r\n        <div class=\"wow perch-fadeInUp fadeInUp fbox\" data-wow-delay=\"300ms\" data-wow-duration=\"1200ms\"> \r\n            <div class=\"fbox grey-color-box\">\r\n                <div class=\"grey-color-icon b-icon box-icon-md\"><span class=\" grey-color\"><\/span><\/div>  \r\n                <div class=\"fbox-txt\">    \r\n                    <h5 class=\"h5-sm\">Topografisk kort<\/h5>\r\n                    <p class=\"grey-color\">Et topografisk kort indeholder mange detaljer som h\u00f8jdekonturer, sm\u00e5 veje og arealanvendelse og er derfor ideel til at navigere udend\u00f8rs.<\/p>\r\n                    \r\n                <\/div> \r\n            <\/div>        \r\n        <\/div>\r\n        <div class=\"wow perch-fadeInUp fadeInUp fbox\" data-wow-delay=\"300ms\" data-wow-duration=\"1200ms\"> \r\n            <div class=\"fbox grey-color-box\">\r\n                <div class=\"grey-color-icon b-icon box-icon-md\"><span class=\" grey-color\"><\/span><\/div>  \r\n                <div class=\"fbox-txt\">    \r\n                    <h5 class=\"h5-sm\">Top 20<\/h5>\r\n                    <p class=\"grey-color\">I Topo GPS kan du k\u00f8be det bedste topografiske kort over F\u00e6r\u00f8erne, det officielle Topo 20-kort i skala 1:20.000. Dette kort er produceret af Umhv\u00f8rvisstovan, F\u00e6r\u00f8ernes milj\u00f8agentur.<\/p>\r\n                    \r\n                <\/div> \r\n            <\/div>        \r\n        <\/div>\r\n        <div class=\"wow perch-fadeInUp fadeInUp fbox\" data-wow-delay=\"300ms\" data-wow-duration=\"1200ms\"> \r\n            <div class=\"fbox grey-color-box\">\r\n                <div class=\"grey-color-icon b-icon box-icon-md\"><span class=\" grey-color\"><\/span><\/div>  \r\n                <div class=\"fbox-txt\">    \r\n                    <h5 class=\"h5-sm\">Priss\u00e6tning<\/h5>\r\n                    <p class=\"grey-color\">Fuld adgang til de komplette Topo 20-kort over F\u00e6r\u00f8erne koster \u20ac3,99 i Topo GPS. Dette er et engangsk\u00f8b og inkluderer gratis fremtidige opdateringer. Kortet er tilg\u00e6ngeligt p\u00e5 alle enheder, der bruger det samme Apple ID eller Google Play-konto.<\/p>\r\n                    \r\n                <\/div> \r\n            <\/div>        \r\n        <\/div>[\/vc_column_inner][vc_column_inner width=&#8221;1\/2&#8243;]\r\n        <div class=\"wow perch-fadeInUp fadeInUp fbox\" data-wow-delay=\"300ms\" data-wow-duration=\"1200ms\"> \r\n            <div class=\"fbox grey-color-box\">\r\n                <div class=\"grey-color-icon b-icon box-icon-md\"><span class=\" grey-color\"><\/span><\/div>  \r\n                <div class=\"fbox-txt\">    \r\n                    <h5 class=\"h5-sm\">Offline kort<\/h5>\r\n                    <p class=\"grey-color\">Du kan g\u00f8re de topografiske kort offline tilg\u00e6ngelige. P\u00e5 denne m\u00e5de er du sikker p\u00e5, at de kort, du skal bruge, altid er tilg\u00e6ngelige.<\/p>\r\n                    \r\n                <\/div> \r\n            <\/div>        \r\n        <\/div>\r\n        <div class=\"wow perch-fadeInUp fadeInUp fbox\" data-wow-delay=\"300ms\" data-wow-duration=\"1200ms\"> \r\n            <div class=\"fbox grey-color-box\">\r\n                <div class=\"grey-color-icon b-icon box-icon-md\"><span class=\" grey-color\"><\/span><\/div>  \r\n                <div class=\"fbox-txt\">    \r\n                    <h5 class=\"h5-sm\">Klar legende<\/h5>\r\n                    <p class=\"grey-color\">Det topografiske kort har en tydelig forklaring med forklaringer af alle symboler.<\/p>\r\n                    \r\n                <\/div> \r\n            <\/div>        \r\n        <\/div>\r\n        <div class=\"wow perch-fadeInUp fadeInUp fbox\" data-wow-delay=\"300ms\" data-wow-duration=\"1200ms\"> \r\n            <div class=\"fbox grey-color-box\">\r\n                <div class=\"grey-color-icon b-icon box-icon-md\"><span class=\" grey-color\"><\/span><\/div>  \r\n                <div class=\"fbox-txt\">    \r\n                    <h5 class=\"h5-sm\">Topo GPS app<\/h5>\r\n                    <p class=\"grey-color\">Topo GPS-appen tilbyder mange yderligere nyttige funktioner til det topografiske kort. Som at navigere, indl\u00e6se, planl\u00e6gge og f\u00f8lge ruter og tilf\u00f8je punkter til kortet. Topo GPS indeholder alle funktioner fra en almindelig GPS-enhed.<\/p>\r\n                    \r\n                <\/div> \r\n            <\/div>        \r\n        <\/div>[\/vc_column_inner][\/vc_row_inner][\/vc_column][\/vc_row][\/vc_section][vc_section][vc_row][vc_column]\r\n        <div class=\"section-title  wow perch-fadeInUp fadeInUp text-center\" data-wow-delay=\"300ms\" data-wow-duration=\"1200ms\">\r\n            <h2 class=\"h2-sm\">Hvilket kort ville du foretr\u00e6kke at udforske udend\u00f8rs?<\/h2>\r\n            <p class=\"p-lg\">Sammenlign dig selv<\/p>         \r\n        <\/div>[vc_row_inner][vc_column_inner width=&#8221;1\/3&#8243;][vc_column_text]<\/p>\n<h3 style=\"text-align: center;\">Google kort<\/h3>\n<p>[\/vc_column_text][vc_single_image custom_src=&#8221;https:\/\/www.topo-gps.com\/wp-content\/uploads\/2022\/04\/fo-gm.jpg&#8221; external_img_size=&#8221;277&#215;560&#8243; alignment=&#8221;center&#8221;][\/vc_column_inner][vc_column_inner width=&#8221;1\/3&#8243;][vc_column_text]<\/p>\n<h3 style=\"text-align: center;\">OpenStreetMap<\/h3>\n<p>[\/vc_column_text][vc_single_image custom_src=&#8221;https:\/\/www.topo-gps.com\/wp-content\/uploads\/2022\/04\/fo-osm.jpg&#8221; external_img_size=&#8221;277&#215;560&#8243; alignment=&#8221;center&#8221;][\/vc_column_inner][vc_column_inner width=&#8221;1\/3&#8243;][vc_column_text]<\/p>\n<h3 style=\"text-align: center;\">Topografisk kort<\/h3>\n<p>[\/vc_column_text][vc_single_image custom_src=&#8221;https:\/\/www.topo-gps.com\/wp-content\/uploads\/2022\/04\/fo-tg.jpg&#8221; external_img_size=&#8221;277&#215;560&#8243; alignment=&#8221;center&#8221;][\/vc_column_inner][\/vc_row_inner][\/vc_column][\/vc_row][\/vc_section][vc_section section_type=&#8221;hero&#8221; hero_type=&#8221;1&#8243; parallax_image_attachment=&#8221;fixed&#8221; padding_class=&#8221;&#8221;][vc_row content_placement=&#8221;&#8221; parallax_image_attachment=&#8221;inherit&#8221;][vc_column width=&#8221;1\/2&#8243; column_inner_style=&#8221;hero-txt&#8221; hero_txt_type=&#8221;1&#8243;]\r\n        <div class=\"hero-txt\"> \r\n            \r\n            <h2 class=\" wow perch-fadeInUp fadeInUp\" data-wow-delay=\"300ms\" data-wow-duration=\"1200ms\">Topo GPS<\/h2>         \r\n            <h3 class=\"h3-sm  wow perch-fadeInUp fadeInUp\" data-wow-delay=\"400ms\" data-wow-duration=\"1200ms\">G\u00f8r din iPhone, Android-telefon eller -tablet til en komplet GPS-enhed med offline tilg\u00e6ngelige topografiske kort.<\/h3>\r\n             \r\n            \r\n                        \r\n                        \r\n            \r\n                        \r\n                        \r\n                  \r\n        <\/div>[vc_row_inner][vc_column_inner width=&#8221;1\/2&#8243; css=&#8221;.vc_custom_1639605647058{padding-top: 10px !important;padding-bottom: 10px !important;}&#8221;]\r\n        <div class=\"hero-img  wow perch-fadeInUp fadeInUp text-center\" data-wow-delay=\"300ms\" data-wow-duration=\"1200ms\"> \r\n        <a href=\"https:\/\/apps.apple.com\/gb\/app\/topo-gps\/id578960575\" target=\"_self\" class=\"vc_single_image-wrapper  \"><img loading=\"lazy\" decoding=\"async\" class=\"vc_single_image-img img-fluid\" width=\"160\" height=\"50\"  src=\"https:\/\/www.topo-gps.com\/wp-content\/themes\/appset\/images\/appstore.png\" alt=\"External image\" \/><\/a>\r\n        <\/div>[\/vc_column_inner][vc_column_inner width=&#8221;1\/2&#8243; css=&#8221;.vc_custom_1639605658368{padding-top: 10px !important;padding-bottom: 10px !important;}&#8221;]\r\n        <div class=\"hero-img  wow perch-fadeInUp fadeInUp text-center\" data-wow-delay=\"300ms\" data-wow-duration=\"1200ms\"> \r\n        <a href=\"https:\/\/play.google.com\/store\/apps\/details?id=uk.rdzl.topo.gps&amp;hl=en\" target=\"_self\" class=\"vc_single_image-wrapper  \"><img loading=\"lazy\" decoding=\"async\" class=\"vc_single_image-img img-fluid\" width=\"171\" height=\"50\"  src=\"https:\/\/www.topo-gps.com\/wp-content\/themes\/appset\/images\/googleplay.png\" alt=\"External image\" \/><\/a>\r\n        <\/div>[\/vc_column_inner][\/vc_row_inner][\/vc_column][vc_column width=&#8221;1\/2&#8243;]\r\n        <div class=\"wow perch-fadeInRight fadeInRight hero-1-img\" data-wow-delay=\"300ms\" data-wow-duration=\"1200ms\"> \r\n        <img decoding=\"async\" class=\"vc_single_image-img img-fluid\"  src=\"https:\/\/www.topo-gps.com\/wp-content\/uploads\/2022\/04\/main-fo1.png\" alt=\"External image\" \/>\r\n        <\/div>[\/vc_column][\/vc_row][\/vc_section]<\/p>\n<\/div>","protected":false},"excerpt":{"rendered":"<p>[vc_section enable_inner=&#8221;yes&#8221; section_type=&#8221;hero&#8221; inner_margin_top=&#8221;mt-100&#8243; parallax_image_attachment=&#8221;inherit&#8221; padding_class=&#8221;wide-100&#8243; css=&#8221;.vc_custom_1649334679977{background-image: url(https:\/\/www.topo-gps.com\/wp-content\/uploads\/2022\/04\/We9BdoyS7GQT.jpg?id=18192) !important;background-position: center !important;background-repeat: no-repeat !important;background-size: cover !important;}&#8221;][vc_row parallax_image_attachment=&#8221;inherit&#8221; css=&#8221;.vc_custom_1639602296513{padding-top: 20px !important;padding-bottom: 20px !important;}&#8221;][vc_column width=&#8221;1\/2&#8243; css=&#8221;.vc_custom_1639603345318{margin-bottom: 20px !important;}&#8221;][vc_row_inner][vc_column_inner width=&#8221;1\/2&#8243; css=&#8221;.vc_custom_1639605647058{padding-top: 10px !important;padding-bottom: 10px !important;}&#8221;][\/vc_column_inner][vc_column_inner width=&#8221;1\/2&#8243; css=&#8221;.vc_custom_1639605658368{padding-top: 10px !important;padding-bottom: 10px !important;}&#8221;][\/vc_column_inner][\/vc_row_inner][\/vc_column][vc_column width=&#8221;1\/2&#8243; css=&#8221;.vc_custom_1639603183972{padding-top: 40px !important;padding-bottom: 40px !important;}&#8221;][\/vc_column][\/vc_row][\/vc_section][vc_section][vc_row][vc_column][vc_column_text]F\u00e6r\u00f8erne, der ligger i Nordatlanten, er en unik og afsidesliggende destination, der byder p\u00e5 en r\u00e6kke udend\u00f8rs aktiviteter. Med sit barske terr\u00e6n, uber\u00f8rte natur og fantastiske kystlandskab er F\u00e6r\u00f8erne perfekte til vandreture, fuglekikkeri og fiskeri. Vandring er en popul\u00e6r aktivitet p\u00e5 F\u00e6r\u00f8erne, og der er masser af godt afm\u00e6rkede stier, der byder p\u00e5 en spektakul\u00e6r udsigt over den&#8230;<\/p>\n","protected":false},"author":1,"featured_media":0,"parent":0,"menu_order":0,"comment_status":"closed","ping_status":"closed","template":"","meta":{"footnotes":""},"class_list":["post-17897","page","type-page","status-publish","hentry","no-post-thumbnail"],"yoast_head":"<!-- This site is optimized with the Yoast SEO plugin v27.6 - https:\/\/yoast.com\/product\/yoast-seo-wordpress\/ -->\n<title>Topografisk kort over F\u00e6r\u00f8erne - Topo GPS<\/title>\n<meta name=\"robots\" content=\"index, follow, max-snippet:-1, max-image-preview:large, max-video-preview:-1\" \/>\n<link rel=\"canonical\" href=\"https:\/\/www.topo-gps.com\/da\/topografisk-kort-over-faeroeerne\/\" \/>\n<meta property=\"og:locale\" content=\"da_DK\" \/>\n<meta property=\"og:type\" content=\"article\" \/>\n<meta property=\"og:title\" content=\"Topografisk kort over F\u00e6r\u00f8erne - Topo GPS\" \/>\n<meta property=\"og:description\" content=\"[vc_section enable_inner=&#8221;yes&#8221; section_type=&#8221;hero&#8221; inner_margin_top=&#8221;mt-100&#8243; parallax_image_attachment=&#8221;inherit&#8221; padding_class=&#8221;wide-100&#8243; css=&#8221;.vc_custom_1649334679977{background-image: url(https:\/\/www.topo-gps.com\/wp-content\/uploads\/2022\/04\/We9BdoyS7GQT.jpg?id=18192) !important;background-position: center !important;background-repeat: no-repeat !important;background-size: cover !important;}&#8221;][vc_row parallax_image_attachment=&#8221;inherit&#8221; css=&#8221;.vc_custom_1639602296513{padding-top: 20px !important;padding-bottom: 20px !important;}&#8221;][vc_column width=&#8221;1\/2&#8243; css=&#8221;.vc_custom_1639603345318{margin-bottom: 20px !important;}&#8221;][vc_row_inner][vc_column_inner width=&#8221;1\/2&#8243; css=&#8221;.vc_custom_1639605647058{padding-top: 10px !important;padding-bottom: 10px !important;}&#8221;][\/vc_column_inner][vc_column_inner width=&#8221;1\/2&#8243; css=&#8221;.vc_custom_1639605658368{padding-top: 10px !important;padding-bottom: 10px !important;}&#8221;][\/vc_column_inner][\/vc_row_inner][\/vc_column][vc_column width=&#8221;1\/2&#8243; css=&#8221;.vc_custom_1639603183972{padding-top: 40px !important;padding-bottom: 40px !important;}&#8221;][\/vc_column][\/vc_row][\/vc_section][vc_section][vc_row][vc_column][vc_column_text]F\u00e6r\u00f8erne, der ligger i Nordatlanten, er en unik og afsidesliggende destination, der byder p\u00e5 en r\u00e6kke udend\u00f8rs aktiviteter. Med sit barske terr\u00e6n, uber\u00f8rte natur og fantastiske kystlandskab er F\u00e6r\u00f8erne perfekte til vandreture, fuglekikkeri og fiskeri. Vandring er en popul\u00e6r aktivitet p\u00e5 F\u00e6r\u00f8erne, og der er masser af godt afm\u00e6rkede stier, der byder p\u00e5 en spektakul\u00e6r udsigt over den...\" \/>\n<meta property=\"og:url\" content=\"https:\/\/www.topo-gps.com\/da\/topografisk-kort-over-faeroeerne\/\" \/>\n<meta property=\"og:site_name\" content=\"Topo GPS\" \/>\n<meta property=\"article:modified_time\" content=\"2023-03-17T20:15:10+00:00\" \/>\n<meta name=\"twitter:card\" content=\"summary_large_image\" \/>\n<meta name=\"twitter:label1\" content=\"Estimeret l\u00e6setid\" \/>\n\t<meta name=\"twitter:data1\" content=\"6 minutter\" \/>\n<script type=\"application\/ld+json\" class=\"yoast-schema-graph\">{\"@context\":\"https:\\\/\\\/schema.org\",\"@graph\":[{\"@type\":\"WebPage\",\"@id\":\"https:\\\/\\\/www.topo-gps.com\\\/da\\\/topografisk-kort-over-faeroeerne\\\/\",\"url\":\"https:\\\/\\\/www.topo-gps.com\\\/da\\\/topografisk-kort-over-faeroeerne\\\/\",\"name\":\"Topografisk kort over F\u00e6r\u00f8erne - Topo GPS\",\"isPartOf\":{\"@id\":\"https:\\\/\\\/www.topo-gps.com\\\/da\\\/#website\"},\"datePublished\":\"2022-04-07T11:27:18+00:00\",\"dateModified\":\"2023-03-17T20:15:10+00:00\",\"breadcrumb\":{\"@id\":\"https:\\\/\\\/www.topo-gps.com\\\/da\\\/topografisk-kort-over-faeroeerne\\\/#breadcrumb\"},\"inLanguage\":\"da-DK\",\"potentialAction\":[{\"@type\":\"ReadAction\",\"target\":[\"https:\\\/\\\/www.topo-gps.com\\\/da\\\/topografisk-kort-over-faeroeerne\\\/\"]}]},{\"@type\":\"BreadcrumbList\",\"@id\":\"https:\\\/\\\/www.topo-gps.com\\\/da\\\/topografisk-kort-over-faeroeerne\\\/#breadcrumb\",\"itemListElement\":[{\"@type\":\"ListItem\",\"position\":1,\"name\":\"Home\",\"item\":\"https:\\\/\\\/www.topo-gps.com\\\/da\\\/topo-gps\\\/\"},{\"@type\":\"ListItem\",\"position\":2,\"name\":\"Topografisk kort over F\u00e6r\u00f8erne\"}]},{\"@type\":\"WebSite\",\"@id\":\"https:\\\/\\\/www.topo-gps.com\\\/da\\\/#website\",\"url\":\"https:\\\/\\\/www.topo-gps.com\\\/da\\\/\",\"name\":\"Topo GPS\",\"description\":\"Topographic maps GPS for iPhone, Android, iPad and Apple Watch\",\"potentialAction\":[{\"@type\":\"SearchAction\",\"target\":{\"@type\":\"EntryPoint\",\"urlTemplate\":\"https:\\\/\\\/www.topo-gps.com\\\/da\\\/?s={search_term_string}\"},\"query-input\":{\"@type\":\"PropertyValueSpecification\",\"valueRequired\":true,\"valueName\":\"search_term_string\"}}],\"inLanguage\":\"da-DK\"}]}<\/script>\n<!-- \/ Yoast SEO plugin. -->","yoast_head_json":{"title":"Topografisk kort over F\u00e6r\u00f8erne - Topo GPS","robots":{"index":"index","follow":"follow","max-snippet":"max-snippet:-1","max-image-preview":"max-image-preview:large","max-video-preview":"max-video-preview:-1"},"canonical":"https:\/\/www.topo-gps.com\/da\/topografisk-kort-over-faeroeerne\/","og_locale":"da_DK","og_type":"article","og_title":"Topografisk kort over F\u00e6r\u00f8erne - Topo GPS","og_description":"[vc_section enable_inner=&#8221;yes&#8221; section_type=&#8221;hero&#8221; inner_margin_top=&#8221;mt-100&#8243; parallax_image_attachment=&#8221;inherit&#8221; padding_class=&#8221;wide-100&#8243; css=&#8221;.vc_custom_1649334679977{background-image: url(https:\/\/www.topo-gps.com\/wp-content\/uploads\/2022\/04\/We9BdoyS7GQT.jpg?id=18192) !important;background-position: center !important;background-repeat: no-repeat !important;background-size: cover !important;}&#8221;][vc_row parallax_image_attachment=&#8221;inherit&#8221; css=&#8221;.vc_custom_1639602296513{padding-top: 20px !important;padding-bottom: 20px !important;}&#8221;][vc_column width=&#8221;1\/2&#8243; css=&#8221;.vc_custom_1639603345318{margin-bottom: 20px !important;}&#8221;][vc_row_inner][vc_column_inner width=&#8221;1\/2&#8243; css=&#8221;.vc_custom_1639605647058{padding-top: 10px !important;padding-bottom: 10px !important;}&#8221;][\/vc_column_inner][vc_column_inner width=&#8221;1\/2&#8243; css=&#8221;.vc_custom_1639605658368{padding-top: 10px !important;padding-bottom: 10px !important;}&#8221;][\/vc_column_inner][\/vc_row_inner][\/vc_column][vc_column width=&#8221;1\/2&#8243; css=&#8221;.vc_custom_1639603183972{padding-top: 40px !important;padding-bottom: 40px !important;}&#8221;][\/vc_column][\/vc_row][\/vc_section][vc_section][vc_row][vc_column][vc_column_text]F\u00e6r\u00f8erne, der ligger i Nordatlanten, er en unik og afsidesliggende destination, der byder p\u00e5 en r\u00e6kke udend\u00f8rs aktiviteter. Med sit barske terr\u00e6n, uber\u00f8rte natur og fantastiske kystlandskab er F\u00e6r\u00f8erne perfekte til vandreture, fuglekikkeri og fiskeri. Vandring er en popul\u00e6r aktivitet p\u00e5 F\u00e6r\u00f8erne, og der er masser af godt afm\u00e6rkede stier, der byder p\u00e5 en spektakul\u00e6r udsigt over den...","og_url":"https:\/\/www.topo-gps.com\/da\/topografisk-kort-over-faeroeerne\/","og_site_name":"Topo GPS","article_modified_time":"2023-03-17T20:15:10+00:00","twitter_card":"summary_large_image","twitter_misc":{"Estimeret l\u00e6setid":"6 minutter"},"schema":{"@context":"https:\/\/schema.org","@graph":[{"@type":"WebPage","@id":"https:\/\/www.topo-gps.com\/da\/topografisk-kort-over-faeroeerne\/","url":"https:\/\/www.topo-gps.com\/da\/topografisk-kort-over-faeroeerne\/","name":"Topografisk kort over F\u00e6r\u00f8erne - Topo GPS","isPartOf":{"@id":"https:\/\/www.topo-gps.com\/da\/#website"},"datePublished":"2022-04-07T11:27:18+00:00","dateModified":"2023-03-17T20:15:10+00:00","breadcrumb":{"@id":"https:\/\/www.topo-gps.com\/da\/topografisk-kort-over-faeroeerne\/#breadcrumb"},"inLanguage":"da-DK","potentialAction":[{"@type":"ReadAction","target":["https:\/\/www.topo-gps.com\/da\/topografisk-kort-over-faeroeerne\/"]}]},{"@type":"BreadcrumbList","@id":"https:\/\/www.topo-gps.com\/da\/topografisk-kort-over-faeroeerne\/#breadcrumb","itemListElement":[{"@type":"ListItem","position":1,"name":"Home","item":"https:\/\/www.topo-gps.com\/da\/topo-gps\/"},{"@type":"ListItem","position":2,"name":"Topografisk kort over F\u00e6r\u00f8erne"}]},{"@type":"WebSite","@id":"https:\/\/www.topo-gps.com\/da\/#website","url":"https:\/\/www.topo-gps.com\/da\/","name":"Topo GPS","description":"Topographic maps GPS for iPhone, Android, iPad and Apple Watch","potentialAction":[{"@type":"SearchAction","target":{"@type":"EntryPoint","urlTemplate":"https:\/\/www.topo-gps.com\/da\/?s={search_term_string}"},"query-input":{"@type":"PropertyValueSpecification","valueRequired":true,"valueName":"search_term_string"}}],"inLanguage":"da-DK"}]}},"_links":{"self":[{"href":"https:\/\/www.topo-gps.com\/da\/wp-json\/wp\/v2\/pages\/17897","targetHints":{"allow":["GET"]}}],"collection":[{"href":"https:\/\/www.topo-gps.com\/da\/wp-json\/wp\/v2\/pages"}],"about":[{"href":"https:\/\/www.topo-gps.com\/da\/wp-json\/wp\/v2\/types\/page"}],"author":[{"embeddable":true,"href":"https:\/\/www.topo-gps.com\/da\/wp-json\/wp\/v2\/users\/1"}],"replies":[{"embeddable":true,"href":"https:\/\/www.topo-gps.com\/da\/wp-json\/wp\/v2\/comments?post=17897"}],"version-history":[{"count":0,"href":"https:\/\/www.topo-gps.com\/da\/wp-json\/wp\/v2\/pages\/17897\/revisions"}],"wp:attachment":[{"href":"https:\/\/www.topo-gps.com\/da\/wp-json\/wp\/v2\/media?parent=17897"}],"curies":[{"name":"wp","href":"https:\/\/api.w.org\/{rel}","templated":true}]}}