{"id":17426,"date":"2022-04-07T12:17:58","date_gmt":"2022-04-07T11:17:58","guid":{"rendered":"https:\/\/www.topo-gps.com\/topografisk-kort-over-usa\/"},"modified":"2023-04-20T06:59:34","modified_gmt":"2023-04-20T05:59:34","slug":"topografisk-kort-over-usa","status":"publish","type":"page","link":"https:\/\/www.topo-gps.com\/da\/topografisk-kort-over-usa\/","title":{"rendered":"Topografisk kort over USA"},"content":{"rendered":"<div class=\"wpb-content-wrapper\"><p>[vc_section enable_inner=&#8221;yes&#8221; section_type=&#8221;hero&#8221; inner_margin_top=&#8221;mt-100&#8243; parallax_image_attachment=&#8221;inherit&#8221; padding_class=&#8221;wide-100&#8243; css=&#8221;.vc_custom_1649340255144{background-image: url(https:\/\/www.topo-gps.com\/wp-content\/uploads\/2022\/04\/us-resized.jpg?id=18647) !important;background-position: center !important;background-repeat: no-repeat !important;background-size: cover !important;}&#8221;][vc_row parallax_image_attachment=&#8221;inherit&#8221; css=&#8221;.vc_custom_1639602296513{padding-top: 20px !important;padding-bottom: 20px !important;}&#8221;][vc_column width=&#8221;1\/2&#8243; css=&#8221;.vc_custom_1639603345318{margin-bottom: 20px !important;}&#8221;]\r\n        <div class=\"vc_custom_1649340339645  hero-txt\"> \r\n            \r\n                     \r\n            <h3 class=\"white-color h3-sm none  wow perch-fadeInUp fadeInUp\" style=\"font-weight: bold;\" data-wow-delay=\"300ms\" data-wow-duration=\"1200ms\">USTopo topografisk kort over USA p\u00e5 din iPhone, Android-telefon og Apple Watch<\/h3>\r\n             \r\n            \r\n                        \r\n                        \r\n            \r\n                        \r\n                        \r\n                  \r\n        <\/div>[vc_row_inner][vc_column_inner width=&#8221;1\/2&#8243; css=&#8221;.vc_custom_1639605647058{padding-top: 10px !important;padding-bottom: 10px !important;}&#8221;]\r\n        <div class=\"hero-img  wow perch-fadeInUp fadeInUp text-center\" data-wow-delay=\"300ms\" data-wow-duration=\"1200ms\"> \r\n        <a href=\"https:\/\/apps.apple.com\/gb\/app\/topo-gps\/id578960575\" target=\"_self\" class=\"vc_single_image-wrapper  \"><img loading=\"lazy\" decoding=\"async\" class=\"vc_single_image-img img-fluid\" width=\"160\" height=\"50\"  src=\"https:\/\/www.topo-gps.com\/wp-content\/themes\/appset\/images\/appstore.png\" alt=\"External image\" \/><\/a>\r\n        <\/div>[\/vc_column_inner][vc_column_inner width=&#8221;1\/2&#8243; css=&#8221;.vc_custom_1639605658368{padding-top: 10px !important;padding-bottom: 10px !important;}&#8221;]\r\n        <div class=\"hero-img  wow perch-fadeInUp fadeInUp text-center\" data-wow-delay=\"300ms\" data-wow-duration=\"1200ms\"> \r\n        <a href=\"https:\/\/play.google.com\/store\/apps\/details?id=uk.rdzl.topo.gps&amp;hl=en\" target=\"_self\" class=\"vc_single_image-wrapper  \"><img loading=\"lazy\" decoding=\"async\" class=\"vc_single_image-img img-fluid\" width=\"171\" height=\"50\"  src=\"https:\/\/www.topo-gps.com\/wp-content\/themes\/appset\/images\/googleplay.png\" alt=\"External image\" \/><\/a>\r\n        <\/div>[\/vc_column_inner][\/vc_row_inner][\/vc_column][vc_column width=&#8221;1\/2&#8243; css=&#8221;.vc_custom_1639603183972{padding-top: 40px !important;padding-bottom: 40px !important;}&#8221;]\r\n        <div class=\"hero-img  wow perch-fadeInUp fadeInUp\" data-wow-delay=\"300ms\" data-wow-duration=\"1200ms\"> \r\n        <img loading=\"lazy\" decoding=\"async\" class=\"vc_single_image-img img-fluid\" width=\"560\" height=\"604\"  src=\"https:\/\/www.topo-gps.com\/wp-content\/uploads\/2022\/04\/us-map1-1.png\" alt=\"External image\" \/>\r\n        <\/div>[\/vc_column][\/vc_row][\/vc_section][vc_section][vc_row][vc_column]\r\n        <div class=\"section-title  wow perch-fadeInUp fadeInUp text-center\" data-wow-delay=\"300ms\" data-wow-duration=\"1200ms\">\r\n            <h2 class=\"h2-sm\">Bedste udend\u00f8rs kort for USA<\/h2>\r\n            <p class=\"p-lg\">Officielle USTopo topografiske kort over US Geological Survey er de bedste udend\u00f8rs kort for USA.<\/p>         \r\n        <\/div>[vc_column_text]USA er et stort land med en bred vifte af landskaber, fra bjerge og \u00f8rkener til skove og strande, der tilbyder en bred vifte af udend\u00f8rs aktiviteter for alle interesser og evner.<\/p>\n<p>Vandring er en popul\u00e6r aktivitet i USA, med mange nationalparker og vildmarksomr\u00e5der, der byder p\u00e5 betagende stier og en fantastisk udsigt. Nogle af de mest popul\u00e6re vandredestinationer omfatter Grand Canyon i Arizona, Yosemite National Park i Californien og Appalachian Trail, der str\u00e6kker sig fra Georgia til Maine.<\/p>\n<p>Skil\u00f8b og snowboarding er popul\u00e6re vinteraktiviteter i mange dele af USA, med verdenskendte skisportssteder i stater som Colorado, Utah og Vermont. Rocky Mountains tilbyder noget af det bedste skil\u00f8b i landet, mens feriestederne i Vermont og New Hampshire tilbyder en mere traditionel \u00f8stkyst-skioplevelse.<\/p>\n<p>Vandsport er ogs\u00e5 popul\u00e6rt i USA, is\u00e6r langs kysterne og i de mange s\u00f8er og floder over hele landet. Surfing, paddleboarding, kajaksejlads og fiskeri er blot nogle af de aktiviteter, som bes\u00f8gende kan nyde. Popul\u00e6re vandsportsdestinationer omfatter Hawaii, Californien, Florida og Great Lakes-regionen.<\/p>\n<p>For dem, der nyder ekstremsport, er der masser af muligheder i USA, s\u00e5som klatring, mountainbiking og rafting. Moab-regionen i Utah er for eksempel en popul\u00e6r destination for mountainbiking og klatring, mens Colorado-floden er en favorit til whitewater rafting.<\/p>\n<p>Samlet set tilbyder USA en bred vifte af udend\u00f8rs aktiviteter, som bes\u00f8gende kan nyde, fra vandreture og skil\u00f8b til vandsport og ekstremsport. Med s\u00e5 mange forskellige landskaber og regioner at udforske, er der altid noget nyt og sp\u00e6ndende at opdage i det store udend\u00f8rs i USA.[\/vc_column_text][\/vc_column][\/vc_row][vc_row][vc_column width=&#8221;1\/2&#8243;][vc_single_image custom_src=&#8221;https:\/\/www.topo-gps.com\/wp-content\/uploads\/2022\/04\/us-map2.jpg&#8221; external_img_size=&#8221;391&#215;600&#8243; alignment=&#8221;center&#8221;][\/vc_column][vc_column width=&#8221;1\/2&#8243;][vc_row_inner][vc_column_inner width=&#8221;1\/2&#8243;]\r\n        <div class=\"wow perch-fadeInUp fadeInUp fbox\" data-wow-delay=\"300ms\" data-wow-duration=\"1200ms\"> \r\n            <div class=\"fbox grey-color-box\">\r\n                <div class=\"grey-color-icon b-icon box-icon-md\"><span class=\" grey-color\"><\/span><\/div>  \r\n                <div class=\"fbox-txt\">    \r\n                    <h5 class=\"h5-sm\">Topografisk kort<\/h5>\r\n                    <p class=\"grey-color\">Et topografisk kort indeholder mange detaljer som h\u00f8jdekonturer, sm\u00e5 veje og arealanvendelse og er derfor ideel til at navigere udend\u00f8rs.<\/p>\r\n                    \r\n                <\/div> \r\n            <\/div>        \r\n        <\/div>\r\n        <div class=\"wow perch-fadeInUp fadeInUp fbox\" data-wow-delay=\"300ms\" data-wow-duration=\"1200ms\"> \r\n            <div class=\"fbox grey-color-box\">\r\n                <div class=\"grey-color-icon b-icon box-icon-md\"><span class=\" grey-color\"><\/span><\/div>  \r\n                <div class=\"fbox-txt\">    \r\n                    <h5 class=\"h5-sm\">USTopo<\/h5>\r\n                    <p class=\"grey-color\">I Topo GPS kan du k\u00f8be fuld adgang til de komplette USTopo topografiske kort over USA. USTopo topografiske kort er produceret af US Geological Survey. Ud over de amerikanske Topo-kort tilbyder vi ogs\u00e5 luftbilleder af USA.<\/p>\r\n                    \r\n                <\/div> \r\n            <\/div>        \r\n        <\/div>\r\n        <div class=\"wow perch-fadeInUp fadeInUp fbox\" data-wow-delay=\"300ms\" data-wow-duration=\"1200ms\"> \r\n            <div class=\"fbox grey-color-box\">\r\n                <div class=\"grey-color-icon b-icon box-icon-md\"><span class=\" grey-color\"><\/span><\/div>  \r\n                <div class=\"fbox-txt\">    \r\n                    <h5 class=\"h5-sm\">Priss\u00e6tning<\/h5>\r\n                    <p class=\"grey-color\">Fuld adgang til de komplette USTopo topografiske kort over USA koster $3,99. Dette er et engangsk\u00f8b og inkluderer gratis fremtidige opdateringer. Kortet er tilg\u00e6ngeligt p\u00e5 alle enheder, der deler det samme Apple ID eller Google Play-konto.<\/p>\r\n                    \r\n                <\/div> \r\n            <\/div>        \r\n        <\/div>[\/vc_column_inner][vc_column_inner width=&#8221;1\/2&#8243;]\r\n        <div class=\"wow perch-fadeInUp fadeInUp fbox\" data-wow-delay=\"300ms\" data-wow-duration=\"1200ms\"> \r\n            <div class=\"fbox grey-color-box\">\r\n                <div class=\"grey-color-icon b-icon box-icon-md\"><span class=\" grey-color\"><\/span><\/div>  \r\n                <div class=\"fbox-txt\">    \r\n                    <h5 class=\"h5-sm\">Offline kort<\/h5>\r\n                    <p class=\"grey-color\">Du kan g\u00f8re de topografiske kort offline tilg\u00e6ngelige. P\u00e5 denne m\u00e5de er du sikker p\u00e5, at de kort, du skal bruge, altid er tilg\u00e6ngelige.<\/p>\r\n                    \r\n                <\/div> \r\n            <\/div>        \r\n        <\/div>\r\n        <div class=\"wow perch-fadeInUp fadeInUp fbox\" data-wow-delay=\"300ms\" data-wow-duration=\"1200ms\"> \r\n            <div class=\"fbox grey-color-box\">\r\n                <div class=\"grey-color-icon b-icon box-icon-md\"><span class=\" grey-color\"><\/span><\/div>  \r\n                <div class=\"fbox-txt\">    \r\n                    <h5 class=\"h5-sm\">Klar legende<\/h5>\r\n                    <p class=\"grey-color\">Det topografiske kort har en tydelig forklaring med forklaringer af alle symboler.<\/p>\r\n                    \r\n                <\/div> \r\n            <\/div>        \r\n        <\/div>\r\n        <div class=\"wow perch-fadeInUp fadeInUp fbox\" data-wow-delay=\"300ms\" data-wow-duration=\"1200ms\"> \r\n            <div class=\"fbox grey-color-box\">\r\n                <div class=\"grey-color-icon b-icon box-icon-md\"><span class=\" grey-color\"><\/span><\/div>  \r\n                <div class=\"fbox-txt\">    \r\n                    <h5 class=\"h5-sm\">Topo GPS app<\/h5>\r\n                    <p class=\"grey-color\">Topo GPS-appen tilbyder mange yderligere nyttige funktioner til det topografiske kort. Som at navigere, indl\u00e6se, planl\u00e6gge og f\u00f8lge ruter og tilf\u00f8je punkter til kortet. Topo GPS indeholder alle funktioner fra en almindelig GPS-enhed.<\/p>\r\n                    \r\n                <\/div> \r\n            <\/div>        \r\n        <\/div>[\/vc_column_inner][\/vc_row_inner][\/vc_column][\/vc_row][\/vc_section][vc_section][vc_row][vc_column]\r\n        <div class=\"section-title  wow perch-fadeInUp fadeInUp text-center\" data-wow-delay=\"300ms\" data-wow-duration=\"1200ms\">\r\n            <h2 class=\"h2-sm\">Hvilket kort ville du foretr\u00e6kke at udforske udend\u00f8rs?<\/h2>\r\n            <p class=\"p-lg\">Sammenlign dig selv<\/p>         \r\n        <\/div>[vc_row_inner][vc_column_inner width=&#8221;1\/3&#8243;][vc_column_text]<\/p>\n<h3 style=\"text-align: center;\">Google kort<\/h3>\n<p>[\/vc_column_text][vc_single_image custom_src=&#8221;https:\/\/www.topo-gps.com\/wp-content\/uploads\/2022\/04\/us-gm.jpg&#8221; external_img_size=&#8221;277&#215;560&#8243; alignment=&#8221;center&#8221;][\/vc_column_inner][vc_column_inner width=&#8221;1\/3&#8243;][vc_column_text]<\/p>\n<h3 style=\"text-align: center;\">OpenStreetMap<\/h3>\n<p>[\/vc_column_text][vc_single_image custom_src=&#8221;https:\/\/www.topo-gps.com\/wp-content\/uploads\/2022\/04\/us-osm.jpg&#8221; external_img_size=&#8221;277&#215;560&#8243; alignment=&#8221;center&#8221;][\/vc_column_inner][vc_column_inner width=&#8221;1\/3&#8243;][vc_column_text]<\/p>\n<h3 style=\"text-align: center;\">Topografisk kort<\/h3>\n<p>[\/vc_column_text][vc_single_image custom_src=&#8221;https:\/\/www.topo-gps.com\/wp-content\/uploads\/2022\/04\/us-topo.jpg&#8221; external_img_size=&#8221;277&#215;560&#8243; alignment=&#8221;center&#8221;][\/vc_column_inner][\/vc_row_inner][\/vc_column][\/vc_row][\/vc_section][vc_section section_type=&#8221;hero&#8221; hero_type=&#8221;1&#8243; parallax_image_attachment=&#8221;fixed&#8221; padding_class=&#8221;&#8221;][vc_row content_placement=&#8221;&#8221; parallax_image_attachment=&#8221;inherit&#8221;][vc_column width=&#8221;1\/2&#8243; column_inner_style=&#8221;hero-txt&#8221; hero_txt_type=&#8221;1&#8243;]\r\n        <div class=\"hero-txt\"> \r\n            \r\n            <h2 class=\" wow perch-fadeInUp fadeInUp\" data-wow-delay=\"300ms\" data-wow-duration=\"1200ms\">Topo GPS<\/h2>         \r\n            <h3 class=\"h3-sm  wow perch-fadeInUp fadeInUp\" data-wow-delay=\"400ms\" data-wow-duration=\"1200ms\">G\u00f8r din iPhone, Android-telefon eller -tablet til en komplet GPS-enhed med offline tilg\u00e6ngelige topografiske kort.<\/h3>\r\n             \r\n            \r\n                        \r\n                        \r\n            \r\n                        \r\n                        \r\n                  \r\n        <\/div>[vc_row_inner][vc_column_inner width=&#8221;1\/2&#8243; css=&#8221;.vc_custom_1639605647058{padding-top: 10px !important;padding-bottom: 10px !important;}&#8221;]\r\n        <div class=\"hero-img  wow perch-fadeInUp fadeInUp text-center\" data-wow-delay=\"300ms\" data-wow-duration=\"1200ms\"> \r\n        <a href=\"https:\/\/apps.apple.com\/gb\/app\/topo-gps\/id578960575\" target=\"_self\" class=\"vc_single_image-wrapper  \"><img loading=\"lazy\" decoding=\"async\" class=\"vc_single_image-img img-fluid\" width=\"160\" height=\"50\"  src=\"https:\/\/www.topo-gps.com\/wp-content\/themes\/appset\/images\/appstore.png\" alt=\"External image\" \/><\/a>\r\n        <\/div>[\/vc_column_inner][vc_column_inner width=&#8221;1\/2&#8243; css=&#8221;.vc_custom_1639605658368{padding-top: 10px !important;padding-bottom: 10px !important;}&#8221;]\r\n        <div class=\"hero-img  wow perch-fadeInUp fadeInUp text-center\" data-wow-delay=\"300ms\" data-wow-duration=\"1200ms\"> \r\n        <a href=\"https:\/\/play.google.com\/store\/apps\/details?id=uk.rdzl.topo.gps&amp;hl=en\" target=\"_self\" class=\"vc_single_image-wrapper  \"><img loading=\"lazy\" decoding=\"async\" class=\"vc_single_image-img img-fluid\" width=\"171\" height=\"50\"  src=\"https:\/\/www.topo-gps.com\/wp-content\/themes\/appset\/images\/googleplay.png\" alt=\"External image\" \/><\/a>\r\n        <\/div>[\/vc_column_inner][\/vc_row_inner][\/vc_column][vc_column width=&#8221;1\/2&#8243;]\r\n        <div class=\"wow perch-fadeInRight fadeInRight hero-1-img\" data-wow-delay=\"300ms\" data-wow-duration=\"1200ms\"> \r\n        <img decoding=\"async\" class=\"vc_single_image-img img-fluid\"  src=\"https:\/\/www.topo-gps.com\/wp-content\/uploads\/2022\/04\/us-main1.png\" alt=\"External image\" \/>\r\n        <\/div>[\/vc_column][\/vc_row][\/vc_section]<\/p>\n<\/div>","protected":false},"excerpt":{"rendered":"<p>[vc_section enable_inner=&#8221;yes&#8221; section_type=&#8221;hero&#8221; inner_margin_top=&#8221;mt-100&#8243; parallax_image_attachment=&#8221;inherit&#8221; padding_class=&#8221;wide-100&#8243; css=&#8221;.vc_custom_1649340255144{background-image: url(https:\/\/www.topo-gps.com\/wp-content\/uploads\/2022\/04\/us-resized.jpg?id=18647) !important;background-position: center !important;background-repeat: no-repeat !important;background-size: cover !important;}&#8221;][vc_row parallax_image_attachment=&#8221;inherit&#8221; css=&#8221;.vc_custom_1639602296513{padding-top: 20px !important;padding-bottom: 20px !important;}&#8221;][vc_column width=&#8221;1\/2&#8243; css=&#8221;.vc_custom_1639603345318{margin-bottom: 20px !important;}&#8221;][vc_row_inner][vc_column_inner width=&#8221;1\/2&#8243; css=&#8221;.vc_custom_1639605647058{padding-top: 10px !important;padding-bottom: 10px !important;}&#8221;][\/vc_column_inner][vc_column_inner width=&#8221;1\/2&#8243; css=&#8221;.vc_custom_1639605658368{padding-top: 10px !important;padding-bottom: 10px !important;}&#8221;][\/vc_column_inner][\/vc_row_inner][\/vc_column][vc_column width=&#8221;1\/2&#8243; css=&#8221;.vc_custom_1639603183972{padding-top: 40px !important;padding-bottom: 40px !important;}&#8221;][\/vc_column][\/vc_row][\/vc_section][vc_section][vc_row][vc_column][vc_column_text]USA er et stort land med en bred vifte af landskaber, fra bjerge og \u00f8rkener til skove og strande, der tilbyder en bred vifte af udend\u00f8rs aktiviteter for alle interesser og evner. Vandring er en popul\u00e6r aktivitet i USA, med mange nationalparker og vildmarksomr\u00e5der, der byder p\u00e5 betagende stier og en fantastisk udsigt. Nogle af de mest popul\u00e6re&#8230;<\/p>\n","protected":false},"author":1,"featured_media":0,"parent":0,"menu_order":0,"comment_status":"closed","ping_status":"closed","template":"","meta":{"footnotes":""},"class_list":["post-17426","page","type-page","status-publish","hentry","no-post-thumbnail"],"yoast_head":"<!-- This site is optimized with the Yoast SEO plugin v27.4 - https:\/\/yoast.com\/product\/yoast-seo-wordpress\/ -->\n<title>Topografisk kort over USA - Topo GPS<\/title>\n<meta name=\"robots\" content=\"index, follow, max-snippet:-1, max-image-preview:large, max-video-preview:-1\" \/>\n<link rel=\"canonical\" href=\"https:\/\/www.topo-gps.com\/da\/topografisk-kort-over-usa\/\" \/>\n<meta property=\"og:locale\" content=\"da_DK\" \/>\n<meta property=\"og:type\" content=\"article\" \/>\n<meta property=\"og:title\" content=\"Topografisk kort over USA - Topo GPS\" \/>\n<meta property=\"og:description\" content=\"[vc_section enable_inner=&#8221;yes&#8221; section_type=&#8221;hero&#8221; inner_margin_top=&#8221;mt-100&#8243; parallax_image_attachment=&#8221;inherit&#8221; padding_class=&#8221;wide-100&#8243; css=&#8221;.vc_custom_1649340255144{background-image: url(https:\/\/www.topo-gps.com\/wp-content\/uploads\/2022\/04\/us-resized.jpg?id=18647) !important;background-position: center !important;background-repeat: no-repeat !important;background-size: cover !important;}&#8221;][vc_row parallax_image_attachment=&#8221;inherit&#8221; css=&#8221;.vc_custom_1639602296513{padding-top: 20px !important;padding-bottom: 20px !important;}&#8221;][vc_column width=&#8221;1\/2&#8243; css=&#8221;.vc_custom_1639603345318{margin-bottom: 20px !important;}&#8221;][vc_row_inner][vc_column_inner width=&#8221;1\/2&#8243; css=&#8221;.vc_custom_1639605647058{padding-top: 10px !important;padding-bottom: 10px !important;}&#8221;][\/vc_column_inner][vc_column_inner width=&#8221;1\/2&#8243; css=&#8221;.vc_custom_1639605658368{padding-top: 10px !important;padding-bottom: 10px !important;}&#8221;][\/vc_column_inner][\/vc_row_inner][\/vc_column][vc_column width=&#8221;1\/2&#8243; css=&#8221;.vc_custom_1639603183972{padding-top: 40px !important;padding-bottom: 40px !important;}&#8221;][\/vc_column][\/vc_row][\/vc_section][vc_section][vc_row][vc_column][vc_column_text]USA er et stort land med en bred vifte af landskaber, fra bjerge og \u00f8rkener til skove og strande, der tilbyder en bred vifte af udend\u00f8rs aktiviteter for alle interesser og evner. Vandring er en popul\u00e6r aktivitet i USA, med mange nationalparker og vildmarksomr\u00e5der, der byder p\u00e5 betagende stier og en fantastisk udsigt. Nogle af de mest popul\u00e6re...\" \/>\n<meta property=\"og:url\" content=\"https:\/\/www.topo-gps.com\/da\/topografisk-kort-over-usa\/\" \/>\n<meta property=\"og:site_name\" content=\"Topo GPS\" \/>\n<meta property=\"article:modified_time\" content=\"2023-04-20T05:59:34+00:00\" \/>\n<meta name=\"twitter:card\" content=\"summary_large_image\" \/>\n<meta name=\"twitter:label1\" content=\"Estimeret l\u00e6setid\" \/>\n\t<meta name=\"twitter:data1\" content=\"6 minutter\" \/>\n<script type=\"application\/ld+json\" class=\"yoast-schema-graph\">{\"@context\":\"https:\\\/\\\/schema.org\",\"@graph\":[{\"@type\":\"WebPage\",\"@id\":\"https:\\\/\\\/www.topo-gps.com\\\/da\\\/topografisk-kort-over-usa\\\/\",\"url\":\"https:\\\/\\\/www.topo-gps.com\\\/da\\\/topografisk-kort-over-usa\\\/\",\"name\":\"Topografisk kort over USA - Topo GPS\",\"isPartOf\":{\"@id\":\"https:\\\/\\\/www.topo-gps.com\\\/da\\\/#website\"},\"datePublished\":\"2022-04-07T11:17:58+00:00\",\"dateModified\":\"2023-04-20T05:59:34+00:00\",\"breadcrumb\":{\"@id\":\"https:\\\/\\\/www.topo-gps.com\\\/da\\\/topografisk-kort-over-usa\\\/#breadcrumb\"},\"inLanguage\":\"da-DK\",\"potentialAction\":[{\"@type\":\"ReadAction\",\"target\":[\"https:\\\/\\\/www.topo-gps.com\\\/da\\\/topografisk-kort-over-usa\\\/\"]}]},{\"@type\":\"BreadcrumbList\",\"@id\":\"https:\\\/\\\/www.topo-gps.com\\\/da\\\/topografisk-kort-over-usa\\\/#breadcrumb\",\"itemListElement\":[{\"@type\":\"ListItem\",\"position\":1,\"name\":\"Home\",\"item\":\"https:\\\/\\\/www.topo-gps.com\\\/da\\\/topo-gps\\\/\"},{\"@type\":\"ListItem\",\"position\":2,\"name\":\"Topografisk kort over USA\"}]},{\"@type\":\"WebSite\",\"@id\":\"https:\\\/\\\/www.topo-gps.com\\\/da\\\/#website\",\"url\":\"https:\\\/\\\/www.topo-gps.com\\\/da\\\/\",\"name\":\"Topo GPS\",\"description\":\"Topographic maps GPS for iPhone, Android, iPad and Apple Watch\",\"potentialAction\":[{\"@type\":\"SearchAction\",\"target\":{\"@type\":\"EntryPoint\",\"urlTemplate\":\"https:\\\/\\\/www.topo-gps.com\\\/da\\\/?s={search_term_string}\"},\"query-input\":{\"@type\":\"PropertyValueSpecification\",\"valueRequired\":true,\"valueName\":\"search_term_string\"}}],\"inLanguage\":\"da-DK\"}]}<\/script>\n<!-- \/ Yoast SEO plugin. -->","yoast_head_json":{"title":"Topografisk kort over USA - Topo GPS","robots":{"index":"index","follow":"follow","max-snippet":"max-snippet:-1","max-image-preview":"max-image-preview:large","max-video-preview":"max-video-preview:-1"},"canonical":"https:\/\/www.topo-gps.com\/da\/topografisk-kort-over-usa\/","og_locale":"da_DK","og_type":"article","og_title":"Topografisk kort over USA - Topo GPS","og_description":"[vc_section enable_inner=&#8221;yes&#8221; section_type=&#8221;hero&#8221; inner_margin_top=&#8221;mt-100&#8243; parallax_image_attachment=&#8221;inherit&#8221; padding_class=&#8221;wide-100&#8243; css=&#8221;.vc_custom_1649340255144{background-image: url(https:\/\/www.topo-gps.com\/wp-content\/uploads\/2022\/04\/us-resized.jpg?id=18647) !important;background-position: center !important;background-repeat: no-repeat !important;background-size: cover !important;}&#8221;][vc_row parallax_image_attachment=&#8221;inherit&#8221; css=&#8221;.vc_custom_1639602296513{padding-top: 20px !important;padding-bottom: 20px !important;}&#8221;][vc_column width=&#8221;1\/2&#8243; css=&#8221;.vc_custom_1639603345318{margin-bottom: 20px !important;}&#8221;][vc_row_inner][vc_column_inner width=&#8221;1\/2&#8243; css=&#8221;.vc_custom_1639605647058{padding-top: 10px !important;padding-bottom: 10px !important;}&#8221;][\/vc_column_inner][vc_column_inner width=&#8221;1\/2&#8243; css=&#8221;.vc_custom_1639605658368{padding-top: 10px !important;padding-bottom: 10px !important;}&#8221;][\/vc_column_inner][\/vc_row_inner][\/vc_column][vc_column width=&#8221;1\/2&#8243; css=&#8221;.vc_custom_1639603183972{padding-top: 40px !important;padding-bottom: 40px !important;}&#8221;][\/vc_column][\/vc_row][\/vc_section][vc_section][vc_row][vc_column][vc_column_text]USA er et stort land med en bred vifte af landskaber, fra bjerge og \u00f8rkener til skove og strande, der tilbyder en bred vifte af udend\u00f8rs aktiviteter for alle interesser og evner. Vandring er en popul\u00e6r aktivitet i USA, med mange nationalparker og vildmarksomr\u00e5der, der byder p\u00e5 betagende stier og en fantastisk udsigt. Nogle af de mest popul\u00e6re...","og_url":"https:\/\/www.topo-gps.com\/da\/topografisk-kort-over-usa\/","og_site_name":"Topo GPS","article_modified_time":"2023-04-20T05:59:34+00:00","twitter_card":"summary_large_image","twitter_misc":{"Estimeret l\u00e6setid":"6 minutter"},"schema":{"@context":"https:\/\/schema.org","@graph":[{"@type":"WebPage","@id":"https:\/\/www.topo-gps.com\/da\/topografisk-kort-over-usa\/","url":"https:\/\/www.topo-gps.com\/da\/topografisk-kort-over-usa\/","name":"Topografisk kort over USA - Topo GPS","isPartOf":{"@id":"https:\/\/www.topo-gps.com\/da\/#website"},"datePublished":"2022-04-07T11:17:58+00:00","dateModified":"2023-04-20T05:59:34+00:00","breadcrumb":{"@id":"https:\/\/www.topo-gps.com\/da\/topografisk-kort-over-usa\/#breadcrumb"},"inLanguage":"da-DK","potentialAction":[{"@type":"ReadAction","target":["https:\/\/www.topo-gps.com\/da\/topografisk-kort-over-usa\/"]}]},{"@type":"BreadcrumbList","@id":"https:\/\/www.topo-gps.com\/da\/topografisk-kort-over-usa\/#breadcrumb","itemListElement":[{"@type":"ListItem","position":1,"name":"Home","item":"https:\/\/www.topo-gps.com\/da\/topo-gps\/"},{"@type":"ListItem","position":2,"name":"Topografisk kort over USA"}]},{"@type":"WebSite","@id":"https:\/\/www.topo-gps.com\/da\/#website","url":"https:\/\/www.topo-gps.com\/da\/","name":"Topo GPS","description":"Topographic maps GPS for iPhone, Android, iPad and Apple Watch","potentialAction":[{"@type":"SearchAction","target":{"@type":"EntryPoint","urlTemplate":"https:\/\/www.topo-gps.com\/da\/?s={search_term_string}"},"query-input":{"@type":"PropertyValueSpecification","valueRequired":true,"valueName":"search_term_string"}}],"inLanguage":"da-DK"}]}},"_links":{"self":[{"href":"https:\/\/www.topo-gps.com\/da\/wp-json\/wp\/v2\/pages\/17426","targetHints":{"allow":["GET"]}}],"collection":[{"href":"https:\/\/www.topo-gps.com\/da\/wp-json\/wp\/v2\/pages"}],"about":[{"href":"https:\/\/www.topo-gps.com\/da\/wp-json\/wp\/v2\/types\/page"}],"author":[{"embeddable":true,"href":"https:\/\/www.topo-gps.com\/da\/wp-json\/wp\/v2\/users\/1"}],"replies":[{"embeddable":true,"href":"https:\/\/www.topo-gps.com\/da\/wp-json\/wp\/v2\/comments?post=17426"}],"version-history":[{"count":0,"href":"https:\/\/www.topo-gps.com\/da\/wp-json\/wp\/v2\/pages\/17426\/revisions"}],"wp:attachment":[{"href":"https:\/\/www.topo-gps.com\/da\/wp-json\/wp\/v2\/media?parent=17426"}],"curies":[{"name":"wp","href":"https:\/\/api.w.org\/{rel}","templated":true}]}}