{"id":6873,"date":"2022-01-31T11:44:09","date_gmt":"2022-01-31T10:44:09","guid":{"rendered":"https:\/\/www.topo-gps.com\/hledat-a-zachranit\/"},"modified":"2022-09-10T10:05:52","modified_gmt":"2022-09-10T09:05:52","slug":"hledat-a-zachranit","status":"publish","type":"page","link":"https:\/\/www.topo-gps.com\/cs\/hledat-a-zachranit\/","title":{"rendered":"Hledat a zachr\u00e1nit"},"content":{"rendered":"<div class=\"wpb-content-wrapper\"><p>[vc_row][vc_column]\r\n        <div class=\"section-title  wow perch-fadeInUp fadeInUp text-center\" data-wow-delay=\"300ms\" data-wow-duration=\"1200ms\">\r\n            <h2 class=\"h2-sm\">Hledat a zachr\u00e1nit<\/h2>\r\n            <p class=\"p-lg\">N\u011bkolik p\u00e1trac\u00edch a z\u00e1chrann\u00fdch t\u00fdm\u016f pou\u017e\u00edv\u00e1 p\u0159i sv\u00fdch operac\u00edch Topo GPS. P\u0159e\u010dt\u011bte si jejich p\u0159\u00edb\u011bhy n\u00ed\u017ee.<\/p>         \r\n        <\/div>[\/vc_column][\/vc_row][vc_row][vc_column width=&#8221;2\/3&#8243;][vc_single_image custom_src=&#8221;https:\/\/www.topo-gps.com\/wp-content\/uploads\/2021\/12\/DSC00793.jpeg&#8221;][\/vc_column][vc_column width=&#8221;1\/3&#8243;]\r\n        <div class=\"wow perch-fadeInUp fadeInUp fbox\" data-wow-delay=\"300ms\" data-wow-duration=\"1200ms\"> \r\n            <div class=\"fbox grey-color-box\">\r\n                <div class=\"grey-color-icon b-icon box-icon-md\"><span class=\" grey-color\"><\/span><\/div>  \r\n                <div class=\"fbox-txt\">    \r\n                    <h5 class=\"h5-sm\">Westport Land Search &amp; Rescue - Nov\u00fd Z\u00e9land<\/h5>\r\n                    <p class=\"grey-color\">Skupina Westport Land Search &amp; Rescue je nad\u0161en\u00fdm u\u017eivatelem aplikace Topo GPS App, kter\u00e1 ji distribuovala v\u0161em \u010dlen\u016fm na\u0161eho t\u00fdmu spr\u00e1vy ter\u00e9nu a incident\u016f.<\/p>\n<p>V situaci p\u00e1tr\u00e1n\u00ed a z\u00e1chrany jsme schopni nechat na\u0161e ter\u00e9nn\u00ed t\u00fdmy vyvolat obecnou oblast p\u00e1tr\u00e1n\u00ed ve sv\u00e9 aplikaci Topo GPS a napl\u00e1novat oblasti, kter\u00e9 maj\u00ed za \u00fakol hledat poh\u0159e\u0161ovan\u00e9 osoby, a proto\u017ee je aplikace dostupn\u00e1 pro pou\u017eit\u00ed offline, jsou schopni zajistit, \u017ee prohledaj\u00ed oblasti, kter\u00e9 jsou konkr\u00e9tn\u011b pov\u011b\u0159eny na\u0161\u00edm t\u00fdmem pro \u0159\u00edzen\u00ed incident\u016f.<\/p>\n<p>Aktivuj\u00ed a zaznamen\u00e1vaj\u00ed sv\u00e9 trasy v ter\u00e9nu, kter\u00e9 mohou b\u00fdt sta\u017eeny zp\u011bt do \u0159\u00edd\u00edc\u00edho t\u00fdmu spolu s jak\u00fdmikoli vod\u00edtky nebo jin\u00fdmi zaj\u00edmav\u00fdmi polo\u017ekami, kter\u00e9 lze ulo\u017eit jako naviga\u010dn\u00ed bod, aby doplnily sv\u00e9 dal\u0161\u00ed samostatn\u00e9 z\u00e1znamy v ter\u00e9nu pomoc\u00ed jejich GPS.<\/p>\n<p>Mnoho na\u0161ich dobrovoln\u00edk\u016f pou\u017e\u00edv\u00e1 aplikaci Topo GPS ve sv\u00e9m osobn\u00edm rekrea\u010dn\u00edm \u010dase, za co\u017e jsme r\u00e1di, proto\u017ee jim to pom\u00e1h\u00e1 sezn\u00e1mit se se v\u0161emi funkcemi dostupn\u00fdmi v aplikaci.<\/p>\r\n                    \r\n                <\/div> \r\n            <\/div>        \r\n        <\/div>[\/vc_column][\/vc_row]<\/p>\n<\/div>","protected":false},"excerpt":{"rendered":"<p>[vc_row][vc_column][\/vc_column][\/vc_row][vc_row][vc_column width=&#8221;2\/3&#8243;][vc_single_image custom_src=&#8221;https:\/\/www.topo-gps.com\/wp-content\/uploads\/2021\/12\/DSC00793.jpeg&#8221;][\/vc_column][vc_column width=&#8221;1\/3&#8243;][\/vc_column][\/vc_row]<\/p>\n","protected":false},"author":1,"featured_media":0,"parent":0,"menu_order":0,"comment_status":"closed","ping_status":"closed","template":"","meta":{"footnotes":""},"class_list":["post-6873","page","type-page","status-publish","hentry","no-post-thumbnail"],"yoast_head":"<!-- This site is optimized with the Yoast SEO plugin v27.6 - https:\/\/yoast.com\/product\/yoast-seo-wordpress\/ -->\n<title>Hledat a zachr\u00e1nit - Topo GPS<\/title>\n<meta name=\"robots\" content=\"index, follow, max-snippet:-1, max-image-preview:large, max-video-preview:-1\" \/>\n<link rel=\"canonical\" href=\"https:\/\/www.topo-gps.com\/cs\/hledat-a-zachranit\/\" \/>\n<meta property=\"og:locale\" content=\"cs_CZ\" \/>\n<meta property=\"og:type\" content=\"article\" \/>\n<meta property=\"og:title\" content=\"Hledat a zachr\u00e1nit - Topo GPS\" \/>\n<meta property=\"og:description\" content=\"[vc_row][vc_column][\/vc_column][\/vc_row][vc_row][vc_column width=&#8221;2\/3&#8243;][vc_single_image custom_src=&#8221;https:\/\/www.topo-gps.com\/wp-content\/uploads\/2021\/12\/DSC00793.jpeg&#8221;][\/vc_column][vc_column width=&#8221;1\/3&#8243;][\/vc_column][\/vc_row]\" \/>\n<meta property=\"og:url\" content=\"https:\/\/www.topo-gps.com\/cs\/hledat-a-zachranit\/\" \/>\n<meta property=\"og:site_name\" content=\"Topo GPS\" \/>\n<meta property=\"article:modified_time\" content=\"2022-09-10T09:05:52+00:00\" \/>\n<meta name=\"twitter:card\" content=\"summary_large_image\" \/>\n<meta name=\"twitter:label1\" content=\"Odhadovan\u00e1 doba \u010dten\u00ed\" \/>\n\t<meta name=\"twitter:data1\" content=\"1 minuta\" \/>\n<script type=\"application\/ld+json\" class=\"yoast-schema-graph\">{\"@context\":\"https:\\\/\\\/schema.org\",\"@graph\":[{\"@type\":\"WebPage\",\"@id\":\"https:\\\/\\\/www.topo-gps.com\\\/cs\\\/hledat-a-zachranit\\\/\",\"url\":\"https:\\\/\\\/www.topo-gps.com\\\/cs\\\/hledat-a-zachranit\\\/\",\"name\":\"Hledat a zachr\u00e1nit - Topo GPS\",\"isPartOf\":{\"@id\":\"https:\\\/\\\/www.topo-gps.com\\\/cs\\\/#website\"},\"datePublished\":\"2022-01-31T10:44:09+00:00\",\"dateModified\":\"2022-09-10T09:05:52+00:00\",\"breadcrumb\":{\"@id\":\"https:\\\/\\\/www.topo-gps.com\\\/cs\\\/hledat-a-zachranit\\\/#breadcrumb\"},\"inLanguage\":\"cs\",\"potentialAction\":[{\"@type\":\"ReadAction\",\"target\":[\"https:\\\/\\\/www.topo-gps.com\\\/cs\\\/hledat-a-zachranit\\\/\"]}]},{\"@type\":\"BreadcrumbList\",\"@id\":\"https:\\\/\\\/www.topo-gps.com\\\/cs\\\/hledat-a-zachranit\\\/#breadcrumb\",\"itemListElement\":[{\"@type\":\"ListItem\",\"position\":1,\"name\":\"Home\",\"item\":\"https:\\\/\\\/www.topo-gps.com\\\/cs\\\/topo-gps\\\/\"},{\"@type\":\"ListItem\",\"position\":2,\"name\":\"Hledat a zachr\u00e1nit\"}]},{\"@type\":\"WebSite\",\"@id\":\"https:\\\/\\\/www.topo-gps.com\\\/cs\\\/#website\",\"url\":\"https:\\\/\\\/www.topo-gps.com\\\/cs\\\/\",\"name\":\"Topo GPS\",\"description\":\"Topographic maps GPS for iPhone, Android, iPad and Apple Watch\",\"potentialAction\":[{\"@type\":\"SearchAction\",\"target\":{\"@type\":\"EntryPoint\",\"urlTemplate\":\"https:\\\/\\\/www.topo-gps.com\\\/cs\\\/?s={search_term_string}\"},\"query-input\":{\"@type\":\"PropertyValueSpecification\",\"valueRequired\":true,\"valueName\":\"search_term_string\"}}],\"inLanguage\":\"cs\"}]}<\/script>\n<!-- \/ Yoast SEO plugin. -->","yoast_head_json":{"title":"Hledat a zachr\u00e1nit - Topo GPS","robots":{"index":"index","follow":"follow","max-snippet":"max-snippet:-1","max-image-preview":"max-image-preview:large","max-video-preview":"max-video-preview:-1"},"canonical":"https:\/\/www.topo-gps.com\/cs\/hledat-a-zachranit\/","og_locale":"cs_CZ","og_type":"article","og_title":"Hledat a zachr\u00e1nit - Topo GPS","og_description":"[vc_row][vc_column][\/vc_column][\/vc_row][vc_row][vc_column width=&#8221;2\/3&#8243;][vc_single_image custom_src=&#8221;https:\/\/www.topo-gps.com\/wp-content\/uploads\/2021\/12\/DSC00793.jpeg&#8221;][\/vc_column][vc_column width=&#8221;1\/3&#8243;][\/vc_column][\/vc_row]","og_url":"https:\/\/www.topo-gps.com\/cs\/hledat-a-zachranit\/","og_site_name":"Topo GPS","article_modified_time":"2022-09-10T09:05:52+00:00","twitter_card":"summary_large_image","twitter_misc":{"Odhadovan\u00e1 doba \u010dten\u00ed":"1 minuta"},"schema":{"@context":"https:\/\/schema.org","@graph":[{"@type":"WebPage","@id":"https:\/\/www.topo-gps.com\/cs\/hledat-a-zachranit\/","url":"https:\/\/www.topo-gps.com\/cs\/hledat-a-zachranit\/","name":"Hledat a zachr\u00e1nit - Topo GPS","isPartOf":{"@id":"https:\/\/www.topo-gps.com\/cs\/#website"},"datePublished":"2022-01-31T10:44:09+00:00","dateModified":"2022-09-10T09:05:52+00:00","breadcrumb":{"@id":"https:\/\/www.topo-gps.com\/cs\/hledat-a-zachranit\/#breadcrumb"},"inLanguage":"cs","potentialAction":[{"@type":"ReadAction","target":["https:\/\/www.topo-gps.com\/cs\/hledat-a-zachranit\/"]}]},{"@type":"BreadcrumbList","@id":"https:\/\/www.topo-gps.com\/cs\/hledat-a-zachranit\/#breadcrumb","itemListElement":[{"@type":"ListItem","position":1,"name":"Home","item":"https:\/\/www.topo-gps.com\/cs\/topo-gps\/"},{"@type":"ListItem","position":2,"name":"Hledat a zachr\u00e1nit"}]},{"@type":"WebSite","@id":"https:\/\/www.topo-gps.com\/cs\/#website","url":"https:\/\/www.topo-gps.com\/cs\/","name":"Topo GPS","description":"Topographic maps GPS for iPhone, Android, iPad and Apple Watch","potentialAction":[{"@type":"SearchAction","target":{"@type":"EntryPoint","urlTemplate":"https:\/\/www.topo-gps.com\/cs\/?s={search_term_string}"},"query-input":{"@type":"PropertyValueSpecification","valueRequired":true,"valueName":"search_term_string"}}],"inLanguage":"cs"}]}},"_links":{"self":[{"href":"https:\/\/www.topo-gps.com\/cs\/wp-json\/wp\/v2\/pages\/6873","targetHints":{"allow":["GET"]}}],"collection":[{"href":"https:\/\/www.topo-gps.com\/cs\/wp-json\/wp\/v2\/pages"}],"about":[{"href":"https:\/\/www.topo-gps.com\/cs\/wp-json\/wp\/v2\/types\/page"}],"author":[{"embeddable":true,"href":"https:\/\/www.topo-gps.com\/cs\/wp-json\/wp\/v2\/users\/1"}],"replies":[{"embeddable":true,"href":"https:\/\/www.topo-gps.com\/cs\/wp-json\/wp\/v2\/comments?post=6873"}],"version-history":[{"count":0,"href":"https:\/\/www.topo-gps.com\/cs\/wp-json\/wp\/v2\/pages\/6873\/revisions"}],"wp:attachment":[{"href":"https:\/\/www.topo-gps.com\/cs\/wp-json\/wp\/v2\/media?parent=6873"}],"curies":[{"name":"wp","href":"https:\/\/api.w.org\/{rel}","templated":true}]}}