{"id":6500,"date":"2022-01-29T20:42:02","date_gmt":"2022-01-29T19:42:02","guid":{"rendered":"http:\/\/test.topo-gps.com\/podminky-pouziti\/"},"modified":"2022-02-06T21:21:38","modified_gmt":"2022-02-06T20:21:38","slug":"podminky-pouziti","status":"publish","type":"page","link":"https:\/\/www.topo-gps.com\/cs\/podminky-pouziti\/","title":{"rendered":"Podm\u00ednky pou\u017eit\u00ed"},"content":{"rendered":"<div class=\"wpb-content-wrapper\"><p>[vc_section][vc_row][vc_column]\r\n        <div class=\"section-title  wow perch-fadeInUp fadeInUp text-center\" data-wow-delay=\"300ms\" data-wow-duration=\"1200ms\">\r\n            <h2 class=\"h2-sm\">Podm\u00ednky pou\u017eit\u00ed<\/h2>\r\n                     \r\n        <\/div>[\/vc_column][\/vc_row][vc_row][vc_column][vc_column_text]Pokud pou\u017e\u00edv\u00e1te Topo GPS na za\u0159\u00edzen\u00edch Apple, krom\u011b bod\u016f uveden\u00fdch n\u00ed\u017ee plat\u00ed <a href=\"https:\/\/www.apple.com\/legal\/internet-services\/itunes\/dev\/stdeula\/\">licen\u010dn\u00ed smlouva s koncov\u00fdm u\u017eivatelem licencovan\u00e9 aplikace AppStore<\/a> .<\/p>\n<p>Pokud pou\u017e\u00edv\u00e1te Topo GPS na za\u0159\u00edzen\u00edch Android, krom\u011b bod\u016f uveden\u00fdch n\u00ed\u017ee plat\u00ed <a href=\"https:\/\/play.google.com\/about\/play-terms\/\">podm\u00ednky obchodu Google Play<\/a> .<\/p>\n<p>Pokud pou\u017e\u00edv\u00e1te aplikaci Topo GPS, d\u011bl\u00e1te to na vlastn\u00ed nebezpe\u010d\u00ed. Neneseme odpov\u011bdnost za \u017e\u00e1dn\u00e9 \u0161kody zp\u016fsoben\u00e9 pou\u017e\u00edv\u00e1n\u00edm aplikace.<\/p>\n<p>Mapy, kter\u00e9 se pou\u017e\u00edvaj\u00ed v r\u00e1mci Topo GPS, nesm\u00ed b\u00fdt \u017e\u00e1dn\u00fdm zp\u016fsobem distribuov\u00e1ny, o\u010dek\u00e1vejte, \u017ee to licence na mapy v\u00fdslovn\u011b umo\u017e\u0148uje. Chcete-li zobrazit licenci mapy, klepn\u011bte na informace o autorsk\u00fdch pr\u00e1vech mapy ve spodn\u00ed \u010d\u00e1sti.<\/p>\n<p>Pokud sd\u00edl\u00edte svou trasu s Topo GPS, trasa a p\u0159\u00edpadn\u00e9 fotografie budou dostupn\u00e9 ostatn\u00edm u\u017eivatel\u016fm Topo GPS. Topo GPS m\u016f\u017ee tak\u00e9 pou\u017e\u00edvat a distribuovat tyto trasy a fotografie na sv\u00fdch webov\u00fdch str\u00e1nk\u00e1ch. Pokud chcete pou\u017e\u00edt k odstran\u011bn\u00ed va\u0161\u00ed sd\u00edlen\u00e9 trasy, mus\u00edte n\u00e1m poslat zpr\u00e1vu.[\/vc_column_text][\/vc_column][\/vc_row][\/vc_section]<\/p>\n<\/div>","protected":false},"excerpt":{"rendered":"<p>[vc_section][vc_row][vc_column][\/vc_column][\/vc_row][vc_row][vc_column][vc_column_text]Pokud pou\u017e\u00edv\u00e1te Topo GPS na za\u0159\u00edzen\u00edch Apple, krom\u011b bod\u016f uveden\u00fdch n\u00ed\u017ee plat\u00ed licen\u010dn\u00ed smlouva s koncov\u00fdm u\u017eivatelem licencovan\u00e9 aplikace AppStore . Pokud pou\u017e\u00edv\u00e1te Topo GPS na za\u0159\u00edzen\u00edch Android, krom\u011b bod\u016f uveden\u00fdch n\u00ed\u017ee plat\u00ed podm\u00ednky obchodu Google Play . Pokud pou\u017e\u00edv\u00e1te aplikaci Topo GPS, d\u011bl\u00e1te to na vlastn\u00ed nebezpe\u010d\u00ed. Neneseme odpov\u011bdnost za \u017e\u00e1dn\u00e9 \u0161kody zp\u016fsoben\u00e9 pou\u017e\u00edv\u00e1n\u00edm aplikace. Mapy, kter\u00e9 se pou\u017e\u00edvaj\u00ed v r\u00e1mci Topo GPS, nesm\u00ed b\u00fdt \u017e\u00e1dn\u00fdm zp\u016fsobem distribuov\u00e1ny, o\u010dek\u00e1vejte, \u017ee to licence na mapy v\u00fdslovn\u011b umo\u017e\u0148uje. Chcete-li zobrazit licenci mapy, klepn\u011bte na informace o autorsk\u00fdch pr\u00e1vech mapy ve spodn\u00ed \u010d\u00e1sti. Pokud sd\u00edl\u00edte svou trasu s Topo GPS, trasa a&#8230;<\/p>\n","protected":false},"author":1,"featured_media":0,"parent":0,"menu_order":0,"comment_status":"closed","ping_status":"closed","template":"","meta":{"footnotes":""},"class_list":["post-6500","page","type-page","status-publish","hentry","no-post-thumbnail"],"yoast_head":"<!-- This site is optimized with the Yoast SEO plugin v27.5 - https:\/\/yoast.com\/product\/yoast-seo-wordpress\/ -->\n<title>Podm\u00ednky pou\u017eit\u00ed - Topo GPS<\/title>\n<meta name=\"robots\" content=\"index, follow, max-snippet:-1, max-image-preview:large, max-video-preview:-1\" \/>\n<link rel=\"canonical\" href=\"https:\/\/www.topo-gps.com\/cs\/podminky-pouziti\/\" \/>\n<meta property=\"og:locale\" content=\"cs_CZ\" \/>\n<meta property=\"og:type\" content=\"article\" \/>\n<meta property=\"og:title\" content=\"Podm\u00ednky pou\u017eit\u00ed - Topo GPS\" \/>\n<meta property=\"og:description\" content=\"[vc_section][vc_row][vc_column][\/vc_column][\/vc_row][vc_row][vc_column][vc_column_text]Pokud pou\u017e\u00edv\u00e1te Topo GPS na za\u0159\u00edzen\u00edch Apple, krom\u011b bod\u016f uveden\u00fdch n\u00ed\u017ee plat\u00ed licen\u010dn\u00ed smlouva s koncov\u00fdm u\u017eivatelem licencovan\u00e9 aplikace AppStore . Pokud pou\u017e\u00edv\u00e1te Topo GPS na za\u0159\u00edzen\u00edch Android, krom\u011b bod\u016f uveden\u00fdch n\u00ed\u017ee plat\u00ed podm\u00ednky obchodu Google Play . Pokud pou\u017e\u00edv\u00e1te aplikaci Topo GPS, d\u011bl\u00e1te to na vlastn\u00ed nebezpe\u010d\u00ed. Neneseme odpov\u011bdnost za \u017e\u00e1dn\u00e9 \u0161kody zp\u016fsoben\u00e9 pou\u017e\u00edv\u00e1n\u00edm aplikace. Mapy, kter\u00e9 se pou\u017e\u00edvaj\u00ed v r\u00e1mci Topo GPS, nesm\u00ed b\u00fdt \u017e\u00e1dn\u00fdm zp\u016fsobem distribuov\u00e1ny, o\u010dek\u00e1vejte, \u017ee to licence na mapy v\u00fdslovn\u011b umo\u017e\u0148uje. Chcete-li zobrazit licenci mapy, klepn\u011bte na informace o autorsk\u00fdch pr\u00e1vech mapy ve spodn\u00ed \u010d\u00e1sti. Pokud sd\u00edl\u00edte svou trasu s Topo GPS, trasa a...\" \/>\n<meta property=\"og:url\" content=\"https:\/\/www.topo-gps.com\/cs\/podminky-pouziti\/\" \/>\n<meta property=\"og:site_name\" content=\"Topo GPS\" \/>\n<meta property=\"article:modified_time\" content=\"2022-02-06T20:21:38+00:00\" \/>\n<meta name=\"twitter:card\" content=\"summary_large_image\" \/>\n<meta name=\"twitter:label1\" content=\"Odhadovan\u00e1 doba \u010dten\u00ed\" \/>\n\t<meta name=\"twitter:data1\" content=\"1 minuta\" \/>\n<script type=\"application\/ld+json\" class=\"yoast-schema-graph\">{\"@context\":\"https:\\\/\\\/schema.org\",\"@graph\":[{\"@type\":\"WebPage\",\"@id\":\"https:\\\/\\\/www.topo-gps.com\\\/cs\\\/podminky-pouziti\\\/\",\"url\":\"https:\\\/\\\/www.topo-gps.com\\\/cs\\\/podminky-pouziti\\\/\",\"name\":\"Podm\u00ednky pou\u017eit\u00ed - Topo GPS\",\"isPartOf\":{\"@id\":\"https:\\\/\\\/www.topo-gps.com\\\/cs\\\/#website\"},\"datePublished\":\"2022-01-29T19:42:02+00:00\",\"dateModified\":\"2022-02-06T20:21:38+00:00\",\"breadcrumb\":{\"@id\":\"https:\\\/\\\/www.topo-gps.com\\\/cs\\\/podminky-pouziti\\\/#breadcrumb\"},\"inLanguage\":\"cs\",\"potentialAction\":[{\"@type\":\"ReadAction\",\"target\":[\"https:\\\/\\\/www.topo-gps.com\\\/cs\\\/podminky-pouziti\\\/\"]}]},{\"@type\":\"BreadcrumbList\",\"@id\":\"https:\\\/\\\/www.topo-gps.com\\\/cs\\\/podminky-pouziti\\\/#breadcrumb\",\"itemListElement\":[{\"@type\":\"ListItem\",\"position\":1,\"name\":\"Home\",\"item\":\"https:\\\/\\\/www.topo-gps.com\\\/cs\\\/topo-gps\\\/\"},{\"@type\":\"ListItem\",\"position\":2,\"name\":\"Podm\u00ednky pou\u017eit\u00ed\"}]},{\"@type\":\"WebSite\",\"@id\":\"https:\\\/\\\/www.topo-gps.com\\\/cs\\\/#website\",\"url\":\"https:\\\/\\\/www.topo-gps.com\\\/cs\\\/\",\"name\":\"Topo GPS\",\"description\":\"Topographic maps GPS for iPhone, Android, iPad and Apple Watch\",\"potentialAction\":[{\"@type\":\"SearchAction\",\"target\":{\"@type\":\"EntryPoint\",\"urlTemplate\":\"https:\\\/\\\/www.topo-gps.com\\\/cs\\\/?s={search_term_string}\"},\"query-input\":{\"@type\":\"PropertyValueSpecification\",\"valueRequired\":true,\"valueName\":\"search_term_string\"}}],\"inLanguage\":\"cs\"}]}<\/script>\n<!-- \/ Yoast SEO plugin. -->","yoast_head_json":{"title":"Podm\u00ednky pou\u017eit\u00ed - Topo GPS","robots":{"index":"index","follow":"follow","max-snippet":"max-snippet:-1","max-image-preview":"max-image-preview:large","max-video-preview":"max-video-preview:-1"},"canonical":"https:\/\/www.topo-gps.com\/cs\/podminky-pouziti\/","og_locale":"cs_CZ","og_type":"article","og_title":"Podm\u00ednky pou\u017eit\u00ed - Topo GPS","og_description":"[vc_section][vc_row][vc_column][\/vc_column][\/vc_row][vc_row][vc_column][vc_column_text]Pokud pou\u017e\u00edv\u00e1te Topo GPS na za\u0159\u00edzen\u00edch Apple, krom\u011b bod\u016f uveden\u00fdch n\u00ed\u017ee plat\u00ed licen\u010dn\u00ed smlouva s koncov\u00fdm u\u017eivatelem licencovan\u00e9 aplikace AppStore . Pokud pou\u017e\u00edv\u00e1te Topo GPS na za\u0159\u00edzen\u00edch Android, krom\u011b bod\u016f uveden\u00fdch n\u00ed\u017ee plat\u00ed podm\u00ednky obchodu Google Play . Pokud pou\u017e\u00edv\u00e1te aplikaci Topo GPS, d\u011bl\u00e1te to na vlastn\u00ed nebezpe\u010d\u00ed. Neneseme odpov\u011bdnost za \u017e\u00e1dn\u00e9 \u0161kody zp\u016fsoben\u00e9 pou\u017e\u00edv\u00e1n\u00edm aplikace. Mapy, kter\u00e9 se pou\u017e\u00edvaj\u00ed v r\u00e1mci Topo GPS, nesm\u00ed b\u00fdt \u017e\u00e1dn\u00fdm zp\u016fsobem distribuov\u00e1ny, o\u010dek\u00e1vejte, \u017ee to licence na mapy v\u00fdslovn\u011b umo\u017e\u0148uje. Chcete-li zobrazit licenci mapy, klepn\u011bte na informace o autorsk\u00fdch pr\u00e1vech mapy ve spodn\u00ed \u010d\u00e1sti. Pokud sd\u00edl\u00edte svou trasu s Topo GPS, trasa a...","og_url":"https:\/\/www.topo-gps.com\/cs\/podminky-pouziti\/","og_site_name":"Topo GPS","article_modified_time":"2022-02-06T20:21:38+00:00","twitter_card":"summary_large_image","twitter_misc":{"Odhadovan\u00e1 doba \u010dten\u00ed":"1 minuta"},"schema":{"@context":"https:\/\/schema.org","@graph":[{"@type":"WebPage","@id":"https:\/\/www.topo-gps.com\/cs\/podminky-pouziti\/","url":"https:\/\/www.topo-gps.com\/cs\/podminky-pouziti\/","name":"Podm\u00ednky pou\u017eit\u00ed - Topo GPS","isPartOf":{"@id":"https:\/\/www.topo-gps.com\/cs\/#website"},"datePublished":"2022-01-29T19:42:02+00:00","dateModified":"2022-02-06T20:21:38+00:00","breadcrumb":{"@id":"https:\/\/www.topo-gps.com\/cs\/podminky-pouziti\/#breadcrumb"},"inLanguage":"cs","potentialAction":[{"@type":"ReadAction","target":["https:\/\/www.topo-gps.com\/cs\/podminky-pouziti\/"]}]},{"@type":"BreadcrumbList","@id":"https:\/\/www.topo-gps.com\/cs\/podminky-pouziti\/#breadcrumb","itemListElement":[{"@type":"ListItem","position":1,"name":"Home","item":"https:\/\/www.topo-gps.com\/cs\/topo-gps\/"},{"@type":"ListItem","position":2,"name":"Podm\u00ednky pou\u017eit\u00ed"}]},{"@type":"WebSite","@id":"https:\/\/www.topo-gps.com\/cs\/#website","url":"https:\/\/www.topo-gps.com\/cs\/","name":"Topo GPS","description":"Topographic maps GPS for iPhone, Android, iPad and Apple Watch","potentialAction":[{"@type":"SearchAction","target":{"@type":"EntryPoint","urlTemplate":"https:\/\/www.topo-gps.com\/cs\/?s={search_term_string}"},"query-input":{"@type":"PropertyValueSpecification","valueRequired":true,"valueName":"search_term_string"}}],"inLanguage":"cs"}]}},"_links":{"self":[{"href":"https:\/\/www.topo-gps.com\/cs\/wp-json\/wp\/v2\/pages\/6500","targetHints":{"allow":["GET"]}}],"collection":[{"href":"https:\/\/www.topo-gps.com\/cs\/wp-json\/wp\/v2\/pages"}],"about":[{"href":"https:\/\/www.topo-gps.com\/cs\/wp-json\/wp\/v2\/types\/page"}],"author":[{"embeddable":true,"href":"https:\/\/www.topo-gps.com\/cs\/wp-json\/wp\/v2\/users\/1"}],"replies":[{"embeddable":true,"href":"https:\/\/www.topo-gps.com\/cs\/wp-json\/wp\/v2\/comments?post=6500"}],"version-history":[{"count":0,"href":"https:\/\/www.topo-gps.com\/cs\/wp-json\/wp\/v2\/pages\/6500\/revisions"}],"wp:attachment":[{"href":"https:\/\/www.topo-gps.com\/cs\/wp-json\/wp\/v2\/media?parent=6500"}],"curies":[{"name":"wp","href":"https:\/\/api.w.org\/{rel}","templated":true}]}}