{"id":5068,"date":"2021-11-20T17:28:46","date_gmt":"2021-11-20T16:28:46","guid":{"rendered":"http:\/\/test.topo-gps.com\/prohlaseni-o-ochrane-soukromi\/"},"modified":"2022-03-01T12:32:04","modified_gmt":"2022-03-01T11:32:04","slug":"prohlaseni-o-ochrane-soukromi","status":"publish","type":"page","link":"https:\/\/www.topo-gps.com\/cs\/prohlaseni-o-ochrane-soukromi\/","title":{"rendered":"Z\u00e1sady ochrany osobn\u00edch \u00fadaj\u016f"},"content":{"rendered":"<div class=\"wpb-content-wrapper\"><p>[vc_section parallax_image_attachment=&#8221;inherit&#8221; padding_class=&#8221;wide-0&#8243; css=&#8221;.vc_custom_1543574872456{margin-top: 180px !important;margin-bottom: 45px !important;}&#8221; el_id=&#8221;terms-page&#8221;][vc_row parallax_image_attachment=&#8221;inherit&#8221; el_class=&#8221;terms-box&#8221;][vc_column width=&#8221;1\/12&#8243;][\/vc_column][vc_column width=&#8221;5\/6&#8243;]\r\n        <div class=\" wow perch-fadeInUp fadeInUp\" data-wow-delay=\"300ms\" data-wow-duration=\"1200ms\"> \r\n                   \r\n                   \r\n            <h4 class=\"Default h4-sm none os-version\">Tyto z\u00e1sady ochrany osobn\u00edch \u00fadaj\u016f jsou platn\u00e9 od b\u0159ezna 2021<\/h4>\r\n                     \r\n        <\/div>\r\n        <div class=\" wow perch-fadeInUp fadeInUp\" data-wow-delay=\"300ms\" data-wow-duration=\"1200ms\"> \r\n                   \r\n                   \r\n            <p class=\"Default p-md none os-version\">V p\u0159\u00edpad\u011b pot\u0159eby m\u016f\u017eeme aktualizovat na\u0161e z\u00e1sady ochrany osobn\u00edch \u00fadaj\u016f a zve\u0159ejn\u00edme je na https:\/\/www.topo-gps.com\/privacy-policy.<\/p>\r\n                     \r\n        <\/div>[\/vc_column][vc_column width=&#8221;1\/12&#8243;][\/vc_column][\/vc_row][vc_row parallax_image_attachment=&#8221;inherit&#8221; css=&#8221;.vc_custom_1543997765635{margin-top: -20px !important;}&#8221; el_class=&#8221;terms-box&#8221;][vc_column width=&#8221;1\/12&#8243;][\/vc_column][vc_column width=&#8221;5\/6&#8243;]\r\n        <div class=\" vc_custom_1637422763887  wow perch-fadeInUp fadeInUp\" data-wow-delay=\"300ms\" data-wow-duration=\"1200ms\"> \r\n                   \r\n                   \r\n            <h4 class=\"Default h4-sm none os-version\">Aplikace Topo GPS<\/h4>\r\n                     \r\n        <\/div>\r\n        <div class=\" wow perch-fadeInUp fadeInUp\" data-wow-delay=\"300ms\" data-wow-duration=\"1200ms\"> \r\n                   \r\n                   \r\n            \r\n            <p class=\"p-md os-version\">Va\u0161e soukrom\u00ed je pro n\u00e1s velmi d\u016fle\u017eit\u00e9. Proto neshroma\u017e\u010fujeme, neukl\u00e1d\u00e1me ani nesd\u00edl\u00edme \u017e\u00e1dn\u00e9 osobn\u00ed \u00fadaje o u\u017eivateli (jako je poloha, jm\u00e9no, ip-adresa a dal\u0161\u00ed), krom\u011b t\u011bch, kter\u00e9 n\u00e1m dobrovoln\u011b poskytnete prost\u0159ednictv\u00edm e-mailu, kontaktn\u00edho formul\u00e1\u0159e na na\u0161em webu, nebo sd\u00edlen\u00edm trasy.<\/p>         \r\n        <\/div>\r\n        <div class=\" wow perch-fadeInUp fadeInUp\" data-wow-delay=\"300ms\" data-wow-duration=\"1200ms\"> \r\n                   \r\n                   \r\n            \r\n            <p class=\"p-md os-version\">K pou\u017e\u00edv\u00e1n\u00ed aplikace Topo GPS si nemus\u00edte vytvo\u0159it \u00fa\u010det, tak\u017ee v\u00e1s nem\u016f\u017eeme identifikovat pomoc\u00ed informac\u00ed o \u00fa\u010dtu.<\/p>         \r\n        <\/div>\r\n        <div class=\" wow perch-fadeInUp fadeInUp\" data-wow-delay=\"300ms\" data-wow-duration=\"1200ms\"> \r\n                   \r\n                   \r\n            \r\n            <p class=\"p-md os-version\">Ve\u0161ker\u00fd internetov\u00fd provoz z aplikace Topo GPS je \u0161ifrov\u00e1n pomoc\u00ed https s v\u00fdjimkou pl\u00e1nov\u00e1n\u00ed tras p\u0159es Top10NL routeplanner v Nizozemsku.<\/p>         \r\n        <\/div>\r\n        <div class=\" wow perch-fadeInUp fadeInUp\" data-wow-delay=\"300ms\" data-wow-duration=\"1200ms\"> \r\n                   \r\n                   \r\n            \r\n            <p class=\"p-md os-version\">Pokud sd\u00edl\u00edte trasu s Topo GPS, trasa, metadata trasy a identifik\u00e1tor za\u0159\u00edzen\u00ed budou ulo\u017eeny na serveru Topo GPS. Trasa a metadata trasy budou zp\u0159\u00edstupn\u011bny ostatn\u00edm u\u017eivatel\u016fm v aplikaci Topo GPS a na na\u0161em webu. Identifik\u00e1tor za\u0159\u00edzen\u00ed je viditeln\u00fd pouze pro n\u00e1s a pom\u00e1h\u00e1 n\u00e1m identifikovat, kter\u00e9 trasy byly nahr\u00e1ny ze stejn\u00e9ho za\u0159\u00edzen\u00ed. Metadata trasy mohou obsahovat va\u0161e jm\u00e9no a e-mailovou adresu, pokud jste tyto informace p\u0159idali do trasy. Pokud chcete, abychom z na\u0161\u00ed datab\u00e1ze a webu odstranili trasu, kterou jste sd\u00edleli s Topo GPS, mus\u00edte poslat zpr\u00e1vu na support_at_topo-gps_dot_com.<\/p>         \r\n        <\/div>\r\n        <div class=\" wow perch-fadeInUp fadeInUp\" data-wow-delay=\"300ms\" data-wow-duration=\"1200ms\"> \r\n                   \r\n                   \r\n            \r\n            <p class=\"p-md os-version\">Pokud si prohl\u00ed\u017e\u00edte mapu, dla\u017edice mapy se st\u00e1hnou ze serveru. K poskytov\u00e1n\u00ed mapov\u00fdch dla\u017edic vyu\u017e\u00edv\u00e1me tyto slu\u017eby: Amazon CloudFront, CDN77 a GeoFabrik. Prost\u0159ednictv\u00edm t\u011bchto slu\u017eeb nejsme schopni z\u00edskat va\u0161i IP adresu.<\/p>         \r\n        <\/div>\r\n        <div class=\" wow perch-fadeInUp fadeInUp\" data-wow-delay=\"300ms\" data-wow-duration=\"1200ms\"> \r\n                   \r\n                   \r\n            \r\n            <p class=\"p-md os-version\">Pokud napl\u00e1nujete trasu, trasa se vypo\u010d\u00edt\u00e1 bu\u010f m\u00edstn\u011b na va\u0161em za\u0159\u00edzen\u00ed, nebo prost\u0159ednictv\u00edm rozhran\u00ed GraphHopper directions API nebo prost\u0159ednictv\u00edm slu\u017eby Topo GPS routeplanner. Prost\u0159ednictv\u00edm pl\u00e1nov\u00e1n\u00ed trasy se do slu\u017eby pl\u00e1nova\u010de trasy odes\u00edlaj\u00ed pouze body trasy a dopravn\u00ed prost\u0159edky. Neukl\u00e1d\u00e1me va\u0161e pl\u00e1novan\u00e9 trasy a IP adresu. GraphHopper ukl\u00e1d\u00e1 v\u00e1\u0161 po\u017eadavek na trasu v\u010detn\u011b \u010dasu a va\u0161\u00ed IP adresy po dobu maxim\u00e1ln\u011b 5 t\u00fddn\u016f podle z\u00e1sad ochrany osobn\u00edch \u00fadaj\u016f GraphHopper.<\/p>         \r\n        <\/div>[\/vc_column][vc_column width=&#8221;1\/12&#8243;][\/vc_column][\/vc_row][vc_row][vc_column width=&#8221;1\/12&#8243;][\/vc_column][vc_column width=&#8221;5\/6&#8243;]\r\n        <div class=\" wow perch-fadeInUp fadeInUp\" data-wow-delay=\"300ms\" data-wow-duration=\"1200ms\"> \r\n                   \r\n                   \r\n            <h4 class=\"Default h4-sm none os-version\">iOS<\/h4>\r\n            <p class=\"p-md os-version\">Prohl\u00e1\u0161en\u00ed v t\u00e9to \u010d\u00e1sti plat\u00ed pouze pro iOS verzi Topo GPS.<\/p>         \r\n        <\/div>\r\n        <div class=\" vc_custom_1637423069733  wow perch-fadeInUp fadeInUp\" data-wow-delay=\"300ms\" data-wow-duration=\"1200ms\"> \r\n                   \r\n                   \r\n            \r\n            <p class=\"p-md os-version\">Pokud povol\u00edte synchronizaci tras a trasov\u00fdch bod\u016f p\u0159es iCloud, v\u0161echny va\u0161e trasy a trasov\u00e9 body se ulo\u017e\u00ed na iCloud. Pokud chcete z iCloudu odstranit sv\u00e9 trasy a pr\u016fjezdn\u00ed body, m\u016f\u017eete v nastaven\u00ed Topo GPS deaktivovat synchronizaci s iCloudem. Objev\u00ed se vyskakovac\u00ed okno, kter\u00e9 umo\u017e\u0148uje odstranit v\u0161echna data trasy a naviga\u010dn\u00edch bod\u016f z iCloud.<\/p>         \r\n        <\/div>\r\n        <div class=\" vc_custom_1637423115349  wow perch-fadeInUp fadeInUp\" data-wow-delay=\"300ms\" data-wow-duration=\"1200ms\"> \r\n                   \r\n                   \r\n            \r\n            <p class=\"p-md os-version\">Pokud provedete n\u00e1kup v Topo GPS, ulo\u017e\u00edme potvrzen\u00ed o va\u0161em n\u00e1kupu na na\u0161ich serverech z analytick\u00fdch d\u016fvod\u016f. Tato \u00fa\u010dtenka obsahuje identifik\u00e1tory transakce, druh zakoupen\u00e9ho produktu v aplikaci a \u010das n\u00e1kupu.<\/p>         \r\n        <\/div>\r\n        <div class=\" vc_custom_1637423130400  wow perch-fadeInUp fadeInUp\" data-wow-delay=\"300ms\" data-wow-duration=\"1200ms\"> \r\n                   \r\n                   \r\n            \r\n            <p class=\"p-md os-version\">S v\u00fdjimkou p\u0159\u00edpadu uveden\u00e9ho v\u00fd\u0161e nesledujeme va\u0161e pou\u017e\u00edv\u00e1n\u00ed aplikace Topo GPS.<\/p>         \r\n        <\/div>\r\n        <div class=\" vc_custom_1637423197958  wow perch-fadeInUp fadeInUp\" data-wow-delay=\"300ms\" data-wow-duration=\"1200ms\"> \r\n                   \r\n                   \r\n            <h4 class=\"Default h4-sm none os-version\">Android<\/h4>\r\n            <p class=\"p-md os-version\">Prohl\u00e1\u0161en\u00ed v t\u00e9to \u010d\u00e1sti plat\u00ed pouze pro verzi Topo GPS pro Android.<\/p>         \r\n        <\/div>\r\n        <div class=\" vc_custom_1637423213136  wow perch-fadeInUp fadeInUp\" data-wow-delay=\"300ms\" data-wow-duration=\"1200ms\"> \r\n                   \r\n                   \r\n            \r\n            <p class=\"p-md os-version\">Pokud si zakoup\u00edte mapov\u00e9 dla\u017edice Francie, Velk\u00e9 Brit\u00e1nie, Belgie nebo \u0160v\u00fdcarska, informace o zakoupen\u00fdch dla\u017edic\u00edch jsou ulo\u017eeny na na\u0161em serveru spolu s \u010d\u00edslem objedn\u00e1vky va\u0161eho n\u00e1kupu, abychom mohli synchronizovat va\u0161e n\u00e1kupy map mezi va\u0161imi za\u0159\u00edzen\u00edmi.<\/p>         \r\n        <\/div>\r\n        <div class=\" vc_custom_1637423232069  wow perch-fadeInUp fadeInUp\" data-wow-delay=\"300ms\" data-wow-duration=\"1200ms\"> \r\n                   \r\n                   \r\n            \r\n            <p class=\"p-md os-version\">Aplikace pou\u017e\u00edv\u00e1 Android SDK, Google Play Services SDK a Google Firebase SDK. Jin\u00e9 extern\u00ed sady SDK nebo knihovny se v aplikaci nepou\u017e\u00edvaj\u00ed.<\/p>         \r\n        <\/div>\r\n        <div class=\" vc_custom_1637423633570  wow perch-fadeInUp fadeInUp\" data-wow-delay=\"300ms\" data-wow-duration=\"1200ms\"> \r\n                   \r\n                   \r\n            \r\n            <p class=\"p-md os-version\">Nesledujeme va\u0161e pou\u017e\u00edv\u00e1n\u00ed aplikace Topo GPS.<\/p>         \r\n        <\/div>\r\n        <div class=\" wow perch-fadeInUp fadeInUp\" data-wow-delay=\"300ms\" data-wow-duration=\"1200ms\"> \r\n                   \r\n                   \r\n            <h4 class=\"Default h4-sm none os-version\">Webov\u00e1 str\u00e1nka Topo GPS<\/h4>\r\n            <p class=\"p-md os-version\">Pokud n\u00e1s kontaktujete prost\u0159ednictv\u00edm e-mailu nebo kontaktn\u00edho formul\u00e1\u0159e na na\u0161ich webov\u00fdch str\u00e1nk\u00e1ch, je va\u0161e e-mailov\u00e1 adresa a p\u0159\u00edpadn\u011b va\u0161e jm\u00e9no ulo\u017eeno v na\u0161em syst\u00e9mu z\u00e1kaznick\u00e9 podpory Zendesk a v Gmailu. Pokud chcete, abychom va\u0161e \u00fadaje trvale odstranili, mus\u00edte odeslat zpr\u00e1vu na adresu support_at_topo-gps_dot_com nebo pou\u017e\u00edt kontaktn\u00ed formul\u00e1\u0159 na na\u0161em webu.<\/p>         \r\n        <\/div>[\/vc_column][vc_column width=&#8221;1\/12&#8243;][\/vc_column][\/vc_row][vc_row parallax_image_attachment=&#8221;inherit&#8221; el_class=&#8221;terms-box&#8221; css=&#8221;.vc_custom_1543998973323{margin-top: 30px !important;}&#8221;][vc_column width=&#8221;1\/12&#8243;][\/vc_column][vc_column width=&#8221;5\/6&#8243;]\r\n        <div class=\" wow perch-fadeInUp fadeInUp\" data-wow-delay=\"300ms\" data-wow-duration=\"1200ms\"> \r\n                   \r\n                   \r\n            \r\n            <p class=\"p-md os-version\">Kdy\u017e nav\u0161t\u00edv\u00edte na\u0161e webov\u00e9 str\u00e1nky, neukl\u00e1d\u00e1me va\u0161i IP adresu.<\/p>         \r\n        <\/div>\r\n        <div class=\" wow perch-fadeInUp fadeInUp\" data-wow-delay=\"300ms\" data-wow-duration=\"1200ms\"> \r\n                   \r\n                   \r\n            \r\n            <p class=\"p-md os-version\">Ve\u0161ker\u00fd internetov\u00fd provoz na na\u0161em webu je \u0161ifrov\u00e1n pomoc\u00ed https.<\/p>         \r\n        <\/div>\r\n        <div class=\" wow perch-fadeInUp fadeInUp\" data-wow-delay=\"300ms\" data-wow-duration=\"1200ms\"> \r\n                   \r\n                   \r\n            \r\n            <p class=\"p-md os-version\">K anal\u00fdze pou\u017e\u00edv\u00e1n\u00ed na\u0161ich webov\u00fdch str\u00e1nek a k podpo\u0159e na\u0161eho marketingov\u00e9ho \u00fasil\u00ed pou\u017e\u00edv\u00e1me soubory cookie Google Analytics a Facebook pixel.<\/p>         \r\n        <\/div>\r\n        <div class=\" wow perch-fadeInUp fadeInUp\" data-wow-delay=\"300ms\" data-wow-duration=\"1200ms\"> \r\n                   \r\n                   \r\n            \r\n            <p class=\"p-md os-version\">M\u00e1te-li jak\u00e9koli dotazy, m\u016f\u017eete n\u00e1s kontaktovat prost\u0159ednictv\u00edm kontaktn\u00edho formul\u00e1\u0159e na na\u0161em webu nebo zaslat zpr\u00e1vu na adresu support_at_topo-gps_dot_com.<\/p>         \r\n        <\/div>\r\n        <div class=\" wow perch-fadeInUp fadeInUp\" data-wow-delay=\"300ms\" data-wow-duration=\"1200ms\"> \r\n                   \r\n                   \r\n            \r\n            <p class=\"p-md os-version\">rdzl vof \u2013 Duivendaal 1a \u2013 6701 AP Wageningen \u2013 Nizozemsko<\/p>         \r\n        <\/div>[\/vc_column][vc_column width=&#8221;1\/12&#8243;][\/vc_column][\/vc_row][\/vc_section]<\/p>\n<\/div>","protected":false},"excerpt":{"rendered":"<p>[vc_section parallax_image_attachment=&#8221;inherit&#8221; padding_class=&#8221;wide-0&#8243; css=&#8221;.vc_custom_1543574872456{margin-top: 180px !important;margin-bottom: 45px !important;}&#8221; el_id=&#8221;terms-page&#8221;][vc_row parallax_image_attachment=&#8221;inherit&#8221; el_class=&#8221;terms-box&#8221;][vc_column width=&#8221;1\/12&#8243;][\/vc_column][vc_column width=&#8221;5\/6&#8243;][\/vc_column][vc_column width=&#8221;1\/12&#8243;][\/vc_column][\/vc_row][vc_row parallax_image_attachment=&#8221;inherit&#8221; css=&#8221;.vc_custom_1543997765635{margin-top: -20px !important;}&#8221; el_class=&#8221;terms-box&#8221;][vc_column width=&#8221;1\/12&#8243;][\/vc_column][vc_column width=&#8221;5\/6&#8243;][\/vc_column][vc_column width=&#8221;1\/12&#8243;][\/vc_column][\/vc_row][vc_row][vc_column width=&#8221;1\/12&#8243;][\/vc_column][vc_column width=&#8221;5\/6&#8243;][\/vc_column][vc_column width=&#8221;1\/12&#8243;][\/vc_column][\/vc_row][vc_row parallax_image_attachment=&#8221;inherit&#8221; el_class=&#8221;terms-box&#8221; css=&#8221;.vc_custom_1543998973323{margin-top: 30px !important;}&#8221;][vc_column width=&#8221;1\/12&#8243;][\/vc_column][vc_column width=&#8221;5\/6&#8243;][\/vc_column][vc_column width=&#8221;1\/12&#8243;][\/vc_column][\/vc_row][\/vc_section]<\/p>\n","protected":false},"author":1,"featured_media":0,"parent":0,"menu_order":0,"comment_status":"closed","ping_status":"closed","template":"","meta":{"footnotes":""},"class_list":["post-5068","page","type-page","status-publish","hentry","no-post-thumbnail"],"yoast_head":"<!-- This site is optimized with the Yoast SEO plugin v27.6 - https:\/\/yoast.com\/product\/yoast-seo-wordpress\/ -->\n<title>Z\u00e1sady ochrany osobn\u00edch \u00fadaj\u016f - Topo GPS<\/title>\n<meta name=\"robots\" content=\"index, follow, max-snippet:-1, max-image-preview:large, max-video-preview:-1\" \/>\n<link rel=\"canonical\" href=\"https:\/\/www.topo-gps.com\/cs\/prohlaseni-o-ochrane-soukromi\/\" \/>\n<meta property=\"og:locale\" content=\"cs_CZ\" \/>\n<meta property=\"og:type\" content=\"article\" \/>\n<meta property=\"og:title\" content=\"Z\u00e1sady ochrany osobn\u00edch \u00fadaj\u016f - Topo GPS\" \/>\n<meta property=\"og:description\" content=\"[vc_section parallax_image_attachment=&#8221;inherit&#8221; padding_class=&#8221;wide-0&#8243; css=&#8221;.vc_custom_1543574872456{margin-top: 180px !important;margin-bottom: 45px !important;}&#8221; el_id=&#8221;terms-page&#8221;][vc_row parallax_image_attachment=&#8221;inherit&#8221; el_class=&#8221;terms-box&#8221;][vc_column width=&#8221;1\/12&#8243;][\/vc_column][vc_column width=&#8221;5\/6&#8243;][\/vc_column][vc_column width=&#8221;1\/12&#8243;][\/vc_column][\/vc_row][vc_row parallax_image_attachment=&#8221;inherit&#8221; css=&#8221;.vc_custom_1543997765635{margin-top: -20px !important;}&#8221; el_class=&#8221;terms-box&#8221;][vc_column width=&#8221;1\/12&#8243;][\/vc_column][vc_column width=&#8221;5\/6&#8243;][\/vc_column][vc_column width=&#8221;1\/12&#8243;][\/vc_column][\/vc_row][vc_row][vc_column width=&#8221;1\/12&#8243;][\/vc_column][vc_column width=&#8221;5\/6&#8243;][\/vc_column][vc_column width=&#8221;1\/12&#8243;][\/vc_column][\/vc_row][vc_row parallax_image_attachment=&#8221;inherit&#8221; el_class=&#8221;terms-box&#8221; css=&#8221;.vc_custom_1543998973323{margin-top: 30px !important;}&#8221;][vc_column width=&#8221;1\/12&#8243;][\/vc_column][vc_column width=&#8221;5\/6&#8243;][\/vc_column][vc_column width=&#8221;1\/12&#8243;][\/vc_column][\/vc_row][\/vc_section]\" \/>\n<meta property=\"og:url\" content=\"https:\/\/www.topo-gps.com\/cs\/prohlaseni-o-ochrane-soukromi\/\" \/>\n<meta property=\"og:site_name\" content=\"Topo GPS\" \/>\n<meta property=\"article:modified_time\" content=\"2022-03-01T11:32:04+00:00\" \/>\n<meta name=\"twitter:card\" content=\"summary_large_image\" \/>\n<meta name=\"twitter:label1\" content=\"Odhadovan\u00e1 doba \u010dten\u00ed\" \/>\n\t<meta name=\"twitter:data1\" content=\"7 minut\" \/>\n<script type=\"application\/ld+json\" class=\"yoast-schema-graph\">{\"@context\":\"https:\\\/\\\/schema.org\",\"@graph\":[{\"@type\":\"WebPage\",\"@id\":\"https:\\\/\\\/www.topo-gps.com\\\/cs\\\/prohlaseni-o-ochrane-soukromi\\\/\",\"url\":\"https:\\\/\\\/www.topo-gps.com\\\/cs\\\/prohlaseni-o-ochrane-soukromi\\\/\",\"name\":\"Z\u00e1sady ochrany osobn\u00edch \u00fadaj\u016f - Topo GPS\",\"isPartOf\":{\"@id\":\"https:\\\/\\\/www.topo-gps.com\\\/cs\\\/#website\"},\"datePublished\":\"2021-11-20T16:28:46+00:00\",\"dateModified\":\"2022-03-01T11:32:04+00:00\",\"breadcrumb\":{\"@id\":\"https:\\\/\\\/www.topo-gps.com\\\/cs\\\/prohlaseni-o-ochrane-soukromi\\\/#breadcrumb\"},\"inLanguage\":\"cs\",\"potentialAction\":[{\"@type\":\"ReadAction\",\"target\":[\"https:\\\/\\\/www.topo-gps.com\\\/cs\\\/prohlaseni-o-ochrane-soukromi\\\/\"]}]},{\"@type\":\"BreadcrumbList\",\"@id\":\"https:\\\/\\\/www.topo-gps.com\\\/cs\\\/prohlaseni-o-ochrane-soukromi\\\/#breadcrumb\",\"itemListElement\":[{\"@type\":\"ListItem\",\"position\":1,\"name\":\"Home\",\"item\":\"https:\\\/\\\/www.topo-gps.com\\\/cs\\\/topo-gps\\\/\"},{\"@type\":\"ListItem\",\"position\":2,\"name\":\"Z\u00e1sady ochrany osobn\u00edch \u00fadaj\u016f\"}]},{\"@type\":\"WebSite\",\"@id\":\"https:\\\/\\\/www.topo-gps.com\\\/cs\\\/#website\",\"url\":\"https:\\\/\\\/www.topo-gps.com\\\/cs\\\/\",\"name\":\"Topo GPS\",\"description\":\"Topographic maps GPS for iPhone, Android, iPad and Apple Watch\",\"potentialAction\":[{\"@type\":\"SearchAction\",\"target\":{\"@type\":\"EntryPoint\",\"urlTemplate\":\"https:\\\/\\\/www.topo-gps.com\\\/cs\\\/?s={search_term_string}\"},\"query-input\":{\"@type\":\"PropertyValueSpecification\",\"valueRequired\":true,\"valueName\":\"search_term_string\"}}],\"inLanguage\":\"cs\"}]}<\/script>\n<!-- \/ Yoast SEO plugin. -->","yoast_head_json":{"title":"Z\u00e1sady ochrany osobn\u00edch \u00fadaj\u016f - Topo GPS","robots":{"index":"index","follow":"follow","max-snippet":"max-snippet:-1","max-image-preview":"max-image-preview:large","max-video-preview":"max-video-preview:-1"},"canonical":"https:\/\/www.topo-gps.com\/cs\/prohlaseni-o-ochrane-soukromi\/","og_locale":"cs_CZ","og_type":"article","og_title":"Z\u00e1sady ochrany osobn\u00edch \u00fadaj\u016f - Topo GPS","og_description":"[vc_section parallax_image_attachment=&#8221;inherit&#8221; padding_class=&#8221;wide-0&#8243; css=&#8221;.vc_custom_1543574872456{margin-top: 180px !important;margin-bottom: 45px !important;}&#8221; el_id=&#8221;terms-page&#8221;][vc_row parallax_image_attachment=&#8221;inherit&#8221; el_class=&#8221;terms-box&#8221;][vc_column width=&#8221;1\/12&#8243;][\/vc_column][vc_column width=&#8221;5\/6&#8243;][\/vc_column][vc_column width=&#8221;1\/12&#8243;][\/vc_column][\/vc_row][vc_row parallax_image_attachment=&#8221;inherit&#8221; css=&#8221;.vc_custom_1543997765635{margin-top: -20px !important;}&#8221; el_class=&#8221;terms-box&#8221;][vc_column width=&#8221;1\/12&#8243;][\/vc_column][vc_column width=&#8221;5\/6&#8243;][\/vc_column][vc_column width=&#8221;1\/12&#8243;][\/vc_column][\/vc_row][vc_row][vc_column width=&#8221;1\/12&#8243;][\/vc_column][vc_column width=&#8221;5\/6&#8243;][\/vc_column][vc_column width=&#8221;1\/12&#8243;][\/vc_column][\/vc_row][vc_row parallax_image_attachment=&#8221;inherit&#8221; el_class=&#8221;terms-box&#8221; css=&#8221;.vc_custom_1543998973323{margin-top: 30px !important;}&#8221;][vc_column width=&#8221;1\/12&#8243;][\/vc_column][vc_column width=&#8221;5\/6&#8243;][\/vc_column][vc_column width=&#8221;1\/12&#8243;][\/vc_column][\/vc_row][\/vc_section]","og_url":"https:\/\/www.topo-gps.com\/cs\/prohlaseni-o-ochrane-soukromi\/","og_site_name":"Topo GPS","article_modified_time":"2022-03-01T11:32:04+00:00","twitter_card":"summary_large_image","twitter_misc":{"Odhadovan\u00e1 doba \u010dten\u00ed":"7 minut"},"schema":{"@context":"https:\/\/schema.org","@graph":[{"@type":"WebPage","@id":"https:\/\/www.topo-gps.com\/cs\/prohlaseni-o-ochrane-soukromi\/","url":"https:\/\/www.topo-gps.com\/cs\/prohlaseni-o-ochrane-soukromi\/","name":"Z\u00e1sady ochrany osobn\u00edch \u00fadaj\u016f - Topo GPS","isPartOf":{"@id":"https:\/\/www.topo-gps.com\/cs\/#website"},"datePublished":"2021-11-20T16:28:46+00:00","dateModified":"2022-03-01T11:32:04+00:00","breadcrumb":{"@id":"https:\/\/www.topo-gps.com\/cs\/prohlaseni-o-ochrane-soukromi\/#breadcrumb"},"inLanguage":"cs","potentialAction":[{"@type":"ReadAction","target":["https:\/\/www.topo-gps.com\/cs\/prohlaseni-o-ochrane-soukromi\/"]}]},{"@type":"BreadcrumbList","@id":"https:\/\/www.topo-gps.com\/cs\/prohlaseni-o-ochrane-soukromi\/#breadcrumb","itemListElement":[{"@type":"ListItem","position":1,"name":"Home","item":"https:\/\/www.topo-gps.com\/cs\/topo-gps\/"},{"@type":"ListItem","position":2,"name":"Z\u00e1sady ochrany osobn\u00edch \u00fadaj\u016f"}]},{"@type":"WebSite","@id":"https:\/\/www.topo-gps.com\/cs\/#website","url":"https:\/\/www.topo-gps.com\/cs\/","name":"Topo GPS","description":"Topographic maps GPS for iPhone, Android, iPad and Apple Watch","potentialAction":[{"@type":"SearchAction","target":{"@type":"EntryPoint","urlTemplate":"https:\/\/www.topo-gps.com\/cs\/?s={search_term_string}"},"query-input":{"@type":"PropertyValueSpecification","valueRequired":true,"valueName":"search_term_string"}}],"inLanguage":"cs"}]}},"_links":{"self":[{"href":"https:\/\/www.topo-gps.com\/cs\/wp-json\/wp\/v2\/pages\/5068","targetHints":{"allow":["GET"]}}],"collection":[{"href":"https:\/\/www.topo-gps.com\/cs\/wp-json\/wp\/v2\/pages"}],"about":[{"href":"https:\/\/www.topo-gps.com\/cs\/wp-json\/wp\/v2\/types\/page"}],"author":[{"embeddable":true,"href":"https:\/\/www.topo-gps.com\/cs\/wp-json\/wp\/v2\/users\/1"}],"replies":[{"embeddable":true,"href":"https:\/\/www.topo-gps.com\/cs\/wp-json\/wp\/v2\/comments?post=5068"}],"version-history":[{"count":0,"href":"https:\/\/www.topo-gps.com\/cs\/wp-json\/wp\/v2\/pages\/5068\/revisions"}],"wp:attachment":[{"href":"https:\/\/www.topo-gps.com\/cs\/wp-json\/wp\/v2\/media?parent=5068"}],"curies":[{"name":"wp","href":"https:\/\/api.w.org\/{rel}","templated":true}]}}