{"id":29997,"date":"2026-04-20T10:13:22","date_gmt":"2026-04-20T09:13:22","guid":{"rendered":"https:\/\/www.topo-gps.com\/aida-vas-asistent-pro-topo-gps\/"},"modified":"2026-05-02T10:32:55","modified_gmt":"2026-05-02T09:32:55","slug":"aida","status":"publish","type":"page","link":"https:\/\/www.topo-gps.com\/cs\/aida\/","title":{"rendered":"Podpora a pomoc: Zeptejte se na\u0161\u00ed asistentky Aidy"},"content":{"rendered":"<p><script src=\"\/js\/marked.min.js\"><\/script><br \/>\n<script src=\"\/js\/aida.js\" defer><\/script>\n<link rel=\"stylesheet\" href=\"\/css\/aida.css\">\n<div style=\"display: none;\" aria-hidden=\"true\">\n    <span id=\"aida-txt-thinking\">P\u0159em\u00fd\u0161l\u00edm<\/span><br \/>\n <span id=\"aida-txt-sources\">Zdroje<\/span>\n<\/div>\n<div id=\"topo-ai-wrapper\">\n<div id=\"chatHistory\" class=\"topo-container topo-chat-history\">\n<div class=\"topo-msg-row topo-msg-left\">\n<div class=\"topo-bubble topo-bubble-ai\">\n<p style=\"margin: 0; color: #1e293b !important; line-height: 1.5 !important;\">\n  Dobr\u00fd den! Jsem Aida, asistentka aplikace Topo GPS. S \u010d\u00edm v\u00e1m mohu pomoci?\n                <\/p>\n<\/p><\/div><\/div><\/div>\n<div class=\"topo-input-area\">\n<div class=\"topo-container topo-input-flex\">\n<div class=\"topo-textarea-wrapper\">\n                <textarea id=\"question\" rows=\"1\" class=\"topo-textarea\" placeholder=\"Zeptejte se na Topo GPS\" oninput=\"this.style.height = ''; this.style.height = Math.min(this.scrollHeight, 120) + 'px'\"><\/textarea>\n            <\/div>\n<div class=\"topo-controls-group\">\n              <select id=\"platformSelect\" class=\"topo-platform-select\"><option value=\"ios\" selected>Jablko<\/option><option value=\"android\">Android<\/option><\/select><br \/>\n <button onclick=\"askQuestion()\" id=\"submitBtn\" class=\"topo-submit-btn\"><br \/>\n<span>Poslat<\/span><br \/>\n<\/button>\n            <\/div><\/div><\/div>\n<\/div>\n","protected":false},"excerpt":{"rendered":"<p>P\u0159em\u00fd\u0161l\u00edm Zdroje Dobr\u00fd den! Jsem Aida, asistentka aplikace Topo GPS. S \u010d\u00edm v\u00e1m mohu pomoci? JablkoAndroid Poslat<\/p>\n","protected":false},"author":1,"featured_media":0,"parent":0,"menu_order":0,"comment_status":"closed","ping_status":"closed","template":"","meta":{"footnotes":""},"class_list":["post-29997","page","type-page","status-publish","hentry","no-post-thumbnail"],"yoast_head":"<!-- This site is optimized with the Yoast SEO plugin v27.5 - https:\/\/yoast.com\/product\/yoast-seo-wordpress\/ -->\n<title>Podpora a pomoc: Zeptejte se na\u0161\u00ed asistentky Aidy - Topo GPS<\/title>\n<meta name=\"robots\" content=\"index, follow, max-snippet:-1, max-image-preview:large, max-video-preview:-1\" \/>\n<link rel=\"canonical\" href=\"https:\/\/www.topo-gps.com\/cs\/aida\/\" \/>\n<meta property=\"og:locale\" content=\"cs_CZ\" \/>\n<meta property=\"og:type\" content=\"article\" \/>\n<meta property=\"og:title\" content=\"Podpora a pomoc: Zeptejte se na\u0161\u00ed asistentky Aidy - Topo GPS\" \/>\n<meta property=\"og:description\" content=\"P\u0159em\u00fd\u0161l\u00edm Zdroje Dobr\u00fd den! Jsem Aida, asistentka aplikace Topo GPS. S \u010d\u00edm v\u00e1m mohu pomoci? JablkoAndroid Poslat\" \/>\n<meta property=\"og:url\" content=\"https:\/\/www.topo-gps.com\/cs\/aida\/\" \/>\n<meta property=\"og:site_name\" content=\"Topo GPS\" \/>\n<meta property=\"article:modified_time\" content=\"2026-05-02T09:32:55+00:00\" \/>\n<meta name=\"twitter:card\" content=\"summary_large_image\" \/>\n<script type=\"application\/ld+json\" class=\"yoast-schema-graph\">{\"@context\":\"https:\\\/\\\/schema.org\",\"@graph\":[{\"@type\":\"WebPage\",\"@id\":\"https:\\\/\\\/www.topo-gps.com\\\/cs\\\/aida\\\/\",\"url\":\"https:\\\/\\\/www.topo-gps.com\\\/cs\\\/aida\\\/\",\"name\":\"Podpora a pomoc: Zeptejte se na\u0161\u00ed asistentky Aidy - Topo GPS\",\"isPartOf\":{\"@id\":\"https:\\\/\\\/www.topo-gps.com\\\/cs\\\/#website\"},\"datePublished\":\"2026-04-20T09:13:22+00:00\",\"dateModified\":\"2026-05-02T09:32:55+00:00\",\"breadcrumb\":{\"@id\":\"https:\\\/\\\/www.topo-gps.com\\\/cs\\\/aida\\\/#breadcrumb\"},\"inLanguage\":\"cs\",\"potentialAction\":[{\"@type\":\"ReadAction\",\"target\":[\"https:\\\/\\\/www.topo-gps.com\\\/cs\\\/aida\\\/\"]}]},{\"@type\":\"BreadcrumbList\",\"@id\":\"https:\\\/\\\/www.topo-gps.com\\\/cs\\\/aida\\\/#breadcrumb\",\"itemListElement\":[{\"@type\":\"ListItem\",\"position\":1,\"name\":\"Home\",\"item\":\"https:\\\/\\\/www.topo-gps.com\\\/cs\\\/topo-gps\\\/\"},{\"@type\":\"ListItem\",\"position\":2,\"name\":\"Podpora a pomoc: Zeptejte se na\u0161\u00ed asistentky Aidy\"}]},{\"@type\":\"WebSite\",\"@id\":\"https:\\\/\\\/www.topo-gps.com\\\/cs\\\/#website\",\"url\":\"https:\\\/\\\/www.topo-gps.com\\\/cs\\\/\",\"name\":\"Topo GPS\",\"description\":\"Topographic maps GPS for iPhone, Android, iPad and Apple Watch\",\"potentialAction\":[{\"@type\":\"SearchAction\",\"target\":{\"@type\":\"EntryPoint\",\"urlTemplate\":\"https:\\\/\\\/www.topo-gps.com\\\/cs\\\/?s={search_term_string}\"},\"query-input\":{\"@type\":\"PropertyValueSpecification\",\"valueRequired\":true,\"valueName\":\"search_term_string\"}}],\"inLanguage\":\"cs\"}]}<\/script>\n<!-- \/ Yoast SEO plugin. -->","yoast_head_json":{"title":"Podpora a pomoc: Zeptejte se na\u0161\u00ed asistentky Aidy - Topo GPS","robots":{"index":"index","follow":"follow","max-snippet":"max-snippet:-1","max-image-preview":"max-image-preview:large","max-video-preview":"max-video-preview:-1"},"canonical":"https:\/\/www.topo-gps.com\/cs\/aida\/","og_locale":"cs_CZ","og_type":"article","og_title":"Podpora a pomoc: Zeptejte se na\u0161\u00ed asistentky Aidy - Topo GPS","og_description":"P\u0159em\u00fd\u0161l\u00edm Zdroje Dobr\u00fd den! Jsem Aida, asistentka aplikace Topo GPS. S \u010d\u00edm v\u00e1m mohu pomoci? JablkoAndroid Poslat","og_url":"https:\/\/www.topo-gps.com\/cs\/aida\/","og_site_name":"Topo GPS","article_modified_time":"2026-05-02T09:32:55+00:00","twitter_card":"summary_large_image","schema":{"@context":"https:\/\/schema.org","@graph":[{"@type":"WebPage","@id":"https:\/\/www.topo-gps.com\/cs\/aida\/","url":"https:\/\/www.topo-gps.com\/cs\/aida\/","name":"Podpora a pomoc: Zeptejte se na\u0161\u00ed asistentky Aidy - Topo GPS","isPartOf":{"@id":"https:\/\/www.topo-gps.com\/cs\/#website"},"datePublished":"2026-04-20T09:13:22+00:00","dateModified":"2026-05-02T09:32:55+00:00","breadcrumb":{"@id":"https:\/\/www.topo-gps.com\/cs\/aida\/#breadcrumb"},"inLanguage":"cs","potentialAction":[{"@type":"ReadAction","target":["https:\/\/www.topo-gps.com\/cs\/aida\/"]}]},{"@type":"BreadcrumbList","@id":"https:\/\/www.topo-gps.com\/cs\/aida\/#breadcrumb","itemListElement":[{"@type":"ListItem","position":1,"name":"Home","item":"https:\/\/www.topo-gps.com\/cs\/topo-gps\/"},{"@type":"ListItem","position":2,"name":"Podpora a pomoc: Zeptejte se na\u0161\u00ed asistentky Aidy"}]},{"@type":"WebSite","@id":"https:\/\/www.topo-gps.com\/cs\/#website","url":"https:\/\/www.topo-gps.com\/cs\/","name":"Topo GPS","description":"Topographic maps GPS for iPhone, Android, iPad and Apple Watch","potentialAction":[{"@type":"SearchAction","target":{"@type":"EntryPoint","urlTemplate":"https:\/\/www.topo-gps.com\/cs\/?s={search_term_string}"},"query-input":{"@type":"PropertyValueSpecification","valueRequired":true,"valueName":"search_term_string"}}],"inLanguage":"cs"}]}},"_links":{"self":[{"href":"https:\/\/www.topo-gps.com\/cs\/wp-json\/wp\/v2\/pages\/29997","targetHints":{"allow":["GET"]}}],"collection":[{"href":"https:\/\/www.topo-gps.com\/cs\/wp-json\/wp\/v2\/pages"}],"about":[{"href":"https:\/\/www.topo-gps.com\/cs\/wp-json\/wp\/v2\/types\/page"}],"author":[{"embeddable":true,"href":"https:\/\/www.topo-gps.com\/cs\/wp-json\/wp\/v2\/users\/1"}],"replies":[{"embeddable":true,"href":"https:\/\/www.topo-gps.com\/cs\/wp-json\/wp\/v2\/comments?post=29997"}],"version-history":[{"count":2,"href":"https:\/\/www.topo-gps.com\/cs\/wp-json\/wp\/v2\/pages\/29997\/revisions"}],"predecessor-version":[{"id":30056,"href":"https:\/\/www.topo-gps.com\/cs\/wp-json\/wp\/v2\/pages\/29997\/revisions\/30056"}],"wp:attachment":[{"href":"https:\/\/www.topo-gps.com\/cs\/wp-json\/wp\/v2\/media?parent=29997"}],"curies":[{"name":"wp","href":"https:\/\/api.w.org\/{rel}","templated":true}]}}