{"id":28906,"date":"2024-08-22T14:11:05","date_gmt":"2024-08-22T13:11:05","guid":{"rendered":"https:\/\/www.topo-gps.com\/podporovane-souradnicove-systemy\/"},"modified":"2024-08-22T14:23:14","modified_gmt":"2024-08-22T13:23:14","slug":"podporovane-souradnicove-systemy","status":"publish","type":"page","link":"https:\/\/www.topo-gps.com\/cs\/podporovane-souradnicove-systemy\/","title":{"rendered":"Podporovan\u00e9 sou\u0159adnicov\u00e9 syst\u00e9my"},"content":{"rendered":"<p>Aplikace Topo GPS podporuje mnoho r\u016fzn\u00fdch sou\u0159adnicov\u00fdch syst\u00e9m\u016f. <a href=\"https:\/\/www.topo-gps.com\/ios\/en\/manual\/html\/coordinates\/coordinates.html\">Sou\u0159adnice m\u016f\u017eete prohl\u00ed\u017eet, zad\u00e1vat, sd\u00edlet a skenovat<\/a> v n\u00ed\u017ee uveden\u00fdch sou\u0159adnicov\u00fdch syst\u00e9mech. Do mapy je tak\u00e9 mo\u017en\u00e9 p\u0159idat vrstvy m\u0159\u00ed\u017eky sou\u0159adnicov\u00fdch syst\u00e9m\u016f. Pokud chyb\u00ed konkr\u00e9tn\u00ed sou\u0159adnicov\u00fd syst\u00e9m, m\u016f\u017eete <a href=\"https:\/\/www.topo-gps.com\/contact\">n\u00e1s kontaktovat<\/a> a m\u016f\u017eeme zv\u00e1\u017eit jeho p\u0159id\u00e1n\u00ed.     <\/p>\n<h2>Sv\u011bt<\/h2>\n<p>  WGS84 Desetinn\u00e9 WGS84 Stupn\u011b minuty WGS84 Stupn\u011b minuty sekundy UTM MGRS GEOREF GARS QTH Maidenhead  <\/p>\n<h2>Evropa<\/h2>\n<p>  ETRS89 UTM z\u00f3ny  <\/p>\n<h2>Severn\u00ed Amerika<\/h2>\n<p>  NAD83 UTM z\u00f3ny  <\/p>\n<h2>Alb\u00e1nie<\/h2>\n<p>  ATM &#8211; <a href=\"https:\/\/www.epsg.io\/6870\">EPSG:6870<\/a> ALCC &#8211;   <a href=\"https:\/\/www.epsg.io\/6962\">EPSG:6962<\/a><\/p>\n<h2>Austr\u00e1lie<\/h2>\n<p>  SA Lambert &#8211; GDA2020 &#8211; <a href=\"https:\/\/www.epsg.io\/8059\">EPSG:8059<\/a> Vicgrid &#8211; GDA2020 &#8211; <a href=\"https:\/\/www.epsg.io\/7899\">EPSG:7899<\/a> NSW Lambert &#8211; GDA2020 &#8211; <a href=\"https:\/\/www.epsg.io\/8058\">EPSG:8058<\/a> MGA z\u00f3na &#8211; GDA2020 GA LCC &#8211; GDA2020 &#8211; <a href=\"https:\/\/www.epsg.io\/3111\">EPSG<\/a> <a href=\"https:\/\/www.epsg.io\/3107\">:<\/a> <a href=\"https:\/\/www.epsg.io\/7845\">7845<\/a> SA Lambert &#8211; GDAG7 &#8211; GDAgric &#8211; GDA190 EPSG190 EPSG194 NSW Lambert &#8211; GDA94 &#8211; <a href=\"https:\/\/www.epsg.io\/3308\">EPSG:3308<\/a> GA LCC &#8211; GDA94 &#8211; <a href=\"https:\/\/www.epsg.io\/3112\">EPSG:3112<\/a> z\u00f3na MGA &#8211; GDA94          <\/p>\n<h2>Belgie<\/h2>\n<p>  Lambert 2008 &#8211; <a href=\"https:\/\/www.epsg.io\/27573\">EPSG:3812<\/a> Lambert 1972 &#8211;   <a href=\"https:\/\/www.epsg.io\/31370\">EPSG: 31370<\/a><\/p>\n<h2>Bulharsko<\/h2>\n<p>  BCCS &#8211;  <a href=\"https:\/\/www.epsg.io\/7801\">EPSG:7801<\/a><\/p>\n<h2>Chorvatsko<\/h2>\n<p>  HRTM &#8211;  <a href=\"https:\/\/www.epsg.io\/3765\">EPSG: 3765<\/a><\/p>\n<h2>\u010cesk\u00e1 republika\/Slovensko<\/h2>\n<p>  SJTSK &#8211;  <a href=\"https:\/\/www.epsg.io\/5514\">EPSG:5514<\/a><\/p>\n<h2>Estonsko<\/h2>\n<p>  Estonsko 1997 &#8211;  <a href=\"https:\/\/www.epsg.io\/3301\">EPSG:3301<\/a><\/p>\n<h2>Faersk\u00e9 ostrovy<\/h2>\n<p>  Faroe TM &#8211;  <a href=\"https:\/\/www.epsg.io\/5316\">EPSG:5316<\/a><\/p>\n<h2>Finsko<\/h2>\n<p>  TM35FIN &#8211;  <a href=\"https:\/\/www.epsg.io\/5048\">EPSG:5048<\/a><\/p>\n<h2>Francie<\/h2>\n<p>  Lambert 93 &#8211; <a href=\"https:\/\/www.epsg.io\/7794\">EPSG:9794<\/a> Lambert CC42 &#8211; <a href=\"https:\/\/www.epsg.io\/6707\">EPSG:9842<\/a> Lambert CC43 &#8211; <a href=\"https:\/\/www.epsg.io\/6708\">EPSG:9843<\/a> Lambert CC44 &#8211; <a href=\"https:\/\/www.epsg.io\/6709\">EPSG:9844<\/a> Lambert CC45 &#8211; <a href=\"https:\/\/www.epsg.io\/6876\">EPSG:9845<\/a> Lambert CC46 &#8211; <a href=\"https:\/\/www.epsg.io\/7793\">EPSG<\/a> <a href=\"https:\/\/www.epsg.io\/7792\">:9846<\/a> <a href=\"https:\/\/www.epsg.io\/7791\">Lambert<\/a> CC48 &#8211; Lambert EPS87 &#8211; EPS8 CC49 &#8211; <a href=\"https:\/\/www.epsg.io\/7795\">EPSG:9849<\/a> Lambert CC50 &#8211; <a href=\"\">EPSG:9850<\/a> Z\u00f3na Lambert I (Nord) &#8211; <a href=\"\">EPSG:27561<\/a> Z\u00f3na Lambert II (uprost\u0159ed) &#8211; <a href=\"\">EPSG:27562<\/a> Z\u00f3na Lambert III (Sud) &#8211; <a href=\"\">EPSG:27563<\/a> Z\u00f3na Lambert IV (korej\u0161tina) &#8211; <a href=\"\">EPSG:2<\/a> Lambert I Carto (Nord) &#8211; <a href=\"\">EPSG:27571<\/a> Lambert II Carto (\u00c9tendue) &#8211;                 <a href=\"https:\/\/www.epsg.io\/27572\">EPSG:27572<\/a>  Lambert III Carto (Sud) &#8211;  <a href=\"https:\/\/www.epsg.io\/27573\">EPSG:27573<\/a>  Lambert IV Carto (Corse) &#8211;  <a href=\"https:\/\/www.epsg.io\/27574\">EPSG:27574<\/a><\/p>\n<h2>N\u011bmecko<\/h2>\n<p>  Gau\u00df-Kr\u00fcger 3  <\/p>\n<h2>Velk\u00e1 Brit\u00e1nie<\/h2>\n<p>  OS Nat. M\u0159\u00ed\u017eka. &#8211;    <a href=\"https:\/\/www.epsg.io\/27700\">EPSG: 27700<\/a><\/p>\n<h2>\u0158ecko<\/h2>\n<p>  \u0395\u0393\u03a3\u039187 &#8211;  <a href=\"https:\/\/www.epsg.io\/2100\">EPSG: 2100<\/a><\/p>\n<h2>Island<\/h2>\n<p>  ISN 93 &#8211;  <a href=\"https:\/\/www.epsg.io\/3057\">EPSG:3057<\/a><\/p>\n<h2>Irsko<\/h2>\n<p>  ITM &#8211;  <a href=\"https:\/\/www.epsg.io\/2157\">EPSG:2157<\/a><\/p>\n<h2>It\u00e1lie<\/h2>\n<p>  Fuso Italia &#8211; RDN2008 &#8211; NE &#8211; <a href=\"https:\/\/www.epsg.io\/6686\">EPSG:6875<\/a> Fuso Italia &#8211; RDN2008 &#8211; EN &#8211; <a href=\"https:\/\/www.epsg.io\/6687\">EPSG:7794<\/a> RDN2008 &#8211; UTM z\u00f3na 32 NE &#8211; <a href=\"https:\/\/www.epsg.io\/6688\">EPSG:6707<\/a> RDN2008 &#8211; UTM z\u00f3na 33 NE &#8211; <a href=\"https:\/\/www.epsg.io\/6690\">EPSG<\/a> <a href=\"https:\/\/www.epsg.io\/6689\">:6708<\/a> RDN209 z\u00f3na:34 EPS6 &#8211; UTM Fuso 12 &#8211; RDN2008 &#8211; NE &#8211; <a href=\"https:\/\/www.epsg.io\/6691\">EPSG:6876<\/a> RDN2008 &#8211; UTM z\u00f3na 32 EN &#8211; <a href=\"https:\/\/www.epsg.io\/6692\">EPSG:7791<\/a> RDN2008 &#8211; UTM z\u00f3na 33 EN &#8211; <a href=\"\">EPSG:7792<\/a> RDN2008 &#8211; UTM z\u00f3na 34 EN &#8211; <a href=\"\">EPSG:7793<\/a> Fuso 12 &#8211; ENDN2           <a href=\"https:\/\/www.epsg.io\/7795\">EPSG: 7795<\/a><\/p>\n<h2>Japonsko<\/h2>\n<p>  CS I &#8211; <a href=\"https:\/\/www.epsg.io\/2169\">EPSG:6669<\/a> CS II &#8211; <a href=\"\">EPSG:6670<\/a> CS III &#8211; <a href=\"\">EPSG:6671<\/a> CS IV &#8211; <a href=\"\">EPSG:6672<\/a> CS V &#8211; <a href=\"\">EPSG:6673<\/a> CS VI &#8211; <a href=\"\">EPSG:6674<\/a> CS VII &#8211; <a href=\"https:\/\/www.epsg.io\/28992\">EPSG:6675<\/a> CS VIII &#8211; <a href=\"\">EPSG:6676<\/a> CS IX &#8211; <a href=\"\">EPSG:6677<\/a> CS X &#8211; <a href=\"\">EPSG:6678<\/a> CS XI &#8211; <a href=\"https:\/\/www.epsg.io\/2180\">EPSG:6679<\/a> CS XII &#8211; <a href=\"\">EPSG:6680<\/a> CS XIII &#8211; <a href=\"\">EPSG:6681<\/a> CS XIV &#8211; <a href=\"https:\/\/www.epsg.io\/3414\">EPSG:6682<\/a> CS XV &#8211; <a href=\"\">EPSG:6683<\/a> CS XVI &#8211;                 <a href=\"https:\/\/www.epsg.io\/6684\">EPSG:6684<\/a> CS XVII &#8211; <a href=\"https:\/\/www.epsg.io\/6685\">EPSG:6685<\/a> CS XVIII &#8211; <a href=\"https:\/\/www.epsg.io\/6686\">EPSG:6686<\/a> CS XIX &#8211; <a href=\"https:\/\/www.epsg.io\/6687\">EPSG:6687<\/a> JGD2011 UTM 51 &#8211; <a href=\"https:\/\/www.epsg.io\/6688\">EPSG:6688<\/a> JGD2011 UTM 52 &#8211; <a href=\"https:\/\/www.epsg.io\/6690\">EPSG<\/a> <a href=\"https:\/\/www.epsg.io\/6689\">:6689<\/a> JGD2011 UTM 53 &#8211; JGD2011 UTM 53 &#8211; JGD2011 UTM 53 &#8211; JGD201 UTM <a href=\"https:\/\/www.epsg.io\/6691\">6601 JGD:6<\/a> 2011 UTM 55 &#8211;         <a href=\"https:\/\/www.epsg.io\/6692\">EPSG:6692<\/a><\/p>\n<h2>Loty\u0161sko<\/h2>\n<p>  LaTM &#8211;  <a href=\"https:\/\/www.epsg.io\/10306\">EPSG:10306<\/a><\/p>\n<h2>Litva<\/h2>\n<p>  LiTM &#8211;  <a href=\"https:\/\/www.epsg.io\/3346\">EPSG:3346<\/a><\/p>\n<h2>Lucembursko<\/h2>\n<p>  LU30 &#8211;  <a href=\"https:\/\/www.epsg.io\/2169\">EPSG:2169<\/a><\/p>\n<h2>Malajsie<\/h2>\n<p>  RSO &#8211; GDM2000 &#8211; <a href=\"\">EPSG:3375<\/a> BRSO &#8211; GDM2000 &#8211; <a href=\"\">EPSG:3376<\/a> BRSO &#8211; Timbalai &#8211; <a href=\"\">EPSG:29873<\/a> RSO &#8211; Kertau &#8211;     <a href=\"https:\/\/www.epsg.io\/3168\">EPSG:3168<\/a><\/p>\n<h2>Holandsko<\/h2>\n<p>  RD &#8211;  <a href=\"https:\/\/www.epsg.io\/28992\">EPSG:28992<\/a><\/p>\n<h2>Nov\u00fd Z\u00e9land<\/h2>\n<p>  NZTM 2000 NE &#8211; <a href=\"\">EPSG:2193<\/a> NZTM 2000 EN MSLC2000 &#8211;   <a href=\"https:\/\/www.epsg.io\/5479\">EPSG:5479<\/a><\/p>\n<h2>Polsko<\/h2>\n<p>  PL 92 &#8211;  <a href=\"https:\/\/www.epsg.io\/2180\">EPSG: 2180<\/a><\/p>\n<h2>Rumunsko<\/h2>\n<p>  RO &#8211;  <a href=\"https:\/\/www.epsg.io\/3844\">EPSG:3844<\/a><\/p>\n<h2>Singapur<\/h2>\n<p>  STM &#8211;  <a href=\"https:\/\/www.epsg.io\/3414\">EPSG:3414<\/a><\/p>\n<h2>Slovinsko<\/h2>\n<p>  Slovinsko 1996 &#8211;  <a href=\"https:\/\/www.epsg.io\/3794\">EPSG:3794<\/a><\/p>\n<h2>Ji\u017en\u00ed Korea<\/h2>\n<p>  UCS &#8211; KGD2002 &#8211; <a href=\"\">EPSG:5179<\/a> UCS &#8211; 1985 &#8211;   <a href=\"https:\/\/www.epsg.io\/5178\">EPSG:5178<\/a><\/p>\n<h2>\u0160pan\u011blsko<\/h2>\n<p>  SOC ED50 &#8211; UTM z\u00f3na 29 ED50 &#8211; UTM z\u00f3na 30 ED50 &#8211; UTM z\u00f3na 31 ED50 &#8211; UTM z\u00f3na 29 ED50 &#8211; UTM z\u00f3na 30  <\/p>\n<h2>\u0160v\u00e9dsko<\/h2>\n<p>  SWEREF99TM &#8211; <a href=\"\">EPSG:3006<\/a> RT 90 7,5 gon V &#8211; <a href=\"\">EPSG:3019<\/a> RT 90 5 gon V &#8211; <a href=\"\">EPSG:3020<\/a> RT 90 2,5 gon V &#8211; <a href=\"\">EPSG:3021<\/a> RT 90 0 gon &#8211; <a href=\"\">EPSG:3022<\/a> RT 5RT 902 &#8211; <a href=\"\">EPSG:3022 RT 5RT 902 &#8211; 2<\/a> . 90 5 gon O &#8211;        <a href=\"https:\/\/www.epsg.io\/3024\">EPSG:3024<\/a><\/p>\n<h2>\u0160v\u00fdcarsko<\/h2>\n<p>  LV95 &#8211; <a href=\"\">EPSG:2056<\/a> LV03 &#8211;   <a href=\"https:\/\/www.epsg.io\/21781\">EPSG:21781<\/a><\/p>\n<h2>Ukrajina<\/h2>\n<p>  Gauss-Kr\u00fcger &#8211; UCS2000<\/p>\n","protected":false},"excerpt":{"rendered":"<p>Aplikace Topo GPS podporuje mnoho r\u016fzn\u00fdch sou\u0159adnicov\u00fdch syst\u00e9m\u016f. Sou\u0159adnice m\u016f\u017eete prohl\u00ed\u017eet, zad\u00e1vat, sd\u00edlet a skenovat v n\u00ed\u017ee uveden\u00fdch sou\u0159adnicov\u00fdch syst\u00e9mech. Do mapy je tak\u00e9 mo\u017en\u00e9 p\u0159idat vrstvy m\u0159\u00ed\u017eky sou\u0159adnicov\u00fdch syst\u00e9m\u016f. Pokud chyb\u00ed konkr\u00e9tn\u00ed sou\u0159adnicov\u00fd syst\u00e9m, m\u016f\u017eete n\u00e1s kontaktovat a m\u016f\u017eeme zv\u00e1\u017eit jeho p\u0159id\u00e1n\u00ed. Sv\u011bt WGS84 Desetinn\u00e9 WGS84 Stupn\u011b minuty WGS84 Stupn\u011b minuty sekundy UTM MGRS GEOREF GARS QTH Maidenhead Evropa ETRS89 UTM z\u00f3ny Severn\u00ed Amerika NAD83 UTM z\u00f3ny Alb\u00e1nie ATM &#8211; EPSG:6870 ALCC &#8211; EPSG:6962 Austr\u00e1lie SA Lambert &#8211; GDA2020 &#8211; EPSG:8059 Vicgrid &#8211; GDA2020 &#8211; EPSG:7899 NSW Lambert &#8211; GDA2020 &#8211; EPSG:8058 MGA z\u00f3na &#8211; GDA2020 GA LCC &#8211;&#8230;<\/p>\n","protected":false},"author":1,"featured_media":0,"parent":0,"menu_order":0,"comment_status":"closed","ping_status":"closed","template":"","meta":{"footnotes":""},"class_list":["post-28906","page","type-page","status-publish","hentry","no-post-thumbnail"],"yoast_head":"<!-- This site is optimized with the Yoast SEO plugin v27.4 - https:\/\/yoast.com\/product\/yoast-seo-wordpress\/ -->\n<title>Podporovan\u00e9 sou\u0159adnicov\u00e9 syst\u00e9my - Topo GPS<\/title>\n<meta name=\"robots\" content=\"index, follow, max-snippet:-1, max-image-preview:large, max-video-preview:-1\" \/>\n<link rel=\"canonical\" href=\"https:\/\/www.topo-gps.com\/cs\/podporovane-souradnicove-systemy\/\" \/>\n<meta property=\"og:locale\" content=\"cs_CZ\" \/>\n<meta property=\"og:type\" content=\"article\" \/>\n<meta property=\"og:title\" content=\"Podporovan\u00e9 sou\u0159adnicov\u00e9 syst\u00e9my - Topo GPS\" \/>\n<meta property=\"og:description\" content=\"Aplikace Topo GPS podporuje mnoho r\u016fzn\u00fdch sou\u0159adnicov\u00fdch syst\u00e9m\u016f. Sou\u0159adnice m\u016f\u017eete prohl\u00ed\u017eet, zad\u00e1vat, sd\u00edlet a skenovat v n\u00ed\u017ee uveden\u00fdch sou\u0159adnicov\u00fdch syst\u00e9mech. Do mapy je tak\u00e9 mo\u017en\u00e9 p\u0159idat vrstvy m\u0159\u00ed\u017eky sou\u0159adnicov\u00fdch syst\u00e9m\u016f. Pokud chyb\u00ed konkr\u00e9tn\u00ed sou\u0159adnicov\u00fd syst\u00e9m, m\u016f\u017eete n\u00e1s kontaktovat a m\u016f\u017eeme zv\u00e1\u017eit jeho p\u0159id\u00e1n\u00ed. Sv\u011bt WGS84 Desetinn\u00e9 WGS84 Stupn\u011b minuty WGS84 Stupn\u011b minuty sekundy UTM MGRS GEOREF GARS QTH Maidenhead Evropa ETRS89 UTM z\u00f3ny Severn\u00ed Amerika NAD83 UTM z\u00f3ny Alb\u00e1nie ATM &#8211; EPSG:6870 ALCC &#8211; EPSG:6962 Austr\u00e1lie SA Lambert &#8211; GDA2020 &#8211; EPSG:8059 Vicgrid &#8211; GDA2020 &#8211; EPSG:7899 NSW Lambert &#8211; GDA2020 &#8211; EPSG:8058 MGA z\u00f3na &#8211; GDA2020 GA LCC &#8211;...\" \/>\n<meta property=\"og:url\" content=\"https:\/\/www.topo-gps.com\/cs\/podporovane-souradnicove-systemy\/\" \/>\n<meta property=\"og:site_name\" content=\"Topo GPS\" \/>\n<meta property=\"article:modified_time\" content=\"2024-08-22T13:23:14+00:00\" \/>\n<meta name=\"twitter:card\" content=\"summary_large_image\" \/>\n<meta name=\"twitter:label1\" content=\"Odhadovan\u00e1 doba \u010dten\u00ed\" \/>\n\t<meta name=\"twitter:data1\" content=\"3 minuty\" \/>\n<script type=\"application\/ld+json\" class=\"yoast-schema-graph\">{\"@context\":\"https:\\\/\\\/schema.org\",\"@graph\":[{\"@type\":\"WebPage\",\"@id\":\"https:\\\/\\\/www.topo-gps.com\\\/cs\\\/podporovane-souradnicove-systemy\\\/\",\"url\":\"https:\\\/\\\/www.topo-gps.com\\\/cs\\\/podporovane-souradnicove-systemy\\\/\",\"name\":\"Podporovan\u00e9 sou\u0159adnicov\u00e9 syst\u00e9my - Topo GPS\",\"isPartOf\":{\"@id\":\"https:\\\/\\\/www.topo-gps.com\\\/cs\\\/#website\"},\"datePublished\":\"2024-08-22T13:11:05+00:00\",\"dateModified\":\"2024-08-22T13:23:14+00:00\",\"breadcrumb\":{\"@id\":\"https:\\\/\\\/www.topo-gps.com\\\/cs\\\/podporovane-souradnicove-systemy\\\/#breadcrumb\"},\"inLanguage\":\"cs\",\"potentialAction\":[{\"@type\":\"ReadAction\",\"target\":[\"https:\\\/\\\/www.topo-gps.com\\\/cs\\\/podporovane-souradnicove-systemy\\\/\"]}]},{\"@type\":\"BreadcrumbList\",\"@id\":\"https:\\\/\\\/www.topo-gps.com\\\/cs\\\/podporovane-souradnicove-systemy\\\/#breadcrumb\",\"itemListElement\":[{\"@type\":\"ListItem\",\"position\":1,\"name\":\"Home\",\"item\":\"https:\\\/\\\/www.topo-gps.com\\\/cs\\\/topo-gps\\\/\"},{\"@type\":\"ListItem\",\"position\":2,\"name\":\"Podporovan\u00e9 sou\u0159adnicov\u00e9 syst\u00e9my\"}]},{\"@type\":\"WebSite\",\"@id\":\"https:\\\/\\\/www.topo-gps.com\\\/cs\\\/#website\",\"url\":\"https:\\\/\\\/www.topo-gps.com\\\/cs\\\/\",\"name\":\"Topo GPS\",\"description\":\"Topographic maps GPS for iPhone, Android, iPad and Apple Watch\",\"potentialAction\":[{\"@type\":\"SearchAction\",\"target\":{\"@type\":\"EntryPoint\",\"urlTemplate\":\"https:\\\/\\\/www.topo-gps.com\\\/cs\\\/?s={search_term_string}\"},\"query-input\":{\"@type\":\"PropertyValueSpecification\",\"valueRequired\":true,\"valueName\":\"search_term_string\"}}],\"inLanguage\":\"cs\"}]}<\/script>\n<!-- \/ Yoast SEO plugin. -->","yoast_head_json":{"title":"Podporovan\u00e9 sou\u0159adnicov\u00e9 syst\u00e9my - Topo GPS","robots":{"index":"index","follow":"follow","max-snippet":"max-snippet:-1","max-image-preview":"max-image-preview:large","max-video-preview":"max-video-preview:-1"},"canonical":"https:\/\/www.topo-gps.com\/cs\/podporovane-souradnicove-systemy\/","og_locale":"cs_CZ","og_type":"article","og_title":"Podporovan\u00e9 sou\u0159adnicov\u00e9 syst\u00e9my - Topo GPS","og_description":"Aplikace Topo GPS podporuje mnoho r\u016fzn\u00fdch sou\u0159adnicov\u00fdch syst\u00e9m\u016f. Sou\u0159adnice m\u016f\u017eete prohl\u00ed\u017eet, zad\u00e1vat, sd\u00edlet a skenovat v n\u00ed\u017ee uveden\u00fdch sou\u0159adnicov\u00fdch syst\u00e9mech. Do mapy je tak\u00e9 mo\u017en\u00e9 p\u0159idat vrstvy m\u0159\u00ed\u017eky sou\u0159adnicov\u00fdch syst\u00e9m\u016f. Pokud chyb\u00ed konkr\u00e9tn\u00ed sou\u0159adnicov\u00fd syst\u00e9m, m\u016f\u017eete n\u00e1s kontaktovat a m\u016f\u017eeme zv\u00e1\u017eit jeho p\u0159id\u00e1n\u00ed. Sv\u011bt WGS84 Desetinn\u00e9 WGS84 Stupn\u011b minuty WGS84 Stupn\u011b minuty sekundy UTM MGRS GEOREF GARS QTH Maidenhead Evropa ETRS89 UTM z\u00f3ny Severn\u00ed Amerika NAD83 UTM z\u00f3ny Alb\u00e1nie ATM &#8211; EPSG:6870 ALCC &#8211; EPSG:6962 Austr\u00e1lie SA Lambert &#8211; GDA2020 &#8211; EPSG:8059 Vicgrid &#8211; GDA2020 &#8211; EPSG:7899 NSW Lambert &#8211; GDA2020 &#8211; EPSG:8058 MGA z\u00f3na &#8211; GDA2020 GA LCC &#8211;...","og_url":"https:\/\/www.topo-gps.com\/cs\/podporovane-souradnicove-systemy\/","og_site_name":"Topo GPS","article_modified_time":"2024-08-22T13:23:14+00:00","twitter_card":"summary_large_image","twitter_misc":{"Odhadovan\u00e1 doba \u010dten\u00ed":"3 minuty"},"schema":{"@context":"https:\/\/schema.org","@graph":[{"@type":"WebPage","@id":"https:\/\/www.topo-gps.com\/cs\/podporovane-souradnicove-systemy\/","url":"https:\/\/www.topo-gps.com\/cs\/podporovane-souradnicove-systemy\/","name":"Podporovan\u00e9 sou\u0159adnicov\u00e9 syst\u00e9my - Topo GPS","isPartOf":{"@id":"https:\/\/www.topo-gps.com\/cs\/#website"},"datePublished":"2024-08-22T13:11:05+00:00","dateModified":"2024-08-22T13:23:14+00:00","breadcrumb":{"@id":"https:\/\/www.topo-gps.com\/cs\/podporovane-souradnicove-systemy\/#breadcrumb"},"inLanguage":"cs","potentialAction":[{"@type":"ReadAction","target":["https:\/\/www.topo-gps.com\/cs\/podporovane-souradnicove-systemy\/"]}]},{"@type":"BreadcrumbList","@id":"https:\/\/www.topo-gps.com\/cs\/podporovane-souradnicove-systemy\/#breadcrumb","itemListElement":[{"@type":"ListItem","position":1,"name":"Home","item":"https:\/\/www.topo-gps.com\/cs\/topo-gps\/"},{"@type":"ListItem","position":2,"name":"Podporovan\u00e9 sou\u0159adnicov\u00e9 syst\u00e9my"}]},{"@type":"WebSite","@id":"https:\/\/www.topo-gps.com\/cs\/#website","url":"https:\/\/www.topo-gps.com\/cs\/","name":"Topo GPS","description":"Topographic maps GPS for iPhone, Android, iPad and Apple Watch","potentialAction":[{"@type":"SearchAction","target":{"@type":"EntryPoint","urlTemplate":"https:\/\/www.topo-gps.com\/cs\/?s={search_term_string}"},"query-input":{"@type":"PropertyValueSpecification","valueRequired":true,"valueName":"search_term_string"}}],"inLanguage":"cs"}]}},"_links":{"self":[{"href":"https:\/\/www.topo-gps.com\/cs\/wp-json\/wp\/v2\/pages\/28906","targetHints":{"allow":["GET"]}}],"collection":[{"href":"https:\/\/www.topo-gps.com\/cs\/wp-json\/wp\/v2\/pages"}],"about":[{"href":"https:\/\/www.topo-gps.com\/cs\/wp-json\/wp\/v2\/types\/page"}],"author":[{"embeddable":true,"href":"https:\/\/www.topo-gps.com\/cs\/wp-json\/wp\/v2\/users\/1"}],"replies":[{"embeddable":true,"href":"https:\/\/www.topo-gps.com\/cs\/wp-json\/wp\/v2\/comments?post=28906"}],"version-history":[{"count":0,"href":"https:\/\/www.topo-gps.com\/cs\/wp-json\/wp\/v2\/pages\/28906\/revisions"}],"wp:attachment":[{"href":"https:\/\/www.topo-gps.com\/cs\/wp-json\/wp\/v2\/media?parent=28906"}],"curies":[{"name":"wp","href":"https:\/\/api.w.org\/{rel}","templated":true}]}}