{"id":26323,"date":"2023-06-16T15:54:59","date_gmt":"2023-06-16T14:54:59","guid":{"rendered":"https:\/\/www.topo-gps.com\/mapy\/vrstva-tras-pro-horska-kola\/"},"modified":"2023-06-16T16:41:06","modified_gmt":"2023-06-16T15:41:06","slug":"vrstva-tras-pro-horska-kola","status":"publish","type":"page","link":"https:\/\/www.topo-gps.com\/cs\/mapy\/vrstva-tras-pro-horska-kola\/","title":{"rendered":"Vrstva tras pro horsk\u00e1 kola"},"content":{"rendered":"<div class=\"wpb-content-wrapper\"><p>[vc_section enable_inner=&#8221;yes&#8221; section_type=&#8221;hero&#8221; inner_margin_top=&#8221;mt-100&#8243; parallax_image_attachment=&#8221;inherit&#8221; padding_class=&#8221;wide-100&#8243; css=&#8221;.vc_custom_1686928143911{background-image: url(https:\/\/www.topo-gps.com\/wp-content\/uploads\/2023\/06\/sipke_mountainbiker_on_a_path_photo_realistic_6c31544d-3751-4033-bae7-d807088a510e.png?id=26307) !important;background-position: center !important;background-repeat: no-repeat !important;background-size: cover !important;}&#8221;][vc_row parallax_image_attachment=&#8221;inherit&#8221; css=&#8221;.vc_custom_1639602296513{padding-top: 20px !important;padding-bottom: 20px !important;}&#8221;][vc_column width=&#8221;1\/2&#8243; css=&#8221;.vc_custom_1639603345318{margin-bottom: 20px !important;}&#8221;]\r\n        <div class=\"vc_custom_1686926621397  hero-txt\"> \r\n            \r\n                     \r\n            <h3 class=\"white-color h3-sm none  wow perch-fadeInUp fadeInUp\" style=\"font-weight: bold;\" data-wow-delay=\"300ms\" data-wow-duration=\"1200ms\">Trasy pro horsk\u00e1 kola p\u0159\u00edmo zobrazen\u00e9 na topografick\u00fdch map\u00e1ch<\/h3>\r\n             \r\n            \r\n                        \r\n                        \r\n            \r\n                        \r\n                        \r\n                  \r\n        <\/div>[\/vc_column][vc_column width=&#8221;1\/2&#8243; css=&#8221;.vc_custom_1639603183972{padding-top: 40px !important;padding-bottom: 40px !important;}&#8221;]\r\n        <div class=\"hero-img  wow perch-fadeInUp fadeInUp\" data-wow-delay=\"300ms\" data-wow-duration=\"1200ms\"> \r\n        <img loading=\"lazy\" decoding=\"async\" class=\"vc_single_image-img img-fluid\" width=\"560\" height=\"604\"  src=\"https:\/\/www.topo-gps.com\/wp-content\/uploads\/2022\/04\/at-map1.png\" alt=\"External image\" \/>\r\n        <\/div>[\/vc_column][\/vc_row][\/vc_section][vc_section][vc_row][vc_column]\r\n        <div class=\"section-title  wow perch-fadeInUp fadeInUp text-center\" data-wow-delay=\"300ms\" data-wow-duration=\"1200ms\">\r\n            <h2 class=\"h2-sm\">Nejlep\u0161\u00ed venkovn\u00ed mapy pro Rakousko<\/h2>\r\n            <p class=\"p-lg\">Ofici\u00e1ln\u00ed topografick\u00e9 mapy jsou nejlep\u0161\u00ed venkovn\u00ed mapy pro Rakousko.<\/p>         \r\n        <\/div>[vc_column_text]\u0160irok\u00e1 \u0161k\u00e1la evropsk\u00fdch tras pro horsk\u00e1 kola p\u0159\u00edstupn\u00e1 ve va\u0161em telefonu nab\u00edz\u00ed mnoho v\u00fdhod pro horsk\u00e9 cyklisty. Umo\u017e\u0148uje jezdc\u016fm prozkoumat nov\u00e9 stezky v Nizozemsku, N\u011bmecku, Francii a dal\u0161\u00edch evropsk\u00fdch zem\u00edch bez obav, \u017ee se ztrat\u00ed, a poskytuje bezprobl\u00e9mov\u00fd a p\u0159\u00edjemn\u00fd z\u00e1\u017eitek z j\u00edzdy. S podrobn\u00fdmi mapami a v\u00fd\u0161kov\u00fdmi profily zaji\u0161\u0165uj\u00ed trasy pro horsk\u00e1 kola poka\u017ed\u00e9 n\u00e1ro\u010dn\u00fd, ale obohacuj\u00edc\u00ed venkovn\u00ed z\u00e1\u017eitek.<\/p>\n<p>S t\u011bmito cenn\u00fdmi informacemi na dosah ruky se mohou cyklist\u00e9 s jistotou vydat do nezn\u00e1m\u00fdch oblast\u00ed a p\u0159itom z\u016fstat ve spojen\u00ed a v bezpe\u010d\u00ed. Celkov\u011b vzato, m\u00edt trasy pro horsk\u00e1 kola v telefonu revolucionizuje zp\u016fsob, jak\u00fdm jezdci p\u0159istupuj\u00ed ke sv\u00fdm dobrodru\u017estv\u00edm, maximalizuje \u010das str\u00e1ven\u00fd na stezk\u00e1ch a z\u00e1rove\u0148 zaji\u0161\u0165uje pocit bezpe\u010d\u00ed a pr\u016fzkumu.[\/vc_column_text][\/vc_column][\/vc_row][vc_row][vc_column width=&#8221;1\/2&#8243;][vc_single_image custom_src=&#8221;https:\/\/www.topo-gps.com\/wp-content\/uploads\/2022\/04\/at-map2.jpg&#8221; external_img_size=&#8221;391&#215;600&#8243; alignment=&#8221;center&#8221;][\/vc_column][vc_column width=&#8221;1\/2&#8243;][vc_row_inner][vc_column_inner width=&#8221;1\/2&#8243;]\r\n        <div class=\"wow perch-fadeInUp fadeInUp fbox\" data-wow-delay=\"300ms\" data-wow-duration=\"1200ms\"> \r\n            <div class=\"fbox grey-color-box\">\r\n                <div class=\"grey-color-icon b-icon box-icon-md\"><span class=\" grey-color\"><\/span><\/div>  \r\n                <div class=\"fbox-txt\">    \r\n                    <h5 class=\"h5-sm\">Obs\u00e1hl\u00fd<\/h5>\r\n                    <p class=\"grey-color\">Sada tras pro horsk\u00e1 kola po cel\u00e9 Evrop\u011b. Lze je snadno zobrazit na topografick\u00e9 map\u011b nebo Open Streetmap zem\u00ed.<\/p>\r\n                    \r\n                <\/div> \r\n            <\/div>        \r\n        <\/div>\r\n        <div class=\"wow perch-fadeInUp fadeInUp fbox\" data-wow-delay=\"300ms\" data-wow-duration=\"1200ms\"> \r\n            <div class=\"fbox grey-color-box\">\r\n                <div class=\"grey-color-icon b-icon box-icon-md\"><span class=\" grey-color\"><\/span><\/div>  \r\n                <div class=\"fbox-txt\">    \r\n                    <h5 class=\"h5-sm\">Barvy<\/h5>\r\n                    <p class=\"grey-color\">Barvy cesty jsou p\u0159izp\u016fsobeny zna\u010dk\u00e1m na cest\u011b, pokud jsou zn\u00e1my. Mnoho stezek pou\u017e\u00edv\u00e1 jako zna\u010dky pro cesty klasick\u00fd jeden troj\u00faheln\u00edk a dv\u011b te\u010dky.  <\/p>\r\n                    \r\n                <\/div> \r\n            <\/div>        \r\n        <\/div>\r\n        <div class=\"wow perch-fadeInUp fadeInUp fbox\" data-wow-delay=\"300ms\" data-wow-duration=\"1200ms\"> \r\n            <div class=\"fbox grey-color-box\">\r\n                <div class=\"grey-color-icon b-icon box-icon-md\"><span class=\" grey-color\"><\/span><\/div>  \r\n                <div class=\"fbox-txt\">    \r\n                    <h5 class=\"h5-sm\">Sm\u011br stezky<\/h5>\r\n                    <p class=\"grey-color\">Mnoho singletrack\u016f m\u00e1 pouze jednosm\u011brn\u00fd sm\u011br j\u00edzdy. Aplikace zobrazuje tyto pokyny, tak\u017ee v\u00edte, kudy se vydat.  <\/p>\r\n                    \r\n                <\/div> \r\n            <\/div>        \r\n        <\/div>[\/vc_column_inner][vc_column_inner width=&#8221;1\/2&#8243;]\r\n        <div class=\"wow perch-fadeInUp fadeInUp fbox\" data-wow-delay=\"300ms\" data-wow-duration=\"1200ms\"> \r\n            <div class=\"fbox grey-color-box\">\r\n                <div class=\"grey-color-icon b-icon box-icon-md\"><span class=\" grey-color\"><\/span><\/div>  \r\n                <div class=\"fbox-txt\">    \r\n                    <h5 class=\"h5-sm\">Offline mapy<\/h5>\r\n                    <p class=\"grey-color\">Topografick\u00e9 mapy a stezky m\u016f\u017eete zp\u0159\u00edstupnit offline. T\u00edmto zp\u016fsobem m\u00e1te jistotu, \u017ee pot\u0159ebn\u00e9 mapy jsou v\u017edy dostupn\u00e9.<\/p>\r\n                    \r\n                <\/div> \r\n            <\/div>        \r\n        <\/div>\r\n        <div class=\"wow perch-fadeInUp fadeInUp fbox\" data-wow-delay=\"300ms\" data-wow-duration=\"1200ms\"> \r\n            <div class=\"fbox grey-color-box\">\r\n                <div class=\"grey-color-icon b-icon box-icon-md\"><span class=\" grey-color\"><\/span><\/div>  \r\n                <div class=\"fbox-txt\">    \r\n                    <h5 class=\"h5-sm\">Informace o trase<\/h5>\r\n                    <p class=\"grey-color\">Je-li k dispozici, je uveden popis trasy a z\u00e1kladn\u00ed informace o d\u00e9lce a napojen\u00ed na dal\u0161\u00ed trasy.  <\/p>\r\n                    \r\n                <\/div> \r\n            <\/div>        \r\n        <\/div>\r\n        <div class=\"wow perch-fadeInUp fadeInUp fbox\" data-wow-delay=\"300ms\" data-wow-duration=\"1200ms\"> \r\n            <div class=\"fbox grey-color-box\">\r\n                <div class=\"grey-color-icon b-icon box-icon-md\"><span class=\" grey-color\"><\/span><\/div>  \r\n                <div class=\"fbox-txt\">    \r\n                    <h5 class=\"h5-sm\">Funkce Topo GPS<\/h5>\r\n                    <p class=\"grey-color\">Aplikace Topo GPS nab\u00edz\u00ed mnoho dal\u0161\u00edch u\u017eite\u010dn\u00fdch funkc\u00ed k topografick\u00e9 map\u011b. Stejn\u011b jako navigace, na\u010d\u00edt\u00e1n\u00ed, pl\u00e1nov\u00e1n\u00ed a sledov\u00e1n\u00ed tras a p\u0159id\u00e1v\u00e1n\u00ed bod\u016f do mapy. Topo GPS obsahuje v\u0161echny funkce b\u011b\u017en\u00e9ho GPS za\u0159\u00edzen\u00ed.<\/p>\r\n                    \r\n                <\/div> \r\n            <\/div>        \r\n        <\/div>[\/vc_column_inner][\/vc_row_inner][\/vc_column][\/vc_row][\/vc_section][vc_section][vc_row][vc_column]\r\n        <div class=\"section-title  wow perch-fadeInUp fadeInUp text-center\" data-wow-delay=\"300ms\" data-wow-duration=\"1200ms\">\r\n            <h2 class=\"h2-sm\">Kterou mapu byste rad\u011bji prozkoum\u00e1vali venku?<\/h2>\r\n            <p class=\"p-lg\">Porovnejte se<\/p>         \r\n        <\/div>[vc_row_inner][vc_column_inner width=&#8221;1\/3&#8243;][vc_column_text]<\/p>\n<h3 style=\"text-align: center;\">Google mapy<\/h3>\n<p>[\/vc_column_text][vc_single_image custom_src=&#8221;https:\/\/www.topo-gps.com\/wp-content\/uploads\/2022\/04\/at-gm.jpg&#8221; external_img_size=&#8221;277&#215;560&#8243; alignment=&#8221;center&#8221;][\/vc_column_inner][vc_column_inner width=&#8221;1\/3&#8243;][vc_column_text]<\/p>\n<h3 style=\"text-align: center;\">OpenStreetMap<\/h3>\n<p>[\/vc_column_text][vc_single_image custom_src=&#8221;https:\/\/www.topo-gps.com\/wp-content\/uploads\/2022\/04\/at-osm.jpg&#8221; external_img_size=&#8221;277&#215;560&#8243; alignment=&#8221;center&#8221;][\/vc_column_inner][vc_column_inner width=&#8221;1\/3&#8243;][vc_column_text]<\/p>\n<h3 style=\"text-align: center;\">Topografick\u00e1 mapa<\/h3>\n<p>[\/vc_column_text][vc_single_image custom_src=&#8221;https:\/\/www.topo-gps.com\/wp-content\/uploads\/2022\/04\/at-tg.jpg&#8221; external_img_size=&#8221;277&#215;560&#8243; alignment=&#8221;center&#8221;][\/vc_column_inner][\/vc_row_inner][\/vc_column][\/vc_row][\/vc_section]<\/p>\n<\/div>","protected":false},"excerpt":{"rendered":"<p>[vc_section enable_inner=&#8221;yes&#8221; section_type=&#8221;hero&#8221; inner_margin_top=&#8221;mt-100&#8243; parallax_image_attachment=&#8221;inherit&#8221; padding_class=&#8221;wide-100&#8243; css=&#8221;.vc_custom_1686928143911{background-image: url(https:\/\/www.topo-gps.com\/wp-content\/uploads\/2023\/06\/sipke_mountainbiker_on_a_path_photo_realistic_6c31544d-3751-4033-bae7-d807088a510e.png?id=26307) !important;background-position: center !important;background-repeat: no-repeat !important;background-size: cover !important;}&#8221;][vc_row parallax_image_attachment=&#8221;inherit&#8221; css=&#8221;.vc_custom_1639602296513{padding-top: 20px !important;padding-bottom: 20px !important;}&#8221;][vc_column width=&#8221;1\/2&#8243; css=&#8221;.vc_custom_1639603345318{margin-bottom: 20px !important;}&#8221;][\/vc_column][vc_column width=&#8221;1\/2&#8243; css=&#8221;.vc_custom_1639603183972{padding-top: 40px !important;padding-bottom: 40px !important;}&#8221;][\/vc_column][\/vc_row][\/vc_section][vc_section][vc_row][vc_column][vc_column_text]\u0160irok\u00e1 \u0161k\u00e1la evropsk\u00fdch tras pro horsk\u00e1 kola p\u0159\u00edstupn\u00e1 ve va\u0161em telefonu nab\u00edz\u00ed mnoho v\u00fdhod pro horsk\u00e9 cyklisty. Umo\u017e\u0148uje jezdc\u016fm prozkoumat nov\u00e9 stezky v Nizozemsku, N\u011bmecku, Francii a dal\u0161\u00edch evropsk\u00fdch zem\u00edch bez obav, \u017ee se ztrat\u00ed, a poskytuje bezprobl\u00e9mov\u00fd a p\u0159\u00edjemn\u00fd z\u00e1\u017eitek z j\u00edzdy. S podrobn\u00fdmi mapami a v\u00fd\u0161kov\u00fdmi profily zaji\u0161\u0165uj\u00ed trasy pro horsk\u00e1 kola poka\u017ed\u00e9 n\u00e1ro\u010dn\u00fd, ale obohacuj\u00edc\u00ed venkovn\u00ed z\u00e1\u017eitek. S t\u011bmito cenn\u00fdmi informacemi na dosah ruky se mohou cyklist\u00e9&#8230;<\/p>\n","protected":false},"author":1,"featured_media":0,"parent":6120,"menu_order":0,"comment_status":"closed","ping_status":"closed","template":"","meta":{"footnotes":""},"class_list":["post-26323","page","type-page","status-publish","hentry","no-post-thumbnail"],"yoast_head":"<!-- This site is optimized with the Yoast SEO plugin v27.3 - https:\/\/yoast.com\/product\/yoast-seo-wordpress\/ -->\n<title>Vrstva tras pro horsk\u00e1 kola - Topo GPS<\/title>\n<meta name=\"description\" content=\"Topo GPS m\u00e1 p\u0159\u00eddavnou vrstvu, kter\u00e1 v\u00e1m umo\u017en\u00ed zobrazit trasy pro horsk\u00e1 kola, stezky a stopy na topografick\u00e9 map\u011b\" \/>\n<meta name=\"robots\" content=\"index, follow, max-snippet:-1, max-image-preview:large, max-video-preview:-1\" \/>\n<link rel=\"canonical\" href=\"https:\/\/www.topo-gps.com\/cs\/mapy\/vrstva-tras-pro-horska-kola\/\" \/>\n<meta property=\"og:locale\" content=\"cs_CZ\" \/>\n<meta property=\"og:type\" content=\"article\" \/>\n<meta property=\"og:title\" content=\"Vrstva tras pro horsk\u00e1 kola - Topo GPS\" \/>\n<meta property=\"og:description\" content=\"Topo GPS m\u00e1 p\u0159\u00eddavnou vrstvu, kter\u00e1 v\u00e1m umo\u017en\u00ed zobrazit trasy pro horsk\u00e1 kola, stezky a stopy na topografick\u00e9 map\u011b\" \/>\n<meta property=\"og:url\" content=\"https:\/\/www.topo-gps.com\/cs\/mapy\/vrstva-tras-pro-horska-kola\/\" \/>\n<meta property=\"og:site_name\" content=\"Topo GPS\" \/>\n<meta property=\"article:modified_time\" content=\"2023-06-16T15:41:06+00:00\" \/>\n<meta name=\"twitter:card\" content=\"summary_large_image\" \/>\n<meta name=\"twitter:label1\" content=\"Odhadovan\u00e1 doba \u010dten\u00ed\" \/>\n\t<meta name=\"twitter:data1\" content=\"4 minuty\" \/>\n<script type=\"application\/ld+json\" class=\"yoast-schema-graph\">{\"@context\":\"https:\\\/\\\/schema.org\",\"@graph\":[{\"@type\":\"WebPage\",\"@id\":\"https:\\\/\\\/www.topo-gps.com\\\/cs\\\/mapy\\\/vrstva-tras-pro-horska-kola\\\/\",\"url\":\"https:\\\/\\\/www.topo-gps.com\\\/cs\\\/mapy\\\/vrstva-tras-pro-horska-kola\\\/\",\"name\":\"Vrstva tras pro horsk\u00e1 kola - Topo GPS\",\"isPartOf\":{\"@id\":\"https:\\\/\\\/www.topo-gps.com\\\/cs\\\/#website\"},\"datePublished\":\"2023-06-16T14:54:59+00:00\",\"dateModified\":\"2023-06-16T15:41:06+00:00\",\"description\":\"Topo GPS m\u00e1 p\u0159\u00eddavnou vrstvu, kter\u00e1 v\u00e1m umo\u017en\u00ed zobrazit trasy pro horsk\u00e1 kola, stezky a stopy na topografick\u00e9 map\u011b\",\"breadcrumb\":{\"@id\":\"https:\\\/\\\/www.topo-gps.com\\\/cs\\\/mapy\\\/vrstva-tras-pro-horska-kola\\\/#breadcrumb\"},\"inLanguage\":\"cs\",\"potentialAction\":[{\"@type\":\"ReadAction\",\"target\":[\"https:\\\/\\\/www.topo-gps.com\\\/cs\\\/mapy\\\/vrstva-tras-pro-horska-kola\\\/\"]}]},{\"@type\":\"BreadcrumbList\",\"@id\":\"https:\\\/\\\/www.topo-gps.com\\\/cs\\\/mapy\\\/vrstva-tras-pro-horska-kola\\\/#breadcrumb\",\"itemListElement\":[{\"@type\":\"ListItem\",\"position\":1,\"name\":\"Home\",\"item\":\"https:\\\/\\\/www.topo-gps.com\\\/cs\\\/topo-gps\\\/\"},{\"@type\":\"ListItem\",\"position\":2,\"name\":\"Mapy\",\"item\":\"https:\\\/\\\/www.topo-gps.com\\\/cs\\\/?page_id=6120\"},{\"@type\":\"ListItem\",\"position\":3,\"name\":\"Vrstva tras pro horsk\u00e1 kola\"}]},{\"@type\":\"WebSite\",\"@id\":\"https:\\\/\\\/www.topo-gps.com\\\/cs\\\/#website\",\"url\":\"https:\\\/\\\/www.topo-gps.com\\\/cs\\\/\",\"name\":\"Topo GPS\",\"description\":\"Topographic maps GPS for iPhone, Android, iPad and Apple Watch\",\"potentialAction\":[{\"@type\":\"SearchAction\",\"target\":{\"@type\":\"EntryPoint\",\"urlTemplate\":\"https:\\\/\\\/www.topo-gps.com\\\/cs\\\/?s={search_term_string}\"},\"query-input\":{\"@type\":\"PropertyValueSpecification\",\"valueRequired\":true,\"valueName\":\"search_term_string\"}}],\"inLanguage\":\"cs\"}]}<\/script>\n<!-- \/ Yoast SEO plugin. -->","yoast_head_json":{"title":"Vrstva tras pro horsk\u00e1 kola - Topo GPS","description":"Topo GPS m\u00e1 p\u0159\u00eddavnou vrstvu, kter\u00e1 v\u00e1m umo\u017en\u00ed zobrazit trasy pro horsk\u00e1 kola, stezky a stopy na topografick\u00e9 map\u011b","robots":{"index":"index","follow":"follow","max-snippet":"max-snippet:-1","max-image-preview":"max-image-preview:large","max-video-preview":"max-video-preview:-1"},"canonical":"https:\/\/www.topo-gps.com\/cs\/mapy\/vrstva-tras-pro-horska-kola\/","og_locale":"cs_CZ","og_type":"article","og_title":"Vrstva tras pro horsk\u00e1 kola - Topo GPS","og_description":"Topo GPS m\u00e1 p\u0159\u00eddavnou vrstvu, kter\u00e1 v\u00e1m umo\u017en\u00ed zobrazit trasy pro horsk\u00e1 kola, stezky a stopy na topografick\u00e9 map\u011b","og_url":"https:\/\/www.topo-gps.com\/cs\/mapy\/vrstva-tras-pro-horska-kola\/","og_site_name":"Topo GPS","article_modified_time":"2023-06-16T15:41:06+00:00","twitter_card":"summary_large_image","twitter_misc":{"Odhadovan\u00e1 doba \u010dten\u00ed":"4 minuty"},"schema":{"@context":"https:\/\/schema.org","@graph":[{"@type":"WebPage","@id":"https:\/\/www.topo-gps.com\/cs\/mapy\/vrstva-tras-pro-horska-kola\/","url":"https:\/\/www.topo-gps.com\/cs\/mapy\/vrstva-tras-pro-horska-kola\/","name":"Vrstva tras pro horsk\u00e1 kola - Topo GPS","isPartOf":{"@id":"https:\/\/www.topo-gps.com\/cs\/#website"},"datePublished":"2023-06-16T14:54:59+00:00","dateModified":"2023-06-16T15:41:06+00:00","description":"Topo GPS m\u00e1 p\u0159\u00eddavnou vrstvu, kter\u00e1 v\u00e1m umo\u017en\u00ed zobrazit trasy pro horsk\u00e1 kola, stezky a stopy na topografick\u00e9 map\u011b","breadcrumb":{"@id":"https:\/\/www.topo-gps.com\/cs\/mapy\/vrstva-tras-pro-horska-kola\/#breadcrumb"},"inLanguage":"cs","potentialAction":[{"@type":"ReadAction","target":["https:\/\/www.topo-gps.com\/cs\/mapy\/vrstva-tras-pro-horska-kola\/"]}]},{"@type":"BreadcrumbList","@id":"https:\/\/www.topo-gps.com\/cs\/mapy\/vrstva-tras-pro-horska-kola\/#breadcrumb","itemListElement":[{"@type":"ListItem","position":1,"name":"Home","item":"https:\/\/www.topo-gps.com\/cs\/topo-gps\/"},{"@type":"ListItem","position":2,"name":"Mapy","item":"https:\/\/www.topo-gps.com\/cs\/?page_id=6120"},{"@type":"ListItem","position":3,"name":"Vrstva tras pro horsk\u00e1 kola"}]},{"@type":"WebSite","@id":"https:\/\/www.topo-gps.com\/cs\/#website","url":"https:\/\/www.topo-gps.com\/cs\/","name":"Topo GPS","description":"Topographic maps GPS for iPhone, Android, iPad and Apple Watch","potentialAction":[{"@type":"SearchAction","target":{"@type":"EntryPoint","urlTemplate":"https:\/\/www.topo-gps.com\/cs\/?s={search_term_string}"},"query-input":{"@type":"PropertyValueSpecification","valueRequired":true,"valueName":"search_term_string"}}],"inLanguage":"cs"}]}},"_links":{"self":[{"href":"https:\/\/www.topo-gps.com\/cs\/wp-json\/wp\/v2\/pages\/26323","targetHints":{"allow":["GET"]}}],"collection":[{"href":"https:\/\/www.topo-gps.com\/cs\/wp-json\/wp\/v2\/pages"}],"about":[{"href":"https:\/\/www.topo-gps.com\/cs\/wp-json\/wp\/v2\/types\/page"}],"author":[{"embeddable":true,"href":"https:\/\/www.topo-gps.com\/cs\/wp-json\/wp\/v2\/users\/1"}],"replies":[{"embeddable":true,"href":"https:\/\/www.topo-gps.com\/cs\/wp-json\/wp\/v2\/comments?post=26323"}],"version-history":[{"count":0,"href":"https:\/\/www.topo-gps.com\/cs\/wp-json\/wp\/v2\/pages\/26323\/revisions"}],"up":[{"embeddable":true,"href":"https:\/\/www.topo-gps.com\/cs\/wp-json\/wp\/v2\/pages\/6120"}],"wp:attachment":[{"href":"https:\/\/www.topo-gps.com\/cs\/wp-json\/wp\/v2\/media?parent=26323"}],"curies":[{"name":"wp","href":"https:\/\/api.w.org\/{rel}","templated":true}]}}