{"id":22454,"date":"2022-09-11T19:03:00","date_gmt":"2022-09-11T18:03:00","guid":{"rendered":"https:\/\/www.topo-gps.com\/jak-zprovoznit-tento-souradnicovy-odkaz\/"},"modified":"2024-03-14T21:16:18","modified_gmt":"2024-03-14T20:16:18","slug":"jak-zprovoznit-tento-souradnicovy-odkaz","status":"publish","type":"page","link":"https:\/\/www.topo-gps.com\/cs\/jak-zprovoznit-tento-souradnicovy-odkaz\/","title":{"rendered":"P\u0159idat"},"content":{"rendered":"<p>To add points to Topo GPS using an URL, you can use the following format:<\/p>\n<p>https:\/\/www.topo-gps.com\/add\/point?lat=[latitude in degrees]&amp;lon=[longitude in degrees]&amp;title=[title]&amp;description=[description]<\/p>\n<p>To create an URL that imports custom geodata (gpx\/kml\/kmz) you first have to publish this data somewhere on the internet. Then you can create an URL of the following form:<\/p>\n<p>https:\/\/www.topo-gps.com\/import?url=[url]<\/p>\n<p>Here [url] is the url encoded url of the geodata. If the user taps on this URL and Topo GPS is installed, the geodata published at [url] is automatically imported into Topo GPS.<\/p>\n","protected":false},"excerpt":{"rendered":"<p>To add points to Topo GPS using an URL, you can use the following format: https:\/\/www.topo-gps.com\/add\/point?lat=[latitude in degrees]&amp;lon=[longitude in degrees]&amp;title=[title]&amp;description=[description] To create an URL that imports custom geodata (gpx\/kml\/kmz) you first have to publish this data somewhere on the internet. Then you can create an URL of the following form: https:\/\/www.topo-gps.com\/import?url=[url] Here [url] is the url encoded url of the geodata. If the user taps on this URL and Topo GPS is installed, the geodata published at [url] is automatically imported into Topo GPS.<\/p>\n","protected":false},"author":1,"featured_media":0,"parent":0,"menu_order":0,"comment_status":"closed","ping_status":"closed","template":"","meta":{"footnotes":""},"class_list":["post-22454","page","type-page","status-publish","hentry","no-post-thumbnail"],"yoast_head":"<!-- This site is optimized with the Yoast SEO plugin v27.5 - https:\/\/yoast.com\/product\/yoast-seo-wordpress\/ -->\n<title>P\u0159idat - Topo GPS<\/title>\n<meta name=\"robots\" content=\"index, follow, max-snippet:-1, max-image-preview:large, max-video-preview:-1\" \/>\n<link rel=\"canonical\" href=\"https:\/\/www.topo-gps.com\/cs\/jak-zprovoznit-tento-souradnicovy-odkaz\/\" \/>\n<meta property=\"og:locale\" content=\"cs_CZ\" \/>\n<meta property=\"og:type\" content=\"article\" \/>\n<meta property=\"og:title\" content=\"P\u0159idat - Topo GPS\" \/>\n<meta property=\"og:description\" content=\"To add points to Topo GPS using an URL, you can use the following format: https:\/\/www.topo-gps.com\/add\/point?lat=[latitude in degrees]&amp;lon=[longitude in degrees]&amp;title=[title]&amp;description=[description] To create an URL that imports custom geodata (gpx\/kml\/kmz) you first have to publish this data somewhere on the internet. Then you can create an URL of the following form: https:\/\/www.topo-gps.com\/import?url=[url] Here [url] is the url encoded url of the geodata. If the user taps on this URL and Topo GPS is installed, the geodata published at [url] is automatically imported into Topo GPS.\" \/>\n<meta property=\"og:url\" content=\"https:\/\/www.topo-gps.com\/cs\/jak-zprovoznit-tento-souradnicovy-odkaz\/\" \/>\n<meta property=\"og:site_name\" content=\"Topo GPS\" \/>\n<meta property=\"article:modified_time\" content=\"2024-03-14T20:16:18+00:00\" \/>\n<meta name=\"twitter:card\" content=\"summary_large_image\" \/>\n<meta name=\"twitter:label1\" content=\"Odhadovan\u00e1 doba \u010dten\u00ed\" \/>\n\t<meta name=\"twitter:data1\" content=\"1 minuta\" \/>\n<script type=\"application\/ld+json\" class=\"yoast-schema-graph\">{\"@context\":\"https:\\\/\\\/schema.org\",\"@graph\":[{\"@type\":\"WebPage\",\"@id\":\"https:\\\/\\\/www.topo-gps.com\\\/cs\\\/jak-zprovoznit-tento-souradnicovy-odkaz\\\/\",\"url\":\"https:\\\/\\\/www.topo-gps.com\\\/cs\\\/jak-zprovoznit-tento-souradnicovy-odkaz\\\/\",\"name\":\"P\u0159idat - Topo GPS\",\"isPartOf\":{\"@id\":\"https:\\\/\\\/www.topo-gps.com\\\/cs\\\/#website\"},\"datePublished\":\"2022-09-11T18:03:00+00:00\",\"dateModified\":\"2024-03-14T20:16:18+00:00\",\"breadcrumb\":{\"@id\":\"https:\\\/\\\/www.topo-gps.com\\\/cs\\\/jak-zprovoznit-tento-souradnicovy-odkaz\\\/#breadcrumb\"},\"inLanguage\":\"cs\",\"potentialAction\":[{\"@type\":\"ReadAction\",\"target\":[\"https:\\\/\\\/www.topo-gps.com\\\/cs\\\/jak-zprovoznit-tento-souradnicovy-odkaz\\\/\"]}]},{\"@type\":\"BreadcrumbList\",\"@id\":\"https:\\\/\\\/www.topo-gps.com\\\/cs\\\/jak-zprovoznit-tento-souradnicovy-odkaz\\\/#breadcrumb\",\"itemListElement\":[{\"@type\":\"ListItem\",\"position\":1,\"name\":\"Home\",\"item\":\"https:\\\/\\\/www.topo-gps.com\\\/cs\\\/topo-gps\\\/\"},{\"@type\":\"ListItem\",\"position\":2,\"name\":\"P\u0159idat\"}]},{\"@type\":\"WebSite\",\"@id\":\"https:\\\/\\\/www.topo-gps.com\\\/cs\\\/#website\",\"url\":\"https:\\\/\\\/www.topo-gps.com\\\/cs\\\/\",\"name\":\"Topo GPS\",\"description\":\"Topographic maps GPS for iPhone, Android, iPad and Apple Watch\",\"potentialAction\":[{\"@type\":\"SearchAction\",\"target\":{\"@type\":\"EntryPoint\",\"urlTemplate\":\"https:\\\/\\\/www.topo-gps.com\\\/cs\\\/?s={search_term_string}\"},\"query-input\":{\"@type\":\"PropertyValueSpecification\",\"valueRequired\":true,\"valueName\":\"search_term_string\"}}],\"inLanguage\":\"cs\"}]}<\/script>\n<!-- \/ Yoast SEO plugin. -->","yoast_head_json":{"title":"P\u0159idat - Topo GPS","robots":{"index":"index","follow":"follow","max-snippet":"max-snippet:-1","max-image-preview":"max-image-preview:large","max-video-preview":"max-video-preview:-1"},"canonical":"https:\/\/www.topo-gps.com\/cs\/jak-zprovoznit-tento-souradnicovy-odkaz\/","og_locale":"cs_CZ","og_type":"article","og_title":"P\u0159idat - Topo GPS","og_description":"To add points to Topo GPS using an URL, you can use the following format: https:\/\/www.topo-gps.com\/add\/point?lat=[latitude in degrees]&amp;lon=[longitude in degrees]&amp;title=[title]&amp;description=[description] To create an URL that imports custom geodata (gpx\/kml\/kmz) you first have to publish this data somewhere on the internet. Then you can create an URL of the following form: https:\/\/www.topo-gps.com\/import?url=[url] Here [url] is the url encoded url of the geodata. If the user taps on this URL and Topo GPS is installed, the geodata published at [url] is automatically imported into Topo GPS.","og_url":"https:\/\/www.topo-gps.com\/cs\/jak-zprovoznit-tento-souradnicovy-odkaz\/","og_site_name":"Topo GPS","article_modified_time":"2024-03-14T20:16:18+00:00","twitter_card":"summary_large_image","twitter_misc":{"Odhadovan\u00e1 doba \u010dten\u00ed":"1 minuta"},"schema":{"@context":"https:\/\/schema.org","@graph":[{"@type":"WebPage","@id":"https:\/\/www.topo-gps.com\/cs\/jak-zprovoznit-tento-souradnicovy-odkaz\/","url":"https:\/\/www.topo-gps.com\/cs\/jak-zprovoznit-tento-souradnicovy-odkaz\/","name":"P\u0159idat - Topo GPS","isPartOf":{"@id":"https:\/\/www.topo-gps.com\/cs\/#website"},"datePublished":"2022-09-11T18:03:00+00:00","dateModified":"2024-03-14T20:16:18+00:00","breadcrumb":{"@id":"https:\/\/www.topo-gps.com\/cs\/jak-zprovoznit-tento-souradnicovy-odkaz\/#breadcrumb"},"inLanguage":"cs","potentialAction":[{"@type":"ReadAction","target":["https:\/\/www.topo-gps.com\/cs\/jak-zprovoznit-tento-souradnicovy-odkaz\/"]}]},{"@type":"BreadcrumbList","@id":"https:\/\/www.topo-gps.com\/cs\/jak-zprovoznit-tento-souradnicovy-odkaz\/#breadcrumb","itemListElement":[{"@type":"ListItem","position":1,"name":"Home","item":"https:\/\/www.topo-gps.com\/cs\/topo-gps\/"},{"@type":"ListItem","position":2,"name":"P\u0159idat"}]},{"@type":"WebSite","@id":"https:\/\/www.topo-gps.com\/cs\/#website","url":"https:\/\/www.topo-gps.com\/cs\/","name":"Topo GPS","description":"Topographic maps GPS for iPhone, Android, iPad and Apple Watch","potentialAction":[{"@type":"SearchAction","target":{"@type":"EntryPoint","urlTemplate":"https:\/\/www.topo-gps.com\/cs\/?s={search_term_string}"},"query-input":{"@type":"PropertyValueSpecification","valueRequired":true,"valueName":"search_term_string"}}],"inLanguage":"cs"}]}},"_links":{"self":[{"href":"https:\/\/www.topo-gps.com\/cs\/wp-json\/wp\/v2\/pages\/22454","targetHints":{"allow":["GET"]}}],"collection":[{"href":"https:\/\/www.topo-gps.com\/cs\/wp-json\/wp\/v2\/pages"}],"about":[{"href":"https:\/\/www.topo-gps.com\/cs\/wp-json\/wp\/v2\/types\/page"}],"author":[{"embeddable":true,"href":"https:\/\/www.topo-gps.com\/cs\/wp-json\/wp\/v2\/users\/1"}],"replies":[{"embeddable":true,"href":"https:\/\/www.topo-gps.com\/cs\/wp-json\/wp\/v2\/comments?post=22454"}],"version-history":[{"count":0,"href":"https:\/\/www.topo-gps.com\/cs\/wp-json\/wp\/v2\/pages\/22454\/revisions"}],"wp:attachment":[{"href":"https:\/\/www.topo-gps.com\/cs\/wp-json\/wp\/v2\/media?parent=22454"}],"curies":[{"name":"wp","href":"https:\/\/api.w.org\/{rel}","templated":true}]}}