{"id":17779,"date":"2022-04-07T12:25:14","date_gmt":"2022-04-07T11:25:14","guid":{"rendered":"https:\/\/www.topo-gps.com\/topograficka-mapa-estonska\/"},"modified":"2023-03-12T21:59:36","modified_gmt":"2023-03-12T20:59:36","slug":"topograficka-mapa-estonska","status":"publish","type":"page","link":"https:\/\/www.topo-gps.com\/cs\/topograficka-mapa-estonska\/","title":{"rendered":"Topografick\u00e1 mapa Estonska"},"content":{"rendered":"<div class=\"wpb-content-wrapper\"><p>[vc_section enable_inner=&#8221;yes&#8221; section_type=&#8221;hero&#8221; inner_margin_top=&#8221;mt-100&#8243; parallax_image_attachment=&#8221;inherit&#8221; padding_class=&#8221;wide-100&#8243; css=&#8221;.vc_custom_1649333035548{background-image: url(https:\/\/www.topo-gps.com\/wp-content\/uploads\/2022\/04\/VV2St1GGhYdT.jpg?id=18076) !important;background-position: center !important;background-repeat: no-repeat !important;background-size: cover !important;}&#8221;][vc_row parallax_image_attachment=&#8221;inherit&#8221; css=&#8221;.vc_custom_1639602296513{padding-top: 20px !important;padding-bottom: 20px !important;}&#8221;][vc_column width=&#8221;1\/2&#8243; css=&#8221;.vc_custom_1639603345318{margin-bottom: 20px !important;}&#8221;]\r\n        <div class=\"vc_custom_1649332555931  hero-txt\"> \r\n            \r\n                     \r\n            <h3 class=\"white-color h3-sm none  wow perch-fadeInUp fadeInUp\" style=\"font-weight: bold;\" data-wow-delay=\"300ms\" data-wow-duration=\"1200ms\">Topografick\u00e1 mapa Estonska na va\u0161em iPhone, telefonu Android a Apple Watch<\/h3>\r\n             \r\n            \r\n                        \r\n                        \r\n            \r\n                        \r\n                        \r\n                  \r\n        <\/div>[vc_row_inner][vc_column_inner width=&#8221;1\/2&#8243; css=&#8221;.vc_custom_1639605647058{padding-top: 10px !important;padding-bottom: 10px !important;}&#8221;]\r\n        <div class=\"hero-img  wow perch-fadeInUp fadeInUp text-center\" data-wow-delay=\"300ms\" data-wow-duration=\"1200ms\"> \r\n        <a href=\"https:\/\/apps.apple.com\/gb\/app\/topo-gps\/id578960575\" target=\"_self\" class=\"vc_single_image-wrapper  \"><img loading=\"lazy\" decoding=\"async\" class=\"vc_single_image-img img-fluid\" width=\"160\" height=\"50\"  src=\"https:\/\/www.topo-gps.com\/wp-content\/themes\/appset\/images\/appstore.png\" alt=\"External image\" \/><\/a>\r\n        <\/div>[\/vc_column_inner][vc_column_inner width=&#8221;1\/2&#8243; css=&#8221;.vc_custom_1639605658368{padding-top: 10px !important;padding-bottom: 10px !important;}&#8221;]\r\n        <div class=\"hero-img  wow perch-fadeInUp fadeInUp text-center\" data-wow-delay=\"300ms\" data-wow-duration=\"1200ms\"> \r\n        <a href=\"https:\/\/play.google.com\/store\/apps\/details?id=uk.rdzl.topo.gps&amp;hl=en\" target=\"_self\" class=\"vc_single_image-wrapper  \"><img loading=\"lazy\" decoding=\"async\" class=\"vc_single_image-img img-fluid\" width=\"171\" height=\"50\"  src=\"https:\/\/www.topo-gps.com\/wp-content\/themes\/appset\/images\/googleplay.png\" alt=\"External image\" \/><\/a>\r\n        <\/div>[\/vc_column_inner][\/vc_row_inner][\/vc_column][vc_column width=&#8221;1\/2&#8243; css=&#8221;.vc_custom_1639603183972{padding-top: 40px !important;padding-bottom: 40px !important;}&#8221;]\r\n        <div class=\"hero-img  wow perch-fadeInUp fadeInUp\" data-wow-delay=\"300ms\" data-wow-duration=\"1200ms\"> \r\n        <img loading=\"lazy\" decoding=\"async\" class=\"vc_single_image-img img-fluid\" width=\"560\" height=\"604\"  src=\"https:\/\/www.topo-gps.com\/wp-content\/uploads\/2022\/04\/map-ee1.png\" alt=\"External image\" \/>\r\n        <\/div>[\/vc_column][\/vc_row][\/vc_section][vc_section][vc_row][vc_column]\r\n        <div class=\"section-title  wow perch-fadeInUp fadeInUp text-center\" data-wow-delay=\"300ms\" data-wow-duration=\"1200ms\">\r\n            <h2 class=\"h2-sm\">Nejlep\u0161\u00ed venkovn\u00ed mapy pro Estonsko<\/h2>\r\n            <p class=\"p-lg\">Ofici\u00e1ln\u00ed topografick\u00e9 mapy jsou nejlep\u0161\u00ed venkovn\u00ed mapy pro Estonsko.<\/p>         \r\n        <\/div>[vc_column_text]Estonsko je mal\u00e1 zem\u011b nach\u00e1zej\u00edc\u00ed se v severn\u00ed Evrop\u011b a m\u00e1 co nab\u00eddnout outdoorov\u00fdm nad\u0161enc\u016fm. D\u00edky rozs\u00e1hl\u00fdm les\u016fm, kr\u00e1sn\u00fdm n\u00e1rodn\u00edm park\u016fm a dlouh\u00e9mu pob\u0159e\u017e\u00ed je Estonsko ide\u00e1ln\u00ed pro aktivity, jako je p\u011b\u0161\u00ed turistika, cyklistika a vodn\u00ed sporty.<\/p>\n<p>Jednou z hlavn\u00edch atrakc\u00ed Estonska pro outdoorov\u00e9 aktivity je n\u00e1rodn\u00ed park Lahemaa, kter\u00fd se nach\u00e1z\u00ed na severn\u00edm pob\u0159e\u017e\u00ed zem\u011b. Park m\u00e1 \u0159adu stezek, kter\u00e9 vedou kr\u00e1sn\u00fdmi lesy, ba\u017einami a pob\u0159e\u017en\u00edmi oblastmi a nab\u00edzej\u00ed \u00fa\u017easn\u00fd v\u00fdhled na Baltsk\u00e9 mo\u0159e. N\u00e1rodn\u00ed park Soomaa, kter\u00fd se nach\u00e1z\u00ed na jihoz\u00e1pad\u011b zem\u011b, stoj\u00ed za n\u00e1v\u0161t\u011bvu tak\u00e9 pro svou jedine\u010dnou krajinu lu\u017en\u00edch les\u016f a mok\u0159ad\u016f.<\/p>\n<p>Cyklistika je tak\u00e9 obl\u00edbenou aktivitou v Estonsku, zem\u011b se m\u016f\u017ee pochlubit v\u00edce ne\u017e 1200 km cyklistick\u00fdch tras. Okres Tartu v jihov\u00fdchodn\u00edm Estonsku nab\u00edz\u00ed jedny z nejlep\u0161\u00edch cyklistick\u00fdch tras, p\u0159i\u010dem\u017e obl\u00edben\u00fdmi c\u00edli jsou malebn\u00e9 \u010cudsk\u00e9 jezero a \u0159eka Emaj\u00f5gi.<\/p>\n<p>Estonsk\u00e9 dlouh\u00e9 pob\u0159e\u017e\u00ed nab\u00edz\u00ed tak\u00e9 \u0159adu vodn\u00edch sport\u016f, jako je j\u00edzda na kajaku, kanoistika a placht\u011bn\u00ed. Mnoho jezer a \u0159ek v zemi je tak\u00e9 skv\u011bl\u00e9 pro ryba\u0159en\u00ed a koup\u00e1n\u00ed.<\/p>\n<p>Celkov\u011b Estonsko nab\u00edz\u00ed \u0159adu outdoorov\u00fdch aktivit pro r\u016fzn\u00e9 z\u00e1jmy a \u00farovn\u011b dovednost\u00ed, d\u00edky \u010demu\u017e je skv\u011blou destinac\u00ed pro milovn\u00edky dobrodru\u017estv\u00ed a milovn\u00edky p\u0159\u00edrody. Estonsko se svou \u00fa\u017easnou p\u0159\u00edrodn\u00ed kr\u00e1sou a dob\u0159e udr\u017eovan\u00fdmi stezkami a trasami mus\u00ed nav\u0161t\u00edvit ka\u017ed\u00fd, kdo chce prozkoumat n\u00e1dhernou p\u0159\u00edrodu.[\/vc_column_text][\/vc_column][\/vc_row][vc_row][vc_column width=&#8221;1\/2&#8243;][vc_single_image custom_src=&#8221;https:\/\/www.topo-gps.com\/wp-content\/uploads\/2022\/04\/map-ee2.jpg&#8221; external_img_size=&#8221;391&#215;600&#8243; alignment=&#8221;center&#8221;][\/vc_column][vc_column width=&#8221;1\/2&#8243;][vc_row_inner][vc_column_inner width=&#8221;1\/2&#8243;]\r\n        <div class=\"wow perch-fadeInUp fadeInUp fbox\" data-wow-delay=\"300ms\" data-wow-duration=\"1200ms\"> \r\n            <div class=\"fbox grey-color-box\">\r\n                <div class=\"grey-color-icon b-icon box-icon-md\"><span class=\" grey-color\"><\/span><\/div>  \r\n                <div class=\"fbox-txt\">    \r\n                    <h5 class=\"h5-sm\">Topografick\u00e1 mapa<\/h5>\r\n                    <p class=\"grey-color\">Topografick\u00e1 mapa obsahuje mnoho detail\u016f, jako jsou v\u00fd\u0161kov\u00e9 vrstevnice, mal\u00e9 silnice a vyu\u017eit\u00ed p\u016fdy, a je proto ide\u00e1ln\u00ed pro navigaci venku.<\/p>\r\n                    \r\n                <\/div> \r\n            <\/div>        \r\n        <\/div>\r\n        <div class=\"wow perch-fadeInUp fadeInUp fbox\" data-wow-delay=\"300ms\" data-wow-duration=\"1200ms\"> \r\n            <div class=\"fbox grey-color-box\">\r\n                <div class=\"grey-color-icon b-icon box-icon-md\"><span class=\" grey-color\"><\/span><\/div>  \r\n                <div class=\"fbox-txt\">    \r\n                    <h5 class=\"h5-sm\">Estonsk\u00e1 z\u00e1kladn\u00ed mapa<\/h5>\r\n                    <p class=\"grey-color\">V aplikaci Topo GPS si m\u016f\u017eete zakoupit nejlep\u0161\u00ed topografickou mapu Estonska, z\u00e1kladn\u00ed mapu. Tuto mapu vytvo\u0159il Estonsk\u00fd zemsk\u00fd \u00fa\u0159ad.<\/p>\r\n                    \r\n                <\/div> \r\n            <\/div>        \r\n        <\/div>\r\n        <div class=\"wow perch-fadeInUp fadeInUp fbox\" data-wow-delay=\"300ms\" data-wow-duration=\"1200ms\"> \r\n            <div class=\"fbox grey-color-box\">\r\n                <div class=\"grey-color-icon b-icon box-icon-md\"><span class=\" grey-color\"><\/span><\/div>  \r\n                <div class=\"fbox-txt\">    \r\n                    <h5 class=\"h5-sm\">Ceny<\/h5>\r\n                    <p class=\"grey-color\">\u00dapln\u00fd p\u0159\u00edstup ke kompletn\u00ed topografick\u00e9 map\u011b Estonska stoj\u00ed 3,99 EUR. Jedn\u00e1 se o jednor\u00e1zov\u00fd n\u00e1kup. Jsou zahrnuty bezplatn\u00e9 budouc\u00ed aktualizace. Mapa je dostupn\u00e1 na v\u0161ech za\u0159\u00edzen\u00edch, kter\u00e1 pou\u017e\u00edvaj\u00ed stejn\u00e9 Apple ID nebo \u00fa\u010det Google Play.<\/p>\r\n                    \r\n                <\/div> \r\n            <\/div>        \r\n        <\/div>[\/vc_column_inner][vc_column_inner width=&#8221;1\/2&#8243;]\r\n        <div class=\"wow perch-fadeInUp fadeInUp fbox\" data-wow-delay=\"300ms\" data-wow-duration=\"1200ms\"> \r\n            <div class=\"fbox grey-color-box\">\r\n                <div class=\"grey-color-icon b-icon box-icon-md\"><span class=\" grey-color\"><\/span><\/div>  \r\n                <div class=\"fbox-txt\">    \r\n                    <h5 class=\"h5-sm\">Offline mapy<\/h5>\r\n                    <p class=\"grey-color\">Topografick\u00e9 mapy m\u016f\u017eete zp\u0159\u00edstupnit offline. T\u00edmto zp\u016fsobem m\u00e1te jistotu, \u017ee pot\u0159ebn\u00e9 mapy jsou v\u017edy dostupn\u00e9.<\/p>\r\n                    \r\n                <\/div> \r\n            <\/div>        \r\n        <\/div>\r\n        <div class=\"wow perch-fadeInUp fadeInUp fbox\" data-wow-delay=\"300ms\" data-wow-duration=\"1200ms\"> \r\n            <div class=\"fbox grey-color-box\">\r\n                <div class=\"grey-color-icon b-icon box-icon-md\"><span class=\" grey-color\"><\/span><\/div>  \r\n                <div class=\"fbox-txt\">    \r\n                    <h5 class=\"h5-sm\">Jasn\u00e1 legenda<\/h5>\r\n                    <p class=\"grey-color\">Topografick\u00e1 mapa m\u00e1 p\u0159ehlednou legendu s vysv\u011btlivkami v\u0161ech symbol\u016f.<\/p>\r\n                    \r\n                <\/div> \r\n            <\/div>        \r\n        <\/div>\r\n        <div class=\"wow perch-fadeInUp fadeInUp fbox\" data-wow-delay=\"300ms\" data-wow-duration=\"1200ms\"> \r\n            <div class=\"fbox grey-color-box\">\r\n                <div class=\"grey-color-icon b-icon box-icon-md\"><span class=\" grey-color\"><\/span><\/div>  \r\n                <div class=\"fbox-txt\">    \r\n                    <h5 class=\"h5-sm\">Aplikace Topo GPS<\/h5>\r\n                    <p class=\"grey-color\">Aplikace Topo GPS nab\u00edz\u00ed mnoho dal\u0161\u00edch u\u017eite\u010dn\u00fdch funkc\u00ed k topografick\u00e9 map\u011b. Stejn\u011b jako navigace, na\u010d\u00edt\u00e1n\u00ed, pl\u00e1nov\u00e1n\u00ed a sledov\u00e1n\u00ed tras a p\u0159id\u00e1v\u00e1n\u00ed bod\u016f do mapy. Topo GPS obsahuje v\u0161echny funkce b\u011b\u017en\u00e9ho GPS za\u0159\u00edzen\u00ed.<\/p>\r\n                    \r\n                <\/div> \r\n            <\/div>        \r\n        <\/div>[\/vc_column_inner][\/vc_row_inner][\/vc_column][\/vc_row][\/vc_section][vc_section][vc_row][vc_column]\r\n        <div class=\"section-title  wow perch-fadeInUp fadeInUp text-center\" data-wow-delay=\"300ms\" data-wow-duration=\"1200ms\">\r\n            <h2 class=\"h2-sm\">Kterou mapu byste rad\u011bji prozkoum\u00e1vali venku?<\/h2>\r\n            <p class=\"p-lg\">Porovnejte se<\/p>         \r\n        <\/div>[vc_row_inner][vc_column_inner width=&#8221;1\/3&#8243;][vc_column_text]<\/p>\n<h3 style=\"text-align: center;\">Google mapy<\/h3>\n<p>[\/vc_column_text][vc_single_image custom_src=&#8221;https:\/\/www.topo-gps.com\/wp-content\/uploads\/2022\/04\/ee-gm.jpg&#8221; external_img_size=&#8221;277&#215;560&#8243; alignment=&#8221;center&#8221;][\/vc_column_inner][vc_column_inner width=&#8221;1\/3&#8243;][vc_column_text]<\/p>\n<h3 style=\"text-align: center;\">OpenStreetMap<\/h3>\n<p>[\/vc_column_text][vc_single_image custom_src=&#8221;https:\/\/www.topo-gps.com\/wp-content\/uploads\/2022\/04\/ee-osm.jpg&#8221; external_img_size=&#8221;277&#215;560&#8243; alignment=&#8221;center&#8221;][\/vc_column_inner][vc_column_inner width=&#8221;1\/3&#8243;][vc_column_text]<\/p>\n<h3 style=\"text-align: center;\">Topografick\u00e1 mapa<\/h3>\n<p>[\/vc_column_text][vc_single_image custom_src=&#8221;https:\/\/www.topo-gps.com\/wp-content\/uploads\/2022\/04\/ee-tg.jpg&#8221; external_img_size=&#8221;277&#215;560&#8243; alignment=&#8221;center&#8221;][\/vc_column_inner][\/vc_row_inner][\/vc_column][\/vc_row][\/vc_section][vc_section section_type=&#8221;hero&#8221; hero_type=&#8221;1&#8243; parallax_image_attachment=&#8221;fixed&#8221; padding_class=&#8221;&#8221;][vc_row content_placement=&#8221;&#8221; parallax_image_attachment=&#8221;inherit&#8221;][vc_column width=&#8221;1\/2&#8243; column_inner_style=&#8221;hero-txt&#8221; hero_txt_type=&#8221;1&#8243;]\r\n        <div class=\"hero-txt\"> \r\n            \r\n            <h2 class=\" wow perch-fadeInUp fadeInUp\" data-wow-delay=\"300ms\" data-wow-duration=\"1200ms\">Topo GPS<\/h2>         \r\n            <h3 class=\"h3-sm  wow perch-fadeInUp fadeInUp\" data-wow-delay=\"400ms\" data-wow-duration=\"1200ms\">Prom\u011b\u0148te sv\u016fj iPhone, telefon nebo tablet Android na plnohodnotn\u00e9 za\u0159\u00edzen\u00ed GPS s topografick\u00fdmi mapami dostupn\u00fdmi v re\u017eimu offline.<\/h3>\r\n             \r\n            \r\n                        \r\n                        \r\n            \r\n                        \r\n                        \r\n                  \r\n        <\/div>[vc_row_inner][vc_column_inner width=&#8221;1\/2&#8243; css=&#8221;.vc_custom_1639605647058{padding-top: 10px !important;padding-bottom: 10px !important;}&#8221;]\r\n        <div class=\"hero-img  wow perch-fadeInUp fadeInUp text-center\" data-wow-delay=\"300ms\" data-wow-duration=\"1200ms\"> \r\n        <a href=\"https:\/\/apps.apple.com\/gb\/app\/topo-gps\/id578960575\" target=\"_self\" class=\"vc_single_image-wrapper  \"><img loading=\"lazy\" decoding=\"async\" class=\"vc_single_image-img img-fluid\" width=\"160\" height=\"50\"  src=\"https:\/\/www.topo-gps.com\/wp-content\/themes\/appset\/images\/appstore.png\" alt=\"External image\" \/><\/a>\r\n        <\/div>[\/vc_column_inner][vc_column_inner width=&#8221;1\/2&#8243; css=&#8221;.vc_custom_1639605658368{padding-top: 10px !important;padding-bottom: 10px !important;}&#8221;]\r\n        <div class=\"hero-img  wow perch-fadeInUp fadeInUp text-center\" data-wow-delay=\"300ms\" data-wow-duration=\"1200ms\"> \r\n        <a href=\"https:\/\/play.google.com\/store\/apps\/details?id=uk.rdzl.topo.gps&amp;hl=en\" target=\"_self\" class=\"vc_single_image-wrapper  \"><img loading=\"lazy\" decoding=\"async\" class=\"vc_single_image-img img-fluid\" width=\"171\" height=\"50\"  src=\"https:\/\/www.topo-gps.com\/wp-content\/themes\/appset\/images\/googleplay.png\" alt=\"External image\" \/><\/a>\r\n        <\/div>[\/vc_column_inner][\/vc_row_inner][\/vc_column][vc_column width=&#8221;1\/2&#8243;]\r\n        <div class=\"wow perch-fadeInRight fadeInRight hero-1-img\" data-wow-delay=\"300ms\" data-wow-duration=\"1200ms\"> \r\n        <img decoding=\"async\" class=\"vc_single_image-img img-fluid\"  src=\"https:\/\/www.topo-gps.com\/wp-content\/uploads\/2022\/04\/main-ee1.png\" alt=\"External image\" \/>\r\n        <\/div>[\/vc_column][\/vc_row][\/vc_section]<\/p>\n<\/div>","protected":false},"excerpt":{"rendered":"<p>[vc_section enable_inner=&#8221;yes&#8221; section_type=&#8221;hero&#8221; inner_margin_top=&#8221;mt-100&#8243; parallax_image_attachment=&#8221;inherit&#8221; padding_class=&#8221;wide-100&#8243; css=&#8221;.vc_custom_1649333035548{background-image: url(https:\/\/www.topo-gps.com\/wp-content\/uploads\/2022\/04\/VV2St1GGhYdT.jpg?id=18076) !important;background-position: center !important;background-repeat: no-repeat !important;background-size: cover !important;}&#8221;][vc_row parallax_image_attachment=&#8221;inherit&#8221; css=&#8221;.vc_custom_1639602296513{padding-top: 20px !important;padding-bottom: 20px !important;}&#8221;][vc_column width=&#8221;1\/2&#8243; css=&#8221;.vc_custom_1639603345318{margin-bottom: 20px !important;}&#8221;][vc_row_inner][vc_column_inner width=&#8221;1\/2&#8243; css=&#8221;.vc_custom_1639605647058{padding-top: 10px !important;padding-bottom: 10px !important;}&#8221;][\/vc_column_inner][vc_column_inner width=&#8221;1\/2&#8243; css=&#8221;.vc_custom_1639605658368{padding-top: 10px !important;padding-bottom: 10px !important;}&#8221;][\/vc_column_inner][\/vc_row_inner][\/vc_column][vc_column width=&#8221;1\/2&#8243; css=&#8221;.vc_custom_1639603183972{padding-top: 40px !important;padding-bottom: 40px !important;}&#8221;][\/vc_column][\/vc_row][\/vc_section][vc_section][vc_row][vc_column][vc_column_text]Estonsko je mal\u00e1 zem\u011b nach\u00e1zej\u00edc\u00ed se v severn\u00ed Evrop\u011b a m\u00e1 co nab\u00eddnout outdoorov\u00fdm nad\u0161enc\u016fm. D\u00edky rozs\u00e1hl\u00fdm les\u016fm, kr\u00e1sn\u00fdm n\u00e1rodn\u00edm park\u016fm a dlouh\u00e9mu pob\u0159e\u017e\u00ed je Estonsko ide\u00e1ln\u00ed pro aktivity, jako je p\u011b\u0161\u00ed turistika, cyklistika a vodn\u00ed sporty. Jednou z hlavn\u00edch atrakc\u00ed Estonska pro outdoorov\u00e9 aktivity je n\u00e1rodn\u00ed park Lahemaa, kter\u00fd se nach\u00e1z\u00ed na severn\u00edm pob\u0159e\u017e\u00ed zem\u011b. Park m\u00e1&#8230;<\/p>\n","protected":false},"author":1,"featured_media":0,"parent":0,"menu_order":0,"comment_status":"closed","ping_status":"closed","template":"","meta":{"footnotes":""},"class_list":["post-17779","page","type-page","status-publish","hentry","no-post-thumbnail"],"yoast_head":"<!-- This site is optimized with the Yoast SEO plugin v27.4 - https:\/\/yoast.com\/product\/yoast-seo-wordpress\/ -->\n<title>Topografick\u00e1 mapa Estonska - Topo GPS<\/title>\n<meta name=\"robots\" content=\"index, follow, max-snippet:-1, max-image-preview:large, max-video-preview:-1\" \/>\n<link rel=\"canonical\" href=\"https:\/\/www.topo-gps.com\/cs\/topograficka-mapa-estonska\/\" \/>\n<meta property=\"og:locale\" content=\"cs_CZ\" \/>\n<meta property=\"og:type\" content=\"article\" \/>\n<meta property=\"og:title\" content=\"Topografick\u00e1 mapa Estonska - Topo GPS\" \/>\n<meta property=\"og:description\" content=\"[vc_section enable_inner=&#8221;yes&#8221; section_type=&#8221;hero&#8221; inner_margin_top=&#8221;mt-100&#8243; parallax_image_attachment=&#8221;inherit&#8221; padding_class=&#8221;wide-100&#8243; css=&#8221;.vc_custom_1649333035548{background-image: url(https:\/\/www.topo-gps.com\/wp-content\/uploads\/2022\/04\/VV2St1GGhYdT.jpg?id=18076) !important;background-position: center !important;background-repeat: no-repeat !important;background-size: cover !important;}&#8221;][vc_row parallax_image_attachment=&#8221;inherit&#8221; css=&#8221;.vc_custom_1639602296513{padding-top: 20px !important;padding-bottom: 20px !important;}&#8221;][vc_column width=&#8221;1\/2&#8243; css=&#8221;.vc_custom_1639603345318{margin-bottom: 20px !important;}&#8221;][vc_row_inner][vc_column_inner width=&#8221;1\/2&#8243; css=&#8221;.vc_custom_1639605647058{padding-top: 10px !important;padding-bottom: 10px !important;}&#8221;][\/vc_column_inner][vc_column_inner width=&#8221;1\/2&#8243; css=&#8221;.vc_custom_1639605658368{padding-top: 10px !important;padding-bottom: 10px !important;}&#8221;][\/vc_column_inner][\/vc_row_inner][\/vc_column][vc_column width=&#8221;1\/2&#8243; css=&#8221;.vc_custom_1639603183972{padding-top: 40px !important;padding-bottom: 40px !important;}&#8221;][\/vc_column][\/vc_row][\/vc_section][vc_section][vc_row][vc_column][vc_column_text]Estonsko je mal\u00e1 zem\u011b nach\u00e1zej\u00edc\u00ed se v severn\u00ed Evrop\u011b a m\u00e1 co nab\u00eddnout outdoorov\u00fdm nad\u0161enc\u016fm. D\u00edky rozs\u00e1hl\u00fdm les\u016fm, kr\u00e1sn\u00fdm n\u00e1rodn\u00edm park\u016fm a dlouh\u00e9mu pob\u0159e\u017e\u00ed je Estonsko ide\u00e1ln\u00ed pro aktivity, jako je p\u011b\u0161\u00ed turistika, cyklistika a vodn\u00ed sporty. Jednou z hlavn\u00edch atrakc\u00ed Estonska pro outdoorov\u00e9 aktivity je n\u00e1rodn\u00ed park Lahemaa, kter\u00fd se nach\u00e1z\u00ed na severn\u00edm pob\u0159e\u017e\u00ed zem\u011b. Park m\u00e1...\" \/>\n<meta property=\"og:url\" content=\"https:\/\/www.topo-gps.com\/cs\/topograficka-mapa-estonska\/\" \/>\n<meta property=\"og:site_name\" content=\"Topo GPS\" \/>\n<meta property=\"article:modified_time\" content=\"2023-03-12T20:59:36+00:00\" \/>\n<meta name=\"twitter:card\" content=\"summary_large_image\" \/>\n<meta name=\"twitter:label1\" content=\"Odhadovan\u00e1 doba \u010dten\u00ed\" \/>\n\t<meta name=\"twitter:data1\" content=\"6 minut\" \/>\n<script type=\"application\/ld+json\" class=\"yoast-schema-graph\">{\"@context\":\"https:\\\/\\\/schema.org\",\"@graph\":[{\"@type\":\"WebPage\",\"@id\":\"https:\\\/\\\/www.topo-gps.com\\\/cs\\\/topograficka-mapa-estonska\\\/\",\"url\":\"https:\\\/\\\/www.topo-gps.com\\\/cs\\\/topograficka-mapa-estonska\\\/\",\"name\":\"Topografick\u00e1 mapa Estonska - Topo GPS\",\"isPartOf\":{\"@id\":\"https:\\\/\\\/www.topo-gps.com\\\/cs\\\/#website\"},\"datePublished\":\"2022-04-07T11:25:14+00:00\",\"dateModified\":\"2023-03-12T20:59:36+00:00\",\"breadcrumb\":{\"@id\":\"https:\\\/\\\/www.topo-gps.com\\\/cs\\\/topograficka-mapa-estonska\\\/#breadcrumb\"},\"inLanguage\":\"cs\",\"potentialAction\":[{\"@type\":\"ReadAction\",\"target\":[\"https:\\\/\\\/www.topo-gps.com\\\/cs\\\/topograficka-mapa-estonska\\\/\"]}]},{\"@type\":\"BreadcrumbList\",\"@id\":\"https:\\\/\\\/www.topo-gps.com\\\/cs\\\/topograficka-mapa-estonska\\\/#breadcrumb\",\"itemListElement\":[{\"@type\":\"ListItem\",\"position\":1,\"name\":\"Home\",\"item\":\"https:\\\/\\\/www.topo-gps.com\\\/cs\\\/topo-gps\\\/\"},{\"@type\":\"ListItem\",\"position\":2,\"name\":\"Topografick\u00e1 mapa Estonska\"}]},{\"@type\":\"WebSite\",\"@id\":\"https:\\\/\\\/www.topo-gps.com\\\/cs\\\/#website\",\"url\":\"https:\\\/\\\/www.topo-gps.com\\\/cs\\\/\",\"name\":\"Topo GPS\",\"description\":\"Topographic maps GPS for iPhone, Android, iPad and Apple Watch\",\"potentialAction\":[{\"@type\":\"SearchAction\",\"target\":{\"@type\":\"EntryPoint\",\"urlTemplate\":\"https:\\\/\\\/www.topo-gps.com\\\/cs\\\/?s={search_term_string}\"},\"query-input\":{\"@type\":\"PropertyValueSpecification\",\"valueRequired\":true,\"valueName\":\"search_term_string\"}}],\"inLanguage\":\"cs\"}]}<\/script>\n<!-- \/ Yoast SEO plugin. -->","yoast_head_json":{"title":"Topografick\u00e1 mapa Estonska - Topo GPS","robots":{"index":"index","follow":"follow","max-snippet":"max-snippet:-1","max-image-preview":"max-image-preview:large","max-video-preview":"max-video-preview:-1"},"canonical":"https:\/\/www.topo-gps.com\/cs\/topograficka-mapa-estonska\/","og_locale":"cs_CZ","og_type":"article","og_title":"Topografick\u00e1 mapa Estonska - Topo GPS","og_description":"[vc_section enable_inner=&#8221;yes&#8221; section_type=&#8221;hero&#8221; inner_margin_top=&#8221;mt-100&#8243; parallax_image_attachment=&#8221;inherit&#8221; padding_class=&#8221;wide-100&#8243; css=&#8221;.vc_custom_1649333035548{background-image: url(https:\/\/www.topo-gps.com\/wp-content\/uploads\/2022\/04\/VV2St1GGhYdT.jpg?id=18076) !important;background-position: center !important;background-repeat: no-repeat !important;background-size: cover !important;}&#8221;][vc_row parallax_image_attachment=&#8221;inherit&#8221; css=&#8221;.vc_custom_1639602296513{padding-top: 20px !important;padding-bottom: 20px !important;}&#8221;][vc_column width=&#8221;1\/2&#8243; css=&#8221;.vc_custom_1639603345318{margin-bottom: 20px !important;}&#8221;][vc_row_inner][vc_column_inner width=&#8221;1\/2&#8243; css=&#8221;.vc_custom_1639605647058{padding-top: 10px !important;padding-bottom: 10px !important;}&#8221;][\/vc_column_inner][vc_column_inner width=&#8221;1\/2&#8243; css=&#8221;.vc_custom_1639605658368{padding-top: 10px !important;padding-bottom: 10px !important;}&#8221;][\/vc_column_inner][\/vc_row_inner][\/vc_column][vc_column width=&#8221;1\/2&#8243; css=&#8221;.vc_custom_1639603183972{padding-top: 40px !important;padding-bottom: 40px !important;}&#8221;][\/vc_column][\/vc_row][\/vc_section][vc_section][vc_row][vc_column][vc_column_text]Estonsko je mal\u00e1 zem\u011b nach\u00e1zej\u00edc\u00ed se v severn\u00ed Evrop\u011b a m\u00e1 co nab\u00eddnout outdoorov\u00fdm nad\u0161enc\u016fm. D\u00edky rozs\u00e1hl\u00fdm les\u016fm, kr\u00e1sn\u00fdm n\u00e1rodn\u00edm park\u016fm a dlouh\u00e9mu pob\u0159e\u017e\u00ed je Estonsko ide\u00e1ln\u00ed pro aktivity, jako je p\u011b\u0161\u00ed turistika, cyklistika a vodn\u00ed sporty. Jednou z hlavn\u00edch atrakc\u00ed Estonska pro outdoorov\u00e9 aktivity je n\u00e1rodn\u00ed park Lahemaa, kter\u00fd se nach\u00e1z\u00ed na severn\u00edm pob\u0159e\u017e\u00ed zem\u011b. Park m\u00e1...","og_url":"https:\/\/www.topo-gps.com\/cs\/topograficka-mapa-estonska\/","og_site_name":"Topo GPS","article_modified_time":"2023-03-12T20:59:36+00:00","twitter_card":"summary_large_image","twitter_misc":{"Odhadovan\u00e1 doba \u010dten\u00ed":"6 minut"},"schema":{"@context":"https:\/\/schema.org","@graph":[{"@type":"WebPage","@id":"https:\/\/www.topo-gps.com\/cs\/topograficka-mapa-estonska\/","url":"https:\/\/www.topo-gps.com\/cs\/topograficka-mapa-estonska\/","name":"Topografick\u00e1 mapa Estonska - Topo GPS","isPartOf":{"@id":"https:\/\/www.topo-gps.com\/cs\/#website"},"datePublished":"2022-04-07T11:25:14+00:00","dateModified":"2023-03-12T20:59:36+00:00","breadcrumb":{"@id":"https:\/\/www.topo-gps.com\/cs\/topograficka-mapa-estonska\/#breadcrumb"},"inLanguage":"cs","potentialAction":[{"@type":"ReadAction","target":["https:\/\/www.topo-gps.com\/cs\/topograficka-mapa-estonska\/"]}]},{"@type":"BreadcrumbList","@id":"https:\/\/www.topo-gps.com\/cs\/topograficka-mapa-estonska\/#breadcrumb","itemListElement":[{"@type":"ListItem","position":1,"name":"Home","item":"https:\/\/www.topo-gps.com\/cs\/topo-gps\/"},{"@type":"ListItem","position":2,"name":"Topografick\u00e1 mapa Estonska"}]},{"@type":"WebSite","@id":"https:\/\/www.topo-gps.com\/cs\/#website","url":"https:\/\/www.topo-gps.com\/cs\/","name":"Topo GPS","description":"Topographic maps GPS for iPhone, Android, iPad and Apple Watch","potentialAction":[{"@type":"SearchAction","target":{"@type":"EntryPoint","urlTemplate":"https:\/\/www.topo-gps.com\/cs\/?s={search_term_string}"},"query-input":{"@type":"PropertyValueSpecification","valueRequired":true,"valueName":"search_term_string"}}],"inLanguage":"cs"}]}},"_links":{"self":[{"href":"https:\/\/www.topo-gps.com\/cs\/wp-json\/wp\/v2\/pages\/17779","targetHints":{"allow":["GET"]}}],"collection":[{"href":"https:\/\/www.topo-gps.com\/cs\/wp-json\/wp\/v2\/pages"}],"about":[{"href":"https:\/\/www.topo-gps.com\/cs\/wp-json\/wp\/v2\/types\/page"}],"author":[{"embeddable":true,"href":"https:\/\/www.topo-gps.com\/cs\/wp-json\/wp\/v2\/users\/1"}],"replies":[{"embeddable":true,"href":"https:\/\/www.topo-gps.com\/cs\/wp-json\/wp\/v2\/comments?post=17779"}],"version-history":[{"count":0,"href":"https:\/\/www.topo-gps.com\/cs\/wp-json\/wp\/v2\/pages\/17779\/revisions"}],"wp:attachment":[{"href":"https:\/\/www.topo-gps.com\/cs\/wp-json\/wp\/v2\/media?parent=17779"}],"curies":[{"name":"wp","href":"https:\/\/api.w.org\/{rel}","templated":true}]}}