{"id":17696,"date":"2022-04-07T12:22:45","date_gmt":"2022-04-07T11:22:45","guid":{"rendered":"https:\/\/www.topo-gps.com\/topograficka-mapa-ceska\/"},"modified":"2023-03-12T21:53:34","modified_gmt":"2023-03-12T20:53:34","slug":"topograficka-mapa-ceska","status":"publish","type":"page","link":"https:\/\/www.topo-gps.com\/cs\/topograficka-mapa-ceska\/","title":{"rendered":"Topografick\u00e1 mapa \u010ceska"},"content":{"rendered":"<div class=\"wpb-content-wrapper\"><p>[vc_section enable_inner=&#8221;yes&#8221; section_type=&#8221;hero&#8221; inner_margin_top=&#8221;mt-100&#8243; parallax_image_attachment=&#8221;inherit&#8221; padding_class=&#8221;wide-100&#8243; css=&#8221;.vc_custom_1649331907724{background-image: url(https:\/\/www.topo-gps.com\/wp-content\/uploads\/2022\/04\/cz-cropped.jpg?id=17981) !important;background-position: center !important;background-repeat: no-repeat !important;background-size: cover !important;}&#8221;][vc_row parallax_image_attachment=&#8221;inherit&#8221; css=&#8221;.vc_custom_1639602296513{padding-top: 20px !important;padding-bottom: 20px !important;}&#8221;][vc_column width=&#8221;1\/2&#8243; css=&#8221;.vc_custom_1639603345318{margin-bottom: 20px !important;}&#8221;]\r\n        <div class=\"vc_custom_1649331184200  hero-txt\"> \r\n            \r\n                     \r\n            <h3 class=\"white-color h3-sm none  wow perch-fadeInUp fadeInUp\" style=\"font-weight: bold;\" data-wow-delay=\"300ms\" data-wow-duration=\"1200ms\">Topografick\u00e1 mapa \u010ceska na va\u0161em iPhonu, telefonu Android a Apple Watch<\/h3>\r\n             \r\n            \r\n                        \r\n                        \r\n            \r\n                        \r\n                        \r\n                  \r\n        <\/div>[vc_row_inner][vc_column_inner width=&#8221;1\/2&#8243; css=&#8221;.vc_custom_1639605647058{padding-top: 10px !important;padding-bottom: 10px !important;}&#8221;]\r\n        <div class=\"hero-img  wow perch-fadeInUp fadeInUp text-center\" data-wow-delay=\"300ms\" data-wow-duration=\"1200ms\"> \r\n        <a href=\"https:\/\/apps.apple.com\/gb\/app\/topo-gps\/id578960575\" target=\"_self\" class=\"vc_single_image-wrapper  \"><img loading=\"lazy\" decoding=\"async\" class=\"vc_single_image-img img-fluid\" width=\"160\" height=\"50\"  src=\"https:\/\/www.topo-gps.com\/wp-content\/themes\/appset\/images\/appstore.png\" alt=\"External image\" \/><\/a>\r\n        <\/div>[\/vc_column_inner][vc_column_inner width=&#8221;1\/2&#8243; css=&#8221;.vc_custom_1639605658368{padding-top: 10px !important;padding-bottom: 10px !important;}&#8221;]\r\n        <div class=\"hero-img  wow perch-fadeInUp fadeInUp text-center\" data-wow-delay=\"300ms\" data-wow-duration=\"1200ms\"> \r\n        <a href=\"https:\/\/play.google.com\/store\/apps\/details?id=uk.rdzl.topo.gps&amp;hl=en\" target=\"_self\" class=\"vc_single_image-wrapper  \"><img loading=\"lazy\" decoding=\"async\" class=\"vc_single_image-img img-fluid\" width=\"171\" height=\"50\"  src=\"https:\/\/www.topo-gps.com\/wp-content\/themes\/appset\/images\/googleplay.png\" alt=\"External image\" \/><\/a>\r\n        <\/div>[\/vc_column_inner][\/vc_row_inner][\/vc_column][vc_column width=&#8221;1\/2&#8243; css=&#8221;.vc_custom_1639603183972{padding-top: 40px !important;padding-bottom: 40px !important;}&#8221;]\r\n        <div class=\"hero-img  wow perch-fadeInUp fadeInUp\" data-wow-delay=\"300ms\" data-wow-duration=\"1200ms\"> \r\n        <img loading=\"lazy\" decoding=\"async\" class=\"vc_single_image-img img-fluid\" width=\"560\" height=\"604\"  src=\"https:\/\/www.topo-gps.com\/wp-content\/uploads\/2022\/04\/map-cz1.png\" alt=\"External image\" \/>\r\n        <\/div>[\/vc_column][\/vc_row][\/vc_section][vc_section][vc_row][vc_column]\r\n        <div class=\"section-title  wow perch-fadeInUp fadeInUp text-center\" data-wow-delay=\"300ms\" data-wow-duration=\"1200ms\">\r\n            <h2 class=\"h2-sm\">Dobr\u00e9 outdoorov\u00e9 mapy pro \u010cesko<\/h2>\r\n            <p class=\"p-lg\">Ofici\u00e1ln\u00ed topografick\u00e9 mapy jsou nejvhodn\u011bj\u0161\u00ed outdoorov\u00e9 mapy pro \u010cesko.<\/p>         \r\n        <\/div>[vc_column_text]\u010cesk\u00e1 republika je skv\u011blou destinac\u00ed pro outdoorov\u00e9 aktivity, zejm\u00e9na ly\u017eov\u00e1n\u00ed. V zemi je n\u011bkolik ly\u017ea\u0159sk\u00fdch st\u0159edisek se \u0161irokou nab\u00eddkou sjezdovek pro za\u010d\u00e1te\u010dn\u00edky i pokro\u010dil\u00e9 ly\u017ea\u0159e. Krom\u011b ly\u017eov\u00e1n\u00ed je zde spousta mo\u017enost\u00ed pro p\u011b\u0161\u00ed turistiku, zejm\u00e9na v N\u00e1rodn\u00edm parku \u010cesk\u00e9 \u0160v\u00fdcarsko a Krkono\u0161sk\u00e9m n\u00e1rodn\u00edm parku. Prvn\u00ed z nich nab\u00edz\u00ed jedine\u010dn\u00e9 p\u00edskovcov\u00e9 \u00fatvary a dob\u0159e zna\u010den\u00e9 stezky, zat\u00edmco druh\u00e1 nab\u00edz\u00ed n\u00e1ro\u010dn\u00e9 t\u00fary s \u00fa\u017easn\u00fdmi v\u00fdhledy na nejvy\u0161\u0161\u00ed hory zem\u011b.<\/p>\n<p>P\u0159i pozn\u00e1v\u00e1n\u00ed outdoorov\u00fdch aktivit v \u010cesk\u00e9 republice je nezbytn\u00e9 se dob\u0159e p\u0159ipravit a napl\u00e1novat si trasu p\u0159edem. Vezm\u011bte si s sebou mapu oblasti a seznamte se s trasami, po kter\u00fdch se vyd\u00e1te. Ne\u017e vyraz\u00edte, zkontrolujte si p\u0159edpov\u011b\u010f po\u010das\u00ed a zabalte si pot\u0159ebn\u00e9 vybaven\u00ed a oble\u010den\u00ed pro dan\u00e9 podm\u00ednky. Krom\u011b toho je vhodn\u00e9 j\u00edt na t\u00faru nebo ly\u017eovat s partnerem nebo skupinou a sd\u011blit n\u011bkomu va\u0161i pl\u00e1novanou trasu a p\u0159edpokl\u00e1dan\u00fd \u010das n\u00e1vratu.<\/p>\n<p>Celkov\u011b \u010cesk\u00e1 republika nab\u00edz\u00ed nep\u0159ebern\u00e9 mno\u017estv\u00ed outdoorov\u00fdch aktivit, kter\u00e9 vyhovuj\u00ed r\u016fzn\u00fdm z\u00e1jm\u016fm a \u00farovn\u00edm dovednost\u00ed. A\u0165 u\u017e sj\u00ed\u017ed\u00edte na ly\u017e\u00edch po svaz\u00edch hory nebo proch\u00e1z\u00edte n\u00e1rodn\u00edm parkem, p\u0159\u00edrodn\u00ed kr\u00e1sa zem\u011b v\u00e1s ur\u010dit\u011b zaujme. A snadn\u00e1 navigace s Topo GPS.[\/vc_column_text][\/vc_column][\/vc_row][vc_row][vc_column width=&#8221;1\/2&#8243;][vc_single_image custom_src=&#8221;https:\/\/www.topo-gps.com\/wp-content\/uploads\/2022\/04\/cz-map2.jpg&#8221; external_img_size=&#8221;391&#215;600&#8243; alignment=&#8221;center&#8221;][\/vc_column][vc_column width=&#8221;1\/2&#8243;][vc_row_inner][vc_column_inner width=&#8221;1\/2&#8243;]\r\n        <div class=\"wow perch-fadeInUp fadeInUp fbox\" data-wow-delay=\"300ms\" data-wow-duration=\"1200ms\"> \r\n            <div class=\"fbox grey-color-box\">\r\n                <div class=\"grey-color-icon b-icon box-icon-md\"><span class=\" grey-color\"><\/span><\/div>  \r\n                <div class=\"fbox-txt\">    \r\n                    <h5 class=\"h5-sm\">Topografick\u00e1 mapa<\/h5>\r\n                    <p class=\"grey-color\">Topografick\u00e1 mapa obsahuje mnoho detail\u016f, jako jsou v\u00fd\u0161kov\u00e9 vrstevnice, mal\u00e9 silnice a vyu\u017eit\u00ed p\u016fdy, a je proto ide\u00e1ln\u00ed pro navigaci venku.<\/p>\r\n                    \r\n                <\/div> \r\n            <\/div>        \r\n        <\/div>\r\n        <div class=\"wow perch-fadeInUp fadeInUp fbox\" data-wow-delay=\"300ms\" data-wow-duration=\"1200ms\"> \r\n            <div class=\"fbox grey-color-box\">\r\n                <div class=\"grey-color-icon b-icon box-icon-md\"><span class=\" grey-color\"><\/span><\/div>  \r\n                <div class=\"fbox-txt\">    \r\n                    <h5 class=\"h5-sm\">50 ZM<\/h5>\r\n                    <p class=\"grey-color\">V aplikaci Topo GPS si m\u016f\u017eete zakoupit topografickou mapu \u010cesk\u00e9 republiky ZM 50 v m\u011b\u0159\u00edtku 1:50 000. ZM 50 vyr\u00e1b\u00ed \u010c\u00daZK, n\u00e1rodn\u00ed mapovac\u00ed organizace \u010cR.<\/p>\r\n                    \r\n                <\/div> \r\n            <\/div>        \r\n        <\/div>\r\n        <div class=\"wow perch-fadeInUp fadeInUp fbox\" data-wow-delay=\"300ms\" data-wow-duration=\"1200ms\"> \r\n            <div class=\"fbox grey-color-box\">\r\n                <div class=\"grey-color-icon b-icon box-icon-md\"><span class=\" grey-color\"><\/span><\/div>  \r\n                <div class=\"fbox-txt\">    \r\n                    <h5 class=\"h5-sm\">Ceny<\/h5>\r\n                    <p class=\"grey-color\">Pln\u00fd p\u0159\u00edstup ke kompletn\u00ed topografick\u00e9 map\u011b \u010cR ZM 50 v Topo GPS stoj\u00ed 3,99 \u20ac. Jedn\u00e1 se o jednor\u00e1zov\u00fd n\u00e1kup a zahrnuje budouc\u00ed aktualizace. Mapa je dostupn\u00e1 na v\u0161ech za\u0159\u00edzen\u00edch, kter\u00e1 sd\u00edlej\u00ed stejn\u00e9 Apple ID nebo \u00fa\u010det Google Play.<\/p>\r\n                    \r\n                <\/div> \r\n            <\/div>        \r\n        <\/div>[\/vc_column_inner][vc_column_inner width=&#8221;1\/2&#8243;]\r\n        <div class=\"wow perch-fadeInUp fadeInUp fbox\" data-wow-delay=\"300ms\" data-wow-duration=\"1200ms\"> \r\n            <div class=\"fbox grey-color-box\">\r\n                <div class=\"grey-color-icon b-icon box-icon-md\"><span class=\" grey-color\"><\/span><\/div>  \r\n                <div class=\"fbox-txt\">    \r\n                    <h5 class=\"h5-sm\">Offline mapy<\/h5>\r\n                    <p class=\"grey-color\">Topografick\u00e9 mapy m\u016f\u017eete zp\u0159\u00edstupnit offline. T\u00edmto zp\u016fsobem m\u00e1te jistotu, \u017ee pot\u0159ebn\u00e9 mapy jsou v\u017edy dostupn\u00e9.<\/p>\r\n                    \r\n                <\/div> \r\n            <\/div>        \r\n        <\/div>\r\n        <div class=\"wow perch-fadeInUp fadeInUp fbox\" data-wow-delay=\"300ms\" data-wow-duration=\"1200ms\"> \r\n            <div class=\"fbox grey-color-box\">\r\n                <div class=\"grey-color-icon b-icon box-icon-md\"><span class=\" grey-color\"><\/span><\/div>  \r\n                <div class=\"fbox-txt\">    \r\n                    <h5 class=\"h5-sm\">Aplikace Topo GPS<\/h5>\r\n                    <p class=\"grey-color\">Aplikace Topo GPS nab\u00edz\u00ed mnoho dal\u0161\u00edch u\u017eite\u010dn\u00fdch funkc\u00ed k topografick\u00e9 map\u011b. Stejn\u011b jako navigace, na\u010d\u00edt\u00e1n\u00ed, pl\u00e1nov\u00e1n\u00ed a sledov\u00e1n\u00ed tras a p\u0159id\u00e1v\u00e1n\u00ed bod\u016f do mapy. Topo GPS obsahuje v\u0161echny funkce b\u011b\u017en\u00e9ho GPS za\u0159\u00edzen\u00ed.<\/p>\r\n                    \r\n                <\/div> \r\n            <\/div>        \r\n        <\/div>[\/vc_column_inner][\/vc_row_inner][\/vc_column][\/vc_row][\/vc_section][vc_section][vc_row][vc_column]\r\n        <div class=\"section-title  wow perch-fadeInUp fadeInUp text-center\" data-wow-delay=\"300ms\" data-wow-duration=\"1200ms\">\r\n            <h2 class=\"h2-sm\">Kterou mapu byste rad\u011bji prozkoum\u00e1vali venku?<\/h2>\r\n            <p class=\"p-lg\">Porovnejte se<\/p>         \r\n        <\/div>[vc_row_inner][vc_column_inner width=&#8221;1\/3&#8243;][vc_column_text]<\/p>\n<h3 style=\"text-align: center;\">Google mapy<\/h3>\n<p>[\/vc_column_text][vc_single_image custom_src=&#8221;https:\/\/www.topo-gps.com\/wp-content\/uploads\/2022\/04\/cz-gm.jpg&#8221; external_img_size=&#8221;277&#215;560&#8243; alignment=&#8221;center&#8221;][\/vc_column_inner][vc_column_inner width=&#8221;1\/3&#8243;][vc_column_text]<\/p>\n<h3 style=\"text-align: center;\">OpenStreetMap<\/h3>\n<p>[\/vc_column_text][vc_single_image custom_src=&#8221;https:\/\/www.topo-gps.com\/wp-content\/uploads\/2022\/04\/cz-osm.jpg&#8221; external_img_size=&#8221;277&#215;560&#8243; alignment=&#8221;center&#8221;][\/vc_column_inner][vc_column_inner width=&#8221;1\/3&#8243;][vc_column_text]<\/p>\n<h3 style=\"text-align: center;\">Topografick\u00e1 mapa<\/h3>\n<p>[\/vc_column_text][vc_single_image custom_src=&#8221;https:\/\/www.topo-gps.com\/wp-content\/uploads\/2022\/04\/cz-tg.jpg&#8221; external_img_size=&#8221;277&#215;560&#8243; alignment=&#8221;center&#8221;][\/vc_column_inner][\/vc_row_inner][\/vc_column][\/vc_row][\/vc_section][vc_section section_type=&#8221;hero&#8221; hero_type=&#8221;1&#8243; parallax_image_attachment=&#8221;fixed&#8221; padding_class=&#8221;&#8221;][vc_row content_placement=&#8221;&#8221; parallax_image_attachment=&#8221;inherit&#8221;][vc_column width=&#8221;1\/2&#8243; column_inner_style=&#8221;hero-txt&#8221; hero_txt_type=&#8221;1&#8243;]\r\n        <div class=\"hero-txt\"> \r\n            \r\n            <h2 class=\" wow perch-fadeInUp fadeInUp\" data-wow-delay=\"300ms\" data-wow-duration=\"1200ms\">Topo GPS<\/h2>         \r\n            <h3 class=\"h3-sm  wow perch-fadeInUp fadeInUp\" data-wow-delay=\"400ms\" data-wow-duration=\"1200ms\">Prom\u011b\u0148te sv\u016fj iPhone, telefon nebo tablet Android na plnohodnotn\u00e9 za\u0159\u00edzen\u00ed GPS s topografick\u00fdmi mapami dostupn\u00fdmi v re\u017eimu offline.<\/h3>\r\n             \r\n            \r\n                        \r\n                        \r\n            \r\n                        \r\n                        \r\n                  \r\n        <\/div>[vc_row_inner][vc_column_inner width=&#8221;1\/2&#8243; css=&#8221;.vc_custom_1639605647058{padding-top: 10px !important;padding-bottom: 10px !important;}&#8221;]\r\n        <div class=\"hero-img  wow perch-fadeInUp fadeInUp text-center\" data-wow-delay=\"300ms\" data-wow-duration=\"1200ms\"> \r\n        <a href=\"https:\/\/apps.apple.com\/gb\/app\/topo-gps\/id578960575\" target=\"_self\" class=\"vc_single_image-wrapper  \"><img loading=\"lazy\" decoding=\"async\" class=\"vc_single_image-img img-fluid\" width=\"160\" height=\"50\"  src=\"https:\/\/www.topo-gps.com\/wp-content\/themes\/appset\/images\/appstore.png\" alt=\"External image\" \/><\/a>\r\n        <\/div>[\/vc_column_inner][vc_column_inner width=&#8221;1\/2&#8243; css=&#8221;.vc_custom_1639605658368{padding-top: 10px !important;padding-bottom: 10px !important;}&#8221;]\r\n        <div class=\"hero-img  wow perch-fadeInUp fadeInUp text-center\" data-wow-delay=\"300ms\" data-wow-duration=\"1200ms\"> \r\n        <a href=\"https:\/\/play.google.com\/store\/apps\/details?id=uk.rdzl.topo.gps&amp;hl=en\" target=\"_self\" class=\"vc_single_image-wrapper  \"><img loading=\"lazy\" decoding=\"async\" class=\"vc_single_image-img img-fluid\" width=\"171\" height=\"50\"  src=\"https:\/\/www.topo-gps.com\/wp-content\/themes\/appset\/images\/googleplay.png\" alt=\"External image\" \/><\/a>\r\n        <\/div>[\/vc_column_inner][\/vc_row_inner][\/vc_column][vc_column width=&#8221;1\/2&#8243;]\r\n        <div class=\"wow perch-fadeInRight fadeInRight hero-1-img\" data-wow-delay=\"300ms\" data-wow-duration=\"1200ms\"> \r\n        <img decoding=\"async\" class=\"vc_single_image-img img-fluid\"  src=\"https:\/\/www.topo-gps.com\/wp-content\/uploads\/2022\/04\/cz-main1.png\" alt=\"External image\" \/>\r\n        <\/div>[\/vc_column][\/vc_row][\/vc_section]<\/p>\n<\/div>","protected":false},"excerpt":{"rendered":"<p>[vc_section enable_inner=&#8221;yes&#8221; section_type=&#8221;hero&#8221; inner_margin_top=&#8221;mt-100&#8243; parallax_image_attachment=&#8221;inherit&#8221; padding_class=&#8221;wide-100&#8243; css=&#8221;.vc_custom_1649331907724{background-image: url(https:\/\/www.topo-gps.com\/wp-content\/uploads\/2022\/04\/cz-cropped.jpg?id=17981) !important;background-position: center !important;background-repeat: no-repeat !important;background-size: cover !important;}&#8221;][vc_row parallax_image_attachment=&#8221;inherit&#8221; css=&#8221;.vc_custom_1639602296513{padding-top: 20px !important;padding-bottom: 20px !important;}&#8221;][vc_column width=&#8221;1\/2&#8243; css=&#8221;.vc_custom_1639603345318{margin-bottom: 20px !important;}&#8221;][vc_row_inner][vc_column_inner width=&#8221;1\/2&#8243; css=&#8221;.vc_custom_1639605647058{padding-top: 10px !important;padding-bottom: 10px !important;}&#8221;][\/vc_column_inner][vc_column_inner width=&#8221;1\/2&#8243; css=&#8221;.vc_custom_1639605658368{padding-top: 10px !important;padding-bottom: 10px !important;}&#8221;][\/vc_column_inner][\/vc_row_inner][\/vc_column][vc_column width=&#8221;1\/2&#8243; css=&#8221;.vc_custom_1639603183972{padding-top: 40px !important;padding-bottom: 40px !important;}&#8221;][\/vc_column][\/vc_row][\/vc_section][vc_section][vc_row][vc_column][vc_column_text]\u010cesk\u00e1 republika je skv\u011blou destinac\u00ed pro outdoorov\u00e9 aktivity, zejm\u00e9na ly\u017eov\u00e1n\u00ed. V zemi je n\u011bkolik ly\u017ea\u0159sk\u00fdch st\u0159edisek se \u0161irokou nab\u00eddkou sjezdovek pro za\u010d\u00e1te\u010dn\u00edky i pokro\u010dil\u00e9 ly\u017ea\u0159e. Krom\u011b ly\u017eov\u00e1n\u00ed je zde spousta mo\u017enost\u00ed pro p\u011b\u0161\u00ed turistiku, zejm\u00e9na v N\u00e1rodn\u00edm parku \u010cesk\u00e9 \u0160v\u00fdcarsko a Krkono\u0161sk\u00e9m n\u00e1rodn\u00edm parku. Prvn\u00ed z nich nab\u00edz\u00ed jedine\u010dn\u00e9 p\u00edskovcov\u00e9 \u00fatvary a dob\u0159e zna\u010den\u00e9 stezky, zat\u00edmco druh\u00e1 nab\u00edz\u00ed&#8230;<\/p>\n","protected":false},"author":1,"featured_media":0,"parent":0,"menu_order":0,"comment_status":"closed","ping_status":"closed","template":"","meta":{"footnotes":""},"class_list":["post-17696","page","type-page","status-publish","hentry","no-post-thumbnail"],"yoast_head":"<!-- This site is optimized with the Yoast SEO plugin v27.5 - https:\/\/yoast.com\/product\/yoast-seo-wordpress\/ -->\n<title>Topografick\u00e1 mapa \u010ceska - Topo GPS<\/title>\n<meta name=\"robots\" content=\"index, follow, max-snippet:-1, max-image-preview:large, max-video-preview:-1\" \/>\n<link rel=\"canonical\" href=\"https:\/\/www.topo-gps.com\/cs\/topograficka-mapa-ceska\/\" \/>\n<meta property=\"og:locale\" content=\"cs_CZ\" \/>\n<meta property=\"og:type\" content=\"article\" \/>\n<meta property=\"og:title\" content=\"Topografick\u00e1 mapa \u010ceska - Topo GPS\" \/>\n<meta property=\"og:description\" content=\"[vc_section enable_inner=&#8221;yes&#8221; section_type=&#8221;hero&#8221; inner_margin_top=&#8221;mt-100&#8243; parallax_image_attachment=&#8221;inherit&#8221; padding_class=&#8221;wide-100&#8243; css=&#8221;.vc_custom_1649331907724{background-image: url(https:\/\/www.topo-gps.com\/wp-content\/uploads\/2022\/04\/cz-cropped.jpg?id=17981) !important;background-position: center !important;background-repeat: no-repeat !important;background-size: cover !important;}&#8221;][vc_row parallax_image_attachment=&#8221;inherit&#8221; css=&#8221;.vc_custom_1639602296513{padding-top: 20px !important;padding-bottom: 20px !important;}&#8221;][vc_column width=&#8221;1\/2&#8243; css=&#8221;.vc_custom_1639603345318{margin-bottom: 20px !important;}&#8221;][vc_row_inner][vc_column_inner width=&#8221;1\/2&#8243; css=&#8221;.vc_custom_1639605647058{padding-top: 10px !important;padding-bottom: 10px !important;}&#8221;][\/vc_column_inner][vc_column_inner width=&#8221;1\/2&#8243; css=&#8221;.vc_custom_1639605658368{padding-top: 10px !important;padding-bottom: 10px !important;}&#8221;][\/vc_column_inner][\/vc_row_inner][\/vc_column][vc_column width=&#8221;1\/2&#8243; css=&#8221;.vc_custom_1639603183972{padding-top: 40px !important;padding-bottom: 40px !important;}&#8221;][\/vc_column][\/vc_row][\/vc_section][vc_section][vc_row][vc_column][vc_column_text]\u010cesk\u00e1 republika je skv\u011blou destinac\u00ed pro outdoorov\u00e9 aktivity, zejm\u00e9na ly\u017eov\u00e1n\u00ed. V zemi je n\u011bkolik ly\u017ea\u0159sk\u00fdch st\u0159edisek se \u0161irokou nab\u00eddkou sjezdovek pro za\u010d\u00e1te\u010dn\u00edky i pokro\u010dil\u00e9 ly\u017ea\u0159e. Krom\u011b ly\u017eov\u00e1n\u00ed je zde spousta mo\u017enost\u00ed pro p\u011b\u0161\u00ed turistiku, zejm\u00e9na v N\u00e1rodn\u00edm parku \u010cesk\u00e9 \u0160v\u00fdcarsko a Krkono\u0161sk\u00e9m n\u00e1rodn\u00edm parku. Prvn\u00ed z nich nab\u00edz\u00ed jedine\u010dn\u00e9 p\u00edskovcov\u00e9 \u00fatvary a dob\u0159e zna\u010den\u00e9 stezky, zat\u00edmco druh\u00e1 nab\u00edz\u00ed...\" \/>\n<meta property=\"og:url\" content=\"https:\/\/www.topo-gps.com\/cs\/topograficka-mapa-ceska\/\" \/>\n<meta property=\"og:site_name\" content=\"Topo GPS\" \/>\n<meta property=\"article:modified_time\" content=\"2023-03-12T20:53:34+00:00\" \/>\n<meta name=\"twitter:card\" content=\"summary_large_image\" \/>\n<meta name=\"twitter:label1\" content=\"Odhadovan\u00e1 doba \u010dten\u00ed\" \/>\n\t<meta name=\"twitter:data1\" content=\"6 minut\" \/>\n<script type=\"application\/ld+json\" class=\"yoast-schema-graph\">{\"@context\":\"https:\\\/\\\/schema.org\",\"@graph\":[{\"@type\":\"WebPage\",\"@id\":\"https:\\\/\\\/www.topo-gps.com\\\/cs\\\/topograficka-mapa-ceska\\\/\",\"url\":\"https:\\\/\\\/www.topo-gps.com\\\/cs\\\/topograficka-mapa-ceska\\\/\",\"name\":\"Topografick\u00e1 mapa \u010ceska - Topo GPS\",\"isPartOf\":{\"@id\":\"https:\\\/\\\/www.topo-gps.com\\\/cs\\\/#website\"},\"datePublished\":\"2022-04-07T11:22:45+00:00\",\"dateModified\":\"2023-03-12T20:53:34+00:00\",\"breadcrumb\":{\"@id\":\"https:\\\/\\\/www.topo-gps.com\\\/cs\\\/topograficka-mapa-ceska\\\/#breadcrumb\"},\"inLanguage\":\"cs\",\"potentialAction\":[{\"@type\":\"ReadAction\",\"target\":[\"https:\\\/\\\/www.topo-gps.com\\\/cs\\\/topograficka-mapa-ceska\\\/\"]}]},{\"@type\":\"BreadcrumbList\",\"@id\":\"https:\\\/\\\/www.topo-gps.com\\\/cs\\\/topograficka-mapa-ceska\\\/#breadcrumb\",\"itemListElement\":[{\"@type\":\"ListItem\",\"position\":1,\"name\":\"Home\",\"item\":\"https:\\\/\\\/www.topo-gps.com\\\/cs\\\/topo-gps\\\/\"},{\"@type\":\"ListItem\",\"position\":2,\"name\":\"Topografick\u00e1 mapa \u010ceska\"}]},{\"@type\":\"WebSite\",\"@id\":\"https:\\\/\\\/www.topo-gps.com\\\/cs\\\/#website\",\"url\":\"https:\\\/\\\/www.topo-gps.com\\\/cs\\\/\",\"name\":\"Topo GPS\",\"description\":\"Topographic maps GPS for iPhone, Android, iPad and Apple Watch\",\"potentialAction\":[{\"@type\":\"SearchAction\",\"target\":{\"@type\":\"EntryPoint\",\"urlTemplate\":\"https:\\\/\\\/www.topo-gps.com\\\/cs\\\/?s={search_term_string}\"},\"query-input\":{\"@type\":\"PropertyValueSpecification\",\"valueRequired\":true,\"valueName\":\"search_term_string\"}}],\"inLanguage\":\"cs\"}]}<\/script>\n<!-- \/ Yoast SEO plugin. -->","yoast_head_json":{"title":"Topografick\u00e1 mapa \u010ceska - Topo GPS","robots":{"index":"index","follow":"follow","max-snippet":"max-snippet:-1","max-image-preview":"max-image-preview:large","max-video-preview":"max-video-preview:-1"},"canonical":"https:\/\/www.topo-gps.com\/cs\/topograficka-mapa-ceska\/","og_locale":"cs_CZ","og_type":"article","og_title":"Topografick\u00e1 mapa \u010ceska - Topo GPS","og_description":"[vc_section enable_inner=&#8221;yes&#8221; section_type=&#8221;hero&#8221; inner_margin_top=&#8221;mt-100&#8243; parallax_image_attachment=&#8221;inherit&#8221; padding_class=&#8221;wide-100&#8243; css=&#8221;.vc_custom_1649331907724{background-image: url(https:\/\/www.topo-gps.com\/wp-content\/uploads\/2022\/04\/cz-cropped.jpg?id=17981) !important;background-position: center !important;background-repeat: no-repeat !important;background-size: cover !important;}&#8221;][vc_row parallax_image_attachment=&#8221;inherit&#8221; css=&#8221;.vc_custom_1639602296513{padding-top: 20px !important;padding-bottom: 20px !important;}&#8221;][vc_column width=&#8221;1\/2&#8243; css=&#8221;.vc_custom_1639603345318{margin-bottom: 20px !important;}&#8221;][vc_row_inner][vc_column_inner width=&#8221;1\/2&#8243; css=&#8221;.vc_custom_1639605647058{padding-top: 10px !important;padding-bottom: 10px !important;}&#8221;][\/vc_column_inner][vc_column_inner width=&#8221;1\/2&#8243; css=&#8221;.vc_custom_1639605658368{padding-top: 10px !important;padding-bottom: 10px !important;}&#8221;][\/vc_column_inner][\/vc_row_inner][\/vc_column][vc_column width=&#8221;1\/2&#8243; css=&#8221;.vc_custom_1639603183972{padding-top: 40px !important;padding-bottom: 40px !important;}&#8221;][\/vc_column][\/vc_row][\/vc_section][vc_section][vc_row][vc_column][vc_column_text]\u010cesk\u00e1 republika je skv\u011blou destinac\u00ed pro outdoorov\u00e9 aktivity, zejm\u00e9na ly\u017eov\u00e1n\u00ed. V zemi je n\u011bkolik ly\u017ea\u0159sk\u00fdch st\u0159edisek se \u0161irokou nab\u00eddkou sjezdovek pro za\u010d\u00e1te\u010dn\u00edky i pokro\u010dil\u00e9 ly\u017ea\u0159e. Krom\u011b ly\u017eov\u00e1n\u00ed je zde spousta mo\u017enost\u00ed pro p\u011b\u0161\u00ed turistiku, zejm\u00e9na v N\u00e1rodn\u00edm parku \u010cesk\u00e9 \u0160v\u00fdcarsko a Krkono\u0161sk\u00e9m n\u00e1rodn\u00edm parku. Prvn\u00ed z nich nab\u00edz\u00ed jedine\u010dn\u00e9 p\u00edskovcov\u00e9 \u00fatvary a dob\u0159e zna\u010den\u00e9 stezky, zat\u00edmco druh\u00e1 nab\u00edz\u00ed...","og_url":"https:\/\/www.topo-gps.com\/cs\/topograficka-mapa-ceska\/","og_site_name":"Topo GPS","article_modified_time":"2023-03-12T20:53:34+00:00","twitter_card":"summary_large_image","twitter_misc":{"Odhadovan\u00e1 doba \u010dten\u00ed":"6 minut"},"schema":{"@context":"https:\/\/schema.org","@graph":[{"@type":"WebPage","@id":"https:\/\/www.topo-gps.com\/cs\/topograficka-mapa-ceska\/","url":"https:\/\/www.topo-gps.com\/cs\/topograficka-mapa-ceska\/","name":"Topografick\u00e1 mapa \u010ceska - Topo GPS","isPartOf":{"@id":"https:\/\/www.topo-gps.com\/cs\/#website"},"datePublished":"2022-04-07T11:22:45+00:00","dateModified":"2023-03-12T20:53:34+00:00","breadcrumb":{"@id":"https:\/\/www.topo-gps.com\/cs\/topograficka-mapa-ceska\/#breadcrumb"},"inLanguage":"cs","potentialAction":[{"@type":"ReadAction","target":["https:\/\/www.topo-gps.com\/cs\/topograficka-mapa-ceska\/"]}]},{"@type":"BreadcrumbList","@id":"https:\/\/www.topo-gps.com\/cs\/topograficka-mapa-ceska\/#breadcrumb","itemListElement":[{"@type":"ListItem","position":1,"name":"Home","item":"https:\/\/www.topo-gps.com\/cs\/topo-gps\/"},{"@type":"ListItem","position":2,"name":"Topografick\u00e1 mapa \u010ceska"}]},{"@type":"WebSite","@id":"https:\/\/www.topo-gps.com\/cs\/#website","url":"https:\/\/www.topo-gps.com\/cs\/","name":"Topo GPS","description":"Topographic maps GPS for iPhone, Android, iPad and Apple Watch","potentialAction":[{"@type":"SearchAction","target":{"@type":"EntryPoint","urlTemplate":"https:\/\/www.topo-gps.com\/cs\/?s={search_term_string}"},"query-input":{"@type":"PropertyValueSpecification","valueRequired":true,"valueName":"search_term_string"}}],"inLanguage":"cs"}]}},"_links":{"self":[{"href":"https:\/\/www.topo-gps.com\/cs\/wp-json\/wp\/v2\/pages\/17696","targetHints":{"allow":["GET"]}}],"collection":[{"href":"https:\/\/www.topo-gps.com\/cs\/wp-json\/wp\/v2\/pages"}],"about":[{"href":"https:\/\/www.topo-gps.com\/cs\/wp-json\/wp\/v2\/types\/page"}],"author":[{"embeddable":true,"href":"https:\/\/www.topo-gps.com\/cs\/wp-json\/wp\/v2\/users\/1"}],"replies":[{"embeddable":true,"href":"https:\/\/www.topo-gps.com\/cs\/wp-json\/wp\/v2\/comments?post=17696"}],"version-history":[{"count":0,"href":"https:\/\/www.topo-gps.com\/cs\/wp-json\/wp\/v2\/pages\/17696\/revisions"}],"wp:attachment":[{"href":"https:\/\/www.topo-gps.com\/cs\/wp-json\/wp\/v2\/media?parent=17696"}],"curies":[{"name":"wp","href":"https:\/\/api.w.org\/{rel}","templated":true}]}}