{"id":14466,"date":"2022-04-06T15:03:47","date_gmt":"2022-04-06T14:03:47","guid":{"rendered":"https:\/\/www.topo-gps.com\/topograficka-mapa-belgie\/"},"modified":"2023-03-12T21:44:16","modified_gmt":"2023-03-12T20:44:16","slug":"topograficka-mapa-belgie","status":"publish","type":"page","link":"https:\/\/www.topo-gps.com\/cs\/topograficka-mapa-belgie\/","title":{"rendered":"Topografick\u00e1 mapa Belgie"},"content":{"rendered":"<div class=\"wpb-content-wrapper\"><p>[vc_section enable_inner=&#8221;yes&#8221; section_type=&#8221;hero&#8221; inner_margin_top=&#8221;mt-100&#8243; parallax_image_attachment=&#8221;inherit&#8221; padding_class=&#8221;wide-100&#8243; css=&#8221;.vc_custom_1649317042634{background-image: url(https:\/\/www.topo-gps.com\/wp-content\/uploads\/2022\/04\/IlWFpVVMLfS2.jpg?id=16645) !important;background-position: center !important;background-repeat: no-repeat !important;background-size: cover !important;}&#8221;][vc_row parallax_image_attachment=&#8221;inherit&#8221; css=&#8221;.vc_custom_1639602296513{padding-top: 20px !important;padding-bottom: 20px !important;}&#8221;][vc_column width=&#8221;1\/2&#8243; css=&#8221;.vc_custom_1639603345318{margin-bottom: 20px !important;}&#8221;]\r\n        <div class=\"vc_custom_1649316222749  hero-txt\"> \r\n            \r\n                     \r\n            <h3 class=\"white-color h3-sm none  wow perch-fadeInUp fadeInUp\" style=\"font-weight: bold;\" data-wow-delay=\"300ms\" data-wow-duration=\"1200ms\">Topografick\u00e1 mapa Belgie na va\u0161em iPhone, telefonu Android a Apple Watch<\/h3>\r\n             \r\n            \r\n                        \r\n                        \r\n            \r\n                        \r\n                        \r\n                  \r\n        <\/div>[vc_row_inner][vc_column_inner width=&#8221;1\/2&#8243; css=&#8221;.vc_custom_1639605647058{padding-top: 10px !important;padding-bottom: 10px !important;}&#8221;]\r\n        <div class=\"hero-img  wow perch-fadeInUp fadeInUp text-center\" data-wow-delay=\"300ms\" data-wow-duration=\"1200ms\"> \r\n        <a href=\"https:\/\/apps.apple.com\/gb\/app\/topo-gps\/id578960575\" target=\"_self\" class=\"vc_single_image-wrapper  \"><img loading=\"lazy\" decoding=\"async\" class=\"vc_single_image-img img-fluid\" width=\"160\" height=\"50\"  src=\"https:\/\/www.topo-gps.com\/wp-content\/themes\/appset\/images\/appstore.png\" alt=\"External image\" \/><\/a>\r\n        <\/div>[\/vc_column_inner][vc_column_inner width=&#8221;1\/2&#8243; css=&#8221;.vc_custom_1639605658368{padding-top: 10px !important;padding-bottom: 10px !important;}&#8221;]\r\n        <div class=\"hero-img  wow perch-fadeInUp fadeInUp text-center\" data-wow-delay=\"300ms\" data-wow-duration=\"1200ms\"> \r\n        <a href=\"https:\/\/play.google.com\/store\/apps\/details?id=uk.rdzl.topo.gps&amp;hl=en\" target=\"_self\" class=\"vc_single_image-wrapper  \"><img loading=\"lazy\" decoding=\"async\" class=\"vc_single_image-img img-fluid\" width=\"171\" height=\"50\"  src=\"https:\/\/www.topo-gps.com\/wp-content\/themes\/appset\/images\/googleplay.png\" alt=\"External image\" \/><\/a>\r\n        <\/div>[\/vc_column_inner][\/vc_row_inner][\/vc_column][vc_column width=&#8221;1\/2&#8243; css=&#8221;.vc_custom_1639603183972{padding-top: 40px !important;padding-bottom: 40px !important;}&#8221;]\r\n        <div class=\"hero-img  wow perch-fadeInUp fadeInUp\" data-wow-delay=\"300ms\" data-wow-duration=\"1200ms\"> \r\n        <img loading=\"lazy\" decoding=\"async\" class=\"vc_single_image-img img-fluid\" width=\"560\" height=\"604\"  src=\"https:\/\/www.topo-gps.com\/wp-content\/uploads\/2022\/04\/be-map1.png\" alt=\"External image\" \/>\r\n        <\/div>[\/vc_column][\/vc_row][\/vc_section][vc_section][vc_row][vc_column]\r\n        <div class=\"section-title  wow perch-fadeInUp fadeInUp text-center\" data-wow-delay=\"300ms\" data-wow-duration=\"1200ms\">\r\n            <h2 class=\"h2-sm\">Nejlep\u0161\u00ed venkovn\u00ed mapy pro Belgii<\/h2>\r\n            <p class=\"p-lg\">Ofici\u00e1ln\u00ed topografick\u00e9 mapy Cartoweb jsou nejlep\u0161\u00ed venkovn\u00ed mapy pro Belgii.<\/p>         \r\n        <\/div>[vc_column_text]Belgie nab\u00edz\u00ed rozmanitou \u0161k\u00e1lu outdoorov\u00fdch aktivit pro ty, kte\u0159\u00ed hledaj\u00ed dobrodru\u017estv\u00ed a vzru\u0161en\u00ed. Aplikace Topo GPS v\u00e1m umo\u017en\u00ed vyu\u017e\u00edt toho na maximum. Jedn\u00edm z nejlep\u0161\u00edch venkovn\u00edch m\u00edst k n\u00e1v\u0161t\u011bv\u011b v Belgii je region Ardeny, zn\u00e1m\u00fd pro sv\u00e9 kr\u00e1sn\u00e9 lesy, zvln\u011bn\u00e9 kopce a malebn\u00e1 m\u011bsta. Zde se n\u00e1v\u0161t\u011bvn\u00edci mohou vydat na p\u011b\u0161\u00ed t\u00faru po dob\u0159e zna\u010den\u00fdch stezk\u00e1ch, jako je GR 5, kter\u00e1 nab\u00edz\u00ed \u00fa\u017easn\u00e9 v\u00fdhledy do krajiny.<\/p>\n<p>Region je tak\u00e9 obl\u00edben\u00fd pro horskou cyklistiku s \u0159adou tras vhodn\u00fdch pro v\u0161echny \u00farovn\u011b dovednost\u00ed. Dal\u0161\u00ed obl\u00edbenou destinac\u00ed pro outdoorov\u00e9 aktivity je pob\u0159e\u017en\u00ed m\u011bsto Oostende, kter\u00e9 nab\u00edz\u00ed \u0159adu vodn\u00edch sport\u016f, jako je surfov\u00e1n\u00ed, windsurfing a kitesurfing. Pro ty, kte\u0159\u00ed hledaj\u00ed v\u00edce relaxa\u010dn\u00ed aktivity, m\u011bsto Gent nab\u00edz\u00ed kr\u00e1sn\u00e9 parky a zahrady, jako je Citadel Park a Bijloke Park, kter\u00e9 jsou ide\u00e1ln\u00ed pro klidnou proch\u00e1zku nebo piknik.<\/p>\n<p>Celkov\u011b Belgie nab\u00edz\u00ed nep\u0159ebern\u00e9 mno\u017estv\u00ed outdoorov\u00fdch aktivit, kter\u00e9 uspokoj\u00ed r\u016fzn\u00e9 z\u00e1jmy a \u00farovn\u011b dovednost\u00ed, co\u017e z n\u00ed d\u011bl\u00e1 vynikaj\u00edc\u00ed destinaci pro milovn\u00edky dobrodru\u017estv\u00ed i milovn\u00edky p\u0159\u00edrody.[\/vc_column_text][\/vc_column][\/vc_row][vc_row][vc_column width=&#8221;1\/2&#8243;][vc_single_image custom_src=&#8221;https:\/\/www.topo-gps.com\/wp-content\/uploads\/2022\/04\/be-map2.jpg&#8221; external_img_size=&#8221;391&#215;600&#8243; alignment=&#8221;center&#8221;][\/vc_column][vc_column width=&#8221;1\/2&#8243;][vc_row_inner][vc_column_inner width=&#8221;1\/2&#8243;]\r\n        <div class=\"wow perch-fadeInUp fadeInUp fbox\" data-wow-delay=\"300ms\" data-wow-duration=\"1200ms\"> \r\n            <div class=\"fbox grey-color-box\">\r\n                <div class=\"grey-color-icon b-icon box-icon-md\"><span class=\" grey-color\"><\/span><\/div>  \r\n                <div class=\"fbox-txt\">    \r\n                    <h5 class=\"h5-sm\">Topografick\u00e1 mapa<\/h5>\r\n                    <p class=\"grey-color\">Topografick\u00e1 mapa obsahuje mnoho detail\u016f, jako jsou v\u00fd\u0161kov\u00e9 vrstevnice, mal\u00e9 silnice a vyu\u017eit\u00ed p\u016fdy, a je proto ide\u00e1ln\u00ed pro navigaci venku.<\/p>\r\n                    \r\n                <\/div> \r\n            <\/div>        \r\n        <\/div>\r\n        <div class=\"wow perch-fadeInUp fadeInUp fbox\" data-wow-delay=\"300ms\" data-wow-duration=\"1200ms\"> \r\n            <div class=\"fbox grey-color-box\">\r\n                <div class=\"grey-color-icon b-icon box-icon-md\"><span class=\" grey-color\"><\/span><\/div>  \r\n                <div class=\"fbox-txt\">    \r\n                    <h5 class=\"h5-sm\">Cartoweb<\/h5>\r\n                    <p class=\"grey-color\">V aplikaci Topo GPS si m\u016f\u017eete zakoupit mapy Cartoweb, nejlep\u0161\u00ed topografick\u00e9 mapy Belgie. Cartoweb je produkov\u00e1n belgick\u00fdm National Land Survey, IGN\/NGI. Topo GPS je ofici\u00e1ln\u00edm partnerem NGI\/IGN.<\/p>\r\n                    \r\n                <\/div> \r\n            <\/div>        \r\n        <\/div>\r\n        <div class=\"wow perch-fadeInUp fadeInUp fbox\" data-wow-delay=\"300ms\" data-wow-duration=\"1200ms\"> \r\n            <div class=\"fbox grey-color-box\">\r\n                <div class=\"grey-color-icon b-icon box-icon-md\"><span class=\" grey-color\"><\/span><\/div>  \r\n                <div class=\"fbox-txt\">    \r\n                    <h5 class=\"h5-sm\">Ceny<\/h5>\r\n                    <p class=\"grey-color\">Topografick\u00e9 mapy Belgie Cartoweb v Topo GPS stoj\u00ed 0,99 EUR za 4 \u010dtverce 3 x 3 km, kter\u00e9 si m\u016f\u017eete vybrat. Sou\u010d\u00e1st\u00ed jsou bezplatn\u00e9 do\u017eivotn\u00ed aktualizace. Je tak\u00e9 mo\u017en\u00e9 zakoupit si ro\u010dn\u00ed p\u0159edplatn\u00e9 do cel\u00e9 Belgie za 12,99 EUR.<\/p>\r\n                    \r\n                <\/div> \r\n            <\/div>        \r\n        <\/div>[\/vc_column_inner][vc_column_inner width=&#8221;1\/2&#8243;]\r\n        <div class=\"wow perch-fadeInUp fadeInUp fbox\" data-wow-delay=\"300ms\" data-wow-duration=\"1200ms\"> \r\n            <div class=\"fbox grey-color-box\">\r\n                <div class=\"grey-color-icon b-icon box-icon-md\"><span class=\" grey-color\"><\/span><\/div>  \r\n                <div class=\"fbox-txt\">    \r\n                    <h5 class=\"h5-sm\">Offline mapy<\/h5>\r\n                    <p class=\"grey-color\">Topografick\u00e9 mapy m\u016f\u017eete zp\u0159\u00edstupnit offline. T\u00edmto zp\u016fsobem m\u00e1te jistotu, \u017ee pot\u0159ebn\u00e9 mapy jsou v\u017edy dostupn\u00e9.<\/p>\r\n                    \r\n                <\/div> \r\n            <\/div>        \r\n        <\/div>\r\n        <div class=\"wow perch-fadeInUp fadeInUp fbox\" data-wow-delay=\"300ms\" data-wow-duration=\"1200ms\"> \r\n            <div class=\"fbox grey-color-box\">\r\n                <div class=\"grey-color-icon b-icon box-icon-md\"><span class=\" grey-color\"><\/span><\/div>  \r\n                <div class=\"fbox-txt\">    \r\n                    <h5 class=\"h5-sm\">Jasn\u00e1 legenda<\/h5>\r\n                    <p class=\"grey-color\">Topografick\u00e1 mapa m\u00e1 p\u0159ehlednou legendu s vysv\u011btlivkami v\u0161ech symbol\u016f.<\/p>\r\n                    \r\n                <\/div> \r\n            <\/div>        \r\n        <\/div>\r\n        <div class=\"wow perch-fadeInUp fadeInUp fbox\" data-wow-delay=\"300ms\" data-wow-duration=\"1200ms\"> \r\n            <div class=\"fbox grey-color-box\">\r\n                <div class=\"grey-color-icon b-icon box-icon-md\"><span class=\" grey-color\"><\/span><\/div>  \r\n                <div class=\"fbox-txt\">    \r\n                    <h5 class=\"h5-sm\">Aplikace Topo GPS<\/h5>\r\n                    <p class=\"grey-color\">Aplikace Topo GPS nab\u00edz\u00ed mnoho dal\u0161\u00edch u\u017eite\u010dn\u00fdch funkc\u00ed k topografick\u00e9 map\u011b. Stejn\u011b jako navigace, na\u010d\u00edt\u00e1n\u00ed, pl\u00e1nov\u00e1n\u00ed a sledov\u00e1n\u00ed tras a p\u0159id\u00e1v\u00e1n\u00ed bod\u016f do mapy. Topo GPS obsahuje v\u0161echny funkce b\u011b\u017en\u00e9ho GPS za\u0159\u00edzen\u00ed.<\/p>\r\n                    \r\n                <\/div> \r\n            <\/div>        \r\n        <\/div>[\/vc_column_inner][\/vc_row_inner][\/vc_column][\/vc_row][\/vc_section][vc_section][vc_row][vc_column]\r\n        <div class=\"section-title  wow perch-fadeInUp fadeInUp text-center\" data-wow-delay=\"300ms\" data-wow-duration=\"1200ms\">\r\n            <h2 class=\"h2-sm\">Kterou mapu byste rad\u011bji prozkoum\u00e1vali venku?<\/h2>\r\n            <p class=\"p-lg\">Porovnejte se<\/p>         \r\n        <\/div>[vc_row_inner][vc_column_inner width=&#8221;1\/3&#8243;][vc_column_text]<\/p>\n<h3 style=\"text-align: center;\">Google mapy<\/h3>\n<p>[\/vc_column_text][vc_single_image custom_src=&#8221;https:\/\/www.topo-gps.com\/wp-content\/uploads\/2022\/04\/be-gm.jpg&#8221; external_img_size=&#8221;277&#215;560&#8243; alignment=&#8221;center&#8221;][\/vc_column_inner][vc_column_inner width=&#8221;1\/3&#8243;][vc_column_text]<\/p>\n<h3 style=\"text-align: center;\">OpenStreetMap<\/h3>\n<p>[\/vc_column_text][vc_single_image custom_src=&#8221;https:\/\/www.topo-gps.com\/wp-content\/uploads\/2022\/04\/be-osm.jpg&#8221; external_img_size=&#8221;277&#215;560&#8243; alignment=&#8221;center&#8221;][\/vc_column_inner][vc_column_inner width=&#8221;1\/3&#8243;][vc_column_text]<\/p>\n<h3 style=\"text-align: center;\">Topografick\u00e1 mapa<\/h3>\n<p>[\/vc_column_text][vc_single_image custom_src=&#8221;https:\/\/www.topo-gps.com\/wp-content\/uploads\/2022\/04\/be-tg.jpg&#8221; external_img_size=&#8221;277&#215;560&#8243; alignment=&#8221;center&#8221;][\/vc_column_inner][\/vc_row_inner][\/vc_column][\/vc_row][\/vc_section][vc_section section_type=&#8221;hero&#8221; hero_type=&#8221;1&#8243; parallax_image_attachment=&#8221;fixed&#8221; padding_class=&#8221;&#8221;][vc_row content_placement=&#8221;&#8221; parallax_image_attachment=&#8221;inherit&#8221;][vc_column width=&#8221;1\/2&#8243; column_inner_style=&#8221;hero-txt&#8221; hero_txt_type=&#8221;1&#8243;]\r\n        <div class=\"hero-txt\"> \r\n            \r\n            <h2 class=\" wow perch-fadeInUp fadeInUp\" data-wow-delay=\"300ms\" data-wow-duration=\"1200ms\">Topo GPS<\/h2>         \r\n            <h3 class=\"h3-sm  wow perch-fadeInUp fadeInUp\" data-wow-delay=\"400ms\" data-wow-duration=\"1200ms\">Prom\u011b\u0148te sv\u016fj iPhone, telefon nebo tablet Android na plnohodnotn\u00e9 za\u0159\u00edzen\u00ed GPS s topografick\u00fdmi mapami dostupn\u00fdmi v re\u017eimu offline.<\/h3>\r\n             \r\n            \r\n                        \r\n                        \r\n            \r\n                        \r\n                        \r\n                  \r\n        <\/div>[vc_row_inner][vc_column_inner width=&#8221;1\/2&#8243; css=&#8221;.vc_custom_1639605647058{padding-top: 10px !important;padding-bottom: 10px !important;}&#8221;]\r\n        <div class=\"hero-img  wow perch-fadeInUp fadeInUp text-center\" data-wow-delay=\"300ms\" data-wow-duration=\"1200ms\"> \r\n        <a href=\"https:\/\/apps.apple.com\/gb\/app\/topo-gps\/id578960575\" target=\"_self\" class=\"vc_single_image-wrapper  \"><img loading=\"lazy\" decoding=\"async\" class=\"vc_single_image-img img-fluid\" width=\"160\" height=\"50\"  src=\"https:\/\/www.topo-gps.com\/wp-content\/themes\/appset\/images\/appstore.png\" alt=\"External image\" \/><\/a>\r\n        <\/div>[\/vc_column_inner][vc_column_inner width=&#8221;1\/2&#8243; css=&#8221;.vc_custom_1639605658368{padding-top: 10px !important;padding-bottom: 10px !important;}&#8221;]\r\n        <div class=\"hero-img  wow perch-fadeInUp fadeInUp text-center\" data-wow-delay=\"300ms\" data-wow-duration=\"1200ms\"> \r\n        <a href=\"https:\/\/play.google.com\/store\/apps\/details?id=uk.rdzl.topo.gps&amp;hl=en\" target=\"_self\" class=\"vc_single_image-wrapper  \"><img loading=\"lazy\" decoding=\"async\" class=\"vc_single_image-img img-fluid\" width=\"171\" height=\"50\"  src=\"https:\/\/www.topo-gps.com\/wp-content\/themes\/appset\/images\/googleplay.png\" alt=\"External image\" \/><\/a>\r\n        <\/div>[\/vc_column_inner][\/vc_row_inner][\/vc_column][vc_column width=&#8221;1\/2&#8243;]\r\n        <div class=\"wow perch-fadeInRight fadeInRight hero-1-img\" data-wow-delay=\"300ms\" data-wow-duration=\"1200ms\"> \r\n        <img decoding=\"async\" class=\"vc_single_image-img img-fluid\"  src=\"https:\/\/www.topo-gps.com\/wp-content\/uploads\/2022\/04\/be-main.png\" alt=\"External image\" \/>\r\n        <\/div>[\/vc_column][\/vc_row][\/vc_section]<\/p>\n<\/div>","protected":false},"excerpt":{"rendered":"<p>[vc_section enable_inner=&#8221;yes&#8221; section_type=&#8221;hero&#8221; inner_margin_top=&#8221;mt-100&#8243; parallax_image_attachment=&#8221;inherit&#8221; padding_class=&#8221;wide-100&#8243; css=&#8221;.vc_custom_1649317042634{background-image: url(https:\/\/www.topo-gps.com\/wp-content\/uploads\/2022\/04\/IlWFpVVMLfS2.jpg?id=16645) !important;background-position: center !important;background-repeat: no-repeat !important;background-size: cover !important;}&#8221;][vc_row parallax_image_attachment=&#8221;inherit&#8221; css=&#8221;.vc_custom_1639602296513{padding-top: 20px !important;padding-bottom: 20px !important;}&#8221;][vc_column width=&#8221;1\/2&#8243; css=&#8221;.vc_custom_1639603345318{margin-bottom: 20px !important;}&#8221;][vc_row_inner][vc_column_inner width=&#8221;1\/2&#8243; css=&#8221;.vc_custom_1639605647058{padding-top: 10px !important;padding-bottom: 10px !important;}&#8221;][\/vc_column_inner][vc_column_inner width=&#8221;1\/2&#8243; css=&#8221;.vc_custom_1639605658368{padding-top: 10px !important;padding-bottom: 10px !important;}&#8221;][\/vc_column_inner][\/vc_row_inner][\/vc_column][vc_column width=&#8221;1\/2&#8243; css=&#8221;.vc_custom_1639603183972{padding-top: 40px !important;padding-bottom: 40px !important;}&#8221;][\/vc_column][\/vc_row][\/vc_section][vc_section][vc_row][vc_column][vc_column_text]Belgie nab\u00edz\u00ed rozmanitou \u0161k\u00e1lu outdoorov\u00fdch aktivit pro ty, kte\u0159\u00ed hledaj\u00ed dobrodru\u017estv\u00ed a vzru\u0161en\u00ed. Aplikace Topo GPS v\u00e1m umo\u017en\u00ed vyu\u017e\u00edt toho na maximum. Jedn\u00edm z nejlep\u0161\u00edch venkovn\u00edch m\u00edst k n\u00e1v\u0161t\u011bv\u011b v Belgii je region Ardeny, zn\u00e1m\u00fd pro sv\u00e9 kr\u00e1sn\u00e9 lesy, zvln\u011bn\u00e9 kopce a malebn\u00e1 m\u011bsta. Zde se n\u00e1v\u0161t\u011bvn\u00edci mohou vydat na p\u011b\u0161\u00ed t\u00faru po dob\u0159e zna\u010den\u00fdch stezk\u00e1ch, jako je&#8230;<\/p>\n","protected":false},"author":1,"featured_media":0,"parent":0,"menu_order":0,"comment_status":"closed","ping_status":"closed","template":"","meta":{"footnotes":""},"class_list":["post-14466","page","type-page","status-publish","hentry","no-post-thumbnail"],"yoast_head":"<!-- This site is optimized with the Yoast SEO plugin v27.5 - https:\/\/yoast.com\/product\/yoast-seo-wordpress\/ -->\n<title>Topografick\u00e1 mapa Belgie - Topo GPS<\/title>\n<meta name=\"robots\" content=\"index, follow, max-snippet:-1, max-image-preview:large, max-video-preview:-1\" \/>\n<link rel=\"canonical\" href=\"https:\/\/www.topo-gps.com\/cs\/topograficka-mapa-belgie\/\" \/>\n<meta property=\"og:locale\" content=\"cs_CZ\" \/>\n<meta property=\"og:type\" content=\"article\" \/>\n<meta property=\"og:title\" content=\"Topografick\u00e1 mapa Belgie - Topo GPS\" \/>\n<meta property=\"og:description\" content=\"[vc_section enable_inner=&#8221;yes&#8221; section_type=&#8221;hero&#8221; inner_margin_top=&#8221;mt-100&#8243; parallax_image_attachment=&#8221;inherit&#8221; padding_class=&#8221;wide-100&#8243; css=&#8221;.vc_custom_1649317042634{background-image: url(https:\/\/www.topo-gps.com\/wp-content\/uploads\/2022\/04\/IlWFpVVMLfS2.jpg?id=16645) !important;background-position: center !important;background-repeat: no-repeat !important;background-size: cover !important;}&#8221;][vc_row parallax_image_attachment=&#8221;inherit&#8221; css=&#8221;.vc_custom_1639602296513{padding-top: 20px !important;padding-bottom: 20px !important;}&#8221;][vc_column width=&#8221;1\/2&#8243; css=&#8221;.vc_custom_1639603345318{margin-bottom: 20px !important;}&#8221;][vc_row_inner][vc_column_inner width=&#8221;1\/2&#8243; css=&#8221;.vc_custom_1639605647058{padding-top: 10px !important;padding-bottom: 10px !important;}&#8221;][\/vc_column_inner][vc_column_inner width=&#8221;1\/2&#8243; css=&#8221;.vc_custom_1639605658368{padding-top: 10px !important;padding-bottom: 10px !important;}&#8221;][\/vc_column_inner][\/vc_row_inner][\/vc_column][vc_column width=&#8221;1\/2&#8243; css=&#8221;.vc_custom_1639603183972{padding-top: 40px !important;padding-bottom: 40px !important;}&#8221;][\/vc_column][\/vc_row][\/vc_section][vc_section][vc_row][vc_column][vc_column_text]Belgie nab\u00edz\u00ed rozmanitou \u0161k\u00e1lu outdoorov\u00fdch aktivit pro ty, kte\u0159\u00ed hledaj\u00ed dobrodru\u017estv\u00ed a vzru\u0161en\u00ed. Aplikace Topo GPS v\u00e1m umo\u017en\u00ed vyu\u017e\u00edt toho na maximum. Jedn\u00edm z nejlep\u0161\u00edch venkovn\u00edch m\u00edst k n\u00e1v\u0161t\u011bv\u011b v Belgii je region Ardeny, zn\u00e1m\u00fd pro sv\u00e9 kr\u00e1sn\u00e9 lesy, zvln\u011bn\u00e9 kopce a malebn\u00e1 m\u011bsta. Zde se n\u00e1v\u0161t\u011bvn\u00edci mohou vydat na p\u011b\u0161\u00ed t\u00faru po dob\u0159e zna\u010den\u00fdch stezk\u00e1ch, jako je...\" \/>\n<meta property=\"og:url\" content=\"https:\/\/www.topo-gps.com\/cs\/topograficka-mapa-belgie\/\" \/>\n<meta property=\"og:site_name\" content=\"Topo GPS\" \/>\n<meta property=\"article:modified_time\" content=\"2023-03-12T20:44:16+00:00\" \/>\n<meta name=\"twitter:card\" content=\"summary_large_image\" \/>\n<meta name=\"twitter:label1\" content=\"Odhadovan\u00e1 doba \u010dten\u00ed\" \/>\n\t<meta name=\"twitter:data1\" content=\"6 minut\" \/>\n<script type=\"application\/ld+json\" class=\"yoast-schema-graph\">{\"@context\":\"https:\\\/\\\/schema.org\",\"@graph\":[{\"@type\":\"WebPage\",\"@id\":\"https:\\\/\\\/www.topo-gps.com\\\/cs\\\/topograficka-mapa-belgie\\\/\",\"url\":\"https:\\\/\\\/www.topo-gps.com\\\/cs\\\/topograficka-mapa-belgie\\\/\",\"name\":\"Topografick\u00e1 mapa Belgie - Topo GPS\",\"isPartOf\":{\"@id\":\"https:\\\/\\\/www.topo-gps.com\\\/cs\\\/#website\"},\"datePublished\":\"2022-04-06T14:03:47+00:00\",\"dateModified\":\"2023-03-12T20:44:16+00:00\",\"breadcrumb\":{\"@id\":\"https:\\\/\\\/www.topo-gps.com\\\/cs\\\/topograficka-mapa-belgie\\\/#breadcrumb\"},\"inLanguage\":\"cs\",\"potentialAction\":[{\"@type\":\"ReadAction\",\"target\":[\"https:\\\/\\\/www.topo-gps.com\\\/cs\\\/topograficka-mapa-belgie\\\/\"]}]},{\"@type\":\"BreadcrumbList\",\"@id\":\"https:\\\/\\\/www.topo-gps.com\\\/cs\\\/topograficka-mapa-belgie\\\/#breadcrumb\",\"itemListElement\":[{\"@type\":\"ListItem\",\"position\":1,\"name\":\"Home\",\"item\":\"https:\\\/\\\/www.topo-gps.com\\\/cs\\\/topo-gps\\\/\"},{\"@type\":\"ListItem\",\"position\":2,\"name\":\"Topografick\u00e1 mapa Belgie\"}]},{\"@type\":\"WebSite\",\"@id\":\"https:\\\/\\\/www.topo-gps.com\\\/cs\\\/#website\",\"url\":\"https:\\\/\\\/www.topo-gps.com\\\/cs\\\/\",\"name\":\"Topo GPS\",\"description\":\"Topographic maps GPS for iPhone, Android, iPad and Apple Watch\",\"potentialAction\":[{\"@type\":\"SearchAction\",\"target\":{\"@type\":\"EntryPoint\",\"urlTemplate\":\"https:\\\/\\\/www.topo-gps.com\\\/cs\\\/?s={search_term_string}\"},\"query-input\":{\"@type\":\"PropertyValueSpecification\",\"valueRequired\":true,\"valueName\":\"search_term_string\"}}],\"inLanguage\":\"cs\"}]}<\/script>\n<!-- \/ Yoast SEO plugin. -->","yoast_head_json":{"title":"Topografick\u00e1 mapa Belgie - Topo GPS","robots":{"index":"index","follow":"follow","max-snippet":"max-snippet:-1","max-image-preview":"max-image-preview:large","max-video-preview":"max-video-preview:-1"},"canonical":"https:\/\/www.topo-gps.com\/cs\/topograficka-mapa-belgie\/","og_locale":"cs_CZ","og_type":"article","og_title":"Topografick\u00e1 mapa Belgie - Topo GPS","og_description":"[vc_section enable_inner=&#8221;yes&#8221; section_type=&#8221;hero&#8221; inner_margin_top=&#8221;mt-100&#8243; parallax_image_attachment=&#8221;inherit&#8221; padding_class=&#8221;wide-100&#8243; css=&#8221;.vc_custom_1649317042634{background-image: url(https:\/\/www.topo-gps.com\/wp-content\/uploads\/2022\/04\/IlWFpVVMLfS2.jpg?id=16645) !important;background-position: center !important;background-repeat: no-repeat !important;background-size: cover !important;}&#8221;][vc_row parallax_image_attachment=&#8221;inherit&#8221; css=&#8221;.vc_custom_1639602296513{padding-top: 20px !important;padding-bottom: 20px !important;}&#8221;][vc_column width=&#8221;1\/2&#8243; css=&#8221;.vc_custom_1639603345318{margin-bottom: 20px !important;}&#8221;][vc_row_inner][vc_column_inner width=&#8221;1\/2&#8243; css=&#8221;.vc_custom_1639605647058{padding-top: 10px !important;padding-bottom: 10px !important;}&#8221;][\/vc_column_inner][vc_column_inner width=&#8221;1\/2&#8243; css=&#8221;.vc_custom_1639605658368{padding-top: 10px !important;padding-bottom: 10px !important;}&#8221;][\/vc_column_inner][\/vc_row_inner][\/vc_column][vc_column width=&#8221;1\/2&#8243; css=&#8221;.vc_custom_1639603183972{padding-top: 40px !important;padding-bottom: 40px !important;}&#8221;][\/vc_column][\/vc_row][\/vc_section][vc_section][vc_row][vc_column][vc_column_text]Belgie nab\u00edz\u00ed rozmanitou \u0161k\u00e1lu outdoorov\u00fdch aktivit pro ty, kte\u0159\u00ed hledaj\u00ed dobrodru\u017estv\u00ed a vzru\u0161en\u00ed. Aplikace Topo GPS v\u00e1m umo\u017en\u00ed vyu\u017e\u00edt toho na maximum. Jedn\u00edm z nejlep\u0161\u00edch venkovn\u00edch m\u00edst k n\u00e1v\u0161t\u011bv\u011b v Belgii je region Ardeny, zn\u00e1m\u00fd pro sv\u00e9 kr\u00e1sn\u00e9 lesy, zvln\u011bn\u00e9 kopce a malebn\u00e1 m\u011bsta. Zde se n\u00e1v\u0161t\u011bvn\u00edci mohou vydat na p\u011b\u0161\u00ed t\u00faru po dob\u0159e zna\u010den\u00fdch stezk\u00e1ch, jako je...","og_url":"https:\/\/www.topo-gps.com\/cs\/topograficka-mapa-belgie\/","og_site_name":"Topo GPS","article_modified_time":"2023-03-12T20:44:16+00:00","twitter_card":"summary_large_image","twitter_misc":{"Odhadovan\u00e1 doba \u010dten\u00ed":"6 minut"},"schema":{"@context":"https:\/\/schema.org","@graph":[{"@type":"WebPage","@id":"https:\/\/www.topo-gps.com\/cs\/topograficka-mapa-belgie\/","url":"https:\/\/www.topo-gps.com\/cs\/topograficka-mapa-belgie\/","name":"Topografick\u00e1 mapa Belgie - Topo GPS","isPartOf":{"@id":"https:\/\/www.topo-gps.com\/cs\/#website"},"datePublished":"2022-04-06T14:03:47+00:00","dateModified":"2023-03-12T20:44:16+00:00","breadcrumb":{"@id":"https:\/\/www.topo-gps.com\/cs\/topograficka-mapa-belgie\/#breadcrumb"},"inLanguage":"cs","potentialAction":[{"@type":"ReadAction","target":["https:\/\/www.topo-gps.com\/cs\/topograficka-mapa-belgie\/"]}]},{"@type":"BreadcrumbList","@id":"https:\/\/www.topo-gps.com\/cs\/topograficka-mapa-belgie\/#breadcrumb","itemListElement":[{"@type":"ListItem","position":1,"name":"Home","item":"https:\/\/www.topo-gps.com\/cs\/topo-gps\/"},{"@type":"ListItem","position":2,"name":"Topografick\u00e1 mapa Belgie"}]},{"@type":"WebSite","@id":"https:\/\/www.topo-gps.com\/cs\/#website","url":"https:\/\/www.topo-gps.com\/cs\/","name":"Topo GPS","description":"Topographic maps GPS for iPhone, Android, iPad and Apple Watch","potentialAction":[{"@type":"SearchAction","target":{"@type":"EntryPoint","urlTemplate":"https:\/\/www.topo-gps.com\/cs\/?s={search_term_string}"},"query-input":{"@type":"PropertyValueSpecification","valueRequired":true,"valueName":"search_term_string"}}],"inLanguage":"cs"}]}},"_links":{"self":[{"href":"https:\/\/www.topo-gps.com\/cs\/wp-json\/wp\/v2\/pages\/14466","targetHints":{"allow":["GET"]}}],"collection":[{"href":"https:\/\/www.topo-gps.com\/cs\/wp-json\/wp\/v2\/pages"}],"about":[{"href":"https:\/\/www.topo-gps.com\/cs\/wp-json\/wp\/v2\/types\/page"}],"author":[{"embeddable":true,"href":"https:\/\/www.topo-gps.com\/cs\/wp-json\/wp\/v2\/users\/1"}],"replies":[{"embeddable":true,"href":"https:\/\/www.topo-gps.com\/cs\/wp-json\/wp\/v2\/comments?post=14466"}],"version-history":[{"count":0,"href":"https:\/\/www.topo-gps.com\/cs\/wp-json\/wp\/v2\/pages\/14466\/revisions"}],"wp:attachment":[{"href":"https:\/\/www.topo-gps.com\/cs\/wp-json\/wp\/v2\/media?parent=14466"}],"curies":[{"name":"wp","href":"https:\/\/api.w.org\/{rel}","templated":true}]}}