{"id":14129,"date":"2022-04-06T14:57:17","date_gmt":"2022-04-06T13:57:17","guid":{"rendered":"https:\/\/www.topo-gps.com\/topograficka-mapa-nizozemska\/"},"modified":"2023-04-20T06:59:34","modified_gmt":"2023-04-20T05:59:34","slug":"topograficka-mapa-nizozemska","status":"publish","type":"page","link":"https:\/\/www.topo-gps.com\/cs\/topograficka-mapa-nizozemska\/","title":{"rendered":"Topografick\u00e1 mapa Nizozemska"},"content":{"rendered":"<div class=\"wpb-content-wrapper\"><p>[vc_section enable_inner=&#8221;yes&#8221; section_type=&#8221;hero&#8221; inner_margin_top=&#8221;mt-100&#8243; parallax_image_attachment=&#8221;inherit&#8221; padding_class=&#8221;wide-100&#8243; css=&#8221;.vc_custom_1649266111349{background-image: url(https:\/\/www.topo-gps.com\/wp-content\/uploads\/2022\/04\/k7ivazl7RHWM.jpg?id=16051) !important;background-position: center !important;background-repeat: no-repeat !important;background-size: cover !important;}&#8221;][vc_row parallax_image_attachment=&#8221;inherit&#8221; css=&#8221;.vc_custom_1639602296513{padding-top: 20px !important;padding-bottom: 20px !important;}&#8221;][vc_column width=&#8221;1\/2&#8243; css=&#8221;.vc_custom_1639603345318{margin-bottom: 20px !important;}&#8221;]\r\n        <div class=\"vc_custom_1649257208221  hero-txt\"> \r\n            \r\n                     \r\n            <h3 class=\"white-color h3-sm none  wow perch-fadeInUp fadeInUp\" style=\"font-weight: bold;\" data-wow-delay=\"300ms\" data-wow-duration=\"1200ms\">Topografick\u00e1 mapa Nizozemska na va\u0161em iPhone, telefonu Android a Apple Watch<\/h3>\r\n             \r\n            \r\n                        \r\n                        \r\n            \r\n                        \r\n                        \r\n                  \r\n        <\/div>[vc_row_inner][vc_column_inner width=&#8221;1\/2&#8243; css=&#8221;.vc_custom_1639605647058{padding-top: 10px !important;padding-bottom: 10px !important;}&#8221;]\r\n        <div class=\"hero-img  wow perch-fadeInUp fadeInUp text-center\" data-wow-delay=\"300ms\" data-wow-duration=\"1200ms\"> \r\n        <a href=\"https:\/\/apps.apple.com\/gb\/app\/topo-gps\/id578960575\" target=\"_self\" class=\"vc_single_image-wrapper  \"><img loading=\"lazy\" decoding=\"async\" class=\"vc_single_image-img img-fluid\" width=\"160\" height=\"50\"  src=\"https:\/\/www.topo-gps.com\/wp-content\/themes\/appset\/images\/appstore.png\" alt=\"External image\" \/><\/a>\r\n        <\/div>[\/vc_column_inner][vc_column_inner width=&#8221;1\/2&#8243; css=&#8221;.vc_custom_1639605658368{padding-top: 10px !important;padding-bottom: 10px !important;}&#8221;]\r\n        <div class=\"hero-img  wow perch-fadeInUp fadeInUp text-center\" data-wow-delay=\"300ms\" data-wow-duration=\"1200ms\"> \r\n        <a href=\"https:\/\/play.google.com\/store\/apps\/details?id=uk.rdzl.topo.gps&amp;hl=en\" target=\"_self\" class=\"vc_single_image-wrapper  \"><img loading=\"lazy\" decoding=\"async\" class=\"vc_single_image-img img-fluid\" width=\"171\" height=\"50\"  src=\"https:\/\/www.topo-gps.com\/wp-content\/themes\/appset\/images\/googleplay.png\" alt=\"External image\" \/><\/a>\r\n        <\/div>[\/vc_column_inner][\/vc_row_inner][\/vc_column][vc_column width=&#8221;1\/2&#8243; css=&#8221;.vc_custom_1639603183972{padding-top: 40px !important;padding-bottom: 40px !important;}&#8221;]\r\n        <div class=\"hero-img  wow perch-fadeInUp fadeInUp\" data-wow-delay=\"300ms\" data-wow-duration=\"1200ms\"> \r\n        <img loading=\"lazy\" decoding=\"async\" class=\"vc_single_image-img img-fluid\" width=\"560\" height=\"604\"  src=\"https:\/\/www.topo-gps.com\/wp-content\/uploads\/2022\/04\/nl-map.png\" alt=\"External image\" \/>\r\n        <\/div>[\/vc_column][\/vc_row][\/vc_section][vc_section][vc_row][vc_column]\r\n        <div class=\"section-title  wow perch-fadeInUp fadeInUp text-center\" data-wow-delay=\"300ms\" data-wow-duration=\"1200ms\">\r\n            <h2 class=\"h2-sm\">Nejlep\u0161\u00ed venkovn\u00ed mapy Nizozemska<\/h2>\r\n            <p class=\"p-lg\">Ofici\u00e1ln\u00ed topografick\u00e9 mapy Top25Raster jsou nejlep\u0161\u00ed venkovn\u00ed mapy pro Nizozemsko.<\/p>         \r\n        <\/div>[vc_column_text]Nizozemsko je relativn\u011b rovinat\u00e1 zem\u011b, ale to neznamen\u00e1, \u017ee by postr\u00e1dalo outdoorov\u00e9 aktivity. Cyklistika je v Nizozemsku snad nejobl\u00edben\u011bj\u0161\u00ed outdoorovou aktivitou s rozs\u00e1hlou s\u00edt\u00ed cyklistick\u00fdch tras a vyhrazen\u00fdch cyklostezek. Krajina je poseta malebn\u00fdmi vesnicemi, v\u011btrn\u00fdmi ml\u00fdny a poli barevn\u00fdch tulip\u00e1n\u016f, d\u00edky \u010demu\u017e je j\u00edzda na kole relaxa\u010dn\u00ed a malebn\u00fd zp\u016fsob, jak prozkoumat zemi.<\/p>\n<p>Krom\u011b cyklistiky je v Nizozemsku obl\u00edbenou \u010dinnost\u00ed tak\u00e9 p\u011b\u0161\u00ed turistika, zejm\u00e9na na v\u00fdchod\u011b zem\u011b, kde jsou kopce a lesy. N\u00e1rodn\u00ed park Veluwe nap\u0159\u00edklad nab\u00edz\u00ed n\u011bkolik turistick\u00fdch tras, kter\u00e9 n\u00e1v\u0161t\u011bvn\u00edky provedou kr\u00e1snou krajinou a historick\u00fdmi pam\u00e1tkami, jako je muzeum Kr\u00f6ller-M\u00fcller.<\/p>\n<p>Vodn\u00ed sporty jsou tak\u00e9 popul\u00e1rn\u00ed v Nizozemsku, zejm\u00e9na placht\u011bn\u00ed a windsurfing. Nizozemsk\u00e9 pob\u0159e\u017e\u00ed je poseto malebn\u00fdmi p\u0159\u00edmo\u0159sk\u00fdmi m\u011bste\u010dky a pl\u00e1\u017eemi, zat\u00edmco vnitrozemsk\u00e1 jezera a \u0159eky poskytuj\u00ed spoustu p\u0159\u00edle\u017eitost\u00ed pro placht\u011bn\u00ed a windsurfing. Obl\u00edbenou destinac\u00ed pro placht\u011bn\u00ed jsou nap\u0159\u00edklad Fr\u00edsk\u00e1 jezera, kde n\u011bkolik m\u011bst a vesnic nab\u00edz\u00ed p\u0159\u00edstavy a dal\u0161\u00ed za\u0159\u00edzen\u00ed pro jachta\u0159e.<\/p>\n<p>Pro ty, kte\u0159\u00ed hledaj\u00ed klidn\u011bj\u0161\u00ed aktivity, je skv\u011blou volbou piknik a u\u017e\u00edv\u00e1n\u00ed si p\u0159\u00edrody v jednom z mnoha park\u016f po cel\u00e9 zemi. Vondelpark v Amsterdamu je nap\u0159\u00edklad obl\u00edben\u00fdm m\u00edstem pro piknik, sledov\u00e1n\u00ed lid\u00ed a venkovn\u00ed koncerty a p\u0159edstaven\u00ed.<\/p>\n<p>Celkov\u011b, i kdy\u017e Nizozemsko nemus\u00ed m\u00edt tak dramatickou krajinu nebo extr\u00e9mn\u00ed outdoorov\u00e9 aktivity jako n\u011bkter\u00e9 jin\u00e9 zem\u011b, nab\u00edz\u00ed celou \u0159adu outdoorov\u00fdch aktivit, kter\u00e9 jsou dostupn\u00e9 a z\u00e1bavn\u00e9 pro v\u0161echny v\u011bkov\u00e9 kategorie a schopnosti. A\u0165 u\u017e je to j\u00edzda na kole, p\u011b\u0161\u00ed turistika, vodn\u00ed sporty nebo prost\u011b piknik v parku, v nizozemsk\u00e9 p\u0159\u00edrod\u011b je v\u017edy co d\u011blat.[\/vc_column_text][\/vc_column][\/vc_row][vc_row][vc_column width=&#8221;1\/2&#8243;][vc_single_image custom_src=&#8221;https:\/\/www.topo-gps.com\/wp-content\/uploads\/2022\/04\/nl-map2.jpg&#8221; external_img_size=&#8221;391&#215;600&#8243; alignment=&#8221;center&#8221;][\/vc_column][vc_column width=&#8221;1\/2&#8243;][vc_row_inner][vc_column_inner width=&#8221;1\/2&#8243;]\r\n        <div class=\"wow perch-fadeInUp fadeInUp fbox\" data-wow-delay=\"300ms\" data-wow-duration=\"1200ms\"> \r\n            <div class=\"fbox grey-color-box\">\r\n                <div class=\"grey-color-icon b-icon box-icon-md\"><span class=\" grey-color\"><\/span><\/div>  \r\n                <div class=\"fbox-txt\">    \r\n                    <h5 class=\"h5-sm\">Topografick\u00e1 mapa<\/h5>\r\n                    <p class=\"grey-color\">Topografick\u00e1 mapa obsahuje mnoho detail\u016f, jako jsou v\u00fd\u0161kov\u00e9 vrstevnice, mal\u00e9 silnice a vyu\u017eit\u00ed p\u016fdy, a je proto ide\u00e1ln\u00ed pro navigaci venku.<\/p>\r\n                    \r\n                <\/div> \r\n            <\/div>        \r\n        <\/div>\r\n        <div class=\"wow perch-fadeInUp fadeInUp fbox\" data-wow-delay=\"300ms\" data-wow-duration=\"1200ms\"> \r\n            <div class=\"fbox grey-color-box\">\r\n                <div class=\"grey-color-icon b-icon box-icon-md\"><span class=\" grey-color\"><\/span><\/div>  \r\n                <div class=\"fbox-txt\">    \r\n                    <h5 class=\"h5-sm\">Nejlep\u0161\u00ed 25 rastr<\/h5>\r\n                    <p class=\"grey-color\">V aplikaci Topo GPS si m\u016f\u017eete zakoupit nejlep\u0161\u00ed topografickou mapu Nizozemska, topografickou mapu Top25Raster 1:25 000 od spole\u010dnosti Kadaster. Kadaster je n\u00e1rodn\u00ed zem\u011bm\u011b\u0159ick\u00e1 organizace Nizozemska.<\/p>\r\n                    \r\n                <\/div> \r\n            <\/div>        \r\n        <\/div>\r\n        <div class=\"wow perch-fadeInUp fadeInUp fbox\" data-wow-delay=\"300ms\" data-wow-duration=\"1200ms\"> \r\n            <div class=\"fbox grey-color-box\">\r\n                <div class=\"grey-color-icon b-icon box-icon-md\"><span class=\" grey-color\"><\/span><\/div>  \r\n                <div class=\"fbox-txt\">    \r\n                    <h5 class=\"h5-sm\">Ceny<\/h5>\r\n                    <p class=\"grey-color\">Za 3,99 EUR si m\u016f\u017eete zakoupit pln\u00fd p\u0159\u00edstup ke kompletn\u00ed topografick\u00e9 map\u011b Nizozemska v Topo GPS. Sou\u010d\u00e1st\u00ed jsou bezplatn\u00e9 aktualizace. Mapy jsou dostupn\u00e9 na v\u0161ech za\u0159\u00edzen\u00edch, kter\u00e1 pou\u017e\u00edvaj\u00ed stejn\u00e9 Apple ID nebo \u00fa\u010det Google Play.<\/p>\r\n                    \r\n                <\/div> \r\n            <\/div>        \r\n        <\/div>[\/vc_column_inner][vc_column_inner width=&#8221;1\/2&#8243;]\r\n        <div class=\"wow perch-fadeInUp fadeInUp fbox\" data-wow-delay=\"300ms\" data-wow-duration=\"1200ms\"> \r\n            <div class=\"fbox grey-color-box\">\r\n                <div class=\"grey-color-icon b-icon box-icon-md\"><span class=\" grey-color\"><\/span><\/div>  \r\n                <div class=\"fbox-txt\">    \r\n                    <h5 class=\"h5-sm\">Offline mapy<\/h5>\r\n                    <p class=\"grey-color\">Topografick\u00e9 mapy m\u016f\u017eete zp\u0159\u00edstupnit offline. T\u00edmto zp\u016fsobem m\u00e1te jistotu, \u017ee pot\u0159ebn\u00e9 mapy jsou v\u017edy dostupn\u00e9.<\/p>\r\n                    \r\n                <\/div> \r\n            <\/div>        \r\n        <\/div>\r\n        <div class=\"wow perch-fadeInUp fadeInUp fbox\" data-wow-delay=\"300ms\" data-wow-duration=\"1200ms\"> \r\n            <div class=\"fbox grey-color-box\">\r\n                <div class=\"grey-color-icon b-icon box-icon-md\"><span class=\" grey-color\"><\/span><\/div>  \r\n                <div class=\"fbox-txt\">    \r\n                    <h5 class=\"h5-sm\">Jasn\u00e1 legenda<\/h5>\r\n                    <p class=\"grey-color\">Topografick\u00e1 mapa m\u00e1 p\u0159ehlednou legendu s vysv\u011btlivkami v\u0161ech symbol\u016f.<\/p>\r\n                    \r\n                <\/div> \r\n            <\/div>        \r\n        <\/div>\r\n        <div class=\"wow perch-fadeInUp fadeInUp fbox\" data-wow-delay=\"300ms\" data-wow-duration=\"1200ms\"> \r\n            <div class=\"fbox grey-color-box\">\r\n                <div class=\"grey-color-icon b-icon box-icon-md\"><span class=\" grey-color\"><\/span><\/div>  \r\n                <div class=\"fbox-txt\">    \r\n                    <h5 class=\"h5-sm\">Aplikace Topo GPS<\/h5>\r\n                    <p class=\"grey-color\">Aplikace Topo GPS nab\u00edz\u00ed mnoho dal\u0161\u00edch u\u017eite\u010dn\u00fdch funkc\u00ed k topografick\u00e9 map\u011b. Stejn\u011b jako navigace, na\u010d\u00edt\u00e1n\u00ed, pl\u00e1nov\u00e1n\u00ed a sledov\u00e1n\u00ed tras a p\u0159id\u00e1v\u00e1n\u00ed bod\u016f do mapy. Topo GPS obsahuje v\u0161echny funkce b\u011b\u017en\u00e9ho GPS za\u0159\u00edzen\u00ed.<\/p>\r\n                    \r\n                <\/div> \r\n            <\/div>        \r\n        <\/div>[\/vc_column_inner][\/vc_row_inner][\/vc_column][\/vc_row][\/vc_section][vc_section][vc_row][vc_column]\r\n        <div class=\"section-title  wow perch-fadeInUp fadeInUp text-center\" data-wow-delay=\"300ms\" data-wow-duration=\"1200ms\">\r\n            <h2 class=\"h2-sm\">Kterou mapu byste rad\u011bji prozkoum\u00e1vali venku?<\/h2>\r\n            <p class=\"p-lg\">Porovnejte se<\/p>         \r\n        <\/div>[vc_row_inner][vc_column_inner width=&#8221;1\/3&#8243;][vc_column_text]<\/p>\n<h3 style=\"text-align: center;\">Google mapy<\/h3>\n<p>[\/vc_column_text][vc_single_image custom_src=&#8221;https:\/\/www.topo-gps.com\/wp-content\/uploads\/2022\/04\/nl-gm.jpg&#8221; external_img_size=&#8221;277&#215;560&#8243; alignment=&#8221;center&#8221;][\/vc_column_inner][vc_column_inner width=&#8221;1\/3&#8243;][vc_column_text]<\/p>\n<h3 style=\"text-align: center;\">OpenStreetMap<\/h3>\n<p>[\/vc_column_text][vc_single_image custom_src=&#8221;https:\/\/www.topo-gps.com\/wp-content\/uploads\/2022\/04\/nl-osm.jpg&#8221; external_img_size=&#8221;277&#215;560&#8243; alignment=&#8221;center&#8221;][\/vc_column_inner][vc_column_inner width=&#8221;1\/3&#8243;][vc_column_text]<\/p>\n<h3 style=\"text-align: center;\">Topografick\u00e1 mapa<\/h3>\n<p>[\/vc_column_text][vc_single_image custom_src=&#8221;https:\/\/www.topo-gps.com\/wp-content\/uploads\/2022\/04\/nl-tg.jpg&#8221; external_img_size=&#8221;277&#215;560&#8243; alignment=&#8221;center&#8221;][\/vc_column_inner][\/vc_row_inner][\/vc_column][\/vc_row][\/vc_section][vc_section section_type=&#8221;hero&#8221; hero_type=&#8221;1&#8243; parallax_image_attachment=&#8221;fixed&#8221; padding_class=&#8221;&#8221;][vc_row content_placement=&#8221;&#8221; parallax_image_attachment=&#8221;inherit&#8221;][vc_column width=&#8221;1\/2&#8243; column_inner_style=&#8221;hero-txt&#8221; hero_txt_type=&#8221;1&#8243;]\r\n        <div class=\"hero-txt\"> \r\n            \r\n            <h2 class=\" wow perch-fadeInUp fadeInUp\" data-wow-delay=\"300ms\" data-wow-duration=\"1200ms\">Topo GPS<\/h2>         \r\n            <h3 class=\"h3-sm  wow perch-fadeInUp fadeInUp\" data-wow-delay=\"400ms\" data-wow-duration=\"1200ms\">Prom\u011b\u0148te sv\u016fj iPhone, telefon nebo tablet Android na plnohodnotn\u00e9 za\u0159\u00edzen\u00ed GPS s topografick\u00fdmi mapami dostupn\u00fdmi v re\u017eimu offline.<\/h3>\r\n             \r\n            \r\n                        \r\n                        \r\n            \r\n                        \r\n                        \r\n                  \r\n        <\/div>[vc_row_inner][vc_column_inner width=&#8221;1\/2&#8243; css=&#8221;.vc_custom_1639605647058{padding-top: 10px !important;padding-bottom: 10px !important;}&#8221;]\r\n        <div class=\"hero-img  wow perch-fadeInUp fadeInUp text-center\" data-wow-delay=\"300ms\" data-wow-duration=\"1200ms\"> \r\n        <a href=\"https:\/\/apps.apple.com\/gb\/app\/topo-gps\/id578960575\" target=\"_self\" class=\"vc_single_image-wrapper  \"><img loading=\"lazy\" decoding=\"async\" class=\"vc_single_image-img img-fluid\" width=\"160\" height=\"50\"  src=\"https:\/\/www.topo-gps.com\/wp-content\/themes\/appset\/images\/appstore.png\" alt=\"External image\" \/><\/a>\r\n        <\/div>[\/vc_column_inner][vc_column_inner width=&#8221;1\/2&#8243; css=&#8221;.vc_custom_1639605658368{padding-top: 10px !important;padding-bottom: 10px !important;}&#8221;]\r\n        <div class=\"hero-img  wow perch-fadeInUp fadeInUp text-center\" data-wow-delay=\"300ms\" data-wow-duration=\"1200ms\"> \r\n        <a href=\"https:\/\/play.google.com\/store\/apps\/details?id=uk.rdzl.topo.gps&amp;hl=en\" target=\"_self\" class=\"vc_single_image-wrapper  \"><img loading=\"lazy\" decoding=\"async\" class=\"vc_single_image-img img-fluid\" width=\"171\" height=\"50\"  src=\"https:\/\/www.topo-gps.com\/wp-content\/themes\/appset\/images\/googleplay.png\" alt=\"External image\" \/><\/a>\r\n        <\/div>[\/vc_column_inner][\/vc_row_inner][\/vc_column][vc_column width=&#8221;1\/2&#8243;]\r\n        <div class=\"wow perch-fadeInRight fadeInRight hero-1-img\" data-wow-delay=\"300ms\" data-wow-duration=\"1200ms\"> \r\n        <img decoding=\"async\" class=\"vc_single_image-img img-fluid\"  src=\"https:\/\/www.topo-gps.com\/wp-content\/uploads\/2022\/04\/nl-main-1.png\" alt=\"External image\" \/>\r\n        <\/div>[\/vc_column][\/vc_row][\/vc_section]<\/p>\n<\/div>","protected":false},"excerpt":{"rendered":"<p>[vc_section enable_inner=&#8221;yes&#8221; section_type=&#8221;hero&#8221; inner_margin_top=&#8221;mt-100&#8243; parallax_image_attachment=&#8221;inherit&#8221; padding_class=&#8221;wide-100&#8243; css=&#8221;.vc_custom_1649266111349{background-image: url(https:\/\/www.topo-gps.com\/wp-content\/uploads\/2022\/04\/k7ivazl7RHWM.jpg?id=16051) !important;background-position: center !important;background-repeat: no-repeat !important;background-size: cover !important;}&#8221;][vc_row parallax_image_attachment=&#8221;inherit&#8221; css=&#8221;.vc_custom_1639602296513{padding-top: 20px !important;padding-bottom: 20px !important;}&#8221;][vc_column width=&#8221;1\/2&#8243; css=&#8221;.vc_custom_1639603345318{margin-bottom: 20px !important;}&#8221;][vc_row_inner][vc_column_inner width=&#8221;1\/2&#8243; css=&#8221;.vc_custom_1639605647058{padding-top: 10px !important;padding-bottom: 10px !important;}&#8221;][\/vc_column_inner][vc_column_inner width=&#8221;1\/2&#8243; css=&#8221;.vc_custom_1639605658368{padding-top: 10px !important;padding-bottom: 10px !important;}&#8221;][\/vc_column_inner][\/vc_row_inner][\/vc_column][vc_column width=&#8221;1\/2&#8243; css=&#8221;.vc_custom_1639603183972{padding-top: 40px !important;padding-bottom: 40px !important;}&#8221;][\/vc_column][\/vc_row][\/vc_section][vc_section][vc_row][vc_column][vc_column_text]Nizozemsko je relativn\u011b rovinat\u00e1 zem\u011b, ale to neznamen\u00e1, \u017ee by postr\u00e1dalo outdoorov\u00e9 aktivity. Cyklistika je v Nizozemsku snad nejobl\u00edben\u011bj\u0161\u00ed outdoorovou aktivitou s rozs\u00e1hlou s\u00edt\u00ed cyklistick\u00fdch tras a vyhrazen\u00fdch cyklostezek. Krajina je poseta malebn\u00fdmi vesnicemi, v\u011btrn\u00fdmi ml\u00fdny a poli barevn\u00fdch tulip\u00e1n\u016f, d\u00edky \u010demu\u017e je j\u00edzda na kole relaxa\u010dn\u00ed a malebn\u00fd zp\u016fsob, jak prozkoumat zemi. Krom\u011b cyklistiky je v Nizozemsku&#8230;<\/p>\n","protected":false},"author":1,"featured_media":0,"parent":0,"menu_order":0,"comment_status":"closed","ping_status":"closed","template":"","meta":{"footnotes":""},"class_list":["post-14129","page","type-page","status-publish","hentry","no-post-thumbnail"],"yoast_head":"<!-- This site is optimized with the Yoast SEO plugin v27.6 - https:\/\/yoast.com\/product\/yoast-seo-wordpress\/ -->\n<title>Topografick\u00e1 mapa Nizozemska - Topo GPS<\/title>\n<meta name=\"description\" content=\"Topografick\u00e1 mapa Nizozemska na iPhonu, telefonu Android, tabletu a Apple Watch ve venkovn\u00ed naviga\u010dn\u00ed aplikaci Topo GPS s hodnocen\u00edm 4,6 hv\u011bzdi\u010dek.\" \/>\n<meta name=\"robots\" content=\"index, follow, max-snippet:-1, max-image-preview:large, max-video-preview:-1\" \/>\n<link rel=\"canonical\" href=\"https:\/\/www.topo-gps.com\/cs\/topograficka-mapa-nizozemska\/\" \/>\n<meta property=\"og:locale\" content=\"cs_CZ\" \/>\n<meta property=\"og:type\" content=\"article\" \/>\n<meta property=\"og:title\" content=\"Topografick\u00e1 mapa Nizozemska - Topo GPS\" \/>\n<meta property=\"og:description\" content=\"Topografick\u00e1 mapa Nizozemska na iPhonu, telefonu Android, tabletu a Apple Watch ve venkovn\u00ed naviga\u010dn\u00ed aplikaci Topo GPS s hodnocen\u00edm 4,6 hv\u011bzdi\u010dek.\" \/>\n<meta property=\"og:url\" content=\"https:\/\/www.topo-gps.com\/cs\/topograficka-mapa-nizozemska\/\" \/>\n<meta property=\"og:site_name\" content=\"Topo GPS\" \/>\n<meta property=\"article:modified_time\" content=\"2023-04-20T05:59:34+00:00\" \/>\n<meta name=\"twitter:card\" content=\"summary_large_image\" \/>\n<meta name=\"twitter:label1\" content=\"Odhadovan\u00e1 doba \u010dten\u00ed\" \/>\n\t<meta name=\"twitter:data1\" content=\"6 minut\" \/>\n<script type=\"application\/ld+json\" class=\"yoast-schema-graph\">{\"@context\":\"https:\\\/\\\/schema.org\",\"@graph\":[{\"@type\":\"WebPage\",\"@id\":\"https:\\\/\\\/www.topo-gps.com\\\/cs\\\/topograficka-mapa-nizozemska\\\/\",\"url\":\"https:\\\/\\\/www.topo-gps.com\\\/cs\\\/topograficka-mapa-nizozemska\\\/\",\"name\":\"Topografick\u00e1 mapa Nizozemska - Topo GPS\",\"isPartOf\":{\"@id\":\"https:\\\/\\\/www.topo-gps.com\\\/cs\\\/#website\"},\"datePublished\":\"2022-04-06T13:57:17+00:00\",\"dateModified\":\"2023-04-20T05:59:34+00:00\",\"description\":\"Topografick\u00e1 mapa Nizozemska na iPhonu, telefonu Android, tabletu a Apple Watch ve venkovn\u00ed naviga\u010dn\u00ed aplikaci Topo GPS s hodnocen\u00edm 4,6 hv\u011bzdi\u010dek.\",\"breadcrumb\":{\"@id\":\"https:\\\/\\\/www.topo-gps.com\\\/cs\\\/topograficka-mapa-nizozemska\\\/#breadcrumb\"},\"inLanguage\":\"cs\",\"potentialAction\":[{\"@type\":\"ReadAction\",\"target\":[\"https:\\\/\\\/www.topo-gps.com\\\/cs\\\/topograficka-mapa-nizozemska\\\/\"]}]},{\"@type\":\"BreadcrumbList\",\"@id\":\"https:\\\/\\\/www.topo-gps.com\\\/cs\\\/topograficka-mapa-nizozemska\\\/#breadcrumb\",\"itemListElement\":[{\"@type\":\"ListItem\",\"position\":1,\"name\":\"Home\",\"item\":\"https:\\\/\\\/www.topo-gps.com\\\/cs\\\/topo-gps\\\/\"},{\"@type\":\"ListItem\",\"position\":2,\"name\":\"Topografick\u00e1 mapa Nizozemska\"}]},{\"@type\":\"WebSite\",\"@id\":\"https:\\\/\\\/www.topo-gps.com\\\/cs\\\/#website\",\"url\":\"https:\\\/\\\/www.topo-gps.com\\\/cs\\\/\",\"name\":\"Topo GPS\",\"description\":\"Topographic maps GPS for iPhone, Android, iPad and Apple Watch\",\"potentialAction\":[{\"@type\":\"SearchAction\",\"target\":{\"@type\":\"EntryPoint\",\"urlTemplate\":\"https:\\\/\\\/www.topo-gps.com\\\/cs\\\/?s={search_term_string}\"},\"query-input\":{\"@type\":\"PropertyValueSpecification\",\"valueRequired\":true,\"valueName\":\"search_term_string\"}}],\"inLanguage\":\"cs\"}]}<\/script>\n<!-- \/ Yoast SEO plugin. -->","yoast_head_json":{"title":"Topografick\u00e1 mapa Nizozemska - Topo GPS","description":"Topografick\u00e1 mapa Nizozemska na iPhonu, telefonu Android, tabletu a Apple Watch ve venkovn\u00ed naviga\u010dn\u00ed aplikaci Topo GPS s hodnocen\u00edm 4,6 hv\u011bzdi\u010dek.","robots":{"index":"index","follow":"follow","max-snippet":"max-snippet:-1","max-image-preview":"max-image-preview:large","max-video-preview":"max-video-preview:-1"},"canonical":"https:\/\/www.topo-gps.com\/cs\/topograficka-mapa-nizozemska\/","og_locale":"cs_CZ","og_type":"article","og_title":"Topografick\u00e1 mapa Nizozemska - Topo GPS","og_description":"Topografick\u00e1 mapa Nizozemska na iPhonu, telefonu Android, tabletu a Apple Watch ve venkovn\u00ed naviga\u010dn\u00ed aplikaci Topo GPS s hodnocen\u00edm 4,6 hv\u011bzdi\u010dek.","og_url":"https:\/\/www.topo-gps.com\/cs\/topograficka-mapa-nizozemska\/","og_site_name":"Topo GPS","article_modified_time":"2023-04-20T05:59:34+00:00","twitter_card":"summary_large_image","twitter_misc":{"Odhadovan\u00e1 doba \u010dten\u00ed":"6 minut"},"schema":{"@context":"https:\/\/schema.org","@graph":[{"@type":"WebPage","@id":"https:\/\/www.topo-gps.com\/cs\/topograficka-mapa-nizozemska\/","url":"https:\/\/www.topo-gps.com\/cs\/topograficka-mapa-nizozemska\/","name":"Topografick\u00e1 mapa Nizozemska - Topo GPS","isPartOf":{"@id":"https:\/\/www.topo-gps.com\/cs\/#website"},"datePublished":"2022-04-06T13:57:17+00:00","dateModified":"2023-04-20T05:59:34+00:00","description":"Topografick\u00e1 mapa Nizozemska na iPhonu, telefonu Android, tabletu a Apple Watch ve venkovn\u00ed naviga\u010dn\u00ed aplikaci Topo GPS s hodnocen\u00edm 4,6 hv\u011bzdi\u010dek.","breadcrumb":{"@id":"https:\/\/www.topo-gps.com\/cs\/topograficka-mapa-nizozemska\/#breadcrumb"},"inLanguage":"cs","potentialAction":[{"@type":"ReadAction","target":["https:\/\/www.topo-gps.com\/cs\/topograficka-mapa-nizozemska\/"]}]},{"@type":"BreadcrumbList","@id":"https:\/\/www.topo-gps.com\/cs\/topograficka-mapa-nizozemska\/#breadcrumb","itemListElement":[{"@type":"ListItem","position":1,"name":"Home","item":"https:\/\/www.topo-gps.com\/cs\/topo-gps\/"},{"@type":"ListItem","position":2,"name":"Topografick\u00e1 mapa Nizozemska"}]},{"@type":"WebSite","@id":"https:\/\/www.topo-gps.com\/cs\/#website","url":"https:\/\/www.topo-gps.com\/cs\/","name":"Topo GPS","description":"Topographic maps GPS for iPhone, Android, iPad and Apple Watch","potentialAction":[{"@type":"SearchAction","target":{"@type":"EntryPoint","urlTemplate":"https:\/\/www.topo-gps.com\/cs\/?s={search_term_string}"},"query-input":{"@type":"PropertyValueSpecification","valueRequired":true,"valueName":"search_term_string"}}],"inLanguage":"cs"}]}},"_links":{"self":[{"href":"https:\/\/www.topo-gps.com\/cs\/wp-json\/wp\/v2\/pages\/14129","targetHints":{"allow":["GET"]}}],"collection":[{"href":"https:\/\/www.topo-gps.com\/cs\/wp-json\/wp\/v2\/pages"}],"about":[{"href":"https:\/\/www.topo-gps.com\/cs\/wp-json\/wp\/v2\/types\/page"}],"author":[{"embeddable":true,"href":"https:\/\/www.topo-gps.com\/cs\/wp-json\/wp\/v2\/users\/1"}],"replies":[{"embeddable":true,"href":"https:\/\/www.topo-gps.com\/cs\/wp-json\/wp\/v2\/comments?post=14129"}],"version-history":[{"count":0,"href":"https:\/\/www.topo-gps.com\/cs\/wp-json\/wp\/v2\/pages\/14129\/revisions"}],"wp:attachment":[{"href":"https:\/\/www.topo-gps.com\/cs\/wp-json\/wp\/v2\/media?parent=14129"}],"curies":[{"name":"wp","href":"https:\/\/api.w.org\/{rel}","templated":true}]}}